                                                                                                                                                                                                                                                                                                                                                                                                                                                                                                    






{"id":16682,"date":"2022-04-05T11:11:22","date_gmt":"2022-04-05T14:11:22","guid":{"rendered":"https:\/\/cinemigrante.org\/muestras-itinerantes\/?page_id=16682"},"modified":"2022-04-05T11:14:13","modified_gmt":"2022-04-05T14:14:13","slug":"agradecimientos","status":"publish","type":"page","link":"https:\/\/cinemigrante.org\/muestras-itinerantes\/barcelona\/6-edicion\/agradecimientos\/","title":{"rendered":"Agradecimientos"},"content":{"rendered":"\t\t<div data-elementor-type=\"wp-page\" data-elementor-id=\"16682\" class=\"elementor elementor-16682\" data-elementor-settings=\"[]\">\n\t\t\t\t\t\t\t<div class=\"elementor-section-wrap\">\n\t\t\t\t\t\t\t<section class=\"elementor-section elementor-top-section elementor-element elementor-element-9e4ffc4 elementor-section-height-min-height elementor-section-boxed elementor-section-height-default elementor-section-items-middle\" data-id=\"9e4ffc4\" data-element_type=\"section\" data-settings=\"{&quot;background_background&quot;:&quot;classic&quot;}\">\n\t\t\t\t\t\t\t<div class=\"elementor-background-overlay\"><\/div>\n\t\t\t\t\t\t\t<div class=\"elementor-container elementor-column-gap-default\">\n\t\t\t\t\t<div class=\"elementor-column elementor-col-100 elementor-top-column elementor-element elementor-element-76da396\" data-id=\"76da396\" data-element_type=\"column\" data-settings=\"{&quot;background_background&quot;:&quot;classic&quot;}\">\n\t\t\t<div class=\"elementor-widget-wrap elementor-element-populated\">\n\t\t\t\t\t\t\t\t<div class=\"elementor-element elementor-element-7226af3 elementor-widget elementor-widget-heading\" data-id=\"7226af3\" data-element_type=\"widget\" data-widget_type=\"heading.default\">\n\t\t\t\t<div class=\"elementor-widget-container\">\n\t\t\t<h2 class=\"elementor-heading-title elementor-size-default\">Agradecimientos<\/h2>\t\t<\/div>\n\t\t\t\t<\/div>\n\t\t\t\t<div class=\"elementor-element elementor-element-217f222 pan-texto elementor-widget elementor-widget-heading\" data-id=\"217f222\" data-element_type=\"widget\" data-widget_type=\"heading.default\">\n\t\t\t\t<div class=\"elementor-widget-container\">\n\t\t\t<p class=\"elementor-heading-title elementor-size-default\">A todxs lxs directorxs, a todxs nuestrxs referentes de vida, de reflexi\u00f3n y acci\u00f3n pol\u00edtica por conformar esta 6\u00ba Muestra de CineMigrante Barcelona!<br>A Zulema Popovsky, Isidoro Berenstein y Gabriel Chausovsky por ser irremplazables, porque dejaron sendero que intentaremos continuar; a Ferm\u00edn Muguruza por ser compa\u00f1ero de lucha y encontrarnos siempre en la l\u00ednea del frente; a Jesusa Rodr\u00edguez y Liliana Felipe por compartirse y ser CineMigrante; David Blaustein por ser sost\u00e9n y ejemplo; a D\u00e9bora Staiff y a Paloma por el entendimiento certero; a Gustavo Ameri por reencontrarnos en la casa; a Liliana Mazzure y equipo por habernos nacido; a Ricardo Manetti, Xime y Nico por ser casa; a Graciela Morgade; a R\u00f3mulo Pullol, Jos\u00e9 Luis Pelazas, Miguel Mart\u00ednez y Hernan de Zan por acompa\u00f1arnos en el desaf\u00edo; a Pablo Rovito por comenzar un camino, a Laura Keegan y Lisandro Gallo; a An\u00edbal Jozami y Diana Weschler por estar siempre en los desaf\u00edos; a Alexandre Roig, Nati Gavazzo y Natalia Monteira por el apoyo constante y los caminos abiertos; a Diego Beltrand por su apoyo renovado tras a\u00f1os de trabajo conjunto; a Ezequiel Texido; a Jos\u00e9 Samaniego, Anal\u00eda Kim y Magui Masseroni; a Enrique Casal por la sinton\u00eda de trabajo; a Chris Gruenberg por siempre estar; a Mart\u00edn Ortega; a Ludovico y Paulino Estela; a Mar\u00eda Mazza y Dora Pentimalli por cumplir sue\u00f1os (Istituto Italiano di Cultura, Embajada de Italia); a M\u00e1ximo Saidel y Martina Pagnotta (Embajada de Francia en Argentina); a Juan Duarte, Rosa Vita Pelegrin, Mercedes Viviani y Javier C\u00e1nepa (CCEBA); a Guillermo Goldschmidt (PROA); a Carolina Karagueuzian por el entendimiento y el apoyo;<br>A Gregory Betend (Andana Films); a the Festival Agency; a Mark Cousins; MEC films; a National Film Board of Canada; a Rise and Shine y Taskovski Films; Some Shorts; a Fernando Arca (Festival Mar del Plata); Roger Koza (Festival de Cine de Hamburgo); Fernando V\u00edlchez (FilMadrid); a Alejandro Sanmaritano (Cine Club N\u00facleo); a Alejandrina de Kuwait.<br>A Agustina Comedi por los entendimientos impl\u00edcitos y por los acompa\u00f1amientos expl\u00edcitos; a P\u00edo; a Vale; a Alejandro San Crist\u00f3bal por tener actitud y por su sost\u00e9n; a Sebas (te despedimos?); a Coty por su paciencia y sabidur\u00eda de entendimiento; a les pibes del Quetzal por confiar.<br>A Sandro Mezzadra por atreverse a ser CineMigrante, por caminos de la libertad juntxs.<br>A Martina Bernabai porque nada de esto hubiese sido posible sin esa mirada de lince y esa fuerza que atraviesa las fronteras y a Gabriele D\u2019Adda por ser \u2018Gabri\u2019 (les extra\u00f1amos!); a Patxo Salvini; a \u00c1urea Mart\u00edn y Daniela Ortiz por ser mujeres, de pu\u00f1o en alto.<br>A Elvira Giorgi, Pablo y Rodrigo Aguinagalde, valen por la vida nueva. Adda por tejer desde la distancia. Sofi y Maro, Luciana Apecena, Aymara Gonzales y Victoria Rillo.<br>A Ernesto Galarza por la chocotorta (virgo style) y la casa compartida (invasi\u00f3n descontrolada); a Germ\u00e1n y Ju, Ana Sol y Chiro, Ababacar por la familia encontrada y la vida compartida;<br>A Muriel (mana) por crecer juntas siempre, por ense\u00f1ar a curar; a Esteban por ser as\u00ed.<br>A todxs nuestrxs amigxs que son quienes nos sostienen cotidianamente. A nuestras \u2018familias\u2019 de aqu\u00ed y de all\u00e1 que nos dieron la vida, y\/o nos ense\u00f1aron y ense\u00f1an a luchar por la igualdad de todxs;<br>Y a todxs lxs migrantes que luchan d\u00eda a d\u00eda por la vida, cruzan las fronteras desafiando lo dado\u2026<\/p>\t\t<\/div>\n\t\t\t\t<\/div>\n\t\t\t\t<div class=\"elementor-element elementor-element-fd8cad7 elementor-widget elementor-widget-spacer\" data-id=\"fd8cad7\" data-element_type=\"widget\" data-widget_type=\"spacer.default\">\n\t\t\t\t<div class=\"elementor-widget-container\">\n\t\t\t\t\t<div class=\"elementor-spacer\">\n\t\t\t<div class=\"elementor-spacer-inner\"><\/div>\n\t\t<\/div>\n\t\t\t\t<\/div>\n\t\t\t\t<\/div>\n\t\t\t\t<div class=\"elementor-element elementor-element-7cc3134 elementor-widget elementor-widget-heading\" data-id=\"7cc3134\" data-element_type=\"widget\" data-widget_type=\"heading.default\">\n\t\t\t\t<div class=\"elementor-widget-container\">\n\t\t\t<h4 class=\"elementor-heading-title elementor-size-default\">EN ESTA 6TA EDICI\u00d3N CINEMIGRANTE BARCELONA QUIERE AGRADECER:<\/h4>\t\t<\/div>\n\t\t\t\t<\/div>\n\t\t\t\t<div class=\"elementor-element elementor-element-0f009ae pan-texto elementor-widget elementor-widget-heading\" data-id=\"0f009ae\" data-element_type=\"widget\" data-widget_type=\"heading.default\">\n\t\t\t\t<div class=\"elementor-widget-container\">\n\t\t\t<p class=\"elementor-heading-title elementor-size-default\">A todas las entidades, colectivos y espacios que de una forma u otra siguen queriendo y apoyando este proyecto. A los espacios amigos nuevos.<br>A las amistades que se refuerzan, a las nuevas amistades, y sobre todo a las antiguas.<br>A la nuevas vidas, a las que siguen estando y las que ya no pero nos acompa\u00f1an.<br>Como siempre, a Flor, en la distancia, a veces ni palabras nos hacen falta para sentir que sentimos.<br>Al equipo que sigue y que se agranda, a a Anna, a Aurea, a Gise, a Gabri, a Brenda, a Laura, a Laura, a Ainhoa, a Sara, a Nati, a Sandro, a Silvia e a Enric.<br>A todos los colectivos que nos apoyan, a los espacios que resisten.\nA la ilusi\u00f3n de tejer redes c\u00f3mplices y a los proyectos nuevos que vuelven a darnos vida.<br>A la la rebeld\u00eda, a la inquietud y la creatividad para que otro cine sea posible.<br><br>De nuevo, como cada a\u00f1o para que este espacio siga siendo un lugar de encuentros y re-encuentros.<\/p>\t\t<\/div>\n\t\t\t\t<\/div>\n\t\t\t\t\t<\/div>\n\t\t<\/div>\n\t\t\t\t\t\t\t<\/div>\n\t\t<\/section>\n\t\t\t\t\t\t<\/div>\n\t\t\t\t\t<\/div>\n\t\t","protected":false},"excerpt":{"rendered":"<p>Agradecimientos A todxs lxs directorxs, a todxs nuestrxs referentes de vida, de reflexi\u00f3n y acci\u00f3n pol\u00edtica por conformar esta 6\u00ba Muestra de CineMigrante Barcelona!A Zulema Popovsky, Isidoro Berenstein y Gabriel &hellip; <\/p>\n<p class=\"link-more\"><a href=\"https:\/\/cinemigrante.org\/muestras-itinerantes\/barcelona\/6-edicion\/agradecimientos\/\" class=\"more-link\">Continue reading<span class=\"screen-reader-text\"> \u00abAgradecimientos\u00bb<\/span><\/a><\/p>\n","protected":false},"author":10,"featured_media":0,"parent":14628,"menu_order":0,"comment_status":"closed","ping_status":"closed","template":"elementor_header_footer","meta":[],"acf":[],"_links":{"self":[{"href":"https:\/\/cinemigrante.org\/muestras-itinerantes\/wp-json\/wp\/v2\/pages\/16682"}],"collection":[{"href":"https:\/\/cinemigrante.org\/muestras-itinerantes\/wp-json\/wp\/v2\/pages"}],"about":[{"href":"https:\/\/cinemigrante.org\/muestras-itinerantes\/wp-json\/wp\/v2\/types\/page"}],"author":[{"embeddable":true,"href":"https:\/\/cinemigrante.org\/muestras-itinerantes\/wp-json\/wp\/v2\/users\/10"}],"replies":[{"embeddable":true,"href":"https:\/\/cinemigrante.org\/muestras-itinerantes\/wp-json\/wp\/v2\/comments?post=16682"}],"version-history":[{"count":7,"href":"https:\/\/cinemigrante.org\/muestras-itinerantes\/wp-json\/wp\/v2\/pages\/16682\/revisions"}],"predecessor-version":[{"id":16689,"href":"https:\/\/cinemigrante.org\/muestras-itinerantes\/wp-json\/wp\/v2\/pages\/16682\/revisions\/16689"}],"up":[{"embeddable":true,"href":"https:\/\/cinemigrante.org\/muestras-itinerantes\/wp-json\/wp\/v2\/pages\/14628"}],"wp:attachment":[{"href":"https:\/\/cinemigrante.org\/muestras-itinerantes\/wp-json\/wp\/v2\/media?parent=16682"}],"curies":[{"name":"wp","href":"https:\/\/api.w.org\/{rel}","templated":true}]}}