                                                                                                                                                                                                                                                                                                                                                                                                                                                                                                    






{"id":15837,"date":"2022-02-28T12:23:16","date_gmt":"2022-02-28T15:23:16","guid":{"rendered":"https:\/\/cinemigrante.com\/ediciones-anteriores\/?page_id=15837"},"modified":"2022-03-09T15:19:59","modified_gmt":"2022-03-09T18:19:59","slug":"staff","status":"publish","type":"page","link":"https:\/\/cinemigrante.org\/muestras-itinerantes\/2-edicion\/staff\/","title":{"rendered":"Staff"},"content":{"rendered":"\t\t<div data-elementor-type=\"wp-page\" data-elementor-id=\"15837\" class=\"elementor elementor-15837\" data-elementor-settings=\"[]\">\n\t\t\t\t\t\t\t<div class=\"elementor-section-wrap\">\n\t\t\t\t\t\t\t<section class=\"elementor-section elementor-top-section elementor-element elementor-element-d64373b elementor-section-boxed elementor-section-height-default elementor-section-height-default\" data-id=\"d64373b\" data-element_type=\"section\" data-settings=\"{&quot;background_background&quot;:&quot;classic&quot;}\">\n\t\t\t\t\t\t\t<div class=\"elementor-background-overlay\"><\/div>\n\t\t\t\t\t\t\t<div class=\"elementor-container elementor-column-gap-default\">\n\t\t\t\t\t<div class=\"elementor-column elementor-col-100 elementor-top-column elementor-element elementor-element-6800cddb\" data-id=\"6800cddb\" data-element_type=\"column\" data-settings=\"{&quot;background_background&quot;:&quot;classic&quot;}\">\n\t\t\t<div class=\"elementor-widget-wrap elementor-element-populated\">\n\t\t\t\t\t\t\t\t<div class=\"elementor-element elementor-element-2a623b42 elementor-widget elementor-widget-heading\" data-id=\"2a623b42\" data-element_type=\"widget\" data-widget_type=\"heading.default\">\n\t\t\t\t<div class=\"elementor-widget-container\">\n\t\t\t<h2 class=\"elementor-heading-title elementor-size-default\">Staff<\/h2>\t\t<\/div>\n\t\t\t\t<\/div>\n\t\t\t\t<div class=\"elementor-element elementor-element-11747f04 eael-team-align-left historico-honor  elementor-widget elementor-widget-eael-team-member\" data-id=\"11747f04\" data-element_type=\"widget\" data-widget_type=\"eael-team-member.default\">\n\t\t\t\t<div class=\"elementor-widget-container\">\n\t\t\t\n\n\t<div id=\"eael-team-member-11747f04\" class=\"eael-team-item eael-team-members-simple \">\n\t\t<div class=\"eael-team-item-inner\">\n\t\t\t<div class=\"eael-team-image\">\n\t\t\t\t<figure>\n\t\t\t\t\t<img src=\"https:\/\/cinemigrante.org\/muestras-itinerantes\/wp-content\/uploads\/2022\/02\/florchi-e1534553396621.jpg\" alt=\"\">\n\t\t\t\t<\/figure>\n\t\t\t\t\t\t\t<\/div>\n\n\t\t\t<div class=\"eael-team-content\">\n\t\t\t\t<h3 class=\"eael-team-member-name\">FLORENCIA MAZZADI<\/h3>\n\t\t\t\t<h4 class=\"eael-team-member-position\">Directora y Directora art\u00edstica <\/h4>\n\n\t\t\t\t\t\t\t\t\t\t\t\t\t\t<p class=\"eael-team-text\">Desde el a\u00f1o 2010 dirige el Festival Internacional CineMigrante. Realizando la carrera de Lic. y Profesora en Ense\u00f1anza Media en Historia en la Universidad de Buenos Aires comienza a trabajar de muy joven como curadora y montajista en los Museos de la Ciudad de Buenos Aires. Luego es nombrada coordinadora del Museo Casa Carlos Gardel.\n\nA partir del 2004 comienza a trabajar en cine y hasta el 2010 trabaja en el archivo f\u00edlmico de noticieros del Museo del Cine. Participa en documen\u00adtales como guionista e investigadora en cine y memoria. En el 2009 recibe la beca del Ministerio de Cultura del Gobierno de Espa\u00f1a para la formaci\u00f3n de profesionales iberoamericanos en el Seguimiento de los procesos de tratamiento documental de los fondos de la Filmoteca Espa\u00f1ola. Actualmente, tambi\u00e9n se desempe\u00f1a en proyectos audiovisuales desde lenguajes perform\u00e1ticos, cine experimental y cine expandido. <\/p>\n\t\t\t\t\t\t\t<\/div>\n\t\t<\/div>\n\t<\/div>\n\t\t\t<\/div>\n\t\t\t\t<\/div>\n\t\t\t\t<div class=\"elementor-element elementor-element-40a0b3a eael-team-align-left historico-honor  elementor-widget elementor-widget-eael-team-member\" data-id=\"40a0b3a\" data-element_type=\"widget\" data-widget_type=\"eael-team-member.default\">\n\t\t\t\t<div class=\"elementor-widget-container\">\n\t\t\t\n\n\t<div id=\"eael-team-member-40a0b3a\" class=\"eael-team-item eael-team-members-simple \">\n\t\t<div class=\"eael-team-item-inner\">\n\t\t\t<div class=\"eael-team-image\">\n\t\t\t\t<figure>\n\t\t\t\t\t<img src=\"https:\/\/cinemigrante.org\/muestras-itinerantes\/wp-content\/uploads\/2022\/02\/staff16-e1534552665384.jpg\" alt=\"\">\n\t\t\t\t<\/figure>\n\t\t\t\t\t\t\t<\/div>\n\n\t\t\t<div class=\"eael-team-content\">\n\t\t\t\t<h3 class=\"eael-team-member-name\">Lola Giancarelli<\/h3>\n\t\t\t\t<h4 class=\"eael-team-member-position\">COORDINADORA ART\u00cdSTICA<\/h4>\n\n\t\t\t\t\t\t\t\t\t\t\t\t\t\t<p class=\"eael-team-text\">Comienza de muy chica su camino en el arte como actriz y dibujante; su investigaci\u00f3n se centra en la fusi\u00f3n de ambos lenguajes, lo visual y lo esc\u00e9nico. Actualmente trabaja como realizadora art\u00edstica en cine. Coordina proyectos de apropiaci\u00f3n del espacio p\u00fablico a trav\u00e9s del trabajo art\u00edstico. Organiza e interpreta \u201cRemates de obras\u201d en diversas Galerias de Arte de Buenos Aires.<\/p>\n\t\t\t\t\t\t\t<\/div>\n\t\t<\/div>\n\t<\/div>\n\t\t\t<\/div>\n\t\t\t\t<\/div>\n\t\t\t\t<div class=\"elementor-element elementor-element-68b97ca eael-team-align-left historico-honor  elementor-widget elementor-widget-eael-team-member\" data-id=\"68b97ca\" data-element_type=\"widget\" data-widget_type=\"eael-team-member.default\">\n\t\t\t\t<div class=\"elementor-widget-container\">\n\t\t\t\n\n\t<div id=\"eael-team-member-68b97ca\" class=\"eael-team-item eael-team-members-simple \">\n\t\t<div class=\"eael-team-item-inner\">\n\t\t\t<div class=\"eael-team-image\">\n\t\t\t\t<figure>\n\t\t\t\t\t<img src=\"https:\/\/cinemigrante.org\/muestras-itinerantes\/wp-content\/uploads\/2022\/02\/retro-c.jpg\" alt=\"\">\n\t\t\t\t<\/figure>\n\t\t\t\t\t\t\t<\/div>\n\n\t\t\t<div class=\"eael-team-content\">\n\t\t\t\t<h3 class=\"eael-team-member-name\">Pablo Asa<\/h3>\n\t\t\t\t<h4 class=\"eael-team-member-position\">COORDINADOR DE CONTENIDOS Y FORMACI\u00d3N<\/h4>\n\n\t\t\t\t\t\t\t\t\t\t\t\t\t\t<p class=\"eael-team-text\">Actual coordinador de la Cl\u00ednica Derechos de Inmigrantes y refugiados CAREF, CELS, UBA. Fue integrante de la comisi\u00f3n Revisora del Anteproyecto de Reglamentaci\u00f3n de la Ley de Migraciones 25.871. Ha desempe\u00f1ado su labor siempre como abogado patrocinante en causas judiciales y administrativas sobre discriminaci\u00f3n a personas migrantes y refugiadas.<\/p>\n\t\t\t\t\t\t\t<\/div>\n\t\t<\/div>\n\t<\/div>\n\t\t\t<\/div>\n\t\t\t\t<\/div>\n\t\t\t\t<div class=\"elementor-element elementor-element-4595507 eael-team-align-left historico-honor  elementor-widget elementor-widget-eael-team-member\" data-id=\"4595507\" data-element_type=\"widget\" data-widget_type=\"eael-team-member.default\">\n\t\t\t\t<div class=\"elementor-widget-container\">\n\t\t\t\n\n\t<div id=\"eael-team-member-4595507\" class=\"eael-team-item eael-team-members-simple \">\n\t\t<div class=\"eael-team-item-inner\">\n\t\t\t<div class=\"eael-team-image\">\n\t\t\t\t<figure>\n\t\t\t\t\t<img src=\"https:\/\/cinemigrante.org\/muestras-itinerantes\/wp-content\/uploads\/2022\/02\/retro-c.jpg\" alt=\"\">\n\t\t\t\t<\/figure>\n\t\t\t\t\t\t\t<\/div>\n\n\t\t\t<div class=\"eael-team-content\">\n\t\t\t\t<h3 class=\"eael-team-member-name\">Pablo Ceriani<\/h3>\n\t\t\t\t<h4 class=\"eael-team-member-position\">COORDINADOR DE CONTENIDOS Y FORMACI\u00d3N<\/h4>\n\n\t\t\t\t\t\t\t\t\t\t\t\t\t\t<p class=\"eael-team-text\">Actual coordinador de la Cl\u00ednica Derechos de Inmigrantes y refugiados CAREF, CELS, UBA. Fue integrante de la comisi\u00f3n Revisora del Anteproyecto de Reglamentaci\u00f3n de la Ley de Migraciones 25.871. Ha desempe\u00f1ado su labor siempre como abogado patrocinante en causas judiciales y administrativas sobre discriminaci\u00f3n a personas migrantes y refugiadas.<\/p>\n\t\t\t\t\t\t\t<\/div>\n\t\t<\/div>\n\t<\/div>\n\t\t\t<\/div>\n\t\t\t\t<\/div>\n\t\t\t\t<div class=\"elementor-element elementor-element-f092a93 eael-team-align-left historico-honor  elementor-widget elementor-widget-eael-team-member\" data-id=\"f092a93\" data-element_type=\"widget\" data-widget_type=\"eael-team-member.default\">\n\t\t\t\t<div class=\"elementor-widget-container\">\n\t\t\t\n\n\t<div id=\"eael-team-member-f092a93\" class=\"eael-team-item eael-team-members-simple \">\n\t\t<div class=\"eael-team-item-inner\">\n\t\t\t<div class=\"eael-team-image\">\n\t\t\t\t<figure>\n\t\t\t\t\t<img src=\"https:\/\/cinemigrante.org\/muestras-itinerantes\/wp-content\/uploads\/2022\/02\/retro-c.jpg\" alt=\"\">\n\t\t\t\t<\/figure>\n\t\t\t\t\t\t\t<\/div>\n\n\t\t\t<div class=\"eael-team-content\">\n\t\t\t\t<h3 class=\"eael-team-member-name\">Ayl\u00e9n S\u00e1enz<\/h3>\n\t\t\t\t<h4 class=\"eael-team-member-position\">ASISTENTE DE PROGRAMACI\u00d3N<\/h4>\n\n\t\t\t\t\t\t\t\t\t\t\t\t\t\t<p class=\"eael-team-text\">Nacida en El Bols\u00f3n, viven en Buenos Aires desde el 2009. Con una cont\u00ednua dedicaci\u00f3n en fotograf\u00eda. Estudiante de la carrera de Artes Audiovisuales en el I.U.N.A. acaba de editar su primer gui\u00f3n de cortometraje \u201cFr\u00e1gil\u201d.<\/p>\n\t\t\t\t\t\t\t<\/div>\n\t\t<\/div>\n\t<\/div>\n\t\t\t<\/div>\n\t\t\t\t<\/div>\n\t\t\t\t<div class=\"elementor-element elementor-element-b05e08c eael-team-align-left historico-honor  elementor-widget elementor-widget-eael-team-member\" data-id=\"b05e08c\" data-element_type=\"widget\" data-widget_type=\"eael-team-member.default\">\n\t\t\t\t<div class=\"elementor-widget-container\">\n\t\t\t\n\n\t<div id=\"eael-team-member-b05e08c\" class=\"eael-team-item eael-team-members-simple \">\n\t\t<div class=\"eael-team-item-inner\">\n\t\t\t<div class=\"eael-team-image\">\n\t\t\t\t<figure>\n\t\t\t\t\t<img src=\"https:\/\/cinemigrante.org\/muestras-itinerantes\/wp-content\/uploads\/2022\/02\/retro-c.jpg\" alt=\"\">\n\t\t\t\t<\/figure>\n\t\t\t\t\t\t\t<\/div>\n\n\t\t\t<div class=\"eael-team-content\">\n\t\t\t\t<h3 class=\"eael-team-member-name\">Ruth Guzman D\u00e1valos<\/h3>\n\t\t\t\t<h4 class=\"eael-team-member-position\">ASISTENTE DE PROGRAMACI\u00d3N Y DE PRODUCCI\u00d3N<\/h4>\n\n\t\t\t\t\t\t\t\t\t\t\t\t\t\t<p class=\"eael-team-text\">Curs\u00f3 talleres de fotograf\u00eda digital, anal\u00f3gica y estenopeica en Bolivia y Argentina. Investiga el desarrollo de la poes\u00eda visual y expuso su producci\u00f3n fotogr\u00e1fica en algunos centros culturales tanto en Bolivia como en Buenos Aires.<\/p>\n\t\t\t\t\t\t\t<\/div>\n\t\t<\/div>\n\t<\/div>\n\t\t\t<\/div>\n\t\t\t\t<\/div>\n\t\t\t\t<div class=\"elementor-element elementor-element-b2e73ea eael-team-align-left historico-honor  elementor-widget elementor-widget-eael-team-member\" data-id=\"b2e73ea\" data-element_type=\"widget\" data-widget_type=\"eael-team-member.default\">\n\t\t\t\t<div class=\"elementor-widget-container\">\n\t\t\t\n\n\t<div id=\"eael-team-member-b2e73ea\" class=\"eael-team-item eael-team-members-simple \">\n\t\t<div class=\"eael-team-item-inner\">\n\t\t\t<div class=\"eael-team-image\">\n\t\t\t\t<figure>\n\t\t\t\t\t<img src=\"https:\/\/cinemigrante.org\/muestras-itinerantes\/wp-content\/uploads\/2022\/02\/retro-c.jpg\" alt=\"\">\n\t\t\t\t<\/figure>\n\t\t\t\t\t\t\t<\/div>\n\n\t\t\t<div class=\"eael-team-content\">\n\t\t\t\t<h3 class=\"eael-team-member-name\">David Valcarcel<\/h3>\n\t\t\t\t<h4 class=\"eael-team-member-position\">PRODUCCI\u00d3N AUDIOVISUAL<\/h4>\n\n\t\t\t\t\t\t\t\t\t\t\t\t\t\t<p class=\"eael-team-text\">Naci\u00f3 el 12 de Febrero de 1989, en Bogot\u00e1, Colombia. Egresado del C.I.E.V.Y.C como director de cine, actualmente cursa una licenciatura en la Universidad de San Mart\u00edn, la cual no sabe si terminar\u00e1. Actualmente esta involucrado en el proyecto The Cachivaches, productora audiovisual de m\u00fasica independiente. Subtitulador en tiempo libres.<\/p>\n\t\t\t\t\t\t\t<\/div>\n\t\t<\/div>\n\t<\/div>\n\t\t\t<\/div>\n\t\t\t\t<\/div>\n\t\t\t\t<div class=\"elementor-element elementor-element-639dadb eael-team-align-left historico-honor  elementor-widget elementor-widget-eael-team-member\" data-id=\"639dadb\" data-element_type=\"widget\" data-widget_type=\"eael-team-member.default\">\n\t\t\t\t<div class=\"elementor-widget-container\">\n\t\t\t\n\n\t<div id=\"eael-team-member-639dadb\" class=\"eael-team-item eael-team-members-simple \">\n\t\t<div class=\"eael-team-item-inner\">\n\t\t\t<div class=\"eael-team-image\">\n\t\t\t\t<figure>\n\t\t\t\t\t<img src=\"https:\/\/cinemigrante.org\/muestras-itinerantes\/wp-content\/uploads\/2022\/02\/retro-c.jpg\" alt=\"\">\n\t\t\t\t<\/figure>\n\t\t\t\t\t\t\t<\/div>\n\n\t\t\t<div class=\"eael-team-content\">\n\t\t\t\t<h3 class=\"eael-team-member-name\">Vanessa Vivas Carmago<\/h3>\n\t\t\t\t<h4 class=\"eael-team-member-position\">ASISTENTE DE PRODUCCION<\/h4>\n\n\t\t\t\t\t\t\t\t\t\t\t\t\t\t<p class=\"eael-team-text\">Ciudadana colombiana residente en Argentina, migrante por vocaci\u00f3n. Publicista, adelanta actualmente estudios de maestr\u00eda en Diversidad Cultural en la Universidad Tres de febrero en Buenos Aires. Trabaja como asesora en Direcci\u00f3n de arte y Gesti\u00f3n cultural para diferentes proyectos en Colombia y Argentina.<\/p>\n\t\t\t\t\t\t\t<\/div>\n\t\t<\/div>\n\t<\/div>\n\t\t\t<\/div>\n\t\t\t\t<\/div>\n\t\t\t\t<div class=\"elementor-element elementor-element-7cc34d6 eael-team-align-left historico-honor  elementor-widget elementor-widget-eael-team-member\" data-id=\"7cc34d6\" data-element_type=\"widget\" data-widget_type=\"eael-team-member.default\">\n\t\t\t\t<div class=\"elementor-widget-container\">\n\t\t\t\n\n\t<div id=\"eael-team-member-7cc34d6\" class=\"eael-team-item eael-team-members-simple \">\n\t\t<div class=\"eael-team-item-inner\">\n\t\t\t<div class=\"eael-team-image\">\n\t\t\t\t<figure>\n\t\t\t\t\t<img src=\"https:\/\/cinemigrante.org\/muestras-itinerantes\/wp-content\/uploads\/2022\/02\/retro-c.jpg\" alt=\"\">\n\t\t\t\t<\/figure>\n\t\t\t\t\t\t\t<\/div>\n\n\t\t\t<div class=\"eael-team-content\">\n\t\t\t\t<h3 class=\"eael-team-member-name\">Elise Ross Nadi\u00e9<\/h3>\n\t\t\t\t<h4 class=\"eael-team-member-position\">ASISTENTE DE PRODUCCI\u00d3N<\/h4>\n\n\t\t\t\t\t\t\t\t\t\t\t\t\t\t<p class=\"eael-team-text\">\u00a1Migrante; por cultura, aprendizaje, necesidad y placeres!<\/p>\n\t\t\t\t\t\t\t<\/div>\n\t\t<\/div>\n\t<\/div>\n\t\t\t<\/div>\n\t\t\t\t<\/div>\n\t\t\t\t<div class=\"elementor-element elementor-element-e213f08 eael-team-align-left historico-honor  elementor-widget elementor-widget-eael-team-member\" data-id=\"e213f08\" data-element_type=\"widget\" data-widget_type=\"eael-team-member.default\">\n\t\t\t\t<div class=\"elementor-widget-container\">\n\t\t\t\n\n\t<div id=\"eael-team-member-e213f08\" class=\"eael-team-item eael-team-members-simple \">\n\t\t<div class=\"eael-team-item-inner\">\n\t\t\t<div class=\"eael-team-image\">\n\t\t\t\t<figure>\n\t\t\t\t\t<img src=\"https:\/\/cinemigrante.org\/muestras-itinerantes\/wp-content\/uploads\/2022\/02\/retro-c.jpg\" alt=\"\">\n\t\t\t\t<\/figure>\n\t\t\t\t\t\t\t<\/div>\n\n\t\t\t<div class=\"eael-team-content\">\n\t\t\t\t<h3 class=\"eael-team-member-name\">Sebasti\u00e1n Juncal<\/h3>\n\t\t\t\t<h4 class=\"eael-team-member-position\">ASISTENCIA LEGAL Y T\u00c9CNICA<\/h4>\n\n\t\t\t\t\t\t\t\t\t\t\t\t\t\t<p class=\"eael-team-text\">Cuervo de nacimiento, trabajador incansable, idealista. Sus m\u00faltiples facetas lo llevan a desarrollar tareas y actividades en CineMigrante, en la investigaci\u00f3n hist\u00f3rica, en la gesti\u00f3n p\u00fablica, en la militancia como en la campa\u00f1a \u2018La vuelta a Boedo\u2019. De lucidez envidiable, gran asesor.<\/p>\n\t\t\t\t\t\t\t<\/div>\n\t\t<\/div>\n\t<\/div>\n\t\t\t<\/div>\n\t\t\t\t<\/div>\n\t\t\t\t<div class=\"elementor-element elementor-element-d400141 elementor-widget elementor-widget-spacer\" data-id=\"d400141\" data-element_type=\"widget\" data-widget_type=\"spacer.default\">\n\t\t\t\t<div class=\"elementor-widget-container\">\n\t\t\t\t\t<div class=\"elementor-spacer\">\n\t\t\t<div class=\"elementor-spacer-inner\"><\/div>\n\t\t<\/div>\n\t\t\t\t<\/div>\n\t\t\t\t<\/div>\n\t\t\t\t<div class=\"elementor-element elementor-element-b80a971 elementor-widget elementor-widget-heading\" data-id=\"b80a971\" data-element_type=\"widget\" data-widget_type=\"heading.default\">\n\t\t\t\t<div class=\"elementor-widget-container\">\n\t\t\t<p class=\"elementor-heading-title elementor-size-default\">COLABORADORES<\/p>\t\t<\/div>\n\t\t\t\t<\/div>\n\t\t\t\t<div class=\"elementor-element elementor-element-b7c12bf elementor-widget elementor-widget-heading\" data-id=\"b7c12bf\" data-element_type=\"widget\" data-widget_type=\"heading.default\">\n\t\t\t\t<div class=\"elementor-widget-container\">\n\t\t\t<p class=\"elementor-heading-title elementor-size-default\">Victoriya Kim, Marion Leriche, Muriel Mazzadi, Alejo Godoy, Ad\u00e1n Jones, Ababacar Sow, V\u00edctor Ferreira, Juan Cruz.<\/p>\t\t<\/div>\n\t\t\t\t<\/div>\n\t\t\t\t\t<\/div>\n\t\t<\/div>\n\t\t\t\t\t\t\t<\/div>\n\t\t<\/section>\n\t\t\t\t\t\t<\/div>\n\t\t\t\t\t<\/div>\n\t\t","protected":false},"excerpt":{"rendered":"<p>Staff FLORENCIA MAZZADI Directora y Directora art\u00edstica Desde el a\u00f1o 2010 dirige el Festival Internacional CineMigrante. Realizando la carrera de Lic. y Profesora en Ense\u00f1anza Media en Historia en la &hellip; <\/p>\n<p class=\"link-more\"><a href=\"https:\/\/cinemigrante.org\/muestras-itinerantes\/2-edicion\/staff\/\" class=\"more-link\">Continue reading<span class=\"screen-reader-text\"> \u00abStaff\u00bb<\/span><\/a><\/p>\n","protected":false},"author":10,"featured_media":0,"parent":15824,"menu_order":0,"comment_status":"closed","ping_status":"closed","template":"elementor_header_footer","meta":[],"acf":[],"_links":{"self":[{"href":"https:\/\/cinemigrante.org\/muestras-itinerantes\/wp-json\/wp\/v2\/pages\/15837"}],"collection":[{"href":"https:\/\/cinemigrante.org\/muestras-itinerantes\/wp-json\/wp\/v2\/pages"}],"about":[{"href":"https:\/\/cinemigrante.org\/muestras-itinerantes\/wp-json\/wp\/v2\/types\/page"}],"author":[{"embeddable":true,"href":"https:\/\/cinemigrante.org\/muestras-itinerantes\/wp-json\/wp\/v2\/users\/10"}],"replies":[{"embeddable":true,"href":"https:\/\/cinemigrante.org\/muestras-itinerantes\/wp-json\/wp\/v2\/comments?post=15837"}],"version-history":[{"count":4,"href":"https:\/\/cinemigrante.org\/muestras-itinerantes\/wp-json\/wp\/v2\/pages\/15837\/revisions"}],"predecessor-version":[{"id":15875,"href":"https:\/\/cinemigrante.org\/muestras-itinerantes\/wp-json\/wp\/v2\/pages\/15837\/revisions\/15875"}],"up":[{"embeddable":true,"href":"https:\/\/cinemigrante.org\/muestras-itinerantes\/wp-json\/wp\/v2\/pages\/15824"}],"wp:attachment":[{"href":"https:\/\/cinemigrante.org\/muestras-itinerantes\/wp-json\/wp\/v2\/media?parent=15837"}],"curies":[{"name":"wp","href":"https:\/\/api.w.org\/{rel}","templated":true}]}}