                                                                                                                                                                                                                                                                                                                                                                                                                                                                                                    






{"id":15831,"date":"2022-03-09T15:22:20","date_gmt":"2022-03-09T18:22:20","guid":{"rendered":"https:\/\/cinemigrante.com\/ediciones-anteriores\/?page_id=15831"},"modified":"2022-03-09T15:26:12","modified_gmt":"2022-03-09T18:26:12","slug":"invitades","status":"publish","type":"page","link":"https:\/\/cinemigrante.org\/muestras-itinerantes\/2-edicion\/invitades\/","title":{"rendered":"Invitades"},"content":{"rendered":"\t\t<div data-elementor-type=\"wp-page\" data-elementor-id=\"15831\" class=\"elementor elementor-15831\" data-elementor-settings=\"[]\">\n\t\t\t\t\t\t\t<div class=\"elementor-section-wrap\">\n\t\t\t\t\t\t\t<section class=\"elementor-section elementor-top-section elementor-element elementor-element-649c9920 elementor-section-boxed elementor-section-height-default elementor-section-height-default\" data-id=\"649c9920\" data-element_type=\"section\" data-settings=\"{&quot;background_background&quot;:&quot;classic&quot;}\">\n\t\t\t\t\t\t\t<div class=\"elementor-background-overlay\"><\/div>\n\t\t\t\t\t\t\t<div class=\"elementor-container elementor-column-gap-default\">\n\t\t\t\t\t<div class=\"elementor-column elementor-col-100 elementor-top-column elementor-element elementor-element-177ddfb2\" data-id=\"177ddfb2\" data-element_type=\"column\" data-settings=\"{&quot;background_background&quot;:&quot;classic&quot;}\">\n\t\t\t<div class=\"elementor-widget-wrap elementor-element-populated\">\n\t\t\t\t\t\t\t\t<div class=\"elementor-element elementor-element-31ab53c0 elementor-widget elementor-widget-heading\" data-id=\"31ab53c0\" data-element_type=\"widget\" data-widget_type=\"heading.default\">\n\t\t\t\t<div class=\"elementor-widget-container\">\n\t\t\t<h2 class=\"elementor-heading-title elementor-size-default\">Invitades internacionales<\/h2>\t\t<\/div>\n\t\t\t\t<\/div>\n\t\t\t\t<div class=\"elementor-element elementor-element-fb8f4d2 eael-team-align-left historico-honor  elementor-widget elementor-widget-eael-team-member\" data-id=\"fb8f4d2\" data-element_type=\"widget\" data-widget_type=\"eael-team-member.default\">\n\t\t\t\t<div class=\"elementor-widget-container\">\n\t\t\t\n\n\t<div id=\"eael-team-member-fb8f4d2\" class=\"eael-team-item eael-team-members-simple \">\n\t\t<div class=\"eael-team-item-inner\">\n\t\t\t<div class=\"eael-team-image\">\n\t\t\t\t<figure>\n\t\t\t\t\t<img src=\"https:\/\/cinemigrante.org\/muestras-itinerantes\/wp-content\/uploads\/2022\/03\/alfonso-hinojosa.jpg\" alt=\"\">\n\t\t\t\t<\/figure>\n\t\t\t\t\t\t\t<\/div>\n\n\t\t\t<div class=\"eael-team-content\">\n\t\t\t\t<h3 class=\"eael-team-member-name\">Alfonso Hinojosa<\/h3>\n\t\t\t\t<h4 class=\"eael-team-member-position\"> <\/h4>\n\n\t\t\t\t\t\t\t\t\t\t\t\t\t\t<p class=\"eael-team-text\">Soci\u00f3logo. Docente de la Universidad Aut\u00f3noma Juan Misael Saracho (Tarija) e investigador del Centro de Estudios Superiores Universitarios (CESU) de la Universidad Mayor de San Sim\u00f3n (Cochabamba), Bolivia. Miembro del GT de CLACSO \u201cMigraci\u00f3n, cultura y pol\u00edticas\u201d. Ha publicado los libros \u201cIdas y venidas. Campesinos tarije\u00f1os en el norte argentino\u201d (PIEB, 2000) y \u201cMigraciones transnacionales\u201d (CEF \/ Plural, 2004). Su labor se destaca como investigador sudamericano en materia de migraciones. Se ha desempe\u00f1ado como funcionario de Canciller\u00eda en materia de migraciones del actual gobierno de Evo Morales.<\/p>\n\t\t\t\t\t\t\t<\/div>\n\t\t<\/div>\n\t<\/div>\n\t\t\t<\/div>\n\t\t\t\t<\/div>\n\t\t\t\t<div class=\"elementor-element elementor-element-34c0a9be eael-team-align-left historico-honor  elementor-widget elementor-widget-eael-team-member\" data-id=\"34c0a9be\" data-element_type=\"widget\" data-widget_type=\"eael-team-member.default\">\n\t\t\t\t<div class=\"elementor-widget-container\">\n\t\t\t\n\n\t<div id=\"eael-team-member-34c0a9be\" class=\"eael-team-item eael-team-members-simple \">\n\t\t<div class=\"eael-team-item-inner\">\n\t\t\t<div class=\"eael-team-image\">\n\t\t\t\t<figure>\n\t\t\t\t\t<img src=\"https:\/\/cinemigrante.org\/muestras-itinerantes\/wp-content\/uploads\/2022\/03\/deisy-ventura.jpg\" alt=\"\">\n\t\t\t\t<\/figure>\n\t\t\t\t\t\t\t<\/div>\n\n\t\t\t<div class=\"eael-team-content\">\n\t\t\t\t<h3 class=\"eael-team-member-name\">Deisy Ventura<\/h3>\n\t\t\t\t<h4 class=\"eael-team-member-position\"> <\/h4>\n\n\t\t\t\t\t\t\t\t\t\t\t\t\t\t<p class=\"eael-team-text\">Profesora de Derecho Internacional y Presidente da Comisi\u00f3n de Cooperaci\u00f3n internacional del Instituto de Relaciones Internacionales de la Universidad de S\u00e3o Paulo (IRI-USP). Doctora en Derecho Internacional de la Universidad de Paris 1, Panth\u00e9on-Sorbonne. Docente de la C\u00e1tedra Sim\u00f3n Bol\u00edvar del Instituto de Altos Estudios de Am\u00e9rica Latina de la Universidad de Paris 3 (Sorbonne-Nouvelle), profesora invitada de Sciences-Po Paris (Ciclo Iberoamericano de Poitiers) y investigadora en el Instituto de Altos Estudios Internacionales y del Desarrollo (IHEID) de Ginebra en el Programa Global South Scholar in Residence. Fue Consultora Jur\u00eddica de la Secretar\u00eda del Mercosur (Montevideo, 2003-2006). Ha publicado 14 libros sobre temas internacionales (en particular Mercosur y Uni\u00f3n Europea). Coordina el Grupo de Estudios sobre la Internacionalizaci\u00f3n del Derecho y la Justicia de Transici\u00f3n (IDEJUST) y el proyecto de extensi\u00f3n universitaria Educar para el mundo.\nLa importancia de su presencia en la Argentina se debe a su experticia en materia de integraci\u00f3n regional, de generaci\u00f3n de plataformas pol\u00edticas para ello as\u00ed como a su visi\u00f3n de una necesaria reforma en materia de pol\u00edtica migratoria del Brasil.<\/p>\n\t\t\t\t\t\t\t<\/div>\n\t\t<\/div>\n\t<\/div>\n\t\t\t<\/div>\n\t\t\t\t<\/div>\n\t\t\t\t<div class=\"elementor-element elementor-element-7f21d1ef eael-team-align-left historico-honor  elementor-widget elementor-widget-eael-team-member\" data-id=\"7f21d1ef\" data-element_type=\"widget\" data-widget_type=\"eael-team-member.default\">\n\t\t\t\t<div class=\"elementor-widget-container\">\n\t\t\t\n\n\t<div id=\"eael-team-member-7f21d1ef\" class=\"eael-team-item eael-team-members-simple \">\n\t\t<div class=\"eael-team-item-inner\">\n\t\t\t<div class=\"eael-team-image\">\n\t\t\t\t<figure>\n\t\t\t\t\t<img src=\"https:\/\/cinemigrante.org\/muestras-itinerantes\/wp-content\/uploads\/2022\/03\/tania-zabala.jpg\" alt=\"\">\n\t\t\t\t<\/figure>\n\t\t\t\t\t\t\t<\/div>\n\n\t\t\t<div class=\"eael-team-content\">\n\t\t\t\t<h3 class=\"eael-team-member-name\">Tania Zabala<\/h3>\n\t\t\t\t<h4 class=\"eael-team-member-position\"> <\/h4>\n\n\t\t\t\t\t\t\t\t\t\t\t\t\t\t<p class=\"eael-team-text\">Integrante del Grupo de Trabajo sobre las Migraciones (GTM) de la Plataforma Interamericana de Derechos Humanos, Democracia y Desarrollo de Ecuador. Soci\u00f3loga; m\u00e1ster oficial en cooperaci\u00f3n internacional al desarrollo, especialidad en movimientos migratorios y codesarrollo por la Universidad de Valencia; diplomada en DESC, seguridad alimentaria y pol\u00edticas contra el hambre, por la FAO y la Fundaci\u00f3n Henry Dunant, Santiago, Chile; candidata al doctorado en pol\u00edticas p\u00fablicas y transformaci\u00f3n social por la Universidad Aut\u00f3noma de Barcelona. Investigadora asociada del Centro de Documentaci\u00f3n en Derechos Humanos \u201cSegundo Montes Mozo S.J.\u201d.La importancia de su presencia en la Argentina se debe al proceso de transformaci\u00f3n que Ecuador est\u00e1 viviendo en materia migratoria, habiendo sancionado una Nueva Constituci\u00f3n que establece que ninguna persona migrante es ilegal, debiendo sancionar en para estos momentos una nueva ley acorde a este principio.<\/p>\n\t\t\t\t\t\t\t<\/div>\n\t\t<\/div>\n\t<\/div>\n\t\t\t<\/div>\n\t\t\t\t<\/div>\n\t\t\t\t\t<\/div>\n\t\t<\/div>\n\t\t\t\t\t\t\t<\/div>\n\t\t<\/section>\n\t\t\t\t\t\t<\/div>\n\t\t\t\t\t<\/div>\n\t\t","protected":false},"excerpt":{"rendered":"<p>Invitades internacionales Alfonso Hinojosa Soci\u00f3logo. Docente de la Universidad Aut\u00f3noma Juan Misael Saracho (Tarija) e investigador del Centro de Estudios Superiores Universitarios (CESU) de la Universidad Mayor de San Sim\u00f3n &hellip; <\/p>\n<p class=\"link-more\"><a href=\"https:\/\/cinemigrante.org\/muestras-itinerantes\/2-edicion\/invitades\/\" class=\"more-link\">Continue reading<span class=\"screen-reader-text\"> \u00abInvitades\u00bb<\/span><\/a><\/p>\n","protected":false},"author":10,"featured_media":0,"parent":15824,"menu_order":0,"comment_status":"closed","ping_status":"closed","template":"elementor_header_footer","meta":[],"acf":[],"_links":{"self":[{"href":"https:\/\/cinemigrante.org\/muestras-itinerantes\/wp-json\/wp\/v2\/pages\/15831"}],"collection":[{"href":"https:\/\/cinemigrante.org\/muestras-itinerantes\/wp-json\/wp\/v2\/pages"}],"about":[{"href":"https:\/\/cinemigrante.org\/muestras-itinerantes\/wp-json\/wp\/v2\/types\/page"}],"author":[{"embeddable":true,"href":"https:\/\/cinemigrante.org\/muestras-itinerantes\/wp-json\/wp\/v2\/users\/10"}],"replies":[{"embeddable":true,"href":"https:\/\/cinemigrante.org\/muestras-itinerantes\/wp-json\/wp\/v2\/comments?post=15831"}],"version-history":[{"count":4,"href":"https:\/\/cinemigrante.org\/muestras-itinerantes\/wp-json\/wp\/v2\/pages\/15831\/revisions"}],"predecessor-version":[{"id":15881,"href":"https:\/\/cinemigrante.org\/muestras-itinerantes\/wp-json\/wp\/v2\/pages\/15831\/revisions\/15881"}],"up":[{"embeddable":true,"href":"https:\/\/cinemigrante.org\/muestras-itinerantes\/wp-json\/wp\/v2\/pages\/15824"}],"wp:attachment":[{"href":"https:\/\/cinemigrante.org\/muestras-itinerantes\/wp-json\/wp\/v2\/media?parent=15831"}],"curies":[{"name":"wp","href":"https:\/\/api.w.org\/{rel}","templated":true}]}}