                                                                                                                                                                                                                                                                                                                                                                                                                                                                                                    






{"id":15731,"date":"2022-02-28T08:32:51","date_gmt":"2022-02-28T11:32:51","guid":{"rendered":"https:\/\/cinemigrante.com\/ediciones-anteriores\/?page_id=15731"},"modified":"2022-02-28T10:06:19","modified_gmt":"2022-02-28T13:06:19","slug":"staff-2","status":"publish","type":"page","link":"https:\/\/cinemigrante.org\/muestras-itinerantes\/3-edicion\/staff-2\/","title":{"rendered":"Staff"},"content":{"rendered":"\t\t<div data-elementor-type=\"wp-page\" data-elementor-id=\"15731\" class=\"elementor elementor-15731\" data-elementor-settings=\"[]\">\n\t\t\t\t\t\t\t<div class=\"elementor-section-wrap\">\n\t\t\t\t\t\t\t<section class=\"elementor-section elementor-top-section elementor-element elementor-element-d64373b elementor-section-boxed elementor-section-height-default elementor-section-height-default\" data-id=\"d64373b\" data-element_type=\"section\" data-settings=\"{&quot;background_background&quot;:&quot;classic&quot;}\">\n\t\t\t\t\t\t\t<div class=\"elementor-background-overlay\"><\/div>\n\t\t\t\t\t\t\t<div class=\"elementor-container elementor-column-gap-default\">\n\t\t\t\t\t<div class=\"elementor-column elementor-col-100 elementor-top-column elementor-element elementor-element-6800cddb\" data-id=\"6800cddb\" data-element_type=\"column\" data-settings=\"{&quot;background_background&quot;:&quot;classic&quot;}\">\n\t\t\t<div class=\"elementor-widget-wrap elementor-element-populated\">\n\t\t\t\t\t\t\t\t<div class=\"elementor-element elementor-element-2a623b42 elementor-widget elementor-widget-heading\" data-id=\"2a623b42\" data-element_type=\"widget\" data-widget_type=\"heading.default\">\n\t\t\t\t<div class=\"elementor-widget-container\">\n\t\t\t<h2 class=\"elementor-heading-title elementor-size-default\">Staff<\/h2>\t\t<\/div>\n\t\t\t\t<\/div>\n\t\t\t\t<div class=\"elementor-element elementor-element-11747f04 eael-team-align-left historico-honor  elementor-widget elementor-widget-eael-team-member\" data-id=\"11747f04\" data-element_type=\"widget\" data-widget_type=\"eael-team-member.default\">\n\t\t\t\t<div class=\"elementor-widget-container\">\n\t\t\t\n\n\t<div id=\"eael-team-member-11747f04\" class=\"eael-team-item eael-team-members-simple \">\n\t\t<div class=\"eael-team-item-inner\">\n\t\t\t<div class=\"eael-team-image\">\n\t\t\t\t<figure>\n\t\t\t\t\t<img src=\"https:\/\/cinemigrante.org\/muestras-itinerantes\/wp-content\/uploads\/2022\/02\/florchi-e1534553396621.jpg\" alt=\"\">\n\t\t\t\t<\/figure>\n\t\t\t\t\t\t\t<\/div>\n\n\t\t\t<div class=\"eael-team-content\">\n\t\t\t\t<h3 class=\"eael-team-member-name\">FLORENCIA MAZZADI<\/h3>\n\t\t\t\t<h4 class=\"eael-team-member-position\">Directora y Directora art\u00edstica <\/h4>\n\n\t\t\t\t\t\t\t\t\t\t\t\t\t\t<p class=\"eael-team-text\">Desde el a\u00f1o 2010 dirige el Festival Internacional CineMigrante. Realizando la carrera de Lic. y Profesora en Ense\u00f1anza Media en Historia en la Universidad de Buenos Aires comienza a trabajar de muy joven como curadora y montajista en los Museos de la Ciudad de Buenos Aires. Luego es nombrada coordinadora del Museo Casa Carlos Gardel.\n\nA partir del 2004 comienza a trabajar en cine y hasta el 2010 trabaja en el archivo f\u00edlmico de noticieros del Museo del Cine. Participa en documen\u00adtales como guionista e investigadora en cine y memoria. En el 2009 recibe la beca del Ministerio de Cultura del Gobierno de Espa\u00f1a para la formaci\u00f3n de profesionales iberoamericanos en el Seguimiento de los procesos de tratamiento documental de los fondos de la Filmoteca Espa\u00f1ola. Actualmente, tambi\u00e9n se desempe\u00f1a en proyectos audiovisuales desde lenguajes perform\u00e1ticos, cine experimental y cine expandido. <\/p>\n\t\t\t\t\t\t\t<\/div>\n\t\t<\/div>\n\t<\/div>\n\t\t\t<\/div>\n\t\t\t\t<\/div>\n\t\t\t\t<div class=\"elementor-element elementor-element-40a0b3a eael-team-align-left historico-honor  elementor-widget elementor-widget-eael-team-member\" data-id=\"40a0b3a\" data-element_type=\"widget\" data-widget_type=\"eael-team-member.default\">\n\t\t\t\t<div class=\"elementor-widget-container\">\n\t\t\t\n\n\t<div id=\"eael-team-member-40a0b3a\" class=\"eael-team-item eael-team-members-simple \">\n\t\t<div class=\"eael-team-item-inner\">\n\t\t\t<div class=\"eael-team-image\">\n\t\t\t\t<figure>\n\t\t\t\t\t<img src=\"https:\/\/cinemigrante.org\/muestras-itinerantes\/wp-content\/uploads\/2022\/02\/retro-c.jpg\" alt=\"\">\n\t\t\t\t<\/figure>\n\t\t\t\t\t\t\t<\/div>\n\n\t\t\t<div class=\"eael-team-content\">\n\t\t\t\t<h3 class=\"eael-team-member-name\">Pablo Ceriani<\/h3>\n\t\t\t\t<h4 class=\"eael-team-member-position\">COORDINADOR DE CONTENIDOS Y FORMACI\u00d3N<\/h4>\n\n\t\t\t\t\t\t\t\t\t\t\t\t\t\t<p class=\"eael-team-text\">Ha iniciado su labor en el CELS. Principal promotor de la vigente Ley de migraciones 25.871, actualmente Coordina Programa Migraciones y Derechos Humanos (Centro de DDHH, UNLa). Profesor sobre derechos de migrantes (Maestr\u00eda DDHH, UNLa; Maestr\u00eda Pol\u00edticas Migratorias, UBA; Facultad de Derecho, UBA).<\/p>\n\t\t\t\t\t\t\t<\/div>\n\t\t<\/div>\n\t<\/div>\n\t\t\t<\/div>\n\t\t\t\t<\/div>\n\t\t\t\t<div class=\"elementor-element elementor-element-68b97ca eael-team-align-left historico-honor  elementor-widget elementor-widget-eael-team-member\" data-id=\"68b97ca\" data-element_type=\"widget\" data-widget_type=\"eael-team-member.default\">\n\t\t\t\t<div class=\"elementor-widget-container\">\n\t\t\t\n\n\t<div id=\"eael-team-member-68b97ca\" class=\"eael-team-item eael-team-members-simple \">\n\t\t<div class=\"eael-team-item-inner\">\n\t\t\t<div class=\"eael-team-image\">\n\t\t\t\t<figure>\n\t\t\t\t\t<img src=\"https:\/\/cinemigrante.org\/muestras-itinerantes\/wp-content\/uploads\/2022\/02\/retro-c.jpg\" alt=\"\">\n\t\t\t\t<\/figure>\n\t\t\t\t\t\t\t<\/div>\n\n\t\t\t<div class=\"eael-team-content\">\n\t\t\t\t<h3 class=\"eael-team-member-name\">Diego Morales<\/h3>\n\t\t\t\t<h4 class=\"eael-team-member-position\">COORDINADOR DE CONTENIDOS Y FORMACI\u00d3N<\/h4>\n\n\t\t\t\t\t\t\t\t\t\t\t\t\t\t<p class=\"eael-team-text\">Director del Programa de Derechos Econ\u00f3micos, Sociales y Culturales del CELS. Previamente fue Director del \u00e1rea de Litigio y Defensa Legal.<\/p>\n\t\t\t\t\t\t\t<\/div>\n\t\t<\/div>\n\t<\/div>\n\t\t\t<\/div>\n\t\t\t\t<\/div>\n\t\t\t\t<div class=\"elementor-element elementor-element-4595507 eael-team-align-left historico-honor  elementor-widget elementor-widget-eael-team-member\" data-id=\"4595507\" data-element_type=\"widget\" data-widget_type=\"eael-team-member.default\">\n\t\t\t\t<div class=\"elementor-widget-container\">\n\t\t\t\n\n\t<div id=\"eael-team-member-4595507\" class=\"eael-team-item eael-team-members-simple \">\n\t\t<div class=\"eael-team-item-inner\">\n\t\t\t<div class=\"eael-team-image\">\n\t\t\t\t<figure>\n\t\t\t\t\t<img src=\"https:\/\/cinemigrante.org\/muestras-itinerantes\/wp-content\/uploads\/2022\/02\/retro-c.jpg\" alt=\"\">\n\t\t\t\t<\/figure>\n\t\t\t\t\t\t\t<\/div>\n\n\t\t\t<div class=\"eael-team-content\">\n\t\t\t\t<h3 class=\"eael-team-member-name\">Claudia Araya L\u00f3pez<\/h3>\n\t\t\t\t<h4 class=\"eael-team-member-position\">PROGRAMADORA \/ INTERVENCIONES ART\u00cdSTICAS<\/h4>\n\n\t\t\t\t\t\t\t\t\t\t\t\t\t\t<p class=\"eael-team-text\">Licenciada en Bellas Artes y actualmente estudiante de una maestr\u00eda en artes electr\u00f3nicas. Chilena. Vive en Buenos Aires hace un a\u00f1o y medio. Su trabajo se ha centrado en investigar, realizando direcci\u00f3n y producci\u00f3n de arte. Su visi\u00f3n interdisciplinaria aporta a CineMigrante un concepto del arte de manera total.<\/p>\n\t\t\t\t\t\t\t<\/div>\n\t\t<\/div>\n\t<\/div>\n\t\t\t<\/div>\n\t\t\t\t<\/div>\n\t\t\t\t<div class=\"elementor-element elementor-element-f092a93 eael-team-align-left historico-honor  elementor-widget elementor-widget-eael-team-member\" data-id=\"f092a93\" data-element_type=\"widget\" data-widget_type=\"eael-team-member.default\">\n\t\t\t\t<div class=\"elementor-widget-container\">\n\t\t\t\n\n\t<div id=\"eael-team-member-f092a93\" class=\"eael-team-item eael-team-members-simple \">\n\t\t<div class=\"eael-team-item-inner\">\n\t\t\t<div class=\"eael-team-image\">\n\t\t\t\t<figure>\n\t\t\t\t\t<img src=\"https:\/\/cinemigrante.org\/muestras-itinerantes\/wp-content\/uploads\/2022\/02\/retro-c.jpg\" alt=\"\">\n\t\t\t\t<\/figure>\n\t\t\t\t\t\t\t<\/div>\n\n\t\t\t<div class=\"eael-team-content\">\n\t\t\t\t<h3 class=\"eael-team-member-name\">Marina Scardaccione<\/h3>\n\t\t\t\t<h4 class=\"eael-team-member-position\">PROGRAMADORA<\/h4>\n\n\t\t\t\t\t\t\t\t\t\t\t\t\t\t<p class=\"eael-team-text\">Estudi\u00f3 realizaci\u00f3n en Buenos Aires y fotograf\u00eda en Barcelona. Trabajadora del \u00e1rea audiovisual, fan\u00e1tica del f\u00fatbol y enamorada del cine. Egresada del CIC. Asistente de direcci\u00f3n freelance, trabaj\u00f3 como productora art\u00edstica en el \u00e1rea de cine internacional del BAFICI.<\/p>\n\t\t\t\t\t\t\t<\/div>\n\t\t<\/div>\n\t<\/div>\n\t\t\t<\/div>\n\t\t\t\t<\/div>\n\t\t\t\t<div class=\"elementor-element elementor-element-b05e08c eael-team-align-left historico-honor  elementor-widget elementor-widget-eael-team-member\" data-id=\"b05e08c\" data-element_type=\"widget\" data-widget_type=\"eael-team-member.default\">\n\t\t\t\t<div class=\"elementor-widget-container\">\n\t\t\t\n\n\t<div id=\"eael-team-member-b05e08c\" class=\"eael-team-item eael-team-members-simple \">\n\t\t<div class=\"eael-team-item-inner\">\n\t\t\t<div class=\"eael-team-image\">\n\t\t\t\t<figure>\n\t\t\t\t\t<img src=\"https:\/\/cinemigrante.org\/muestras-itinerantes\/wp-content\/uploads\/2022\/02\/retro-c.jpg\" alt=\"\">\n\t\t\t\t<\/figure>\n\t\t\t\t\t\t\t<\/div>\n\n\t\t\t<div class=\"eael-team-content\">\n\t\t\t\t<h3 class=\"eael-team-member-name\">David Valcarcel<\/h3>\n\t\t\t\t<h4 class=\"eael-team-member-position\">PRODUCCION AUDIOVISUAL<\/h4>\n\n\t\t\t\t\t\t\t\t\t\t\t\t\t\t<p class=\"eael-team-text\">Nacio el 12 de Febrero de 1989, en Bogot\u00e1, Colombia. Egresado del C.I.E.V.Y.C como realizador cinematogr\u00e1fico. Esta involucrado en The Cachivaches, productora audiovisual de m\u00fasica independiente.\n\n <\/p>\n\t\t\t\t\t\t\t<\/div>\n\t\t<\/div>\n\t<\/div>\n\t\t\t<\/div>\n\t\t\t\t<\/div>\n\t\t\t\t<div class=\"elementor-element elementor-element-b2e73ea eael-team-align-left historico-honor  elementor-widget elementor-widget-eael-team-member\" data-id=\"b2e73ea\" data-element_type=\"widget\" data-widget_type=\"eael-team-member.default\">\n\t\t\t\t<div class=\"elementor-widget-container\">\n\t\t\t\n\n\t<div id=\"eael-team-member-b2e73ea\" class=\"eael-team-item eael-team-members-simple \">\n\t\t<div class=\"eael-team-item-inner\">\n\t\t\t<div class=\"eael-team-image\">\n\t\t\t\t<figure>\n\t\t\t\t\t<img src=\"https:\/\/cinemigrante.org\/muestras-itinerantes\/wp-content\/uploads\/2022\/02\/retro-c.jpg\" alt=\"\">\n\t\t\t\t<\/figure>\n\t\t\t\t\t\t\t<\/div>\n\n\t\t\t<div class=\"eael-team-content\">\n\t\t\t\t<h3 class=\"eael-team-member-name\">Daniela Mena<\/h3>\n\t\t\t\t<h4 class=\"eael-team-member-position\">PRODUCCI\u00d3N<\/h4>\n\n\t\t\t\t\t\t\t\t\t\t\t\t\t\t<p class=\"eael-team-text\">Naci\u00f3 el 22 de noviembre de 1980. Primero bail\u00f3, despu\u0117s leyo, abort\u00f3 Licenciatura en periodismo y comunicaci\u00f3n social en la Universidad ARCIS (Santiago de Chile) para estudiar la carrera de Actuaci\u00f3n Teatral en la Escuela Teatro Imagen (Santiago de Chile). Buenos Aires, julio del 2006, llega a Buenos aires, entrena con diversos maestros, monta una obra propia, act\u00faa en ella, escribe otras. 2011, Audiovisual, Cooperativas, El Muerer\u00edo Teatro, Televisi\u00f3n Digital, CineMigrante. 2013,De frente Mar, obra en proyecto.<\/p>\n\t\t\t\t\t\t\t<\/div>\n\t\t<\/div>\n\t<\/div>\n\t\t\t<\/div>\n\t\t\t\t<\/div>\n\t\t\t\t<div class=\"elementor-element elementor-element-639dadb eael-team-align-left historico-honor  elementor-widget elementor-widget-eael-team-member\" data-id=\"639dadb\" data-element_type=\"widget\" data-widget_type=\"eael-team-member.default\">\n\t\t\t\t<div class=\"elementor-widget-container\">\n\t\t\t\n\n\t<div id=\"eael-team-member-639dadb\" class=\"eael-team-item eael-team-members-simple \">\n\t\t<div class=\"eael-team-item-inner\">\n\t\t\t<div class=\"eael-team-image\">\n\t\t\t\t<figure>\n\t\t\t\t\t<img src=\"https:\/\/cinemigrante.org\/muestras-itinerantes\/wp-content\/uploads\/2022\/02\/retro-c.jpg\" alt=\"\">\n\t\t\t\t<\/figure>\n\t\t\t\t\t\t\t<\/div>\n\n\t\t\t<div class=\"eael-team-content\">\n\t\t\t\t<h3 class=\"eael-team-member-name\">Cristian Rodr\u00edguez<\/h3>\n\t\t\t\t<h4 class=\"eael-team-member-position\">PROGRAMADOR FOCO PANAZOREAN<\/h4>\n\n\t\t\t\t\t\t\t\t\t\t\t\t\t\t<p class=\"eael-team-text\">Licenciado en Periodismo y Maestrado en Est\u00e9tica y Literatura Comparada por la UPF, Barcelona. Se ha dedicado a explorar diversas \u00e1reas de la producci\u00f3n cultural, colaborando como cr\u00edtico musical y explorando otros campos como la edici\u00f3n de cine o la fotograf\u00eda, su gran pasi\u00f3n. Actualmente trabaja como gestor de copias y adjunto de comunicaci\u00f3n en Panazorean International Film Festival (Azores).<\/p>\n\t\t\t\t\t\t\t<\/div>\n\t\t<\/div>\n\t<\/div>\n\t\t\t<\/div>\n\t\t\t\t<\/div>\n\t\t\t\t<div class=\"elementor-element elementor-element-7cc34d6 eael-team-align-left historico-honor  elementor-widget elementor-widget-eael-team-member\" data-id=\"7cc34d6\" data-element_type=\"widget\" data-widget_type=\"eael-team-member.default\">\n\t\t\t\t<div class=\"elementor-widget-container\">\n\t\t\t\n\n\t<div id=\"eael-team-member-7cc34d6\" class=\"eael-team-item eael-team-members-simple \">\n\t\t<div class=\"eael-team-item-inner\">\n\t\t\t<div class=\"eael-team-image\">\n\t\t\t\t<figure>\n\t\t\t\t\t<img src=\"https:\/\/cinemigrante.org\/muestras-itinerantes\/wp-content\/uploads\/2022\/02\/retro-c.jpg\" alt=\"\">\n\t\t\t\t<\/figure>\n\t\t\t\t\t\t\t<\/div>\n\n\t\t\t<div class=\"eael-team-content\">\n\t\t\t\t<h3 class=\"eael-team-member-name\">Eric Van De Giessen<\/h3>\n\t\t\t\t<h4 class=\"eael-team-member-position\">PROGRAMADOR FOCO MOVIES THAT MATTER<\/h4>\n\n\t\t\t\t\t\t\t\t\t\t\t\t\t\t<p class=\"eael-team-text\">Mag\u00edster en Resoluci\u00f3n de Conflictos Y Derechos Humanos de la Universidad de Utrecht. Programador de Cine Internacional del Festival Movies That Matter (\u00c1msterdam). Se ha destacado como responsable de proyectos de emergencia y recuperaci\u00f3n, desarrollo sostenible y proyectos agr\u00edcolas en \u00c1frica central y Oriental.<\/p>\n\t\t\t\t\t\t\t<\/div>\n\t\t<\/div>\n\t<\/div>\n\t\t\t<\/div>\n\t\t\t\t<\/div>\n\t\t\t\t<div class=\"elementor-element elementor-element-e213f08 eael-team-align-left historico-honor  elementor-widget elementor-widget-eael-team-member\" data-id=\"e213f08\" data-element_type=\"widget\" data-widget_type=\"eael-team-member.default\">\n\t\t\t\t<div class=\"elementor-widget-container\">\n\t\t\t\n\n\t<div id=\"eael-team-member-e213f08\" class=\"eael-team-item eael-team-members-simple \">\n\t\t<div class=\"eael-team-item-inner\">\n\t\t\t<div class=\"eael-team-image\">\n\t\t\t\t<figure>\n\t\t\t\t\t<img src=\"https:\/\/cinemigrante.org\/muestras-itinerantes\/wp-content\/uploads\/2022\/02\/retro-c.jpg\" alt=\"\">\n\t\t\t\t<\/figure>\n\t\t\t\t\t\t\t<\/div>\n\n\t\t\t<div class=\"eael-team-content\">\n\t\t\t\t<h3 class=\"eael-team-member-name\">Augustin Cata\u00f1eda<\/h3>\n\t\t\t\t<h4 class=\"eael-team-member-position\">COMUNICACI\u00d3N Y PRENSA<\/h4>\n\n\t\t\t\t\t\t\t\t\t\t\t\t\t\t<p class=\"eael-team-text\">Periodista y agente de prensa. Se especializa en estrategias de comunicaci\u00f3n p\u00fablica y actividades culturales. Estuvo a cargo de la comunicaci\u00f3n de distintos festivales de cine, teatro, danza y artes visuales. Desde el a\u00f1o 2009 dirige la agencia [post] comunicaci\u00f3n\/cultura. Conduce el programa Un ma\u00f1ana que se emite los domingos por Nacional Rock FM 93.7.<\/p>\n\t\t\t\t\t\t\t<\/div>\n\t\t<\/div>\n\t<\/div>\n\t\t\t<\/div>\n\t\t\t\t<\/div>\n\t\t\t\t<div class=\"elementor-element elementor-element-96a90e8 eael-team-align-left historico-honor  elementor-widget elementor-widget-eael-team-member\" data-id=\"96a90e8\" data-element_type=\"widget\" data-widget_type=\"eael-team-member.default\">\n\t\t\t\t<div class=\"elementor-widget-container\">\n\t\t\t\n\n\t<div id=\"eael-team-member-96a90e8\" class=\"eael-team-item eael-team-members-simple \">\n\t\t<div class=\"eael-team-item-inner\">\n\t\t\t<div class=\"eael-team-image\">\n\t\t\t\t<figure>\n\t\t\t\t\t<img src=\"https:\/\/cinemigrante.org\/muestras-itinerantes\/wp-content\/uploads\/2022\/02\/retro-c.jpg\" alt=\"\">\n\t\t\t\t<\/figure>\n\t\t\t\t\t\t\t<\/div>\n\n\t\t\t<div class=\"eael-team-content\">\n\t\t\t\t<h3 class=\"eael-team-member-name\">Iv\u00e1n Imen<\/h3>\n\t\t\t\t<h4 class=\"eael-team-member-position\">ASISTENCIA DE PRODUCCI\u00d3N \/ MEDIATECA<\/h4>\n\n\t\t\t\t\t\t\t\t\t\t\t\t\t\t<p class=\"eael-team-text\">Actualmente cursa el ingreso a la carrera de Sociolog\u00eda en la Universidad de Buenos Aires. Es asistente en el archivo de materiales audiovisuales que conforman la Mediateca de CineMigrante. Es el benjam\u00edn del grupo que grita: Migrar es un derecho humano, viva la diversidad cultural!<\/p>\n\t\t\t\t\t\t\t<\/div>\n\t\t<\/div>\n\t<\/div>\n\t\t\t<\/div>\n\t\t\t\t<\/div>\n\t\t\t\t<div class=\"elementor-element elementor-element-1a3f8b1 eael-team-align-left historico-honor  elementor-widget elementor-widget-eael-team-member\" data-id=\"1a3f8b1\" data-element_type=\"widget\" data-widget_type=\"eael-team-member.default\">\n\t\t\t\t<div class=\"elementor-widget-container\">\n\t\t\t\n\n\t<div id=\"eael-team-member-1a3f8b1\" class=\"eael-team-item eael-team-members-simple \">\n\t\t<div class=\"eael-team-item-inner\">\n\t\t\t<div class=\"eael-team-image\">\n\t\t\t\t<figure>\n\t\t\t\t\t<img src=\"https:\/\/cinemigrante.org\/muestras-itinerantes\/wp-content\/uploads\/2022\/02\/retro-c.jpg\" alt=\"\">\n\t\t\t\t<\/figure>\n\t\t\t\t\t\t\t<\/div>\n\n\t\t\t<div class=\"eael-team-content\">\n\t\t\t\t<h3 class=\"eael-team-member-name\">Vanessa Vivas Camargo<\/h3>\n\t\t\t\t<h4 class=\"eael-team-member-position\">COORDINADORA SEDES INTERNACIONALES<\/h4>\n\n\t\t\t\t\t\t\t\t\t\t\t\t\t\t<p class=\"eael-team-text\">Ciudadana colombiana residente en Argentina, migrante por vocaci\u00f3n. Publicista, realiza maestr\u00eda en Diversidad Cultural en la Universidad Tres de febrero en Bs.As. Trabaja como asesora en Direcci\u00f3n de arte y Gesti\u00f3n cultural para proyectos en Colombia y Argentina.<\/p>\n\t\t\t\t\t\t\t<\/div>\n\t\t<\/div>\n\t<\/div>\n\t\t\t<\/div>\n\t\t\t\t<\/div>\n\t\t\t\t<div class=\"elementor-element elementor-element-a46153f eael-team-align-left historico-honor  elementor-widget elementor-widget-eael-team-member\" data-id=\"a46153f\" data-element_type=\"widget\" data-widget_type=\"eael-team-member.default\">\n\t\t\t\t<div class=\"elementor-widget-container\">\n\t\t\t\n\n\t<div id=\"eael-team-member-a46153f\" class=\"eael-team-item eael-team-members-simple \">\n\t\t<div class=\"eael-team-item-inner\">\n\t\t\t<div class=\"eael-team-image\">\n\t\t\t\t<figure>\n\t\t\t\t\t<img src=\"https:\/\/cinemigrante.org\/muestras-itinerantes\/wp-content\/uploads\/2022\/02\/retro-c.jpg\" alt=\"\">\n\t\t\t\t<\/figure>\n\t\t\t\t\t\t\t<\/div>\n\n\t\t\t<div class=\"eael-team-content\">\n\t\t\t\t<h3 class=\"eael-team-member-name\">Tavo Bernal<\/h3>\n\t\t\t\t<h4 class=\"eael-team-member-position\">GARAVATO<\/h4>\n\n\t\t\t\t\t\t\t\t\t\t\t\t\t\t<p class=\"eael-team-text\">De espiritu nomada y con la certeza de que cada persona tiene un talento que se puede conjugar con los de otras personas, tavo se intereso desde ni\u00f1o por la comunicacion visual, por la fuerza de las im\u00e1genes para comunicar lo que con sus palabras no alcanzaba. La curiosidad lo ha llevado a vivir en diferentes lugares de Colombia donde estudio Dise\u00f1o Industrial y ahora en Argentina donde, desde su vida como inmigrante, cuestiona y plasma a traves de las imagenes las curiosidades y personas que ve en el mundo. Con su firma garavato, colabora con trabajos y proyectos de grafico, industrial, interiores y su mas grande pasion, la ilustracion.\n\n <\/p>\n\t\t\t\t\t\t\t<\/div>\n\t\t<\/div>\n\t<\/div>\n\t\t\t<\/div>\n\t\t\t\t<\/div>\n\t\t\t\t<div class=\"elementor-element elementor-element-8c45cea eael-team-align-left historico-honor  elementor-widget elementor-widget-eael-team-member\" data-id=\"8c45cea\" data-element_type=\"widget\" data-widget_type=\"eael-team-member.default\">\n\t\t\t\t<div class=\"elementor-widget-container\">\n\t\t\t\n\n\t<div id=\"eael-team-member-8c45cea\" class=\"eael-team-item eael-team-members-simple \">\n\t\t<div class=\"eael-team-item-inner\">\n\t\t\t<div class=\"eael-team-image\">\n\t\t\t\t<figure>\n\t\t\t\t\t<img src=\"https:\/\/cinemigrante.org\/muestras-itinerantes\/wp-content\/uploads\/2022\/02\/retro-c.jpg\" alt=\"\">\n\t\t\t\t<\/figure>\n\t\t\t\t\t\t\t<\/div>\n\n\t\t\t<div class=\"eael-team-content\">\n\t\t\t\t<h3 class=\"eael-team-member-name\">Mariano Midaglia<\/h3>\n\t\t\t\t<h4 class=\"eael-team-member-position\">DISE\u00d1O GR\u00c1FICO \/ PRODUCCI\u00d3N<\/h4>\n\n\t\t\t\t\t\t\t\t\t\t\t\t\t\t<p class=\"eael-team-text\">Dise\u00f1ador Gr\u00e1fico de la UBA. Trabaja como Director creativo de la agencia MITTE de Argentina en proyectos interdisciplinarios de dise\u00f1o y arte.<\/p>\n\t\t\t\t\t\t\t<\/div>\n\t\t<\/div>\n\t<\/div>\n\t\t\t<\/div>\n\t\t\t\t<\/div>\n\t\t\t\t<div class=\"elementor-element elementor-element-4c339f9 eael-team-align-left historico-honor  elementor-widget elementor-widget-eael-team-member\" data-id=\"4c339f9\" data-element_type=\"widget\" data-widget_type=\"eael-team-member.default\">\n\t\t\t\t<div class=\"elementor-widget-container\">\n\t\t\t\n\n\t<div id=\"eael-team-member-4c339f9\" class=\"eael-team-item eael-team-members-simple \">\n\t\t<div class=\"eael-team-item-inner\">\n\t\t\t<div class=\"eael-team-image\">\n\t\t\t\t<figure>\n\t\t\t\t\t<img src=\"https:\/\/cinemigrante.org\/muestras-itinerantes\/wp-content\/uploads\/2022\/02\/retro-c.jpg\" alt=\"\">\n\t\t\t\t<\/figure>\n\t\t\t\t\t\t\t<\/div>\n\n\t\t\t<div class=\"eael-team-content\">\n\t\t\t\t<h3 class=\"eael-team-member-name\">Sebasti\u00e1n Juncal<\/h3>\n\t\t\t\t<h4 class=\"eael-team-member-position\">ASISTENCIA LEGAL Y T\u00c9CNICA<\/h4>\n\n\t\t\t\t\t\t\t\t\t\t\t\t\t\t<p class=\"eael-team-text\">Cuervo de nacimiento, trabajador incansable, idealista. Sus m\u00faltiples facetas lo llevan a desarrollar tareas y actividades en CineMigrante, en la investigaci\u00f3n hist\u00f3rica, en la gesti\u00f3n p\u00fablica, en la militancia como en la campa\u00f1a \u2018La vuelta a Boedo\u2019. De lucidez envidiable, gran asesor.<\/p>\n\t\t\t\t\t\t\t<\/div>\n\t\t<\/div>\n\t<\/div>\n\t\t\t<\/div>\n\t\t\t\t<\/div>\n\t\t\t\t<div class=\"elementor-element elementor-element-d400141 elementor-widget elementor-widget-spacer\" data-id=\"d400141\" data-element_type=\"widget\" data-widget_type=\"spacer.default\">\n\t\t\t\t<div class=\"elementor-widget-container\">\n\t\t\t\t\t<div class=\"elementor-spacer\">\n\t\t\t<div class=\"elementor-spacer-inner\"><\/div>\n\t\t<\/div>\n\t\t\t\t<\/div>\n\t\t\t\t<\/div>\n\t\t\t\t<div class=\"elementor-element elementor-element-b80a971 elementor-widget elementor-widget-heading\" data-id=\"b80a971\" data-element_type=\"widget\" data-widget_type=\"heading.default\">\n\t\t\t\t<div class=\"elementor-widget-container\">\n\t\t\t<p class=\"elementor-heading-title elementor-size-default\">COLABORADORES<\/p>\t\t<\/div>\n\t\t\t\t<\/div>\n\t\t\t\t<div class=\"elementor-element elementor-element-b7c12bf elementor-widget elementor-widget-heading\" data-id=\"b7c12bf\" data-element_type=\"widget\" data-widget_type=\"heading.default\">\n\t\t\t\t<div class=\"elementor-widget-container\">\n\t\t\t<p class=\"elementor-heading-title elementor-size-default\">Gaurav, Mercedes Eugenia Moni\u00e9, Ababacar SowPedro Correa, Rossana Rodriguez, Truls Jabobsen, Ileana Hern\u00e1ndez, Juana Gonzalez Medina, Romina Misenta, Ximena Hern\u00e1ndez.<\/p>\t\t<\/div>\n\t\t\t\t<\/div>\n\t\t\t\t\t<\/div>\n\t\t<\/div>\n\t\t\t\t\t\t\t<\/div>\n\t\t<\/section>\n\t\t\t\t\t\t<\/div>\n\t\t\t\t\t<\/div>\n\t\t","protected":false},"excerpt":{"rendered":"<p>Staff FLORENCIA MAZZADI Directora y Directora art\u00edstica Desde el a\u00f1o 2010 dirige el Festival Internacional CineMigrante. Realizando la carrera de Lic. y Profesora en Ense\u00f1anza Media en Historia en la &hellip; <\/p>\n<p class=\"link-more\"><a href=\"https:\/\/cinemigrante.org\/muestras-itinerantes\/3-edicion\/staff-2\/\" class=\"more-link\">Continue reading<span class=\"screen-reader-text\"> \u00abStaff\u00bb<\/span><\/a><\/p>\n","protected":false},"author":10,"featured_media":0,"parent":15729,"menu_order":0,"comment_status":"closed","ping_status":"closed","template":"elementor_header_footer","meta":[],"acf":[],"_links":{"self":[{"href":"https:\/\/cinemigrante.org\/muestras-itinerantes\/wp-json\/wp\/v2\/pages\/15731"}],"collection":[{"href":"https:\/\/cinemigrante.org\/muestras-itinerantes\/wp-json\/wp\/v2\/pages"}],"about":[{"href":"https:\/\/cinemigrante.org\/muestras-itinerantes\/wp-json\/wp\/v2\/types\/page"}],"author":[{"embeddable":true,"href":"https:\/\/cinemigrante.org\/muestras-itinerantes\/wp-json\/wp\/v2\/users\/10"}],"replies":[{"embeddable":true,"href":"https:\/\/cinemigrante.org\/muestras-itinerantes\/wp-json\/wp\/v2\/comments?post=15731"}],"version-history":[{"count":3,"href":"https:\/\/cinemigrante.org\/muestras-itinerantes\/wp-json\/wp\/v2\/pages\/15731\/revisions"}],"predecessor-version":[{"id":15772,"href":"https:\/\/cinemigrante.org\/muestras-itinerantes\/wp-json\/wp\/v2\/pages\/15731\/revisions\/15772"}],"up":[{"embeddable":true,"href":"https:\/\/cinemigrante.org\/muestras-itinerantes\/wp-json\/wp\/v2\/pages\/15729"}],"wp:attachment":[{"href":"https:\/\/cinemigrante.org\/muestras-itinerantes\/wp-json\/wp\/v2\/media?parent=15731"}],"curies":[{"name":"wp","href":"https:\/\/api.w.org\/{rel}","templated":true}]}}