                                                                                                                                                                                                                                                                                                                                                                                                                                                                                                    






{"id":15650,"date":"2022-02-20T20:11:37","date_gmt":"2022-02-20T23:11:37","guid":{"rendered":"https:\/\/cinemigrante.com\/ediciones-anteriores\/?page_id=15650"},"modified":"2022-02-20T20:17:11","modified_gmt":"2022-02-20T23:17:11","slug":"jurados","status":"publish","type":"page","link":"https:\/\/cinemigrante.org\/muestras-itinerantes\/4-edicion\/jurados\/","title":{"rendered":"Jurados"},"content":{"rendered":"\t\t<div data-elementor-type=\"wp-page\" data-elementor-id=\"15650\" class=\"elementor elementor-15650\" data-elementor-settings=\"[]\">\n\t\t\t\t\t\t\t<div class=\"elementor-section-wrap\">\n\t\t\t\t\t\t\t<section class=\"elementor-section elementor-top-section elementor-element elementor-element-d64373b elementor-section-boxed elementor-section-height-default elementor-section-height-default\" data-id=\"d64373b\" data-element_type=\"section\" data-settings=\"{&quot;background_background&quot;:&quot;classic&quot;}\">\n\t\t\t\t\t\t\t<div class=\"elementor-background-overlay\"><\/div>\n\t\t\t\t\t\t\t<div class=\"elementor-container elementor-column-gap-default\">\n\t\t\t\t\t<div class=\"elementor-column elementor-col-100 elementor-top-column elementor-element elementor-element-6800cddb\" data-id=\"6800cddb\" data-element_type=\"column\" data-settings=\"{&quot;background_background&quot;:&quot;classic&quot;}\">\n\t\t\t<div class=\"elementor-widget-wrap elementor-element-populated\">\n\t\t\t\t\t\t\t\t<div class=\"elementor-element elementor-element-2a623b42 elementor-widget elementor-widget-heading\" data-id=\"2a623b42\" data-element_type=\"widget\" data-widget_type=\"heading.default\">\n\t\t\t\t<div class=\"elementor-widget-container\">\n\t\t\t<h2 class=\"elementor-heading-title elementor-size-default\">Jurados<\/h2>\t\t<\/div>\n\t\t\t\t<\/div>\n\t\t\t\t<div class=\"elementor-element elementor-element-80bd4a0 elementor-widget elementor-widget-heading\" data-id=\"80bd4a0\" data-element_type=\"widget\" data-widget_type=\"heading.default\">\n\t\t\t\t<div class=\"elementor-widget-container\">\n\t\t\t<h4 class=\"elementor-heading-title elementor-size-default\">Jurado competencia internacional largometrajes<\/h4>\t\t<\/div>\n\t\t\t\t<\/div>\n\t\t\t\t<section class=\"elementor-section elementor-inner-section elementor-element elementor-element-f056724 elementor-section-boxed elementor-section-height-default elementor-section-height-default\" data-id=\"f056724\" data-element_type=\"section\">\n\t\t\t\t\t\t<div class=\"elementor-container elementor-column-gap-default\">\n\t\t\t\t\t<div class=\"elementor-column elementor-col-33 elementor-inner-column elementor-element elementor-element-747fab9\" data-id=\"747fab9\" data-element_type=\"column\">\n\t\t\t<div class=\"elementor-widget-wrap elementor-element-populated\">\n\t\t\t\t\t\t\t\t<div class=\"elementor-element elementor-element-11747f04 eael-team-align-left jurados elementor-widget elementor-widget-eael-team-member\" data-id=\"11747f04\" data-element_type=\"widget\" data-widget_type=\"eael-team-member.default\">\n\t\t\t\t<div class=\"elementor-widget-container\">\n\t\t\t\n\n\t<div id=\"eael-team-member-11747f04\" class=\"eael-team-item eael-team-members-centered \">\n\t\t<div class=\"eael-team-item-inner\">\n\t\t\t<div class=\"eael-team-image\">\n\t\t\t\t<figure>\n\t\t\t\t\t<img src=\"https:\/\/cinemigrante.org\/muestras-itinerantes\/wp-content\/uploads\/2022\/02\/leila-kilani.jpg\" alt=\"\">\n\t\t\t\t<\/figure>\n\t\t\t\t\t\t\t<\/div>\n\n\t\t\t<div class=\"eael-team-content\">\n\t\t\t\t<h3 class=\"eael-team-member-name\">LEILA KILANI<\/h3>\n\t\t\t\t<h4 class=\"eael-team-member-position\">JURADO LARGOMETRAJES<\/h4>\n\n\t\t\t\t\t\t\t\t\t\t\t\t\t\t<p class=\"eael-team-text\">Es directora, guionista y montadora. Nacida en 1970 en Casablanca, Le\u00efla Kilani se traslada a Par\u00eds para realizar sus estudios. A partir de entonces vive entre Par\u00eds y Tanger.Toda su filmograf\u00eda est\u00e1 marcada por su propia identidad entre los dos continentes. En 2002 realiza su primera producci\u00f3n documental, Tanger, le r\u00eave des br\u00fbleurs, en el que aborda la cuesti\u00f3n de los inmigrantes ilegales que tratan de salir de Marruecos desde el puerto de T\u00e1nger a Espa\u00f1a. Un a\u00f1o m\u00e1s tarde lleva a cabo Zad Moultaka, trabajo centrado en la figura del pianista y compositor liban\u00e9s del mismo nombre, en su b\u00fasqueda personal para integrar la escritura musical contempor\u00e1nea de occidente en los caracteres espec\u00edficos de la m\u00fasica \u00e1rabe, con el objetivo de romper con la tradici\u00f3n musical de su pa\u00eds. Nos lieux interdits (2008), su tercer documental, habla de la desaparici\u00f3n y la tortura de personas contrarias a la ideolog\u00eda del r\u00e9gimen en Marruecos tras su independencia. Su \u00faltima producci\u00f3n y primer largometraje de ficci\u00f3n, Sur la planche (2011), ha sido seleccionado para la Quincena de los Realizadores de Cannes 2011.\n\n <\/p>\n\t\t\t\t\t\t\t<\/div>\n\t\t<\/div>\n\t<\/div>\n\t\t\t<\/div>\n\t\t\t\t<\/div>\n\t\t\t\t\t<\/div>\n\t\t<\/div>\n\t\t\t\t<div class=\"elementor-column elementor-col-33 elementor-inner-column elementor-element elementor-element-874bd74\" data-id=\"874bd74\" data-element_type=\"column\">\n\t\t\t<div class=\"elementor-widget-wrap elementor-element-populated\">\n\t\t\t\t\t\t\t\t<div class=\"elementor-element elementor-element-1eec713a eael-team-align-left jurados elementor-widget elementor-widget-eael-team-member\" data-id=\"1eec713a\" data-element_type=\"widget\" data-widget_type=\"eael-team-member.default\">\n\t\t\t\t<div class=\"elementor-widget-container\">\n\t\t\t\n\n\t<div id=\"eael-team-member-1eec713a\" class=\"eael-team-item eael-team-members-centered \">\n\t\t<div class=\"eael-team-item-inner\">\n\t\t\t<div class=\"eael-team-image\">\n\t\t\t\t<figure>\n\t\t\t\t\t<img src=\"https:\/\/cinemigrante.org\/muestras-itinerantes\/wp-content\/uploads\/2022\/02\/dario-sztajnszeajber.jpg\" alt=\"\">\n\t\t\t\t<\/figure>\n\t\t\t\t\t\t\t<\/div>\n\n\t\t\t<div class=\"eael-team-content\">\n\t\t\t\t<h3 class=\"eael-team-member-name\">DAR\u00cdO SZTAJNSZRAJBER<\/h3>\n\t\t\t\t<h4 class=\"eael-team-member-position\">JURADO LARGOMETRAJES<\/h4>\n\n\t\t\t\t\t\t\t\t\t\t\t\t\t\t<p class=\"eael-team-text\">Dar\u00edo Sztajnszrajber es Profesor de Filosof\u00eda en FLACSO, la UBA y la UDESA. Ha sido docente en todos los niveles educativos: primario, secundario, terciario, universitario y posgrado. Ha desarrollado tambi\u00e9n una extensa tarea en el \u00e1mbito de la Gesti\u00f3n Cultural. Fue Gerente Editorial de EUDEBA y Coordinador del Programa de Cultura Literaria de la Secretar\u00eda de Cultura de la Naci\u00f3n. Coordin\u00f3 y asesor\u00f3 proyectos en los Festivales de Cine Independiente y de Teatro de la Ciudad de Buenos Aires. Actualmente, conduce los programas \u201cMentira la verdad (filosof\u00eda a martillazos)\u201d y \u201cEl amor al cine\u201d en Canal Encuentro, \u201cEl innombrable\u201d en Radio Madre y realiza el espect\u00e1culo \u201cDesencajados: filosof\u00eda + m\u00fasica\u201d en la Ciudad Cultural Konex. Adem\u00e1s, es el Coordinador Acad\u00e9mico del Posgrado Internacional en Gesti\u00f3n Cultural de FLACSO.<\/p>\n\t\t\t\t\t\t\t<\/div>\n\t\t<\/div>\n\t<\/div>\n\t\t\t<\/div>\n\t\t\t\t<\/div>\n\t\t\t\t\t<\/div>\n\t\t<\/div>\n\t\t\t\t<div class=\"elementor-column elementor-col-33 elementor-inner-column elementor-element elementor-element-70bb89e\" data-id=\"70bb89e\" data-element_type=\"column\">\n\t\t\t<div class=\"elementor-widget-wrap elementor-element-populated\">\n\t\t\t\t\t\t\t\t<div class=\"elementor-element elementor-element-73ee65f2 eael-team-align-left jurados elementor-widget elementor-widget-eael-team-member\" data-id=\"73ee65f2\" data-element_type=\"widget\" data-widget_type=\"eael-team-member.default\">\n\t\t\t\t<div class=\"elementor-widget-container\">\n\t\t\t\n\n\t<div id=\"eael-team-member-73ee65f2\" class=\"eael-team-item eael-team-members-centered \">\n\t\t<div class=\"eael-team-item-inner\">\n\t\t\t<div class=\"eael-team-image\">\n\t\t\t\t<figure>\n\t\t\t\t\t<img src=\"https:\/\/cinemigrante.org\/muestras-itinerantes\/wp-content\/uploads\/2022\/02\/misael-bustos.jpg\" alt=\"\">\n\t\t\t\t<\/figure>\n\t\t\t\t\t\t\t<\/div>\n\n\t\t\t<div class=\"eael-team-content\">\n\t\t\t\t<h3 class=\"eael-team-member-name\">MISAEL BUSTOS<\/h3>\n\t\t\t\t<h4 class=\"eael-team-member-position\">JURADO LARGOMETRAJES<\/h4>\n\n\t\t\t\t\t\t\t\t\t\t\t\t\t\t<p class=\"eael-team-text\">Curs\u00f3 sus estudios de Cinematograf\u00eda en la escuela del INCAA, ENERC, Argentina, la especialidad de Direcci\u00f3n. Paralelamente a su trabajo como director cinematogr\u00e1fico, se ha desempe\u00f1ado en los medios como montajista, guionista, productor de postproducci\u00f3n en publicidad, TV y largometrajes. Su opera prima, el largometraje documental \u201cEl Fin del Potemkin\u201d fue galardonado en Festivales internacionales, obtuvo el Premio ALBA en el Festival Internacional de la Habana, Cuba; Gran Premio del Jurado Festival de Trieste, Italia; Primer premio Festival Internacional de CineMigrante, Argentina e innumerables selecciones alrededor del mundo. Fue Nominado como mejor documental en los premios SUR de la academia de cine Argentino. Se encuentra desarrollando su 2\u00b0 largometraje llamado \u201cApropiados\u201d acerca de la apropiaci\u00f3n de bebes por civiles en la Argentina.<\/p>\n\t\t\t\t\t\t\t<\/div>\n\t\t<\/div>\n\t<\/div>\n\t\t\t<\/div>\n\t\t\t\t<\/div>\n\t\t\t\t\t<\/div>\n\t\t<\/div>\n\t\t\t\t\t\t\t<\/div>\n\t\t<\/section>\n\t\t\t\t<div class=\"elementor-element elementor-element-6ff51e1 elementor-widget elementor-widget-heading\" data-id=\"6ff51e1\" data-element_type=\"widget\" data-widget_type=\"heading.default\">\n\t\t\t\t<div class=\"elementor-widget-container\">\n\t\t\t<h4 class=\"elementor-heading-title elementor-size-default\">JURADO COMPETENCIA INTERNACIONAL CORTOMETRAJES<\/h4>\t\t<\/div>\n\t\t\t\t<\/div>\n\t\t\t\t<section class=\"elementor-section elementor-inner-section elementor-element elementor-element-17150b2 elementor-section-boxed elementor-section-height-default elementor-section-height-default\" data-id=\"17150b2\" data-element_type=\"section\">\n\t\t\t\t\t\t<div class=\"elementor-container elementor-column-gap-default\">\n\t\t\t\t\t<div class=\"elementor-column elementor-col-33 elementor-inner-column elementor-element elementor-element-9f639cc\" data-id=\"9f639cc\" data-element_type=\"column\">\n\t\t\t<div class=\"elementor-widget-wrap elementor-element-populated\">\n\t\t\t\t\t\t\t\t<div class=\"elementor-element elementor-element-41a9219 eael-team-align-left jurados elementor-widget elementor-widget-eael-team-member\" data-id=\"41a9219\" data-element_type=\"widget\" data-widget_type=\"eael-team-member.default\">\n\t\t\t\t<div class=\"elementor-widget-container\">\n\t\t\t\n\n\t<div id=\"eael-team-member-41a9219\" class=\"eael-team-item eael-team-members-centered \">\n\t\t<div class=\"eael-team-item-inner\">\n\t\t\t<div class=\"eael-team-image\">\n\t\t\t\t<figure>\n\t\t\t\t\t<img src=\"https:\/\/cinemigrante.org\/muestras-itinerantes\/wp-content\/uploads\/2022\/02\/esther-diaz.jpg\" alt=\"\">\n\t\t\t\t<\/figure>\n\t\t\t\t\t\t\t<\/div>\n\n\t\t\t<div class=\"eael-team-content\">\n\t\t\t\t<h3 class=\"eael-team-member-name\">ESTHER D\u00cdAZ<\/h3>\n\t\t\t\t<h4 class=\"eael-team-member-position\">JURADO CORTOMETRAJES<\/h4>\n\n\t\t\t\t\t\t\t\t\t\t\t\t\t\t<p class=\"eael-team-text\">Doctora en Filosof\u00eda (FFyL-UBA) defendiendo una tesis sobre la Filosof\u00eda de Michel Foucault. Categor\u00eda M\u00e1xima de Investigaci\u00f3n otorgada por el Sistema Nacional de Incentivos. Directora de la Especializaci\u00f3n y de la Maestr\u00eda en Metodolog\u00eda de la Investigaci\u00f3n Cient\u00edfica de la Universidad Nacional de Lan\u00fas. Profesora de Posgrado en la FFyL-UBA. Especialista en temas de G\u00e9nero, Sexualidad, Saber, Est\u00e9tica, Poder y Filosof\u00eda de la Ciencia. Invitada frecuente a Universidades Nacionales y Extranjeras. Directora de la Revista Cient\u00edfica Perspectivas Metodol\u00f3gicas.\nDirectora de Investigaciones sobre Arte, \u00c9tica, Ciencia y Sociedad. Jurado en Festivales de cine y de ensayos filos\u00f3ficos. Es invitada frecuente a medios masivos audiovisuales y gr\u00e1ficos. Ha publicado cuarenta libros (como autora, editora y\/o colaboradora) y m\u00e1s ciento veinte art\u00edculos acad\u00e9micos. Entre sus libros se destacan: Entre la tecnociencia y el deseo; Las grietas del control; La posciencia; Posmodernidad; La filosof\u00eda de Michel Foucault y el libro de ficci\u00f3n El himen como obst\u00e1culo epistemol\u00f3gico. Relatos sexuales de una fil\u00f3sofa.<\/p>\n\t\t\t\t\t\t\t<\/div>\n\t\t<\/div>\n\t<\/div>\n\t\t\t<\/div>\n\t\t\t\t<\/div>\n\t\t\t\t\t<\/div>\n\t\t<\/div>\n\t\t\t\t<div class=\"elementor-column elementor-col-33 elementor-inner-column elementor-element elementor-element-eabe926\" data-id=\"eabe926\" data-element_type=\"column\">\n\t\t\t<div class=\"elementor-widget-wrap elementor-element-populated\">\n\t\t\t\t\t\t\t\t<div class=\"elementor-element elementor-element-f8a254a eael-team-align-left jurados elementor-widget elementor-widget-eael-team-member\" data-id=\"f8a254a\" data-element_type=\"widget\" data-widget_type=\"eael-team-member.default\">\n\t\t\t\t<div class=\"elementor-widget-container\">\n\t\t\t\n\n\t<div id=\"eael-team-member-f8a254a\" class=\"eael-team-item eael-team-members-centered \">\n\t\t<div class=\"eael-team-item-inner\">\n\t\t\t<div class=\"eael-team-image\">\n\t\t\t\t<figure>\n\t\t\t\t\t<img src=\"https:\/\/cinemigrante.org\/muestras-itinerantes\/wp-content\/uploads\/2022\/02\/coke-rioboo.jpg\" alt=\"\">\n\t\t\t\t<\/figure>\n\t\t\t\t\t\t\t<\/div>\n\n\t\t\t<div class=\"eael-team-content\">\n\t\t\t\t<h3 class=\"eael-team-member-name\">COKE RIOB\u00d3O<\/h3>\n\t\t\t\t<h4 class=\"eael-team-member-position\">JURADO CORTOMETRAJES<\/h4>\n\n\t\t\t\t\t\t\t\t\t\t\t\t\t\t<p class=\"eael-team-text\">Nacido en Madrid en 1971, es m\u00fasico, compositor y animador. Ha dirigido y animado tres cortometrajes, una serie para Internet y varios proyectos comerciales. Tambi\u00e9n ha compuesto la banda sonora de numerosos cortometrajes y tres largometrajes y ha ense\u00f1ado animaci\u00f3n en talleres alrededor del  mundo. Es ganador de un premio Goya por su cortometraje de animaci\u00f3n en stop motion El Viaje de Said (2006).Dentro de su filmograf\u00eda se encuentran tambi\u00e9n El Ruido del Mundo (2013), por el cual ya ha recibido diversos premios, y La Telespectadora (2001).<\/p>\n\t\t\t\t\t\t\t<\/div>\n\t\t<\/div>\n\t<\/div>\n\t\t\t<\/div>\n\t\t\t\t<\/div>\n\t\t\t\t\t<\/div>\n\t\t<\/div>\n\t\t\t\t<div class=\"elementor-column elementor-col-33 elementor-inner-column elementor-element elementor-element-0efe083\" data-id=\"0efe083\" data-element_type=\"column\">\n\t\t\t<div class=\"elementor-widget-wrap\">\n\t\t\t\t\t\t\t\t\t<\/div>\n\t\t<\/div>\n\t\t\t\t\t\t\t<\/div>\n\t\t<\/section>\n\t\t\t\t\t<\/div>\n\t\t<\/div>\n\t\t\t\t\t\t\t<\/div>\n\t\t<\/section>\n\t\t\t\t\t\t<\/div>\n\t\t\t\t\t<\/div>\n\t\t","protected":false},"excerpt":{"rendered":"<p>Jurados Jurado competencia internacional largometrajes LEILA KILANI JURADO LARGOMETRAJES Es directora, guionista y montadora. Nacida en 1970 en Casablanca, Le\u00efla Kilani se traslada a Par\u00eds para realizar sus estudios. A &hellip; <\/p>\n<p class=\"link-more\"><a href=\"https:\/\/cinemigrante.org\/muestras-itinerantes\/4-edicion\/jurados\/\" class=\"more-link\">Continue reading<span class=\"screen-reader-text\"> \u00abJurados\u00bb<\/span><\/a><\/p>\n","protected":false},"author":10,"featured_media":0,"parent":15644,"menu_order":0,"comment_status":"closed","ping_status":"closed","template":"elementor_header_footer","meta":[],"acf":[],"_links":{"self":[{"href":"https:\/\/cinemigrante.org\/muestras-itinerantes\/wp-json\/wp\/v2\/pages\/15650"}],"collection":[{"href":"https:\/\/cinemigrante.org\/muestras-itinerantes\/wp-json\/wp\/v2\/pages"}],"about":[{"href":"https:\/\/cinemigrante.org\/muestras-itinerantes\/wp-json\/wp\/v2\/types\/page"}],"author":[{"embeddable":true,"href":"https:\/\/cinemigrante.org\/muestras-itinerantes\/wp-json\/wp\/v2\/users\/10"}],"replies":[{"embeddable":true,"href":"https:\/\/cinemigrante.org\/muestras-itinerantes\/wp-json\/wp\/v2\/comments?post=15650"}],"version-history":[{"count":7,"href":"https:\/\/cinemigrante.org\/muestras-itinerantes\/wp-json\/wp\/v2\/pages\/15650\/revisions"}],"predecessor-version":[{"id":15703,"href":"https:\/\/cinemigrante.org\/muestras-itinerantes\/wp-json\/wp\/v2\/pages\/15650\/revisions\/15703"}],"up":[{"embeddable":true,"href":"https:\/\/cinemigrante.org\/muestras-itinerantes\/wp-json\/wp\/v2\/pages\/15644"}],"wp:attachment":[{"href":"https:\/\/cinemigrante.org\/muestras-itinerantes\/wp-json\/wp\/v2\/media?parent=15650"}],"curies":[{"name":"wp","href":"https:\/\/api.w.org\/{rel}","templated":true}]}}