                                                                                                                                                                                                                                                                                                                                                                                                                                                                                                    






{"id":15452,"date":"2022-02-20T10:25:13","date_gmt":"2022-02-20T13:25:13","guid":{"rendered":"https:\/\/cinemigrante.com\/ediciones-anteriores\/?page_id=15452"},"modified":"2022-02-20T10:45:58","modified_gmt":"2022-02-20T13:45:58","slug":"invitades","status":"publish","type":"page","link":"https:\/\/cinemigrante.org\/muestras-itinerantes\/barcelona\/2-edicion\/invitades\/","title":{"rendered":"Invitades"},"content":{"rendered":"\t\t<div data-elementor-type=\"wp-page\" data-elementor-id=\"15452\" class=\"elementor elementor-15452\" data-elementor-settings=\"[]\">\n\t\t\t\t\t\t\t<div class=\"elementor-section-wrap\">\n\t\t\t\t\t\t\t<section class=\"elementor-section elementor-top-section elementor-element elementor-element-649c9920 elementor-section-boxed elementor-section-height-default elementor-section-height-default\" data-id=\"649c9920\" data-element_type=\"section\" data-settings=\"{&quot;background_background&quot;:&quot;classic&quot;}\">\n\t\t\t\t\t\t\t<div class=\"elementor-background-overlay\"><\/div>\n\t\t\t\t\t\t\t<div class=\"elementor-container elementor-column-gap-default\">\n\t\t\t\t\t<div class=\"elementor-column elementor-col-100 elementor-top-column elementor-element elementor-element-177ddfb2\" data-id=\"177ddfb2\" data-element_type=\"column\" data-settings=\"{&quot;background_background&quot;:&quot;classic&quot;}\">\n\t\t\t<div class=\"elementor-widget-wrap elementor-element-populated\">\n\t\t\t\t\t\t\t\t<div class=\"elementor-element elementor-element-31ab53c0 elementor-widget elementor-widget-heading\" data-id=\"31ab53c0\" data-element_type=\"widget\" data-widget_type=\"heading.default\">\n\t\t\t\t<div class=\"elementor-widget-container\">\n\t\t\t<h2 class=\"elementor-heading-title elementor-size-default\">Invitades internacionales<\/h2>\t\t<\/div>\n\t\t\t\t<\/div>\n\t\t\t\t<div class=\"elementor-element elementor-element-fb8f4d2 eael-team-align-left historico-honor  elementor-widget elementor-widget-eael-team-member\" data-id=\"fb8f4d2\" data-element_type=\"widget\" data-widget_type=\"eael-team-member.default\">\n\t\t\t\t<div class=\"elementor-widget-container\">\n\t\t\t\n\n\t<div id=\"eael-team-member-fb8f4d2\" class=\"eael-team-item eael-team-members-simple \">\n\t\t<div class=\"eael-team-item-inner\">\n\t\t\t<div class=\"eael-team-image\">\n\t\t\t\t<figure>\n\t\t\t\t\t<img src=\"https:\/\/cinemigrante.org\/muestras-itinerantes\/wp-content\/uploads\/2022\/02\/ahmad-natche.jpg\" alt=\"\">\n\t\t\t\t<\/figure>\n\t\t\t\t\t\t\t<\/div>\n\n\t\t\t<div class=\"eael-team-content\">\n\t\t\t\t<h3 class=\"eael-team-member-name\">AHMAD NATCHE<\/h3>\n\t\t\t\t<h4 class=\"eael-team-member-position\"> <\/h4>\n\n\t\t\t\t\t\t\t\t\t\t\t\t\t\t<p class=\"eael-team-text\">Nacido en Sevilla (1974) de origen palestino. Se licenci\u00f3 en Comunicaci\u00f3n Audiovisual en la Universidad de Sevilla y posteriormente se especializ\u00f3 en Montaje cinematogr\u00e1fico en la Escuela Internacional de Cine y TV de San Antonio de los Ba\u00f1os (EICTV, Cuba) entre 1999 y 2001. Tambi\u00e9n realiz\u00f3 estudios de Direcci\u00f3n con Arturo Ripstein (Huelva, 1996), Fernando P\u00e9rez (San Antonio de los Ba\u00f1os, Cuba, 2000) y V\u00edctor Erice (Alicante, 2004).\n\nEn Cuba dirigi\u00f3 El extranjero (2000) \u2013 Mejor Cortometraje de Ficci\u00f3n en los Premios FAD Audiovisual de Barcelona seg\u00fan un jurado presidido por Joaqu\u00edn Jord\u00e1. Ha trabajado como montador y realizador en Espa\u00f1a, Latinoam\u00e9rica y Palestina. Asisti\u00f3 a Nelson Rodr\u00edguez, decano del cine cubano, en el montaje de Mach\u00edn, toda una vida (Nuria Villazan, 2002). Recibi\u00f3 el Premio \u00cdcaro al Mejor Montaje por Querido Camilo (Julio Molina y Daniel Ross, 2007), tambi\u00e9n premiada como mejor pel\u00edcula documental centroamericana de 2007.\n\nHa publicado escritos sobre cine en las revistas impresas y online Cine Cubano, Miradas de cine, Letras de cine, Revista Lumi\u00e8re, Con los ojos abiertos, Revista de Libros, El Estado Mental, entre otras. Tambi\u00e9n ha organizado muestras de cine \u00e1rabe en Espa\u00f1a y Argentina. Fue invitado como jurado al Almac\u00e9n de la Imagen de Camag\u00fcey (Cuba, 2001), Ibn Arabi Film Festival (IBAFF, Espa\u00f1a, 2013) y Filmadrid (Espa\u00f1a, 2015).<\/p>\n\t\t\t\t\t\t\t<\/div>\n\t\t<\/div>\n\t<\/div>\n\t\t\t<\/div>\n\t\t\t\t<\/div>\n\t\t\t\t<div class=\"elementor-element elementor-element-34c0a9be eael-team-align-left historico-honor  elementor-widget elementor-widget-eael-team-member\" data-id=\"34c0a9be\" data-element_type=\"widget\" data-widget_type=\"eael-team-member.default\">\n\t\t\t\t<div class=\"elementor-widget-container\">\n\t\t\t\n\n\t<div id=\"eael-team-member-34c0a9be\" class=\"eael-team-item eael-team-members-simple \">\n\t\t<div class=\"eael-team-item-inner\">\n\t\t\t<div class=\"eael-team-image\">\n\t\t\t\t<figure>\n\t\t\t\t\t<img src=\"https:\/\/cinemigrante.org\/muestras-itinerantes\/wp-content\/uploads\/2022\/02\/roger-koza.jpg\" alt=\"\">\n\t\t\t\t<\/figure>\n\t\t\t\t\t\t\t<\/div>\n\n\t\t\t<div class=\"eael-team-content\">\n\t\t\t\t<h3 class=\"eael-team-member-name\"> ROGER KOZA<\/h3>\n\t\t\t\t<h4 class=\"eael-team-member-position\"> <\/h4>\n\n\t\t\t\t\t\t\t\t\t\t\t\t\t\t<p class=\"eael-team-text\">Cr\u00edtico de cine en el diario La voz del interior de la provincia de C\u00f3rdoba. Columnista de las revistas \u00d1 y Quid. Conductor del programa de televisi\u00f3n El cinemat\u00f3grafo (Canal 10 de la Universidad Nacional de C\u00f3rdoba).\n\nProgramador de la secci\u00f3n Vitrina del Festival Internacional de Cine de Hamburgo, Alemania. Programador de FICUNAM, Festival Internacional de Cine de la Universidad Aut\u00f3noma de M\u00e9xico. Director art\u00edstico del Festival Internacional de Cine de Cosqu\u00edn (C\u00f3rdoba). Programador invitado en Festival Internacional de Cine de Viena (Viennale), Austria.\n\nDirector de la colecci\u00f3n Libros de cine de la Editorial Los R\u00edos (C\u00f3rdoba). Autor del libro Con los ojos abiertos: cr\u00edtica de cine de algunas pel\u00edculas recientes.\n\nProgramador invitado en Festival Internacional de cine de Rotterdam, Holanda, 2015. Director del Festival Nacional R\u00edo Negro Proyecta, Argentina (2009-2011).\n\nProgramador invitado en el South Cinema Festival, organizado por el Sapir College en Sderot, Israel, a cargo de la secci\u00f3n de cine mexicano (2009).\n\nHa sido jurado en los festivales de Cine Independiente de Buenos Aires, 2016; de Locarno, 2015; de Cartagena, 2015; de Rotterdam, 2015; de Belo Horizonte, 2014; de Curitiba, Brasil, 2014; BAFICI, 2011; de Valdivia: 2010-2011-2013: de Santiago de Chile, 2011; de Mar del Plata, 2008; de Guadalajara, 2007.<\/p>\n\t\t\t\t\t\t\t<\/div>\n\t\t<\/div>\n\t<\/div>\n\t\t\t<\/div>\n\t\t\t\t<\/div>\n\t\t\t\t<div class=\"elementor-element elementor-element-7f21d1ef eael-team-align-left historico-honor  elementor-widget elementor-widget-eael-team-member\" data-id=\"7f21d1ef\" data-element_type=\"widget\" data-widget_type=\"eael-team-member.default\">\n\t\t\t\t<div class=\"elementor-widget-container\">\n\t\t\t\n\n\t<div id=\"eael-team-member-7f21d1ef\" class=\"eael-team-item eael-team-members-simple \">\n\t\t<div class=\"eael-team-item-inner\">\n\t\t\t<div class=\"eael-team-image\">\n\t\t\t\t<figure>\n\t\t\t\t\t<img src=\"https:\/\/cinemigrante.org\/muestras-itinerantes\/wp-content\/uploads\/2022\/02\/stinkfish.jpg\" alt=\"\">\n\t\t\t\t<\/figure>\n\t\t\t\t\t\t\t<\/div>\n\n\t\t\t<div class=\"eael-team-content\">\n\t\t\t\t<h3 class=\"eael-team-member-name\">STINKFISH<\/h3>\n\t\t\t\t<h4 class=\"eael-team-member-position\"> <\/h4>\n\n\t\t\t\t\t\t\t\t\t\t\t\t\t\t<p class=\"eael-team-text\">Stinkfish \u2013cuyo nombre verdadero, edad y hasta rostro suele ocultar\u2013 naci\u00f3 en M\u00e9xico, pero desde muy peque\u00f1o migr\u00f3 a Bogot\u00e1, Colombia, donde en 2003 comenz\u00f3 a pintar. Con algunos de sus amigos de aquella \u00e9poca form\u00f3 el colectivo Excused Printsystem. A\u00f1os despu\u00e9s fund\u00f3 el crew APC ( Animal Power Culture) con el artista Aeon (Lorenzo Masnah), al que se han unido decenas de creadores no s\u00f3lo de Colombia, tambi\u00e9n de M\u00e9xico, Estados Unidos, Venezuela y otros pa\u00edses de Latinoam\u00e9rica, adem\u00e1s de Brasil y de algunos pa\u00edses de Europa como Espa\u00f1a u Holanda. Su divisa es la total libertad de creaci\u00f3n.\nDe la obra de Stinkfish se ha dicho que llega a \u201ccortar el aliento\u201d (The Street Art Curator, 21 de septiembre de 2013). Su estilo multicolor es inconfundible. Su m\u00e9todo tambi\u00e9n: Stinkfish transforma en obra las im\u00e1genes fotogr\u00e1ficas que \u00e9l captura por donde va. Una vez que elige el personaje o los personajes, elabora est\u00e9nciles de medio y gran tama\u00f1o que utiliza en una sola ocasi\u00f3n. El resultado lo combina con efectos coloridos, psicod\u00e9licos.\nResaltan sus retratos de ni\u00f1os. Stinkfish explica a Muro: \u201cLa mayor parte de la gente con la que me relaciono art\u00edsticamente son ni\u00f1os. Con ellos encuentro una conexi\u00f3n m\u00e1s directa. Cuando estoy en la calle estoy m\u00e1s pendiente de los ni\u00f1os, quienes tienen una actitud muy libre. Son m\u00e1s espont\u00e1neos est\u00e9n donde est\u00e9n: en el m\u00e9dico, el colegio, la iglesia, la calle\u2026\u201d.<\/p>\n\t\t\t\t\t\t\t<\/div>\n\t\t<\/div>\n\t<\/div>\n\t\t\t<\/div>\n\t\t\t\t<\/div>\n\t\t\t\t<div class=\"elementor-element elementor-element-439647ea eael-team-align-left historico-honor  elementor-widget elementor-widget-eael-team-member\" data-id=\"439647ea\" data-element_type=\"widget\" data-widget_type=\"eael-team-member.default\">\n\t\t\t\t<div class=\"elementor-widget-container\">\n\t\t\t\n\n\t<div id=\"eael-team-member-439647ea\" class=\"eael-team-item eael-team-members-simple \">\n\t\t<div class=\"eael-team-item-inner\">\n\t\t\t<div class=\"eael-team-image\">\n\t\t\t\t<figure>\n\t\t\t\t\t<img src=\"https:\/\/cinemigrante.org\/muestras-itinerantes\/wp-content\/uploads\/2022\/02\/MAZATL.jpg\" alt=\"\">\n\t\t\t\t<\/figure>\n\t\t\t\t\t\t\t<\/div>\n\n\t\t\t<div class=\"eael-team-content\">\n\t\t\t\t<h3 class=\"eael-team-member-name\">MAZATL<\/h3>\n\t\t\t\t<h4 class=\"eael-team-member-position\"> <\/h4>\n\n\t\t\t\t\t\t\t\t\t\t\t\t\t\t<p class=\"eael-team-text\">Mazatl is a graphic maker who uses the public space as his main way to communicate ideas and emotions seeking to create conversations towards collective liberation. Mazatl\u2019s work is characterized by interventions of large scale woodcuts in the public areas, as well as graphic murals. He dedicates a large part of his work towards collaborating with groups, collectives, other artists and movements that seek social, political and environmental justice in our communities. He is a member of Justseeds Artists\u2019 Cooperative and APC (Animal Power Crew).<\/p>\n\t\t\t\t\t\t\t<\/div>\n\t\t<\/div>\n\t<\/div>\n\t\t\t<\/div>\n\t\t\t\t<\/div>\n\t\t\t\t<div class=\"elementor-element elementor-element-2bb31f6e eael-team-align-left historico-honor  elementor-widget elementor-widget-eael-team-member\" data-id=\"2bb31f6e\" data-element_type=\"widget\" data-widget_type=\"eael-team-member.default\">\n\t\t\t\t<div class=\"elementor-widget-container\">\n\t\t\t\n\n\t<div id=\"eael-team-member-2bb31f6e\" class=\"eael-team-item eael-team-members-simple \">\n\t\t<div class=\"eael-team-item-inner\">\n\t\t\t<div class=\"eael-team-image\">\n\t\t\t\t<figure>\n\t\t\t\t\t<img src=\"https:\/\/cinemigrante.org\/muestras-itinerantes\/wp-content\/uploads\/2022\/02\/juan-martin-hsu.jpg\" alt=\"\">\n\t\t\t\t<\/figure>\n\t\t\t\t\t\t\t<\/div>\n\n\t\t\t<div class=\"eael-team-content\">\n\t\t\t\t<h3 class=\"eael-team-member-name\">JUAN MART\u00cdN HSU<\/h3>\n\t\t\t\t<h4 class=\"eael-team-member-position\"> <\/h4>\n\n\t\t\t\t\t\t\t\t\t\t\t\t\t\t<p class=\"eael-team-text\">Naci\u00f3 en la ciudad de Buenos Aires y estudi\u00f3 la carrera de Dise\u00f1o de Imagen y Sonido en la UBA. \u201cLa Salada\u201d (2015) es su primer largometraje, con el cual gan\u00f3 el premio 2013 Cine en Construcci\u00f3n del Festival de San Sebasti\u00e1n y particip\u00f3 en varios festivales como el 39 Toronto Film Festival, 16\u00b0 BAFICI y 26\u00b0 Festival de Biarritz. Su siguiente trabajo fue Diamante Mandar\u00edn 2015, cortometraje de la pel\u00edcula Historias breves X, premiado en varios festivales internacionales. En ambas pel\u00edculas trabaja sobre el tema migrante en Argentina. Actualmente est\u00e1 escribiendo su segunda pel\u00edcula llamada \u201cLos Extra\u00f1os\u201d y el documental \u201cLa Luna Representa Mi Coraz\u00f3n\u201d.<\/p>\n\t\t\t\t\t\t\t<\/div>\n\t\t<\/div>\n\t<\/div>\n\t\t\t<\/div>\n\t\t\t\t<\/div>\n\t\t\t\t<div class=\"elementor-element elementor-element-4f35a83b eael-team-align-left historico-honor  elementor-widget elementor-widget-eael-team-member\" data-id=\"4f35a83b\" data-element_type=\"widget\" data-widget_type=\"eael-team-member.default\">\n\t\t\t\t<div class=\"elementor-widget-container\">\n\t\t\t\n\n\t<div id=\"eael-team-member-4f35a83b\" class=\"eael-team-item eael-team-members-simple \">\n\t\t<div class=\"eael-team-item-inner\">\n\t\t\t<div class=\"eael-team-image\">\n\t\t\t\t<figure>\n\t\t\t\t\t<img src=\"https:\/\/cinemigrante.org\/muestras-itinerantes\/wp-content\/uploads\/2022\/02\/maria-laura-pintor.jpg\" alt=\"\">\n\t\t\t\t<\/figure>\n\t\t\t\t\t\t\t<\/div>\n\n\t\t\t<div class=\"eael-team-content\">\n\t\t\t\t<h3 class=\"eael-team-member-name\">MAR\u00cdA LAURA PINTOR<\/h3>\n\t\t\t\t<h4 class=\"eael-team-member-position\"> <\/h4>\n\n\t\t\t\t\t\t\t\t\t\t\t\t\t\t<p class=\"eael-team-text\"> <\/p>\n\t\t\t\t\t\t\t<\/div>\n\t\t<\/div>\n\t<\/div>\n\t\t\t<\/div>\n\t\t\t\t<\/div>\n\t\t\t\t\t<\/div>\n\t\t<\/div>\n\t\t\t\t\t\t\t<\/div>\n\t\t<\/section>\n\t\t\t\t\t\t<\/div>\n\t\t\t\t\t<\/div>\n\t\t","protected":false},"excerpt":{"rendered":"<p>Invitades internacionales AHMAD NATCHE Nacido en Sevilla (1974) de origen palestino. Se licenci\u00f3 en Comunicaci\u00f3n Audiovisual en la Universidad de Sevilla y posteriormente se especializ\u00f3 en Montaje cinematogr\u00e1fico en la &hellip; <\/p>\n<p class=\"link-more\"><a href=\"https:\/\/cinemigrante.org\/muestras-itinerantes\/barcelona\/2-edicion\/invitades\/\" class=\"more-link\">Continue reading<span class=\"screen-reader-text\"> \u00abInvitades\u00bb<\/span><\/a><\/p>\n","protected":false},"author":10,"featured_media":0,"parent":15443,"menu_order":0,"comment_status":"closed","ping_status":"closed","template":"elementor_header_footer","meta":[],"acf":[],"_links":{"self":[{"href":"https:\/\/cinemigrante.org\/muestras-itinerantes\/wp-json\/wp\/v2\/pages\/15452"}],"collection":[{"href":"https:\/\/cinemigrante.org\/muestras-itinerantes\/wp-json\/wp\/v2\/pages"}],"about":[{"href":"https:\/\/cinemigrante.org\/muestras-itinerantes\/wp-json\/wp\/v2\/types\/page"}],"author":[{"embeddable":true,"href":"https:\/\/cinemigrante.org\/muestras-itinerantes\/wp-json\/wp\/v2\/users\/10"}],"replies":[{"embeddable":true,"href":"https:\/\/cinemigrante.org\/muestras-itinerantes\/wp-json\/wp\/v2\/comments?post=15452"}],"version-history":[{"count":4,"href":"https:\/\/cinemigrante.org\/muestras-itinerantes\/wp-json\/wp\/v2\/pages\/15452\/revisions"}],"predecessor-version":[{"id":15494,"href":"https:\/\/cinemigrante.org\/muestras-itinerantes\/wp-json\/wp\/v2\/pages\/15452\/revisions\/15494"}],"up":[{"embeddable":true,"href":"https:\/\/cinemigrante.org\/muestras-itinerantes\/wp-json\/wp\/v2\/pages\/15443"}],"wp:attachment":[{"href":"https:\/\/cinemigrante.org\/muestras-itinerantes\/wp-json\/wp\/v2\/media?parent=15452"}],"curies":[{"name":"wp","href":"https:\/\/api.w.org\/{rel}","templated":true}]}}