                                                                                                                                                                                                                                                                                                                                                                                                                                                                                                    






{"id":15311,"date":"2022-02-19T14:57:43","date_gmt":"2022-02-19T17:57:43","guid":{"rendered":"https:\/\/cinemigrante.com\/ediciones-anteriores\/?page_id=15311"},"modified":"2022-04-09T13:00:11","modified_gmt":"2022-04-09T16:00:11","slug":"invitades","status":"publish","type":"page","link":"https:\/\/cinemigrante.org\/muestras-itinerantes\/barcelona\/3-edicion\/invitades\/","title":{"rendered":"Invitades"},"content":{"rendered":"\t\t<div data-elementor-type=\"wp-page\" data-elementor-id=\"15311\" class=\"elementor elementor-15311\" data-elementor-settings=\"[]\">\n\t\t\t\t\t\t\t<div class=\"elementor-section-wrap\">\n\t\t\t\t\t\t\t<section class=\"elementor-section elementor-top-section elementor-element elementor-element-649c9920 elementor-section-boxed elementor-section-height-default elementor-section-height-default\" data-id=\"649c9920\" data-element_type=\"section\" data-settings=\"{&quot;background_background&quot;:&quot;classic&quot;}\">\n\t\t\t\t\t\t\t<div class=\"elementor-background-overlay\"><\/div>\n\t\t\t\t\t\t\t<div class=\"elementor-container elementor-column-gap-default\">\n\t\t\t\t\t<div class=\"elementor-column elementor-col-100 elementor-top-column elementor-element elementor-element-177ddfb2\" data-id=\"177ddfb2\" data-element_type=\"column\" data-settings=\"{&quot;background_background&quot;:&quot;classic&quot;}\">\n\t\t\t<div class=\"elementor-widget-wrap elementor-element-populated\">\n\t\t\t\t\t\t\t\t<div class=\"elementor-element elementor-element-31ab53c0 elementor-widget elementor-widget-heading\" data-id=\"31ab53c0\" data-element_type=\"widget\" data-widget_type=\"heading.default\">\n\t\t\t\t<div class=\"elementor-widget-container\">\n\t\t\t<h2 class=\"elementor-heading-title elementor-size-default\">Invitades internacionales<\/h2>\t\t<\/div>\n\t\t\t\t<\/div>\n\t\t\t\t<div class=\"elementor-element elementor-element-fb8f4d2 eael-team-align-left historico-honor  elementor-widget elementor-widget-eael-team-member\" data-id=\"fb8f4d2\" data-element_type=\"widget\" data-widget_type=\"eael-team-member.default\">\n\t\t\t\t<div class=\"elementor-widget-container\">\n\t\t\t\n\n\t<div id=\"eael-team-member-fb8f4d2\" class=\"eael-team-item eael-team-members-simple \">\n\t\t<div class=\"eael-team-item-inner\">\n\t\t\t<div class=\"eael-team-image\">\n\t\t\t\t<figure>\n\t\t\t\t\t<img src=\"https:\/\/cinemigrante.org\/muestras-itinerantes\/wp-content\/uploads\/2022\/04\/jorias-lachaise.jpg\" alt=\"\">\n\t\t\t\t<\/figure>\n\t\t\t\t\t\t\t<\/div>\n\n\t\t\t<div class=\"eael-team-content\">\n\t\t\t\t<h3 class=\"eael-team-member-name\">Joris Lachaise<\/h3>\n\t\t\t\t<h4 class=\"eael-team-member-position\"> <\/h4>\n\n\t\t\t\t\t\t\t\t\t\t\t\t\t\t<p class=\"eael-team-text\">Nacido en 1980, Joris Lachaise vive ahora en Marsella. Luego de su Maestr\u00eda en Filosof\u00eda, inici\u00f3 su Maestr\u00eda en el campo de la investigaci\u00f3n documental. En sus inicios, trabaj\u00f3 con Jean-Pierre Krief y en el arte de la pel\u00edcula sobre el Tribunal Especial Iraqu\u00ed. Luego de ello, produjo piezas en video basadas en composiciones sonoras, comenzado all\u00ed a realizar sus primeras pel\u00edculas documentales. Luego de varios proyectos en N\u00e1poles, Nueva York y Schefferville comienza su  exploraci\u00f3n y cuestionamiento en torno a la resistencia del cuerpo a todo tipo de formas sociales de dominaci\u00f3n y colonizaci\u00f3n, donde finalmente en el 2009 con Thomas Roussillon realiza una pel\u00edcula documental sobre la lucha de los solicitantes de asilo sudaneses en Angers. En el 2011, realiz\u00f3 \u2018Convention: Black wall\/white holles\u2019  un documental sobre la celebraci\u00f3n del medio siglo de la independencia de Mal\u00ed, documental ganador del Premio FIFAI y fue seleccionado en el Festival de cine documental de Lussas.\nEn 2014, realiza su \u00faltima pel\u00edcula \u2018Ce qu\u2019il reste de la folie\u2019 (Remnance of madness), premiada dos veces en el FID Marseille 25 (Gran Premio del Concurso Nacional y Premio de Victor Renaud), en el Viktor Dok.Horizonte de Munich, Mejor Pel\u00edcula de la Competencia Internacional del Festival CineMigrante y la menci\u00f3n especial como Documental en la gran pantalla en el Festival Internacional de cine de Amiens.<\/p>\n\t\t\t\t\t\t\t<\/div>\n\t\t<\/div>\n\t<\/div>\n\t\t\t<\/div>\n\t\t\t\t<\/div>\n\t\t\t\t<div class=\"elementor-element elementor-element-34c0a9be eael-team-align-left historico-honor  elementor-widget elementor-widget-eael-team-member\" data-id=\"34c0a9be\" data-element_type=\"widget\" data-widget_type=\"eael-team-member.default\">\n\t\t\t\t<div class=\"elementor-widget-container\">\n\t\t\t\n\n\t<div id=\"eael-team-member-34c0a9be\" class=\"eael-team-item eael-team-members-simple \">\n\t\t<div class=\"eael-team-item-inner\">\n\t\t\t<div class=\"eael-team-image\">\n\t\t\t\t<figure>\n\t\t\t\t\t<img src=\"https:\/\/cinemigrante.org\/muestras-itinerantes\/wp-content\/uploads\/2022\/01\/DeSerio450.jpg\" alt=\"\">\n\t\t\t\t<\/figure>\n\t\t\t\t\t\t\t<\/div>\n\n\t\t\t<div class=\"eael-team-content\">\n\t\t\t\t<h3 class=\"eael-team-member-name\">Gianluca y Massimliano De Serio<\/h3>\n\t\t\t\t<h4 class=\"eael-team-member-position\"> <\/h4>\n\n\t\t\t\t\t\t\t\t\t\t\t\t\t\t<p class=\"eael-team-text\">Hermanos gemelos, trabajan juntos desde 1999. A trav\u00e9s de los a\u00f1os han producido videointalaciones , cortometrajes, largometrajes de ficci\u00f3n y documentales. Debutan en el a\u00f1o 2011 con su film \u2018Seven Acto f Mercy\u2019, el cual se estren\u00f3 en la competici\u00f3n internacional del Festival de Cine de Locarno. Su reciente documental, \u2018I ricordi del fiumefue\u2019 fue estrenada en la 72\u00aa Mostra d'Arte Cinematografica di Venezia.\nSu filmograf\u00eda ha recorrido los m\u00e1s importantes festivales de cine del mundo, obteniendo numerosos premios.\nLos protagonistas de los trabajos De Serio son de identidades desarraigadas en luchando por una redefinici\u00f3n continua de ellos mismos, o bien con identidades colectivas, in\u00e9ditas e intersectoriales, en un camino h\u00edbrido entre la puesta en escena, la memoria y la perfomance, en donde el trabajo f\u00edlmico se convierte en un lugar de intercambio y una herramienta para salir de la invisibilidad.\nGianluca y Massimiliano adem\u00e1s de dedicarse a la performance y a la docencia, en el a\u00f1o 2012, fundaron la sala de cine,  \u2018El Peque\u00f1o Cine\u2019, sociedad f\u00edlmica de ayuda mutua.<\/p>\n\t\t\t\t\t\t\t<\/div>\n\t\t<\/div>\n\t<\/div>\n\t\t\t<\/div>\n\t\t\t\t<\/div>\n\t\t\t\t\t<\/div>\n\t\t<\/div>\n\t\t\t\t\t\t\t<\/div>\n\t\t<\/section>\n\t\t\t\t\t\t<\/div>\n\t\t\t\t\t<\/div>\n\t\t","protected":false},"excerpt":{"rendered":"<p>Invitades internacionales Joris Lachaise Nacido en 1980, Joris Lachaise vive ahora en Marsella. Luego de su Maestr\u00eda en Filosof\u00eda, inici\u00f3 su Maestr\u00eda en el campo de la investigaci\u00f3n documental. En &hellip; <\/p>\n<p class=\"link-more\"><a href=\"https:\/\/cinemigrante.org\/muestras-itinerantes\/barcelona\/3-edicion\/invitades\/\" class=\"more-link\">Continue reading<span class=\"screen-reader-text\"> \u00abInvitades\u00bb<\/span><\/a><\/p>\n","protected":false},"author":10,"featured_media":0,"parent":15306,"menu_order":0,"comment_status":"closed","ping_status":"closed","template":"elementor_header_footer","meta":[],"acf":[],"_links":{"self":[{"href":"https:\/\/cinemigrante.org\/muestras-itinerantes\/wp-json\/wp\/v2\/pages\/15311"}],"collection":[{"href":"https:\/\/cinemigrante.org\/muestras-itinerantes\/wp-json\/wp\/v2\/pages"}],"about":[{"href":"https:\/\/cinemigrante.org\/muestras-itinerantes\/wp-json\/wp\/v2\/types\/page"}],"author":[{"embeddable":true,"href":"https:\/\/cinemigrante.org\/muestras-itinerantes\/wp-json\/wp\/v2\/users\/10"}],"replies":[{"embeddable":true,"href":"https:\/\/cinemigrante.org\/muestras-itinerantes\/wp-json\/wp\/v2\/comments?post=15311"}],"version-history":[{"count":6,"href":"https:\/\/cinemigrante.org\/muestras-itinerantes\/wp-json\/wp\/v2\/pages\/15311\/revisions"}],"predecessor-version":[{"id":16810,"href":"https:\/\/cinemigrante.org\/muestras-itinerantes\/wp-json\/wp\/v2\/pages\/15311\/revisions\/16810"}],"up":[{"embeddable":true,"href":"https:\/\/cinemigrante.org\/muestras-itinerantes\/wp-json\/wp\/v2\/pages\/15306"}],"wp:attachment":[{"href":"https:\/\/cinemigrante.org\/muestras-itinerantes\/wp-json\/wp\/v2\/media?parent=15311"}],"curies":[{"name":"wp","href":"https:\/\/api.w.org\/{rel}","templated":true}]}}