                                                                                                                                                                                                                                                                                                                                                                                                                                                                                                    






{"id":15159,"date":"2022-02-19T10:09:46","date_gmt":"2022-02-19T13:09:46","guid":{"rendered":"https:\/\/cinemigrante.com\/ediciones-anteriores\/?page_id=15159"},"modified":"2022-04-05T14:03:14","modified_gmt":"2022-04-05T17:03:14","slug":"invitades","status":"publish","type":"page","link":"https:\/\/cinemigrante.org\/muestras-itinerantes\/barcelona\/4-edicion\/invitades\/","title":{"rendered":"Invitades"},"content":{"rendered":"\t\t<div data-elementor-type=\"wp-page\" data-elementor-id=\"15159\" class=\"elementor elementor-15159\" data-elementor-settings=\"[]\">\n\t\t\t\t\t\t\t<div class=\"elementor-section-wrap\">\n\t\t\t\t\t\t\t<section class=\"elementor-section elementor-top-section elementor-element elementor-element-649c9920 elementor-section-boxed elementor-section-height-default elementor-section-height-default\" data-id=\"649c9920\" data-element_type=\"section\" data-settings=\"{&quot;background_background&quot;:&quot;classic&quot;}\">\n\t\t\t\t\t\t\t<div class=\"elementor-background-overlay\"><\/div>\n\t\t\t\t\t\t\t<div class=\"elementor-container elementor-column-gap-default\">\n\t\t\t\t\t<div class=\"elementor-column elementor-col-100 elementor-top-column elementor-element elementor-element-177ddfb2\" data-id=\"177ddfb2\" data-element_type=\"column\" data-settings=\"{&quot;background_background&quot;:&quot;classic&quot;}\">\n\t\t\t<div class=\"elementor-widget-wrap elementor-element-populated\">\n\t\t\t\t\t\t\t\t<div class=\"elementor-element elementor-element-31ab53c0 elementor-widget elementor-widget-heading\" data-id=\"31ab53c0\" data-element_type=\"widget\" data-widget_type=\"heading.default\">\n\t\t\t\t<div class=\"elementor-widget-container\">\n\t\t\t<h2 class=\"elementor-heading-title elementor-size-default\">Invitades internacionales<\/h2>\t\t<\/div>\n\t\t\t\t<\/div>\n\t\t\t\t<div class=\"elementor-element elementor-element-fb8f4d2 eael-team-align-left historico-honor  elementor-widget elementor-widget-eael-team-member\" data-id=\"fb8f4d2\" data-element_type=\"widget\" data-widget_type=\"eael-team-member.default\">\n\t\t\t\t<div class=\"elementor-widget-container\">\n\t\t\t\n\n\t<div id=\"eael-team-member-fb8f4d2\" class=\"eael-team-item eael-team-members-simple \">\n\t\t<div class=\"eael-team-item-inner\">\n\t\t\t<div class=\"eael-team-image\">\n\t\t\t\t<figure>\n\t\t\t\t\t<img src=\"https:\/\/cinemigrante.org\/muestras-itinerantes\/wp-content\/uploads\/2022\/02\/clarisse-hann.jpg\" alt=\"\">\n\t\t\t\t<\/figure>\n\t\t\t\t\t\t\t<\/div>\n\n\t\t\t<div class=\"eael-team-content\">\n\t\t\t\t<h3 class=\"eael-team-member-name\"> Clarisse Hahn<\/h3>\n\t\t\t\t<h4 class=\"eael-team-member-position\"> <\/h4>\n\n\t\t\t\t\t\t\t\t\t\t\t\t\t\t<p class=\"eael-team-text\">Clarisse Hahn naci\u00f3 en Paris en 1973. Graduada de historia del arte y diplomada de la escuela de Bellas Artes de Paris, se desempe\u00f1a como cineasta, fot\u00f3grafa y artista video. Sus investigaciones documentales se enfocan en las comunidades, los c\u00f3digos comportamentales y el papel social del cuerpo. Sus trabajos han sido expuestos en museos y galer\u00edas del mundo, y sus pel\u00edculas ganaron numerosos premios en festivales internacionales. En 2005 recibi\u00f3 el premio Gilles-Dusein para la totalidad de su trabajo. Como profesora de cine y de video, ha realizado conferencias en universidades, centros culturales e institutos, como entre otros La F\u00e9mis, La Sorbonne, la Universidad de Cambridge, y el Centro George Pompidou. Actualmente, es profesora de video en la Escuela Nacional Superior de Artes Decorativas de Paris.<\/p>\n\t\t\t\t\t\t\t<\/div>\n\t\t<\/div>\n\t<\/div>\n\t\t\t<\/div>\n\t\t\t\t<\/div>\n\t\t\t\t<div class=\"elementor-element elementor-element-2bb31f6e eael-team-align-left historico-honor  elementor-widget elementor-widget-eael-team-member\" data-id=\"2bb31f6e\" data-element_type=\"widget\" data-widget_type=\"eael-team-member.default\">\n\t\t\t\t<div class=\"elementor-widget-container\">\n\t\t\t\n\n\t<div id=\"eael-team-member-2bb31f6e\" class=\"eael-team-item eael-team-members-simple \">\n\t\t<div class=\"eael-team-item-inner\">\n\t\t\t<div class=\"eael-team-image\">\n\t\t\t\t<figure>\n\t\t\t\t\t<img src=\"https:\/\/cinemigrante.org\/muestras-itinerantes\/wp-content\/uploads\/2022\/04\/rama-thiaw.jpg\" alt=\"\">\n\t\t\t\t<\/figure>\n\t\t\t\t\t\t\t<\/div>\n\n\t\t\t<div class=\"eael-team-content\">\n\t\t\t\t<h3 class=\"eael-team-member-name\">Rama Thiaw<\/h3>\n\t\t\t\t<h4 class=\"eael-team-member-position\"> <\/h4>\n\n\t\t\t\t\t\t\t\t\t\t\t\t\t\t<p class=\"eael-team-text\">Rama Thiaw naci\u00f3 el 30 de abril de 1978 en Nouakchott (Mauritania) de padres mauritanos y senegaleses. Despu\u00e9s del divorcio de sus padres, comenz\u00f3 a dividir su tiempo entre Senegal y Francia. En este \u00faltimo pa\u00eds, Thiaw obtuvo una Maestr\u00eda en Econom\u00eda Internacional en la Sorbona y m\u00e1s tarde desarroll\u00f3 el inter\u00e9s por el cine, que la llev\u00f3 a obtener un diploma en Cinema y realizar una Maestr\u00eda en la Universidad de Par\u00eds 3. Escritora, directora y productora, vive en Dakar, donde ha creado BOUL FALLE IMAGES, una compa\u00f1\u00eda de producci\u00f3n cinematogr\u00e1fica senegalesa. Boul Falle, The Wrestling Way, su primer documental fue producido por Philippe Lac\u00f4te, Wassakara Productions y Banshee Films, en 2009. En 2010, Thiaw inici\u00f3 la producci\u00f3n de su segundo documental The Revolution Won\u2019t Be Televised, proyectado luego en el Festival Internacional de Cine de Berl\u00edn en febrero de 2016; gan\u00f3 el Premio Fipresci y una menci\u00f3n especial en el Caligari Filmpreis.\n\n<\/p>\n\t\t\t\t\t\t\t<\/div>\n\t\t<\/div>\n\t<\/div>\n\t\t\t<\/div>\n\t\t\t\t<\/div>\n\t\t\t\t<div class=\"elementor-element elementor-element-4f35a83b eael-team-align-left historico-honor  elementor-widget elementor-widget-eael-team-member\" data-id=\"4f35a83b\" data-element_type=\"widget\" data-widget_type=\"eael-team-member.default\">\n\t\t\t\t<div class=\"elementor-widget-container\">\n\t\t\t\n\n\t<div id=\"eael-team-member-4f35a83b\" class=\"eael-team-item eael-team-members-simple \">\n\t\t<div class=\"eael-team-item-inner\">\n\t\t\t<div class=\"eael-team-image\">\n\t\t\t\t<figure>\n\t\t\t\t\t<img src=\"https:\/\/cinemigrante.org\/muestras-itinerantes\/wp-content\/uploads\/2022\/02\/dianamcarthy.jpg\" alt=\"\">\n\t\t\t\t<\/figure>\n\t\t\t\t\t\t\t<\/div>\n\n\t\t\t<div class=\"eael-team-content\">\n\t\t\t\t<h3 class=\"eael-team-member-name\">Diana Mc Carty<\/h3>\n\t\t\t\t<h4 class=\"eael-team-member-position\"> <\/h4>\n\n\t\t\t\t\t\t\t\t\t\t\t\t\t\t<p class=\"eael-team-text\">Nacida en EEUU, trabaja y reside en Berl\u00edn desde el a\u00f1o 2000. McCarty es colaboradora de Filipa C\u00e9sar en el largometraje \u201cSpeel reel\u201d. Anteriormente ha colaborado con ella y tambi\u00e9n junto a Grada Kilomba en el cortometraje \u201cConakry\u201d (2013), que forma parte del proyecto \u201cLuta ca caba inda\u201d, libro colectivo de material audiovisual guineano, proyectado a modo de cine itinerante transnacional, que contin\u00faa en trabajo. Referente del Cyberfeminismo, Diana es co-fundadora de \u201cFaces\u201d movimiento de mujeres en comunicaci\u00f3n digital y colaboradora en el proyecto \u201cNuevo Feminismo, Nueva Europa\u201d. Ha trabajado activamente en diversos proyectos de radio en Berl\u00edn como \u201creboot.fm\u201d, \u201cwww.hkw.de\/hausradio\u201d, \u201cbackyardradio.de\u201d, \u201cRadio 1:1\u201d, \u201cReboot.fm\u201d y \u201cJuniradio\u201d. Tambi\u00e9n es co-fundadora de \u201cRadia.FM\u201d, red de trabajo de radios culturales. Diana fue parte del equipo de desarrollo de inform\u00e1tica de la Universidad Internacional de la Mujer (International Women\u2019s University) y trabaj\u00f3 con Seda G\u00fcrses, Barbara Schelkle, Prof. Heidi Schelhowe, y Heiki Pisch entre otros, desarrollando acercamientos pedag\u00f3gicos feministas al aprendizaje tecnol\u00f3gico. A medidados de los 90\u2019s, fue cofundadora de \u201cNettime\u201d, mailing list de artistas multidisciplinarios creado en el Segundo encuentro del Medien Zentral Kommittee, como parte del Club Berl\u00edn en el encuentro Venice Biennale. Fue tambi\u00e9n parte del \u201cMedia Research Foundation\u201d, y co-organizadora de la serie de Conferencias \u201cMetaForum\u201d con sede en Budapest.<\/p>\n\t\t\t\t\t\t\t<\/div>\n\t\t<\/div>\n\t<\/div>\n\t\t\t<\/div>\n\t\t\t\t<\/div>\n\t\t\t\t\t<\/div>\n\t\t<\/div>\n\t\t\t\t\t\t\t<\/div>\n\t\t<\/section>\n\t\t\t\t\t\t<\/div>\n\t\t\t\t\t<\/div>\n\t\t","protected":false},"excerpt":{"rendered":"<p>Invitades internacionales Clarisse Hahn Clarisse Hahn naci\u00f3 en Paris en 1973. Graduada de historia del arte y diplomada de la escuela de Bellas Artes de Paris, se desempe\u00f1a como cineasta, &hellip; <\/p>\n<p class=\"link-more\"><a href=\"https:\/\/cinemigrante.org\/muestras-itinerantes\/barcelona\/4-edicion\/invitades\/\" class=\"more-link\">Continue reading<span class=\"screen-reader-text\"> \u00abInvitades\u00bb<\/span><\/a><\/p>\n","protected":false},"author":10,"featured_media":0,"parent":15155,"menu_order":0,"comment_status":"closed","ping_status":"closed","template":"elementor_header_footer","meta":[],"acf":[],"_links":{"self":[{"href":"https:\/\/cinemigrante.org\/muestras-itinerantes\/wp-json\/wp\/v2\/pages\/15159"}],"collection":[{"href":"https:\/\/cinemigrante.org\/muestras-itinerantes\/wp-json\/wp\/v2\/pages"}],"about":[{"href":"https:\/\/cinemigrante.org\/muestras-itinerantes\/wp-json\/wp\/v2\/types\/page"}],"author":[{"embeddable":true,"href":"https:\/\/cinemigrante.org\/muestras-itinerantes\/wp-json\/wp\/v2\/users\/10"}],"replies":[{"embeddable":true,"href":"https:\/\/cinemigrante.org\/muestras-itinerantes\/wp-json\/wp\/v2\/comments?post=15159"}],"version-history":[{"count":7,"href":"https:\/\/cinemigrante.org\/muestras-itinerantes\/wp-json\/wp\/v2\/pages\/15159\/revisions"}],"predecessor-version":[{"id":16765,"href":"https:\/\/cinemigrante.org\/muestras-itinerantes\/wp-json\/wp\/v2\/pages\/15159\/revisions\/16765"}],"up":[{"embeddable":true,"href":"https:\/\/cinemigrante.org\/muestras-itinerantes\/wp-json\/wp\/v2\/pages\/15155"}],"wp:attachment":[{"href":"https:\/\/cinemigrante.org\/muestras-itinerantes\/wp-json\/wp\/v2\/media?parent=15159"}],"curies":[{"name":"wp","href":"https:\/\/api.w.org\/{rel}","templated":true}]}}