                                                                                                                                                                                                                                                                                                                                                                                                                                                                                                    






{"id":14642,"date":"2022-02-07T18:04:24","date_gmt":"2022-02-07T21:04:24","guid":{"rendered":"https:\/\/cinemigrante.com\/ediciones-anteriores\/?page_id=14642"},"modified":"2022-04-05T11:45:11","modified_gmt":"2022-04-05T14:45:11","slug":"invitades","status":"publish","type":"page","link":"https:\/\/cinemigrante.org\/muestras-itinerantes\/barcelona\/6-edicion\/invitades\/","title":{"rendered":"Invitades"},"content":{"rendered":"\t\t<div data-elementor-type=\"wp-page\" data-elementor-id=\"14642\" class=\"elementor elementor-14642\" data-elementor-settings=\"[]\">\n\t\t\t\t\t\t\t<div class=\"elementor-section-wrap\">\n\t\t\t\t\t\t\t<section class=\"elementor-section elementor-top-section elementor-element elementor-element-649c9920 elementor-section-boxed elementor-section-height-default elementor-section-height-default\" data-id=\"649c9920\" data-element_type=\"section\" data-settings=\"{&quot;background_background&quot;:&quot;classic&quot;}\">\n\t\t\t\t\t\t\t<div class=\"elementor-background-overlay\"><\/div>\n\t\t\t\t\t\t\t<div class=\"elementor-container elementor-column-gap-default\">\n\t\t\t\t\t<div class=\"elementor-column elementor-col-100 elementor-top-column elementor-element elementor-element-177ddfb2\" data-id=\"177ddfb2\" data-element_type=\"column\" data-settings=\"{&quot;background_background&quot;:&quot;classic&quot;}\">\n\t\t\t<div class=\"elementor-widget-wrap elementor-element-populated\">\n\t\t\t\t\t\t\t\t<div class=\"elementor-element elementor-element-31ab53c0 elementor-widget elementor-widget-heading\" data-id=\"31ab53c0\" data-element_type=\"widget\" data-widget_type=\"heading.default\">\n\t\t\t\t<div class=\"elementor-widget-container\">\n\t\t\t<h2 class=\"elementor-heading-title elementor-size-default\">Invitades internacionales<\/h2>\t\t<\/div>\n\t\t\t\t<\/div>\n\t\t\t\t<div class=\"elementor-element elementor-element-34c0a9be eael-team-align-left historico-honor  elementor-widget elementor-widget-eael-team-member\" data-id=\"34c0a9be\" data-element_type=\"widget\" data-widget_type=\"eael-team-member.default\">\n\t\t\t\t<div class=\"elementor-widget-container\">\n\t\t\t\n\n\t<div id=\"eael-team-member-34c0a9be\" class=\"eael-team-item eael-team-members-simple \">\n\t\t<div class=\"eael-team-item-inner\">\n\t\t\t<div class=\"eael-team-image\">\n\t\t\t\t<figure>\n\t\t\t\t\t<img src=\"https:\/\/cinemigrante.org\/muestras-itinerantes\/wp-content\/uploads\/2022\/02\/adirley.jpg\" alt=\"\">\n\t\t\t\t<\/figure>\n\t\t\t\t\t\t\t<\/div>\n\n\t\t\t<div class=\"eael-team-content\">\n\t\t\t\t<h3 class=\"eael-team-member-name\">ADIRLEY QUEIR\u00d3S<\/h3>\n\t\t\t\t<h4 class=\"eael-team-member-position\">Invitado internacional | Brasil<\/h4>\n\n\t\t\t\t\t\t\t\t\t\t\t\t\t\t<p class=\"eael-team-text\">\nCineasta brasile\u00f1o que vive y trabaja en Ceil\u00e2ndia. Ex jugador de f\u00fatbol profesional, Adirley ha dirigido cuatro cortometrajes y tres largometrajesdocumentales, y recibi\u00f3 m\u00e1s de 40 premios en festivales de cine brasile\u00f1os e internacionales. Su pel\u00edcula anterior, Branco Sai, Preto Fica (2015), se estren\u00f3 en el Festival de Cine de Brasilia, y se proyect\u00f3 en Art of the Real, Viennale, DocLisboa, Ficunam, Rotterdam, Mar del Plata, entre otros lugares, y fue distribuida comercialmente por Vitrine Filmes. Era uma Vez Bras\u00edlia (2017) es su tercera pel\u00edcula documental. Seg\u00fan Roger Koza \u201cEn el cine de Adirley Queir\u00f3s, el director brasile\u00f1o m\u00e1s importante de su generaci\u00f3n, el espacio define la posici\u00f3n del cineasta y el concepto estructural de puesta en escena, pues es la periferia el principio po\u00e9tico y pol\u00edtico principal que atraviesa y ordena toda su obra.\u201d (FIDOCS)<\/p>\n\t\t\t\t\t\t\t<\/div>\n\t\t<\/div>\n\t<\/div>\n\t\t\t<\/div>\n\t\t\t\t<\/div>\n\t\t\t\t<div class=\"elementor-element elementor-element-47107d82 eael-team-align-left historico-honor  elementor-widget elementor-widget-eael-team-member\" data-id=\"47107d82\" data-element_type=\"widget\" data-widget_type=\"eael-team-member.default\">\n\t\t\t\t<div class=\"elementor-widget-container\">\n\t\t\t\n\n\t<div id=\"eael-team-member-47107d82\" class=\"eael-team-item eael-team-members-simple \">\n\t\t<div class=\"eael-team-item-inner\">\n\t\t\t<div class=\"eael-team-image\">\n\t\t\t\t<figure>\n\t\t\t\t\t<img src=\"https:\/\/cinemigrante.org\/muestras-itinerantes\/wp-content\/uploads\/2022\/02\/bekolo.jpg\" alt=\"\">\n\t\t\t\t<\/figure>\n\t\t\t\t\t\t\t<\/div>\n\n\t\t\t<div class=\"eael-team-content\">\n\t\t\t\t<h3 class=\"eael-team-member-name\">JEAN-PIERRE BEKOLO<\/h3>\n\t\t\t\t<h4 class=\"eael-team-member-position\">Invitado internacional | Camer\u00fan<\/h4>\n\n\t\t\t\t\t\t\t\t\t\t\t\t\t\t<p class=\"eael-team-text\">Con sus pel\u00edculas ha sabido subvertir las convenciones del cine africano gracias a una est\u00e9tica futurista e irreverente con la que da forma a un lenguaje ir\u00f3nico y fuertemente politizado. A finales de los \u201980 se forma como editor en Francia, en el Instituto Nacional Audiovisual. De regreso a \u00c1frica, trabaja para la televisi\u00f3n de Camer\u00fan, donde es responsable de la edici\u00f3n de cortometrajes. Su primer largometraje fue el galardonado Quartier Mozart (1992), que gan\u00f3 premios en festivales como Locarno y Montreal y y fue nominado, en 1993, por un premio del British Film Institute. Aristotle\u2019sPlot (1996) es nominada entre las pel\u00edculas del Instituto de Cine Brit\u00e1nico que conmemoran el centenario del cine. Sus sucesivos largometrajes Haveyouseen Franklin Roosevelt? (1994) TheBleeding (2005), Le President (2013) y NakedReality (2016) siguen reforzando la b\u00fasqueda por un estilo propio con el que hacer confluir cuestiones pol\u00edticas y est\u00e9ticas afrofuturistas. Con su \u00faltima pel\u00edcula, Afrique, la Pens\u00e9e en Mouvement (2017) contin\u00faa la reflexi\u00f3n sobre el futuro de \u00c1frica y el pensamiento africano. Ha ense\u00f1ado cine en la Virginia Tech, en la Universidad de Carolina del Norte y en la Universidad de Duke.<\/p>\n\t\t\t\t\t\t\t<\/div>\n\t\t<\/div>\n\t<\/div>\n\t\t\t<\/div>\n\t\t\t\t<\/div>\n\t\t\t\t\t<\/div>\n\t\t<\/div>\n\t\t\t\t\t\t\t<\/div>\n\t\t<\/section>\n\t\t\t\t\t\t<\/div>\n\t\t\t\t\t<\/div>\n\t\t","protected":false},"excerpt":{"rendered":"<p>Invitades internacionales ADIRLEY QUEIR\u00d3S Invitado internacional | Brasil Cineasta brasile\u00f1o que vive y trabaja en Ceil\u00e2ndia. Ex jugador de f\u00fatbol profesional, Adirley ha dirigido cuatro cortometrajes y tres largometrajesdocumentales, y &hellip; <\/p>\n<p class=\"link-more\"><a href=\"https:\/\/cinemigrante.org\/muestras-itinerantes\/barcelona\/6-edicion\/invitades\/\" class=\"more-link\">Continue reading<span class=\"screen-reader-text\"> \u00abInvitades\u00bb<\/span><\/a><\/p>\n","protected":false},"author":10,"featured_media":0,"parent":14628,"menu_order":0,"comment_status":"closed","ping_status":"closed","template":"elementor_header_footer","meta":[],"acf":[],"_links":{"self":[{"href":"https:\/\/cinemigrante.org\/muestras-itinerantes\/wp-json\/wp\/v2\/pages\/14642"}],"collection":[{"href":"https:\/\/cinemigrante.org\/muestras-itinerantes\/wp-json\/wp\/v2\/pages"}],"about":[{"href":"https:\/\/cinemigrante.org\/muestras-itinerantes\/wp-json\/wp\/v2\/types\/page"}],"author":[{"embeddable":true,"href":"https:\/\/cinemigrante.org\/muestras-itinerantes\/wp-json\/wp\/v2\/users\/10"}],"replies":[{"embeddable":true,"href":"https:\/\/cinemigrante.org\/muestras-itinerantes\/wp-json\/wp\/v2\/comments?post=14642"}],"version-history":[{"count":7,"href":"https:\/\/cinemigrante.org\/muestras-itinerantes\/wp-json\/wp\/v2\/pages\/14642\/revisions"}],"predecessor-version":[{"id":16720,"href":"https:\/\/cinemigrante.org\/muestras-itinerantes\/wp-json\/wp\/v2\/pages\/14642\/revisions\/16720"}],"up":[{"embeddable":true,"href":"https:\/\/cinemigrante.org\/muestras-itinerantes\/wp-json\/wp\/v2\/pages\/14628"}],"wp:attachment":[{"href":"https:\/\/cinemigrante.org\/muestras-itinerantes\/wp-json\/wp\/v2\/media?parent=14642"}],"curies":[{"name":"wp","href":"https:\/\/api.w.org\/{rel}","templated":true}]}}