{"id":9462,"date":"2021-03-11T22:23:37","date_gmt":"2021-03-11T22:23:37","guid":{"rendered":"https:\/\/cinemigrante.com\/mediateca\/?page_id=9462"},"modified":"2024-03-21T15:27:44","modified_gmt":"2024-03-21T18:27:44","slug":"sobre-la-mediateca","status":"publish","type":"page","link":"https:\/\/cinemigrante.org\/mediateca\/sobre-la-mediateca\/","title":{"rendered":"Sobre la mediateca"},"content":{"rendered":"\t\t<div data-elementor-type=\"wp-page\" data-elementor-id=\"9462\" class=\"elementor elementor-9462\">\n\t\t\t\t\t\t<section class=\"elementor-section elementor-top-section elementor-element elementor-element-7883632d elementor-section-height-min-height elementor-section-content-bottom cambiar-byn elementor-section-boxed elementor-section-height-default elementor-section-items-middle\" data-id=\"7883632d\" data-element_type=\"section\" data-settings=\"{&quot;background_background&quot;:&quot;slideshow&quot;,&quot;background_slideshow_gallery&quot;:[{&quot;id&quot;:12536,&quot;url&quot;:&quot;https:\\\/\\\/cinemigrante.org\\\/mediateca\\\/wp-content\\\/uploads\\\/2022\\\/01\\\/Brussels-Partly-Cloudy-1.jpeg&quot;},{&quot;id&quot;:12537,&quot;url&quot;:&quot;https:\\\/\\\/cinemigrante.org\\\/mediateca\\\/wp-content\\\/uploads\\\/2022\\\/01\\\/Refugee-Blues.jpeg&quot;},{&quot;id&quot;:12538,&quot;url&quot;:&quot;https:\\\/\\\/cinemigrante.org\\\/mediateca\\\/wp-content\\\/uploads\\\/2022\\\/01\\\/Ausencias-1.jpg&quot;},{&quot;id&quot;:12539,&quot;url&quot;:&quot;https:\\\/\\\/cinemigrante.org\\\/mediateca\\\/wp-content\\\/uploads\\\/2022\\\/01\\\/1.-CHUVA-E-CANTORIA-FOTOS.jpg&quot;}],&quot;background_slideshow_slide_duration&quot;:6000,&quot;background_slideshow_slide_transition&quot;:&quot;slide_up&quot;,&quot;background_slideshow_transition_duration&quot;:600,&quot;background_slideshow_loop&quot;:&quot;yes&quot;}\">\n\t\t\t\t\t\t\t<div class=\"elementor-background-overlay\"><\/div>\n\t\t\t\t\t\t\t<div class=\"elementor-container elementor-column-gap-default\">\n\t\t\t\t\t<div class=\"elementor-column elementor-col-100 elementor-top-column elementor-element elementor-element-1eac2491\" data-id=\"1eac2491\" data-element_type=\"column\">\n\t\t\t<div class=\"elementor-widget-wrap elementor-element-populated\">\n\t\t\t\t\t\t<div class=\"elementor-element elementor-element-5bb1c98d elementor-widget elementor-widget-spacer\" data-id=\"5bb1c98d\" data-element_type=\"widget\" data-widget_type=\"spacer.default\">\n\t\t\t\t<div class=\"elementor-widget-container\">\n\t\t\t\t\t<div class=\"elementor-spacer\">\n\t\t\t<div class=\"elementor-spacer-inner\"><\/div>\n\t\t<\/div>\n\t\t\t\t<\/div>\n\t\t\t\t<\/div>\n\t\t\t\t<section class=\"elementor-section elementor-inner-section elementor-element elementor-element-da96d8e elementor-section-boxed elementor-section-height-default elementor-section-height-default\" data-id=\"da96d8e\" data-element_type=\"section\">\n\t\t\t\t\t\t<div class=\"elementor-container elementor-column-gap-default\">\n\t\t\t\t\t<div class=\"elementor-column elementor-col-50 elementor-inner-column elementor-element elementor-element-f5f3d40\" data-id=\"f5f3d40\" data-element_type=\"column\">\n\t\t\t<div class=\"elementor-widget-wrap elementor-element-populated\">\n\t\t\t\t\t\t<div class=\"elementor-element elementor-element-666944b6 animated-slow elementor-invisible elementor-widget elementor-widget-heading\" data-id=\"666944b6\" data-element_type=\"widget\" data-settings=\"{&quot;_animation&quot;:&quot;fadeInUp&quot;}\" data-widget_type=\"heading.default\">\n\t\t\t\t<div class=\"elementor-widget-container\">\n\t\t\t<h2 class=\"elementor-heading-title elementor-size-default\">sobre la mediateca<\/h2>\t\t<\/div>\n\t\t\t\t<\/div>\n\t\t\t\t\t<\/div>\n\t\t<\/div>\n\t\t\t\t<div class=\"elementor-column elementor-col-50 elementor-inner-column elementor-element elementor-element-5dd25088\" data-id=\"5dd25088\" data-element_type=\"column\">\n\t\t\t<div class=\"elementor-widget-wrap elementor-element-populated\">\n\t\t\t\t\t\t<div class=\"elementor-element elementor-element-1106078a animated-slow elementor-hidden-desktop elementor-hidden-tablet elementor-hidden-phone elementor-widget-divider--separator-type-pattern elementor-widget-divider--no-spacing elementor-widget-divider--view-line elementor-widget elementor-widget-divider\" data-id=\"1106078a\" data-element_type=\"widget\" data-settings=\"{&quot;_animation&quot;:&quot;none&quot;}\" data-widget_type=\"divider.default\">\n\t\t\t\t<div class=\"elementor-widget-container\">\n\t\t\t\t\t<div class=\"elementor-divider\" style=\"--divider-pattern-url: url(&quot;data:image\/svg+xml,%3Csvg xmlns=&#039;http:\/\/www.w3.org\/2000\/svg&#039; preserveAspectRatio=&#039;xMidYMid meet&#039; overflow=&#039;visible&#039; height=&#039;100%&#039; viewBox=&#039;0 0 126 26&#039; fill=&#039;black&#039; stroke=&#039;none&#039;%3E%3Cpath d=&#039;M3,10.2c2.6,0,2.6,2,2.6,3.2S4.4,16.5,3,16.5s-3-1.4-3-3.2S0.4,10.2,3,10.2z M18.8,10.2c1.7,0,3.2,1.4,3.2,3.2s-1.4,3.2-3.2,3.2c-1.7,0-3.2-1.4-3.2-3.2S17,10.2,18.8,10.2z M34.6,10.2c1.5,0,2.6,1.4,2.6,3.2s-0.5,3.2-1.9,3.2c-1.5,0-3.4-1.4-3.4-3.2S33.1,10.2,34.6,10.2z M50.5,10.2c1.7,0,3.2,1.4,3.2,3.2s-1.4,3.2-3.2,3.2c-1.7,0-3.3-0.9-3.3-2.6S48.7,10.2,50.5,10.2z M66.2,10.2c1.5,0,3.4,1.4,3.4,3.2s-1.9,3.2-3.4,3.2c-1.5,0-2.6-0.4-2.6-2.1S64.8,10.2,66.2,10.2z M82.2,10.2c1.7,0.8,2.6,1.4,2.6,3.2s-0.1,3.2-1.6,3.2c-1.5,0-3.7-1.4-3.7-3.2S80.5,9.4,82.2,10.2zM98.6,10.2c1.5,0,2.6,0.4,2.6,2.1s-1.2,4.2-2.6,4.2c-1.5,0-3.7-0.4-3.7-2.1S97.1,10.2,98.6,10.2z M113.4,10.2c1.2,0,2.2,0.9,2.2,3.2s-0.1,3.2-1.3,3.2s-3.1-1.4-3.1-3.2S112.2,10.2,113.4,10.2z&#039;\/%3E%3C\/svg%3E&quot;);\">\n\t\t\t<span class=\"elementor-divider-separator\">\n\t\t\t\t\t\t<\/span>\n\t\t<\/div>\n\t\t\t\t<\/div>\n\t\t\t\t<\/div>\n\t\t\t\t\t<\/div>\n\t\t<\/div>\n\t\t\t\t\t<\/div>\n\t\t<\/section>\n\t\t\t\t\t<\/div>\n\t\t<\/div>\n\t\t\t\t\t<\/div>\n\t\t<\/section>\n\t\t\t\t<section class=\"elementor-section elementor-top-section elementor-element elementor-element-26fddff8 elementor-section-boxed elementor-section-height-default elementor-section-height-default\" data-id=\"26fddff8\" data-element_type=\"section\" data-settings=\"{&quot;background_background&quot;:&quot;classic&quot;}\">\n\t\t\t\t\t\t\t<div class=\"elementor-background-overlay\"><\/div>\n\t\t\t\t\t\t\t<div class=\"elementor-container elementor-column-gap-default\">\n\t\t\t\t\t<div class=\"elementor-column elementor-col-100 elementor-top-column elementor-element elementor-element-555be734\" data-id=\"555be734\" data-element_type=\"column\">\n\t\t\t<div class=\"elementor-widget-wrap elementor-element-populated\">\n\t\t\t\t\t\t<div class=\"elementor-element elementor-element-61f8a8d5 elementor-widget elementor-widget-spacer\" data-id=\"61f8a8d5\" data-element_type=\"widget\" data-widget_type=\"spacer.default\">\n\t\t\t\t<div class=\"elementor-widget-container\">\n\t\t\t\t\t<div class=\"elementor-spacer\">\n\t\t\t<div class=\"elementor-spacer-inner\"><\/div>\n\t\t<\/div>\n\t\t\t\t<\/div>\n\t\t\t\t<\/div>\n\t\t\t\t<section class=\"elementor-section elementor-inner-section elementor-element elementor-element-427b7fd3 elementor-section-boxed elementor-section-height-default elementor-section-height-default\" data-id=\"427b7fd3\" data-element_type=\"section\">\n\t\t\t\t\t\t<div class=\"elementor-container elementor-column-gap-default\">\n\t\t\t\t\t<div class=\"elementor-column elementor-col-50 elementor-inner-column elementor-element elementor-element-78418c98\" data-id=\"78418c98\" data-element_type=\"column\">\n\t\t\t<div class=\"elementor-widget-wrap elementor-element-populated\">\n\t\t\t\t\t\t<div class=\"elementor-element elementor-element-5495de1f animated-slow elementor-invisible elementor-widget elementor-widget-heading\" data-id=\"5495de1f\" data-element_type=\"widget\" data-settings=\"{&quot;_animation&quot;:&quot;fadeInUp&quot;,&quot;_animation_mobile&quot;:&quot;none&quot;}\" data-widget_type=\"heading.default\">\n\t\t\t\t<div class=\"elementor-widget-container\">\n\t\t\t<h2 class=\"elementor-heading-title elementor-size-default\">Mediateca CineMigrante EIDAES-UNSAM<\/h2>\t\t<\/div>\n\t\t\t\t<\/div>\n\t\t\t\t\t<\/div>\n\t\t<\/div>\n\t\t\t\t<div class=\"elementor-column elementor-col-50 elementor-inner-column elementor-element elementor-element-3ea22c5e\" data-id=\"3ea22c5e\" data-element_type=\"column\" data-settings=\"{&quot;animation_mobile&quot;:&quot;none&quot;}\">\n\t\t\t<div class=\"elementor-widget-wrap elementor-element-populated\">\n\t\t\t\t\t\t<div class=\"elementor-element elementor-element-42901e3 animated-slow elementor-invisible elementor-widget elementor-widget-heading\" data-id=\"42901e3\" data-element_type=\"widget\" data-settings=\"{&quot;_animation&quot;:&quot;fadeInUp&quot;,&quot;_animation_delay&quot;:500}\" data-widget_type=\"heading.default\">\n\t\t\t\t<div class=\"elementor-widget-container\">\n\t\t\t<p class=\"elementor-heading-title elementor-size-default\">La Mediateca CineMigrante se propone generar acceso y difusi\u00f3n masiva de sus documentos audiovisuales a los fines de colaborar de modo diferencial en los procesos de creaci\u00f3n, conocimiento y saberes sensibles sobre la movilidad. <br><br>Entendemos que la producci\u00f3n audiovisual contempor\u00e1nea se conforma como un archivo necesario a incorporar en los procesos de conocimiento sensible ya que convierte a los mismos en experiencias significativas, tangibles y experimentales, que permiten profundizar la comprensi\u00f3n del fen\u00f3meno migratorio a trav\u00e9s de un recorrido universal e hist\u00f3rico de la movilidad, aportando al proceso de construcci\u00f3n de pensamiento cr\u00edtico, elementos necesarios que logran sintetizar-globalizar el aprendizaje y ser fundamento de un nuevo proceso diferencial de sentido y de reflexi\u00f3n sensible .<br><br>El acervo de CineMigrante re\u00fane de modo \u00fanico un archivo cinematogr\u00e1fico de documentos audiovisuales que, en su conjunto, permiten trabajar de modo interdisciplinario, la contemporaneidad de la movilidad humana, las determinaciones hist\u00f3ricas y coyunturales as\u00ed como las caracter\u00edsticas econ\u00f3micas, sociales, pol\u00edticas y culturales de los pa\u00edses involucrados,  los modos de conformaci\u00f3n identitaria determinados por la movilidad, las visiones socioculturales, ideol\u00f3gicas y medi\u00e1ticas que se construyen en torno a los grupos migratorios as\u00ed como la persistencia de la colonialidad como determinante en los flujos, desde un archivo que permite el an\u00e1lisis de la imagen, la est\u00e9tica y el desarrollo del lenguaje audiovisual. Elementos todos \u00e9stos a ser abordados desde un trabajo con el cual establecer las relaciones necesarias existentes con la historia, la econom\u00eda, la sociedad, las artes y la cultura.\n<\/p>\t\t<\/div>\n\t\t\t\t<\/div>\n\t\t\t\t\t<\/div>\n\t\t<\/div>\n\t\t\t\t\t<\/div>\n\t\t<\/section>\n\t\t\t\t<div class=\"elementor-element elementor-element-357a421f animated-slow elementor-invisible elementor-widget elementor-widget-heading\" data-id=\"357a421f\" data-element_type=\"widget\" data-settings=\"{&quot;_animation&quot;:&quot;fadeInUp&quot;,&quot;_animation_mobile&quot;:&quot;none&quot;}\" data-widget_type=\"heading.default\">\n\t\t\t\t<div class=\"elementor-widget-container\">\n\t\t\t<h3 class=\"elementor-heading-title elementor-size-default\">\u00c1mbitos de<br>incidencia<\/h3>\t\t<\/div>\n\t\t\t\t<\/div>\n\t\t\t\t<div class=\"elementor-element elementor-element-1ec930 elementor-tabs-view-vertical n-tabs animated-slow elementor-invisible elementor-widget elementor-widget-tabs\" data-id=\"1ec930\" data-element_type=\"widget\" data-settings=\"{&quot;_animation&quot;:&quot;fadeInUp&quot;,&quot;_animation_delay&quot;:0,&quot;_animation_mobile&quot;:&quot;none&quot;}\" data-widget_type=\"tabs.default\">\n\t\t\t\t<div class=\"elementor-widget-container\">\n\t\t\t\t\t<div class=\"elementor-tabs\">\n\t\t\t<div class=\"elementor-tabs-wrapper\" role=\"tablist\" >\n\t\t\t\t\t\t\t\t\t<div id=\"elementor-tab-title-2011\" class=\"elementor-tab-title elementor-tab-desktop-title\" aria-selected=\"true\" data-tab=\"1\" role=\"tab\" tabindex=\"0\" aria-controls=\"elementor-tab-content-2011\" aria-expanded=\"false\">\u00c1mbitos educativos<\/div>\n\t\t\t\t\t\t\t\t\t<div id=\"elementor-tab-title-2012\" class=\"elementor-tab-title elementor-tab-desktop-title\" aria-selected=\"false\" data-tab=\"2\" role=\"tab\" tabindex=\"-1\" aria-controls=\"elementor-tab-content-2012\" aria-expanded=\"false\">\u00c1mbitos gubernamentales<\/div>\n\t\t\t\t\t\t\t\t\t<div id=\"elementor-tab-title-2013\" class=\"elementor-tab-title elementor-tab-desktop-title\" aria-selected=\"false\" data-tab=\"3\" role=\"tab\" tabindex=\"-1\" aria-controls=\"elementor-tab-content-2013\" aria-expanded=\"false\">Sociedad Civil<\/div>\n\t\t\t\t\t\t\t\t\t<div id=\"elementor-tab-title-2014\" class=\"elementor-tab-title elementor-tab-desktop-title\" aria-selected=\"false\" data-tab=\"4\" role=\"tab\" tabindex=\"-1\" aria-controls=\"elementor-tab-content-2014\" aria-expanded=\"false\">P\u00fablico general<\/div>\n\t\t\t\t\t\t\t<\/div>\n\t\t\t<div class=\"elementor-tabs-content-wrapper\" role=\"tablist\" aria-orientation=\"vertical\">\n\t\t\t\t\t\t\t\t\t<div class=\"elementor-tab-title elementor-tab-mobile-title\" aria-selected=\"true\" data-tab=\"1\" role=\"tab\" tabindex=\"0\" aria-controls=\"elementor-tab-content-2011\" aria-expanded=\"false\">\u00c1mbitos educativos<\/div>\n\t\t\t\t\t<div id=\"elementor-tab-content-2011\" class=\"elementor-tab-content elementor-clearfix\" data-tab=\"1\" role=\"tabpanel\" aria-labelledby=\"elementor-tab-title-2011\" tabindex=\"0\" hidden=\"false\"><p>Investigadores y especialistas en general, con preferencia en campos referentes a las Ciencias Sociales (Derechos Humanos, Pol\u00edtica Internacional, Migraci\u00f3n, Derecho) y de las Artes Audiovisuales y el Cine, la critica e investigaci\u00f3n cinematogr\u00e1ficas y la Comunicaci\u00f3n. Estudiantes y docentes grado y posgrado; nivel inicial, medio y superior.<\/p><\/div>\n\t\t\t\t\t\t\t\t\t<div class=\"elementor-tab-title elementor-tab-mobile-title\" aria-selected=\"false\" data-tab=\"2\" role=\"tab\" tabindex=\"-1\" aria-controls=\"elementor-tab-content-2012\" aria-expanded=\"false\">\u00c1mbitos gubernamentales<\/div>\n\t\t\t\t\t<div id=\"elementor-tab-content-2012\" class=\"elementor-tab-content elementor-clearfix\" data-tab=\"2\" role=\"tabpanel\" aria-labelledby=\"elementor-tab-title-2012\" tabindex=\"0\" hidden=\"hidden\"><p>Actores gubernamentales que se encuentran en \u00e1mbitos de cumplimiento efectivo de derechos tales como acceso a la residencia, acceso al trato igualitario, acceso a la educaci\u00f3n, salud, trabajo, vivienda y debido proceso.Organismos de la defensa p\u00fablica tanto nacionales como locales (Ej. Defensor\u00edas); organismos de promoci\u00f3n de derechos y prevenci\u00f3n de la discriminaci\u00f3n, la xenofobia y el racismo; y organismos de producci\u00f3n y promoci\u00f3n cultural, y de comunicaci\u00f3n p\u00fablica.<\/p><\/div>\n\t\t\t\t\t\t\t\t\t<div class=\"elementor-tab-title elementor-tab-mobile-title\" aria-selected=\"false\" data-tab=\"3\" role=\"tab\" tabindex=\"-1\" aria-controls=\"elementor-tab-content-2013\" aria-expanded=\"false\">Sociedad Civil<\/div>\n\t\t\t\t\t<div id=\"elementor-tab-content-2013\" class=\"elementor-tab-content elementor-clearfix\" data-tab=\"3\" role=\"tabpanel\" aria-labelledby=\"elementor-tab-title-2013\" tabindex=\"0\" hidden=\"hidden\"><p>Organizaciones no gubernamentales encargadas del fortalecimiento de pol\u00edticas de Derechos Humanos y pol\u00edticas migratorias. Organizaciones no gubernamentales encargadas del fortalecimiento y formaci\u00f3n de organizaciones propias de los migrantes. Organizaciones no gubernamentales del \u00e1mbito de la educaci\u00f3n no formal. Organizaciones de la sociedad civil, especialmente aquellas conformadas por migrantes. Organizaciones de la sociedad civil con fines culturales (centros culturales, cineclubs, organizaciones barriales). Colectivos interesados en el cine y en la tem\u00e1tica migratoria.<\/p><\/div>\n\t\t\t\t\t\t\t\t\t<div class=\"elementor-tab-title elementor-tab-mobile-title\" aria-selected=\"false\" data-tab=\"4\" role=\"tab\" tabindex=\"-1\" aria-controls=\"elementor-tab-content-2014\" aria-expanded=\"false\">P\u00fablico general<\/div>\n\t\t\t\t\t<div id=\"elementor-tab-content-2014\" class=\"elementor-tab-content elementor-clearfix\" data-tab=\"4\" role=\"tabpanel\" aria-labelledby=\"elementor-tab-title-2014\" tabindex=\"0\" hidden=\"hidden\"><p>P\u00fablico interesado en la cinematograf\u00eda independiente. P\u00fablico general interesado en la tem\u00e1tica migratoria. P\u00fablico asistente a las actividades de CineMigrante y de organizaciones asociadas.<\/p><\/div>\n\t\t\t\t\t\t\t<\/div>\n\t\t<\/div>\n\t\t\t\t<\/div>\n\t\t\t\t<\/div>\n\t\t\t\t<section class=\"elementor-section elementor-inner-section elementor-element elementor-element-3516c8a3 elementor-hidden-desktop elementor-hidden-tablet elementor-hidden-phone elementor-section-boxed elementor-section-height-default elementor-section-height-default\" data-id=\"3516c8a3\" data-element_type=\"section\">\n\t\t\t\t\t\t<div class=\"elementor-container elementor-column-gap-default\">\n\t\t\t\t\t<div class=\"elementor-column elementor-col-100 elementor-inner-column elementor-element elementor-element-64941703\" data-id=\"64941703\" data-element_type=\"column\">\n\t\t\t<div class=\"elementor-widget-wrap\">\n\t\t\t\t\t\t\t<\/div>\n\t\t<\/div>\n\t\t\t\t\t<\/div>\n\t\t<\/section>\n\t\t\t\t<div class=\"elementor-element elementor-element-12efc125 elementor-widget elementor-widget-spacer\" data-id=\"12efc125\" data-element_type=\"widget\" data-widget_type=\"spacer.default\">\n\t\t\t\t<div class=\"elementor-widget-container\">\n\t\t\t\t\t<div class=\"elementor-spacer\">\n\t\t\t<div class=\"elementor-spacer-inner\"><\/div>\n\t\t<\/div>\n\t\t\t\t<\/div>\n\t\t\t\t<\/div>\n\t\t\t\t\t<\/div>\n\t\t<\/div>\n\t\t\t\t\t<\/div>\n\t\t<\/section>\n\t\t\t\t<section class=\"elementor-section elementor-top-section elementor-element elementor-element-4240aa07 elementor-section-height-min-height elementor-section-boxed elementor-section-height-default elementor-section-items-middle\" data-id=\"4240aa07\" data-element_type=\"section\" data-settings=\"{&quot;background_background&quot;:&quot;classic&quot;}\">\n\t\t\t\t\t\t\t<div class=\"elementor-background-overlay\"><\/div>\n\t\t\t\t\t\t\t<div class=\"elementor-container elementor-column-gap-default\">\n\t\t\t\t\t<div class=\"elementor-column elementor-col-100 elementor-top-column elementor-element elementor-element-36608522\" data-id=\"36608522\" data-element_type=\"column\">\n\t\t\t<div class=\"elementor-widget-wrap elementor-element-populated\">\n\t\t\t\t\t\t<section class=\"elementor-section elementor-inner-section elementor-element elementor-element-12d402f2 elementor-section-boxed elementor-section-height-default elementor-section-height-default\" data-id=\"12d402f2\" data-element_type=\"section\">\n\t\t\t\t\t\t<div class=\"elementor-container elementor-column-gap-default\">\n\t\t\t\t\t<div class=\"elementor-column elementor-col-50 elementor-inner-column elementor-element elementor-element-162d0953 animated-slow elementor-invisible\" data-id=\"162d0953\" data-element_type=\"column\" data-settings=\"{&quot;animation&quot;:&quot;fadeInUp&quot;,&quot;animation_mobile&quot;:&quot;none&quot;}\">\n\t\t\t<div class=\"elementor-widget-wrap elementor-element-populated\">\n\t\t\t\t\t\t<div class=\"elementor-element elementor-element-41b21f6 elementor-widget elementor-widget-heading\" data-id=\"41b21f6\" data-element_type=\"widget\" data-widget_type=\"heading.default\">\n\t\t\t\t<div class=\"elementor-widget-container\">\n\t\t\t<h4 class=\"elementor-heading-title elementor-size-default\">NAVEGACI\u00d3N Y B\u00daSQUEDA<\/h4>\t\t<\/div>\n\t\t\t\t<\/div>\n\t\t\t\t<div class=\"elementor-element elementor-element-1bab7c34 elementor-widget elementor-widget-heading\" data-id=\"1bab7c34\" data-element_type=\"widget\" data-widget_type=\"heading.default\">\n\t\t\t\t<div class=\"elementor-widget-container\">\n\t\t\t<p class=\"elementor-heading-title elementor-size-default\">Conoc\u00e9 c\u00f3mo organizamos y clasificamos el material de la mediateca.<\/p>\t\t<\/div>\n\t\t\t\t<\/div>\n\t\t\t\t\t<\/div>\n\t\t<\/div>\n\t\t\t\t<div class=\"elementor-column elementor-col-50 elementor-inner-column elementor-element elementor-element-2fb8707d\" data-id=\"2fb8707d\" data-element_type=\"column\">\n\t\t\t<div class=\"elementor-widget-wrap elementor-element-populated\">\n\t\t\t\t\t\t<div class=\"elementor-element elementor-element-168672e4 elementor-align-right individual animated-slow elementor-invisible elementor-widget elementor-widget-button\" data-id=\"168672e4\" data-element_type=\"widget\" data-settings=\"{&quot;_animation&quot;:&quot;fadeInUp&quot;,&quot;_animation_delay&quot;:500}\" data-widget_type=\"button.default\">\n\t\t\t\t<div class=\"elementor-widget-container\">\n\t\t\t\t\t<div class=\"elementor-button-wrapper\">\n\t\t\t<a class=\"elementor-button elementor-button-link elementor-size-sm\" href=\"https:\/\/cinemigrante.org\/mediateca\/navegacion-y-busqueda\/\">\n\t\t\t\t\t\t<span class=\"elementor-button-content-wrapper\">\n\t\t\t\t\t\t\t\t\t<span class=\"elementor-button-text\">LEER M\u00c1S<\/span>\n\t\t\t\t\t<\/span>\n\t\t\t\t\t<\/a>\n\t\t<\/div>\n\t\t\t\t<\/div>\n\t\t\t\t<\/div>\n\t\t\t\t\t<\/div>\n\t\t<\/div>\n\t\t\t\t\t<\/div>\n\t\t<\/section>\n\t\t\t\t\t<\/div>\n\t\t<\/div>\n\t\t\t\t\t<\/div>\n\t\t<\/section>\n\t\t\t\t<\/div>\n\t\t","protected":false},"excerpt":{"rendered":"<p>sobre la mediateca Mediateca CineMigrante EIDAES-UNSAM La Mediateca CineMigrante se propone generar acceso y difusi\u00f3n masiva de sus documentos audiovisuales a los fines de colaborar de modo diferencial en los procesos de creaci\u00f3n, conocimiento y saberes sensibles sobre la movilidad. Entendemos que la producci\u00f3n audiovisual contempor\u00e1nea se conforma como un archivo necesario a incorporar en &hellip; <\/p>\n<p class=\"link-more\"><a href=\"https:\/\/cinemigrante.org\/mediateca\/sobre-la-mediateca\/\" class=\"more-link\">Continue reading<span class=\"screen-reader-text\"> &#8220;Sobre la mediateca&#8221;<\/span><\/a><\/p>\n","protected":false},"author":8,"featured_media":0,"parent":0,"menu_order":0,"comment_status":"closed","ping_status":"closed","template":"elementor_header_footer","meta":{"_acf_changed":false,"footnotes":""},"class_list":["post-9462","page","type-page","status-publish","hentry"],"acf":[],"_links":{"self":[{"href":"https:\/\/cinemigrante.org\/mediateca\/wp-json\/wp\/v2\/pages\/9462"}],"collection":[{"href":"https:\/\/cinemigrante.org\/mediateca\/wp-json\/wp\/v2\/pages"}],"about":[{"href":"https:\/\/cinemigrante.org\/mediateca\/wp-json\/wp\/v2\/types\/page"}],"author":[{"embeddable":true,"href":"https:\/\/cinemigrante.org\/mediateca\/wp-json\/wp\/v2\/users\/8"}],"replies":[{"embeddable":true,"href":"https:\/\/cinemigrante.org\/mediateca\/wp-json\/wp\/v2\/comments?post=9462"}],"version-history":[{"count":3,"href":"https:\/\/cinemigrante.org\/mediateca\/wp-json\/wp\/v2\/pages\/9462\/revisions"}],"predecessor-version":[{"id":17805,"href":"https:\/\/cinemigrante.org\/mediateca\/wp-json\/wp\/v2\/pages\/9462\/revisions\/17805"}],"wp:attachment":[{"href":"https:\/\/cinemigrante.org\/mediateca\/wp-json\/wp\/v2\/media?parent=9462"}],"curies":[{"name":"wp","href":"https:\/\/api.w.org\/{rel}","templated":true}]}}