






{"id":9318,"date":"2022-01-25T20:51:53","date_gmt":"2022-01-25T23:51:53","guid":{"rendered":"http:\/\/cinemigrante.com\/ediciones-anteriores\/2021\/?page_id=9318"},"modified":"2022-02-06T09:51:03","modified_gmt":"2022-02-06T12:51:03","slug":"staff","status":"publish","type":"page","link":"https:\/\/cinemigrante.org\/ediciones-anteriores\/12-edicion\/staff","title":{"rendered":"Staff"},"content":{"rendered":"\t\t<div data-elementor-type=\"wp-page\" data-elementor-id=\"9318\" class=\"elementor elementor-9318\">\n\t\t\t\t\t\t<section class=\"elementor-section elementor-top-section elementor-element elementor-element-6cb5ff9a elementor-section-boxed elementor-section-height-default elementor-section-height-default\" data-id=\"6cb5ff9a\" data-element_type=\"section\" data-settings=\"{&quot;background_background&quot;:&quot;classic&quot;}\">\n\t\t\t\t\t\t\t<div class=\"elementor-background-overlay\"><\/div>\n\t\t\t\t\t\t\t<div class=\"elementor-container elementor-column-gap-default\">\n\t\t\t\t\t<div class=\"elementor-column elementor-col-100 elementor-top-column elementor-element elementor-element-29d1a2b6\" data-id=\"29d1a2b6\" data-element_type=\"column\" data-settings=\"{&quot;background_background&quot;:&quot;classic&quot;}\">\n\t\t\t<div class=\"elementor-widget-wrap elementor-element-populated\">\n\t\t\t\t\t\t<div class=\"elementor-element elementor-element-2515883d elementor-widget elementor-widget-heading\" data-id=\"2515883d\" data-element_type=\"widget\" data-widget_type=\"heading.default\">\n\t\t\t\t<div class=\"elementor-widget-container\">\n\t\t\t<style>\/*! elementor - v3.23.0 - 15-07-2024 *\/\n.elementor-heading-title{padding:0;margin:0;line-height:1}.elementor-widget-heading .elementor-heading-title[class*=elementor-size-]>a{color:inherit;font-size:inherit;line-height:inherit}.elementor-widget-heading .elementor-heading-title.elementor-size-small{font-size:15px}.elementor-widget-heading .elementor-heading-title.elementor-size-medium{font-size:19px}.elementor-widget-heading .elementor-heading-title.elementor-size-large{font-size:29px}.elementor-widget-heading .elementor-heading-title.elementor-size-xl{font-size:39px}.elementor-widget-heading .elementor-heading-title.elementor-size-xxl{font-size:59px}<\/style><h2 class=\"elementor-heading-title elementor-size-default\">Staff<\/h2>\t\t<\/div>\n\t\t\t\t<\/div>\n\t\t\t\t<div class=\"elementor-element elementor-element-7088e794 eael-team-align-left historico-honor  elementor-widget elementor-widget-eael-team-member\" data-id=\"7088e794\" data-element_type=\"widget\" data-widget_type=\"eael-team-member.default\">\n\t\t\t\t<div class=\"elementor-widget-container\">\n\t\t\t\n\n\t<div id=\"eael-team-member-7088e794\" class=\"eael-team-item eael-team-members-simple \">\n\t\t<div class=\"eael-team-item-inner\">\n\t\t\t<div class=\"eael-team-image\">\n\t\t\t\t<figure>\n\t\t\t\t\t<img decoding=\"async\" src=\"https:\/\/cinemigrante.org\/ediciones-anteriores\/wp-content\/uploads\/2022\/02\/florchi-e1534553396621.jpg\" alt=\"\">\n\t\t\t\t<\/figure>\n\t\t\t\t\n\t\t\t\t\n\t\t\t<\/div>\n\n\t\t\t<div class=\"eael-team-content\">\n\t\t\t\t<h2 class=\"eael-team-member-name\">FLORENCIA MAZZADI<\/h2>\n\t\t\t\t<h3 class=\"eael-team-member-position\">Directora y Directora art\u00edstica <\/h3>\n\n\t\t\t\t\t\t\t\t\t\t\t\t\t\t<p class=\"eael-team-text\">Desde el a\u00f1o 2010 dirige el Festival Internacional CineMigrante. Realizando la carrera de Lic. y Profesora en Ense\u00f1anza Media en Historia en la Universidad de Buenos Aires comienza a trabajar de muy joven como curadora y montajista en los Museos de la Ciudad de Buenos Aires. Luego es nombrada coordinadora del Museo Casa Carlos Gardel.\n\nA partir del 2004 comienza a trabajar en cine y hasta el 2010 trabaja en el archivo f\u00edlmico de noticieros del Museo del Cine. Participa en documen\u00adtales como guionista e investigadora en cine y memoria. En el 2009 recibe la beca del Ministerio de Cultura del Gobierno de Espa\u00f1a para la formaci\u00f3n de profesionales iberoamericanos en el Seguimiento de los procesos de tratamiento documental de los fondos de la Filmoteca Espa\u00f1ola. Actualmente, tambi\u00e9n se desempe\u00f1a en proyectos audiovisuales desde lenguajes perform\u00e1ticos, cine experimental y cine expandido. <\/p>\n\t\t\t\t\t\t\t<\/div>\n\t\t<\/div>\n\t<\/div>\n\t\t\t<\/div>\n\t\t\t\t<\/div>\n\t\t\t\t<div class=\"elementor-element elementor-element-475441d6 eael-team-align-left historico-honor  elementor-widget elementor-widget-eael-team-member\" data-id=\"475441d6\" data-element_type=\"widget\" data-widget_type=\"eael-team-member.default\">\n\t\t\t\t<div class=\"elementor-widget-container\">\n\t\t\t\n\n\t<div id=\"eael-team-member-475441d6\" class=\"eael-team-item eael-team-members-simple \">\n\t\t<div class=\"eael-team-item-inner\">\n\t\t\t<div class=\"eael-team-image\">\n\t\t\t\t<figure>\n\t\t\t\t\t<img decoding=\"async\" src=\"https:\/\/cinemigrante.org\/ediciones-anteriores\/wp-content\/uploads\/2022\/02\/sofia-tolosa.jpg\" alt=\"\">\n\t\t\t\t<\/figure>\n\t\t\t\t\n\t\t\t\t\n\t\t\t<\/div>\n\n\t\t\t<div class=\"eael-team-content\">\n\t\t\t\t<h2 class=\"eael-team-member-name\">SOF\u00cdA TOLOSA ORQUERA<\/h2>\n\t\t\t\t<h3 class=\"eael-team-member-position\">Producci\u00f3n General<\/h3>\n\n\t\t\t\t\t\t\t\t\t\t\t\t\t\t<p class=\"eael-team-text\">Fot\u00f3grafa, docente, productora y gestora. Me mueve el aprender y el hacer colectivamente.<\/p>\n\t\t\t\t\t\t\t<\/div>\n\t\t<\/div>\n\t<\/div>\n\t\t\t<\/div>\n\t\t\t\t<\/div>\n\t\t\t\t<div class=\"elementor-element elementor-element-1e98daf eael-team-align-left historico-honor  elementor-widget elementor-widget-eael-team-member\" data-id=\"1e98daf\" data-element_type=\"widget\" data-widget_type=\"eael-team-member.default\">\n\t\t\t\t<div class=\"elementor-widget-container\">\n\t\t\t\n\n\t<div id=\"eael-team-member-1e98daf\" class=\"eael-team-item eael-team-members-simple \">\n\t\t<div class=\"eael-team-item-inner\">\n\t\t\t<div class=\"eael-team-image\">\n\t\t\t\t<figure>\n\t\t\t\t\t<img decoding=\"async\" src=\"https:\/\/cinemigrante.org\/ediciones-anteriores\/wp-content\/uploads\/2022\/02\/juana-sanchez.jpg\" alt=\"\">\n\t\t\t\t<\/figure>\n\t\t\t\t\n\t\t\t\t\n\t\t\t<\/div>\n\n\t\t\t<div class=\"eael-team-content\">\n\t\t\t\t<h2 class=\"eael-team-member-name\">JUANA S\u00c1NCHEZ<\/h2>\n\t\t\t\t<h3 class=\"eael-team-member-position\">Producci\u00f3n general y asistente de direcci\u00f3n<\/h3>\n\n\t\t\t\t\t\t\t\t\t\t\t\t\t\t<p class=\"eael-team-text\">Juana S\u00e1nchez (Bogot\u00e1, Colombia) Desde hace m\u00e1s de 10 a\u00f1os reside en la ciudad de Buenos Aires. Estudi\u00f3 Antropolog\u00eda social y cultural en la Universidad Nacional de San Mart\u00edn y es una fiel creyente de que la imagen es una poderosa herramienta epistemol\u00f3gica que le permite al ser humano una profunda reflexi\u00f3n sobre lo que el mundo que transita. Espera en un futuro pronto poder especializarse en Antropolog\u00eda visual.\n<\/p>\n\t\t\t\t\t\t\t<\/div>\n\t\t<\/div>\n\t<\/div>\n\t\t\t<\/div>\n\t\t\t\t<\/div>\n\t\t\t\t<div class=\"elementor-element elementor-element-5f59d0c9 eael-team-align-left historico-honor  elementor-widget elementor-widget-eael-team-member\" data-id=\"5f59d0c9\" data-element_type=\"widget\" data-widget_type=\"eael-team-member.default\">\n\t\t\t\t<div class=\"elementor-widget-container\">\n\t\t\t\n\n\t<div id=\"eael-team-member-5f59d0c9\" class=\"eael-team-item eael-team-members-simple \">\n\t\t<div class=\"eael-team-item-inner\">\n\t\t\t<div class=\"eael-team-image\">\n\t\t\t\t<figure>\n\t\t\t\t\t<img decoding=\"async\" src=\"https:\/\/cinemigrante.org\/ediciones-anteriores\/wp-content\/uploads\/2022\/02\/tobias-has.jpg\" alt=\"\">\n\t\t\t\t<\/figure>\n\t\t\t\t\n\t\t\t\t\n\t\t\t<\/div>\n\n\t\t\t<div class=\"eael-team-content\">\n\t\t\t\t<h2 class=\"eael-team-member-name\">TOBIAS H\u00c4S<\/h2>\n\t\t\t\t<h3 class=\"eael-team-member-position\">Asistente de producci\u00f3n \/\/ Encargado de t\u00e9cnica<\/h3>\n\n\t\t\t\t\t\t\t\t\t\t\t\t\t\t<p class=\"eael-team-text\">Fot\u00f3grafo, m\u00fasico y poeta. Nacido en Buenos Aires en el a\u00f1o 1991. Se gradu\u00f3 de T\u00e9cnico Operador de Sonido y Grabaci\u00f3n (EMBA) en 2011. Se form\u00f3 en la EMJP Esnaola (2011 \u2013 2015). Produjo un disco de estudio con su banda  Estival en 2015 y se introdujo a la fotograf\u00eda con el arq. Ricardo Palmadessa ese mismo a\u00f1o. Desde el a\u00f1o 2016 cursa la Lic. en Fotograf\u00eda con orientaci\u00f3n autoral (UNSaM) a cargo del maestro Juan Travnik. Acudi\u00f3 a seminarios con Philippe Dubois, Carlos Bosch y Leandro Villar\u00f3 en 2016. Expuso en dos ocasiones en el Centro de Exposiciones de la Universidad Nacional de San Mart\u00edn con las obras \u201cGreenblu\u201d (2016) y \u201cPunta de Parra\u201d y \u201cViaje, Ruta 3.\u201d (2017)\n<\/p>\n\t\t\t\t\t\t\t<\/div>\n\t\t<\/div>\n\t<\/div>\n\t\t\t<\/div>\n\t\t\t\t<\/div>\n\t\t\t\t<div class=\"elementor-element elementor-element-17f02cbe eael-team-align-left historico-honor  elementor-widget elementor-widget-eael-team-member\" data-id=\"17f02cbe\" data-element_type=\"widget\" data-widget_type=\"eael-team-member.default\">\n\t\t\t\t<div class=\"elementor-widget-container\">\n\t\t\t\n\n\t<div id=\"eael-team-member-17f02cbe\" class=\"eael-team-item eael-team-members-simple \">\n\t\t<div class=\"eael-team-item-inner\">\n\t\t\t<div class=\"eael-team-image\">\n\t\t\t\t<figure>\n\t\t\t\t\t<img decoding=\"async\" src=\"https:\/\/cinemigrante.org\/ediciones-anteriores\/wp-content\/uploads\/2022\/02\/lola-romero.jpg\" alt=\"\">\n\t\t\t\t<\/figure>\n\t\t\t\t\n\t\t\t\t\n\t\t\t<\/div>\n\n\t\t\t<div class=\"eael-team-content\">\n\t\t\t\t<h2 class=\"eael-team-member-name\">LOLA ROMERO<\/h2>\n\t\t\t\t<h3 class=\"eael-team-member-position\">Coordinadora de Programaci\u00f3n <\/h3>\n\n\t\t\t\t\t\t\t\t\t\t\t\t\t\t<p class=\"eael-team-text\">Lola Romero (1998, Buenos Aires, Argentina) es estudiante de Direcci\u00f3n de Fotograf\u00eda en la ENERC - INCAA. Estudi\u00f3 Dise\u00f1o de Imagen y Sonido en la UBA (Universidad de Buenos Aires)  y desde 2017 se desempe\u00f1a como vide\u00f3grafa y fot\u00f3grafa freelance y participa del \u00e1rea de fotograf\u00eda en diversas producciones audiovisuales (videoclips, publicidades, cine). Ha trabajado tambi\u00e9n en el \u00e1rea de producci\u00f3n publicitaria.  \n<\/p>\n\t\t\t\t\t\t\t<\/div>\n\t\t<\/div>\n\t<\/div>\n\t\t\t<\/div>\n\t\t\t\t<\/div>\n\t\t\t\t<div class=\"elementor-element elementor-element-6084e16f eael-team-align-left historico-honor  elementor-widget elementor-widget-eael-team-member\" data-id=\"6084e16f\" data-element_type=\"widget\" data-widget_type=\"eael-team-member.default\">\n\t\t\t\t<div class=\"elementor-widget-container\">\n\t\t\t\n\n\t<div id=\"eael-team-member-6084e16f\" class=\"eael-team-item eael-team-members-simple \">\n\t\t<div class=\"eael-team-item-inner\">\n\t\t\t<div class=\"eael-team-image\">\n\t\t\t\t<figure>\n\t\t\t\t\t<img decoding=\"async\" src=\"https:\/\/cinemigrante.org\/ediciones-anteriores\/wp-content\/uploads\/2022\/02\/enzo-galante.jpg\" alt=\"\">\n\t\t\t\t<\/figure>\n\t\t\t\t\n\t\t\t\t\n\t\t\t<\/div>\n\n\t\t\t<div class=\"eael-team-content\">\n\t\t\t\t<h2 class=\"eael-team-member-name\">ENZO GALANTE<\/h2>\n\t\t\t\t<h3 class=\"eael-team-member-position\">Traducci\u00f3n \/ asistente de producci\u00f3n<\/h3>\n\n\t\t\t\t\t\t\t\t\t\t\t\t\t\t<p class=\"eael-team-text\">Nacido en San Juan en 1990. Artista visual, artista marcial y luchador errante. Actualmente reside en Buenos Aires, vivi\u00f3 un tiempo en Ciudad Ju\u00e1rez, transita habitualmente entre San Juan, C\u00f3rdoba y Buenos Aires, entre otros lugares. Desde temprana edad se interesa por la formaci\u00f3n en lenguas e idiomas, le gustar\u00eda llegar a ser pol\u00edglota.\n<\/p>\n\t\t\t\t\t\t\t<\/div>\n\t\t<\/div>\n\t<\/div>\n\t\t\t<\/div>\n\t\t\t\t<\/div>\n\t\t\t\t<div class=\"elementor-element elementor-element-1c4fdb0d eael-team-align-left historico-honor  elementor-widget elementor-widget-eael-team-member\" data-id=\"1c4fdb0d\" data-element_type=\"widget\" data-widget_type=\"eael-team-member.default\">\n\t\t\t\t<div class=\"elementor-widget-container\">\n\t\t\t\n\n\t<div id=\"eael-team-member-1c4fdb0d\" class=\"eael-team-item eael-team-members-simple \">\n\t\t<div class=\"eael-team-item-inner\">\n\t\t\t<div class=\"eael-team-image\">\n\t\t\t\t<figure>\n\t\t\t\t\t<img decoding=\"async\" src=\"https:\/\/cinemigrante.org\/ediciones-anteriores\/wp-content\/uploads\/2022\/02\/pablo-kemerer-1.jpg\" alt=\"\">\n\t\t\t\t<\/figure>\n\t\t\t\t\n\t\t\t\t\n\t\t\t<\/div>\n\n\t\t\t<div class=\"eael-team-content\">\n\t\t\t\t<h2 class=\"eael-team-member-name\">PABLO KEMERER<\/h2>\n\t\t\t\t<h3 class=\"eael-team-member-position\">Traducciones y subtitulado<\/h3>\n\n\t\t\t\t\t\t\t\t\t\t\t\t\t\t<p class=\"eael-team-text\">Con formaci\u00f3n en idiomas y Ciencias en la Computaci\u00f3n, subtitula desde la \u00e9poca en que las traducciones se entregaban escritas a l\u00e1piz y los VHS eran populares. Tambi\u00e9n hizo software de subtitulado en vivo que fue usado en los principales festivales de cine y teatro de la Argentina. Subtitul\u00f3 en la mayor\u00eda de las ediciones del Festival de Mar del Plata, del Bafici, del Festival de Pinamar y del Festival de Teatro. Paralelamente hace software multiplataforma y para m\u00f3viles.<\/p>\n\t\t\t\t\t\t\t<\/div>\n\t\t<\/div>\n\t<\/div>\n\t\t\t<\/div>\n\t\t\t\t<\/div>\n\t\t\t\t<div class=\"elementor-element elementor-element-e052d80 eael-team-align-left historico-honor  elementor-widget elementor-widget-eael-team-member\" data-id=\"e052d80\" data-element_type=\"widget\" data-widget_type=\"eael-team-member.default\">\n\t\t\t\t<div class=\"elementor-widget-container\">\n\t\t\t\n\n\t<div id=\"eael-team-member-e052d80\" class=\"eael-team-item eael-team-members-simple \">\n\t\t<div class=\"eael-team-item-inner\">\n\t\t\t<div class=\"eael-team-image\">\n\t\t\t\t<figure>\n\t\t\t\t\t<img decoding=\"async\" src=\"https:\/\/cinemigrante.org\/ediciones-anteriores\/wp-content\/uploads\/2022\/02\/retro-c.jpg\" alt=\"\">\n\t\t\t\t<\/figure>\n\t\t\t\t\n\t\t\t\t\n\t\t\t<\/div>\n\n\t\t\t<div class=\"eael-team-content\">\n\t\t\t\t<h2 class=\"eael-team-member-name\">CECILIA PAVIOLO<\/h2>\n\t\t\t\t<h3 class=\"eael-team-member-position\">Asistente de producci\u00f3n y comunicaci\u00f3n institucional<\/h3>\n\n\t\t\t\t\t\t\t\t\t\t\t\t\t\t<p class=\"eael-team-text\">...<\/p>\n\t\t\t\t\t\t\t<\/div>\n\t\t<\/div>\n\t<\/div>\n\t\t\t<\/div>\n\t\t\t\t<\/div>\n\t\t\t\t<div class=\"elementor-element elementor-element-1ff78907 eael-team-align-left historico-honor  elementor-widget elementor-widget-eael-team-member\" data-id=\"1ff78907\" data-element_type=\"widget\" data-widget_type=\"eael-team-member.default\">\n\t\t\t\t<div class=\"elementor-widget-container\">\n\t\t\t\n\n\t<div id=\"eael-team-member-1ff78907\" class=\"eael-team-item eael-team-members-simple \">\n\t\t<div class=\"eael-team-item-inner\">\n\t\t\t<div class=\"eael-team-image\">\n\t\t\t\t<figure>\n\t\t\t\t\t<img decoding=\"async\" src=\"https:\/\/cinemigrante.org\/ediciones-anteriores\/wp-content\/uploads\/2022\/02\/mora-garzon.jpg\" alt=\"\">\n\t\t\t\t<\/figure>\n\t\t\t\t\n\t\t\t\t\n\t\t\t<\/div>\n\n\t\t\t<div class=\"eael-team-content\">\n\t\t\t\t<h2 class=\"eael-team-member-name\">MORA GARZ\u00d3N<\/h2>\n\t\t\t\t<h3 class=\"eael-team-member-position\">Asistente de producci\u00f3n<\/h3>\n\n\t\t\t\t\t\t\t\t\t\t\t\t\t\t<p class=\"eael-team-text\">Soy Mora Garz\u00f3n, tengo 21 a\u00f1os, estudio artes audiovisuales y antropolog\u00eda. Me sum\u00e9 al equipo de CineMigrante porque considero que aborda el cine desde una perspectiva compleja, amplia e inc\u00f3moda, ya que quiebra el relato convencional, junto con voces y miradas generalmente soslayadas. Creo que es fundamental generar espacios en los cuales se reflexione mediante el cine, ya que este tiene una gran potencia como herramienta transformadora y pol\u00edtica.\n<\/p>\n\t\t\t\t\t\t\t<\/div>\n\t\t<\/div>\n\t<\/div>\n\t\t\t<\/div>\n\t\t\t\t<\/div>\n\t\t\t\t<div class=\"elementor-element elementor-element-1e85a96a eael-team-align-left historico-honor  elementor-widget elementor-widget-eael-team-member\" data-id=\"1e85a96a\" data-element_type=\"widget\" data-widget_type=\"eael-team-member.default\">\n\t\t\t\t<div class=\"elementor-widget-container\">\n\t\t\t\n\n\t<div id=\"eael-team-member-1e85a96a\" class=\"eael-team-item eael-team-members-simple \">\n\t\t<div class=\"eael-team-item-inner\">\n\t\t\t<div class=\"eael-team-image\">\n\t\t\t\t<figure>\n\t\t\t\t\t<img decoding=\"async\" src=\"https:\/\/cinemigrante.org\/ediciones-anteriores\/wp-content\/uploads\/2022\/02\/violeta-tapia.jpg\" alt=\"\">\n\t\t\t\t<\/figure>\n\t\t\t\t\n\t\t\t\t\n\t\t\t<\/div>\n\n\t\t\t<div class=\"eael-team-content\">\n\t\t\t\t<h2 class=\"eael-team-member-name\">VIOLETA TAPIA<\/h2>\n\t\t\t\t<h3 class=\"eael-team-member-position\">Community Manager<\/h3>\n\n\t\t\t\t\t\t\t\t\t\t\t\t\t\t<p class=\"eael-team-text\">Violeta Tapia es realizadora audiovisual, Community Manager y editora de video.Es estudiante avanzada de la Licenciatura en Artes Audiovisuales, con especializaci\u00f3n en montaje, en la Universidad Nacional de las Artes, y desde 2020 estudia la carrera de Realizaci\u00f3n Cinematogr\u00e1fica en la ENERC.\nComo realizadora audiovisual y montajista\/editora, ha dirigido diversos cortometrajes, entre ellos Nostalgia, que fue seleccionado en 2017 en el Festival Internacional de cine de Hanover (Alemania). En 2019 se encarg\u00f3 de la realizaci\u00f3n audiovisual y edici\u00f3n de \"Mundos Paralelos\", proyecto audiovisual acerca de los or\u00edgenes del tango, beneficiario de Mecenazgo Cultural (Buenos Aires Ciudad).\nTiene amplia experiencia dentro del \u00e1rea de marketing digital, habiendo trabajado como Community Manager y creadora de contenido audiovisual para diversos rubros y empresas como Universidad Austral, Inmobiliaria Romina Casal y la escuela de m\u00fasica InPulso, entre otros.\n<\/p>\n\t\t\t\t\t\t\t<\/div>\n\t\t<\/div>\n\t<\/div>\n\t\t\t<\/div>\n\t\t\t\t<\/div>\n\t\t\t\t\t<\/div>\n\t\t<\/div>\n\t\t\t\t\t<\/div>\n\t\t<\/section>\n\t\t\t\t<\/div>\n\t\t","protected":false},"excerpt":{"rendered":"<p>Staff FLORENCIA MAZZADI Directora y Directora art\u00edstica Desde el a\u00f1o 2010 dirige el Festival Internacional CineMigrante. Realizando la carrera de Lic. y Profesora en Ense\u00f1anza Media en Historia en la &hellip; <\/p>\n<p class=\"link-more\"><a href=\"https:\/\/cinemigrante.org\/ediciones-anteriores\/12-edicion\/staff\" class=\"more-link\">Continue reading<span class=\"screen-reader-text\"> \u00abStaff\u00bb<\/span><\/a><\/p>\n","protected":false},"author":9,"featured_media":0,"parent":13125,"menu_order":0,"comment_status":"closed","ping_status":"closed","template":"elementor_header_footer","meta":{"_acf_changed":false,"footnotes":""},"class_list":["post-9318","page","type-page","status-publish","hentry"],"acf":[],"_links":{"self":[{"href":"https:\/\/cinemigrante.org\/ediciones-anteriores\/wp-json\/wp\/v2\/pages\/9318"}],"collection":[{"href":"https:\/\/cinemigrante.org\/ediciones-anteriores\/wp-json\/wp\/v2\/pages"}],"about":[{"href":"https:\/\/cinemigrante.org\/ediciones-anteriores\/wp-json\/wp\/v2\/types\/page"}],"author":[{"embeddable":true,"href":"https:\/\/cinemigrante.org\/ediciones-anteriores\/wp-json\/wp\/v2\/users\/9"}],"replies":[{"embeddable":true,"href":"https:\/\/cinemigrante.org\/ediciones-anteriores\/wp-json\/wp\/v2\/comments?post=9318"}],"version-history":[{"count":10,"href":"https:\/\/cinemigrante.org\/ediciones-anteriores\/wp-json\/wp\/v2\/pages\/9318\/revisions"}],"predecessor-version":[{"id":14337,"href":"https:\/\/cinemigrante.org\/ediciones-anteriores\/wp-json\/wp\/v2\/pages\/9318\/revisions\/14337"}],"up":[{"embeddable":true,"href":"https:\/\/cinemigrante.org\/ediciones-anteriores\/wp-json\/wp\/v2\/pages\/13125"}],"wp:attachment":[{"href":"https:\/\/cinemigrante.org\/ediciones-anteriores\/wp-json\/wp\/v2\/media?parent=9318"}],"curies":[{"name":"wp","href":"https:\/\/api.w.org\/{rel}","templated":true}]}}