






{"id":19213,"date":"2023-12-28T16:31:49","date_gmt":"2023-12-28T19:31:49","guid":{"rendered":"https:\/\/cinemigrante.org\/ediciones-anteriores\/?page_id=19213"},"modified":"2023-12-28T16:43:53","modified_gmt":"2023-12-28T19:43:53","slug":"premiaciones","status":"publish","type":"page","link":"https:\/\/cinemigrante.org\/ediciones-anteriores\/14-edicion\/premiaciones","title":{"rendered":"Premiaciones"},"content":{"rendered":"\t\t<div data-elementor-type=\"wp-page\" data-elementor-id=\"19213\" class=\"elementor elementor-19213\">\n\t\t\t\t\t\t<section class=\"elementor-section elementor-top-section elementor-element elementor-element-352c9046 elementor-section-boxed elementor-section-height-default elementor-section-height-default\" data-id=\"352c9046\" data-element_type=\"section\" data-settings=\"{&quot;background_background&quot;:&quot;classic&quot;}\">\n\t\t\t\t\t\t\t<div class=\"elementor-background-overlay\"><\/div>\n\t\t\t\t\t\t\t<div class=\"elementor-container elementor-column-gap-default\">\n\t\t\t\t\t<div class=\"elementor-column elementor-col-100 elementor-top-column elementor-element elementor-element-15d67554\" data-id=\"15d67554\" data-element_type=\"column\" data-settings=\"{&quot;background_background&quot;:&quot;classic&quot;}\">\n\t\t\t<div class=\"elementor-widget-wrap elementor-element-populated\">\n\t\t\t\t\t\t<div class=\"elementor-element elementor-element-6ea2d7c7 elementor-widget elementor-widget-heading\" data-id=\"6ea2d7c7\" data-element_type=\"widget\" data-widget_type=\"heading.default\">\n\t\t\t\t<div class=\"elementor-widget-container\">\n\t\t\t<style>\/*! elementor - v3.23.0 - 15-07-2024 *\/\n.elementor-heading-title{padding:0;margin:0;line-height:1}.elementor-widget-heading .elementor-heading-title[class*=elementor-size-]>a{color:inherit;font-size:inherit;line-height:inherit}.elementor-widget-heading .elementor-heading-title.elementor-size-small{font-size:15px}.elementor-widget-heading .elementor-heading-title.elementor-size-medium{font-size:19px}.elementor-widget-heading .elementor-heading-title.elementor-size-large{font-size:29px}.elementor-widget-heading .elementor-heading-title.elementor-size-xl{font-size:39px}.elementor-widget-heading .elementor-heading-title.elementor-size-xxl{font-size:59px}<\/style><h2 class=\"elementor-heading-title elementor-size-default\">Premiaciones<\/h2>\t\t<\/div>\n\t\t\t\t<\/div>\n\t\t<div class=\"elementor-element elementor-element-41c255b e-con-full e-flex e-con e-parent\" data-id=\"41c255b\" data-element_type=\"container\">\n\t\t<div class=\"elementor-element elementor-element-40854d9 caja-sombra e-con-full e-flex e-con e-child\" data-id=\"40854d9\" data-element_type=\"container\">\n\t\t\t\t<div class=\"elementor-element elementor-element-4087895 historico-premios eael-team-align-centered elementor-widget elementor-widget-eael-team-member\" data-id=\"4087895\" data-element_type=\"widget\" data-widget_type=\"eael-team-member.default\">\n\t\t\t\t<div class=\"elementor-widget-container\">\n\t\t\t\n\n\t<div id=\"eael-team-member-4087895\" class=\"eael-team-item eael-team-members-simple \">\n\t\t<div class=\"eael-team-item-inner\">\n\t\t\t<div class=\"eael-team-image\">\n\t\t\t\t<figure>\n\t\t\t\t\t<img decoding=\"async\" src=\"https:\/\/cinemigrante.org\/ediciones-anteriores\/wp-content\/uploads\/2023\/09\/mensaje-urgente-desde-el-sur.webp\" alt=\"\">\n\t\t\t\t<\/figure>\n\t\t\t\t\n\t\t\t\t\n\t\t\t<\/div>\n\n\t\t\t<div class=\"eael-team-content\">\n\t\t\t\t<h2 class=\"eael-team-member-name\">Mejor cortometraje<br>competencia argentina<\/h2>\n\t\t\t\t<h3 class=\"eael-team-member-position\">14\u00ba EDICI\u00d3N<\/h3>\n\n\t\t\t\t\t\t\t\t\t\t\t\t\t\t\t<ul class=\"eael-team-member-social-profiles\">\n\t\t\t\t\t\t\t\t\t\t\t\t\t\t\t\t\t\t\t\t\t\t\t\t\t\t\t\t\t\t\t\t\t\t\t\t\t\t\t\t\t<li class=\"eael-team-member-social-link\">\n\t\t\t\t\t\t\t\t\t\t<a target=\"_blank\">\n\t\t\t\t\t\t\t\t\t\t\t\t\t\t\t\t\t\t\t\t\t\t\t\t\t\t\t\t\t\t\t\t\t\t\t\t<img decoding=\"async\" src=\"https:\/\/cinemigrante.org\/ediciones-anteriores\/wp-content\/uploads\/2022\/02\/laureles-02.svg\" alt=\"\" \/>\n\t\t\t\t\t\t\t\t\t\t\t\t\t\t\t\t\t\t\t\t\t\t\t\t\t\t\t\t\t\t\t\t\t<\/a>\n\t\t\t\t\t\t\t\t\t<\/li>\n\t\t\t\t\t\t\t\t\t\t\t\t\t\t\t\t\t\t\t\t\t<\/ul>\n\t\t\t\t\t\t\t\t\t\t<p class=\"eael-team-text\"><span class=\"historico-premios-p\">1\u00ba Premio<\/span><br>\nMENSAJE URGENTE DESDE EL SUR ACERCA DE UNA INVASI\u00d3N INMINENTE<\/p>\n\t\t\t\t\t\t\t<\/div>\n\t\t<\/div>\n\t<\/div>\n\t\t\t<\/div>\n\t\t\t\t<\/div>\n\t\t\t\t<div class=\"elementor-element elementor-element-2dbe0e5 elementor-widget elementor-widget-heading\" data-id=\"2dbe0e5\" data-element_type=\"widget\" data-widget_type=\"heading.default\">\n\t\t\t\t<div class=\"elementor-widget-container\">\n\t\t\t<p class=\"elementor-heading-title elementor-size-default\"><b>Fundamentaci\u00f3n:<\/b> Este cortometraje retoma las pujas entre ricos y pobres, norte y sur, el poder del establishment y las expresiones de resistencia al mismo al denunciar la forma poderosa de colonizaci\u00f3n que se manifiesta en los procesos de gentrificaci\u00f3n que sufren \u00e1reas de grandes ciudades cuando sus habitantes son desplazados y se eliminan sus sistemas de representaci\u00f3n y construcci\u00f3n de identidad, para imponer brutalmente una cultura ajena mediante edificaciones funcionales al sistema.<\/p>\t\t<\/div>\n\t\t\t\t<\/div>\n\t\t\t\t<div class=\"elementor-element elementor-element-ea16dd0 elementor-widget elementor-widget-heading\" data-id=\"ea16dd0\" data-element_type=\"widget\" data-widget_type=\"heading.default\">\n\t\t\t\t<div class=\"elementor-widget-container\">\n\t\t\t<p class=\"elementor-heading-title elementor-size-default\"><b>JURADO<\/b>: Cine.ar<\/p>\t\t<\/div>\n\t\t\t\t<\/div>\n\t\t\t\t<\/div>\n\t\t<div class=\"elementor-element elementor-element-dbe04ba caja-sombra e-con-full e-flex e-con e-child\" data-id=\"dbe04ba\" data-element_type=\"container\">\n\t\t\t\t<div class=\"elementor-element elementor-element-b74ab85 historico-premios eael-team-align-centered elementor-widget elementor-widget-eael-team-member\" data-id=\"b74ab85\" data-element_type=\"widget\" data-widget_type=\"eael-team-member.default\">\n\t\t\t\t<div class=\"elementor-widget-container\">\n\t\t\t\n\n\t<div id=\"eael-team-member-b74ab85\" class=\"eael-team-item eael-team-members-simple \">\n\t\t<div class=\"eael-team-item-inner\">\n\t\t\t<div class=\"eael-team-image\">\n\t\t\t\t<figure>\n\t\t\t\t\t<img decoding=\"async\" src=\"https:\/\/cinemigrante.org\/ediciones-anteriores\/wp-content\/uploads\/2023\/09\/gambote.webp\" alt=\"\">\n\t\t\t\t<\/figure>\n\t\t\t\t\n\t\t\t\t\n\t\t\t<\/div>\n\n\t\t\t<div class=\"eael-team-content\">\n\t\t\t\t<h2 class=\"eael-team-member-name\">Mejor cortometraje<br>competencia argentina<\/h2>\n\t\t\t\t<h3 class=\"eael-team-member-position\">14\u00ba EDICI\u00d3N<\/h3>\n\n\t\t\t\t\t\t\t\t\t\t\t\t\t\t\t<ul class=\"eael-team-member-social-profiles\">\n\t\t\t\t\t\t\t\t\t\t\t\t\t\t\t\t\t\t\t\t\t\t\t\t\t\t\t\t\t\t\t\t\t\t\t\t\t\t\t\t\t<li class=\"eael-team-member-social-link\">\n\t\t\t\t\t\t\t\t\t\t<a target=\"_blank\">\n\t\t\t\t\t\t\t\t\t\t\t\t\t\t\t\t\t\t\t\t\t\t\t\t\t\t\t\t\t\t\t\t\t\t\t\t<img decoding=\"async\" src=\"https:\/\/cinemigrante.org\/ediciones-anteriores\/wp-content\/uploads\/2022\/02\/laureles-02.svg\" alt=\"\" \/>\n\t\t\t\t\t\t\t\t\t\t\t\t\t\t\t\t\t\t\t\t\t\t\t\t\t\t\t\t\t\t\t\t\t<\/a>\n\t\t\t\t\t\t\t\t\t<\/li>\n\t\t\t\t\t\t\t\t\t\t\t\t\t\t\t\t\t\t\t\t\t<\/ul>\n\t\t\t\t\t\t\t\t\t\t<p class=\"eael-team-text\"><span class=\"historico-premios-p\">Menci\u00f3n de Honor<\/span><br>\nGAMBOTE<\/p>\n\t\t\t\t\t\t\t<\/div>\n\t\t<\/div>\n\t<\/div>\n\t\t\t<\/div>\n\t\t\t\t<\/div>\n\t\t\t\t<div class=\"elementor-element elementor-element-2683369 elementor-widget elementor-widget-heading\" data-id=\"2683369\" data-element_type=\"widget\" data-widget_type=\"heading.default\">\n\t\t\t\t<div class=\"elementor-widget-container\">\n\t\t\t<p class=\"elementor-heading-title elementor-size-default\"><b>Fundamentaci\u00f3n:<\/b> Este cortometraje retrata a una pareja de productores de ladrillos artesanales con un estilo observacional, mostrando detalladamente la rutina diaria de tareas propias de este oficio antiguo y tradicional con sus t\u00e9cnicas y riesgos propios, pero tambi\u00e9n permiti\u00e9ndonos contemplar el v\u00ednculo \u00edntimo que tienen mediante di\u00e1logos y reflexiones, invitando a reflexionar sobre el valor de los saberes que subyacen a esas pr\u00e1cticas y rol predominante de la mujer.<\/p>\t\t<\/div>\n\t\t\t\t<\/div>\n\t\t\t\t<div class=\"elementor-element elementor-element-a9e2b07 elementor-widget elementor-widget-heading\" data-id=\"a9e2b07\" data-element_type=\"widget\" data-widget_type=\"heading.default\">\n\t\t\t\t<div class=\"elementor-widget-container\">\n\t\t\t<p class=\"elementor-heading-title elementor-size-default\"><b>JURADO<\/b>: Cine.ar<\/p>\t\t<\/div>\n\t\t\t\t<\/div>\n\t\t\t\t<\/div>\n\t\t\t\t<\/div>\n\t\t\t\t\t<\/div>\n\t\t<\/div>\n\t\t\t\t\t<\/div>\n\t\t<\/section>\n\t\t\t\t<\/div>\n\t\t","protected":false},"excerpt":{"rendered":"<p>Premiaciones Mejor cortometrajecompetencia argentina 14\u00ba EDICI\u00d3N 1\u00ba Premio MENSAJE URGENTE DESDE EL SUR ACERCA DE UNA INVASI\u00d3N INMINENTE Fundamentaci\u00f3n: Este cortometraje retoma las pujas entre ricos y pobres, norte y &hellip; <\/p>\n<p class=\"link-more\"><a href=\"https:\/\/cinemigrante.org\/ediciones-anteriores\/14-edicion\/premiaciones\" class=\"more-link\">Continue reading<span class=\"screen-reader-text\"> \u00abPremiaciones\u00bb<\/span><\/a><\/p>\n","protected":false},"author":9,"featured_media":0,"parent":19016,"menu_order":0,"comment_status":"closed","ping_status":"closed","template":"elementor_header_footer","meta":{"_acf_changed":false,"footnotes":""},"class_list":["post-19213","page","type-page","status-publish","hentry"],"acf":[],"_links":{"self":[{"href":"https:\/\/cinemigrante.org\/ediciones-anteriores\/wp-json\/wp\/v2\/pages\/19213"}],"collection":[{"href":"https:\/\/cinemigrante.org\/ediciones-anteriores\/wp-json\/wp\/v2\/pages"}],"about":[{"href":"https:\/\/cinemigrante.org\/ediciones-anteriores\/wp-json\/wp\/v2\/types\/page"}],"author":[{"embeddable":true,"href":"https:\/\/cinemigrante.org\/ediciones-anteriores\/wp-json\/wp\/v2\/users\/9"}],"replies":[{"embeddable":true,"href":"https:\/\/cinemigrante.org\/ediciones-anteriores\/wp-json\/wp\/v2\/comments?post=19213"}],"version-history":[{"count":7,"href":"https:\/\/cinemigrante.org\/ediciones-anteriores\/wp-json\/wp\/v2\/pages\/19213\/revisions"}],"predecessor-version":[{"id":19220,"href":"https:\/\/cinemigrante.org\/ediciones-anteriores\/wp-json\/wp\/v2\/pages\/19213\/revisions\/19220"}],"up":[{"embeddable":true,"href":"https:\/\/cinemigrante.org\/ediciones-anteriores\/wp-json\/wp\/v2\/pages\/19016"}],"wp:attachment":[{"href":"https:\/\/cinemigrante.org\/ediciones-anteriores\/wp-json\/wp\/v2\/media?parent=19213"}],"curies":[{"name":"wp","href":"https:\/\/api.w.org\/{rel}","templated":true}]}}