






{"id":16787,"date":"2022-04-19T17:28:32","date_gmt":"2022-04-19T20:28:32","guid":{"rendered":"https:\/\/cinemigrante.org\/ediciones-anteriores\/?page_id=16787"},"modified":"2022-04-19T17:33:29","modified_gmt":"2022-04-19T20:33:29","slug":"intervenciones","status":"publish","type":"page","link":"https:\/\/cinemigrante.org\/ediciones-anteriores\/5-edicion\/intervenciones","title":{"rendered":"Intervenciones"},"content":{"rendered":"\t\t<div data-elementor-type=\"wp-page\" data-elementor-id=\"16787\" class=\"elementor elementor-16787\">\n\t\t\t\t\t\t<section class=\"elementor-section elementor-top-section elementor-element elementor-element-9e4ffc4 elementor-section-boxed elementor-section-height-default elementor-section-height-default\" data-id=\"9e4ffc4\" data-element_type=\"section\" data-settings=\"{&quot;background_background&quot;:&quot;classic&quot;}\">\n\t\t\t\t\t\t\t<div class=\"elementor-background-overlay\"><\/div>\n\t\t\t\t\t\t\t<div class=\"elementor-container elementor-column-gap-default\">\n\t\t\t\t\t<div class=\"elementor-column elementor-col-100 elementor-top-column elementor-element elementor-element-76da396\" data-id=\"76da396\" data-element_type=\"column\" data-settings=\"{&quot;background_background&quot;:&quot;classic&quot;}\">\n\t\t\t<div class=\"elementor-widget-wrap elementor-element-populated\">\n\t\t\t\t\t\t<div class=\"elementor-element elementor-element-2174cf0f elementor-widget elementor-widget-heading\" data-id=\"2174cf0f\" data-element_type=\"widget\" data-widget_type=\"heading.default\">\n\t\t\t\t<div class=\"elementor-widget-container\">\n\t\t\t<style>\/*! elementor - v3.23.0 - 15-07-2024 *\/\n.elementor-heading-title{padding:0;margin:0;line-height:1}.elementor-widget-heading .elementor-heading-title[class*=elementor-size-]>a{color:inherit;font-size:inherit;line-height:inherit}.elementor-widget-heading .elementor-heading-title.elementor-size-small{font-size:15px}.elementor-widget-heading .elementor-heading-title.elementor-size-medium{font-size:19px}.elementor-widget-heading .elementor-heading-title.elementor-size-large{font-size:29px}.elementor-widget-heading .elementor-heading-title.elementor-size-xl{font-size:39px}.elementor-widget-heading .elementor-heading-title.elementor-size-xxl{font-size:59px}<\/style><h2 class=\"elementor-heading-title elementor-size-default\">Intervenciones<\/h2>\t\t<\/div>\n\t\t\t\t<\/div>\n\t\t\t\t<div class=\"elementor-element elementor-element-40ebbb9 elementor-widget elementor-widget-heading\" data-id=\"40ebbb9\" data-element_type=\"widget\" data-widget_type=\"heading.default\">\n\t\t\t\t<div class=\"elementor-widget-container\">\n\t\t\t<p class=\"elementor-heading-title elementor-size-default\"><b>2014. 5\u00b0 Edici\u00f3n de CineMigrante<br><\/b><br><b>CineMigrante<\/b> no s\u00f3lo se presenta en las salas de cine sino que cada a\u00f1o realiza intervenciones art\u00edsticas en los espacios p\u00fablicos porque sostenemos que la creaci\u00f3n art\u00edstica y la reflexi\u00f3n constituyen parte fundamental de los procesos democr\u00e1ticos de inclusi\u00f3n e igualdad. Es por ello que la intervenci\u00f3n transforma a \u00e9stos en territorios de reconstrucci\u00f3n constante, de participaci\u00f3n y de urgente inclusi\u00f3n.<br><br>El arte callejero hoy en Am\u00e9rica Latina se encuentra en expansi\u00f3n y desarrollo de la mano de una nueva generaci\u00f3n de artistas j\u00f3venes. M\u00e9xico, Colombia, Chile, Brasil y Argentina son exponentes del nuevo arte urbano.<br><br>La <b>5\u00b0 edici\u00f3n<\/b> del Festival CineMigrante tendr\u00e1 lugar este a\u00f1o del 7 al 15 de octubre y <b>se realizar\u00e1 una intervenci\u00f3n espec\u00edfica en 5 muros de la ciudad de Buenos Aires<\/b> basada en los conceptos de la libertad, la identidad, l\u00edmites y fronteras. Las intervenciones estar\u00e1n a cargo de <b>Stinkfish<\/b> (Colombia) y <b>Mazatl<\/b> (M\u00e9xico).<br><br>Los  artistas a su vez dictar\u00e1n el <b>Taller de Intervenciones Urbanas<\/b> para los ganadores del <b>Concurso de Arte Urbano \u201cMovernos y habitar otros territorios. Migraci\u00f3n e Integraci\u00f3n\u201d<\/b> donde se seleccionar\u00e1 unx artistx de cada provincia de Argentina, quienes vendr\u00e1n a Buenos Aires para realizar las intervenciones devenidas de un proceso creativo colectivo con el objetivo de conformar los espacios que se habitan cotidianamente en espacios de construcci\u00f3n de ciudadan\u00eda y de encuentro social en pos de una redefinici\u00f3n de nuestra identidad. El Concurso de Arte Urbano est\u00e1 organizado en junto al <b>Ministerio de Cultura, la Secretar\u00eda de Derechos Humanos y la Subsecretar\u00eda de Juventud.<\/b><\/p>\t\t<\/div>\n\t\t\t\t<\/div>\n\t\t\t\t<div class=\"elementor-element elementor-element-dc06370 elementor-widget elementor-widget-video\" data-id=\"dc06370\" data-element_type=\"widget\" data-settings=\"{&quot;video_type&quot;:&quot;vimeo&quot;}\" data-widget_type=\"video.default\">\n\t\t\t\t<div class=\"elementor-widget-container\">\n\t\t\t<style>\/*! elementor - v3.23.0 - 15-07-2024 *\/\n.elementor-widget-video .elementor-widget-container{overflow:hidden;transform:translateZ(0)}.elementor-widget-video .elementor-wrapper{aspect-ratio:var(--video-aspect-ratio)}.elementor-widget-video .elementor-wrapper iframe,.elementor-widget-video .elementor-wrapper video{height:100%;width:100%;display:flex;border:none;background-color:#000}@supports not (aspect-ratio:1\/1){.elementor-widget-video .elementor-wrapper{position:relative;overflow:hidden;height:0;padding-bottom:calc(100% \/ var(--video-aspect-ratio))}.elementor-widget-video .elementor-wrapper iframe,.elementor-widget-video .elementor-wrapper video{position:absolute;top:0;right:0;bottom:0;left:0}}.elementor-widget-video .elementor-open-inline .elementor-custom-embed-image-overlay{position:absolute;top:0;right:0;bottom:0;left:0;background-size:cover;background-position:50%}.elementor-widget-video .elementor-custom-embed-image-overlay{cursor:pointer;text-align:center}.elementor-widget-video .elementor-custom-embed-image-overlay:hover .elementor-custom-embed-play i{opacity:1}.elementor-widget-video .elementor-custom-embed-image-overlay img{display:block;width:100%;aspect-ratio:var(--video-aspect-ratio);-o-object-fit:cover;object-fit:cover;-o-object-position:center center;object-position:center center}@supports not (aspect-ratio:1\/1){.elementor-widget-video .elementor-custom-embed-image-overlay{position:relative;overflow:hidden;height:0;padding-bottom:calc(100% \/ var(--video-aspect-ratio))}.elementor-widget-video .elementor-custom-embed-image-overlay img{position:absolute;top:0;right:0;bottom:0;left:0}}.elementor-widget-video .e-hosted-video .elementor-video{-o-object-fit:cover;object-fit:cover}.e-con-inner>.elementor-widget-video,.e-con>.elementor-widget-video{width:var(--container-widget-width);--flex-grow:var(--container-widget-flex-grow)}<\/style>\t\t<div class=\"elementor-wrapper elementor-open-inline\">\n\t\t\t<iframe class=\"elementor-video-iframe\" allowfullscreen allow=\"clipboard-write\" title=\"Reproductor de v\u00eddeo vimeo\" src=\"https:\/\/player.vimeo.com\/video\/108219324?color&amp;autopause=0&amp;loop=0&amp;muted=0&amp;title=1&amp;portrait=1&amp;byline=1#t=\"><\/iframe>\t\t<\/div>\n\t\t\t\t<\/div>\n\t\t\t\t<\/div>\n\t\t\t\t\t<\/div>\n\t\t<\/div>\n\t\t\t\t\t<\/div>\n\t\t<\/section>\n\t\t\t\t<\/div>\n\t\t","protected":false},"excerpt":{"rendered":"<p>Intervenciones 2014. 5\u00b0 Edici\u00f3n de CineMigranteCineMigrante no s\u00f3lo se presenta en las salas de cine sino que cada a\u00f1o realiza intervenciones art\u00edsticas en los espacios p\u00fablicos porque sostenemos que la &hellip; <\/p>\n<p class=\"link-more\"><a href=\"https:\/\/cinemigrante.org\/ediciones-anteriores\/5-edicion\/intervenciones\" class=\"more-link\">Continue reading<span class=\"screen-reader-text\"> \u00abIntervenciones\u00bb<\/span><\/a><\/p>\n","protected":false},"author":9,"featured_media":0,"parent":15443,"menu_order":0,"comment_status":"closed","ping_status":"closed","template":"elementor_header_footer","meta":{"_acf_changed":false,"footnotes":""},"class_list":["post-16787","page","type-page","status-publish","hentry"],"acf":[],"_links":{"self":[{"href":"https:\/\/cinemigrante.org\/ediciones-anteriores\/wp-json\/wp\/v2\/pages\/16787"}],"collection":[{"href":"https:\/\/cinemigrante.org\/ediciones-anteriores\/wp-json\/wp\/v2\/pages"}],"about":[{"href":"https:\/\/cinemigrante.org\/ediciones-anteriores\/wp-json\/wp\/v2\/types\/page"}],"author":[{"embeddable":true,"href":"https:\/\/cinemigrante.org\/ediciones-anteriores\/wp-json\/wp\/v2\/users\/9"}],"replies":[{"embeddable":true,"href":"https:\/\/cinemigrante.org\/ediciones-anteriores\/wp-json\/wp\/v2\/comments?post=16787"}],"version-history":[{"count":4,"href":"https:\/\/cinemigrante.org\/ediciones-anteriores\/wp-json\/wp\/v2\/pages\/16787\/revisions"}],"predecessor-version":[{"id":16792,"href":"https:\/\/cinemigrante.org\/ediciones-anteriores\/wp-json\/wp\/v2\/pages\/16787\/revisions\/16792"}],"up":[{"embeddable":true,"href":"https:\/\/cinemigrante.org\/ediciones-anteriores\/wp-json\/wp\/v2\/pages\/15443"}],"wp:attachment":[{"href":"https:\/\/cinemigrante.org\/ediciones-anteriores\/wp-json\/wp\/v2\/media?parent=16787"}],"curies":[{"name":"wp","href":"https:\/\/api.w.org\/{rel}","templated":true}]}}