






{"id":16785,"date":"2022-04-19T17:27:21","date_gmt":"2022-04-19T20:27:21","guid":{"rendered":"https:\/\/cinemigrante.org\/ediciones-anteriores\/?page_id=16785"},"modified":"2022-04-19T17:35:06","modified_gmt":"2022-04-19T20:35:06","slug":"intervenciones","status":"publish","type":"page","link":"https:\/\/cinemigrante.org\/ediciones-anteriores\/4-edicion\/intervenciones","title":{"rendered":"Intervenciones"},"content":{"rendered":"\t\t<div data-elementor-type=\"wp-page\" data-elementor-id=\"16785\" class=\"elementor elementor-16785\">\n\t\t\t\t\t\t<section class=\"elementor-section elementor-top-section elementor-element elementor-element-352c9046 elementor-section-boxed elementor-section-height-default elementor-section-height-default\" data-id=\"352c9046\" data-element_type=\"section\" data-settings=\"{&quot;background_background&quot;:&quot;classic&quot;}\">\n\t\t\t\t\t\t\t<div class=\"elementor-background-overlay\"><\/div>\n\t\t\t\t\t\t\t<div class=\"elementor-container elementor-column-gap-default\">\n\t\t\t\t\t<div class=\"elementor-column elementor-col-100 elementor-top-column elementor-element elementor-element-3faffb9\" data-id=\"3faffb9\" data-element_type=\"column\" data-settings=\"{&quot;background_background&quot;:&quot;classic&quot;}\">\n\t\t\t<div class=\"elementor-widget-wrap elementor-element-populated\">\n\t\t\t\t\t\t<div class=\"elementor-element elementor-element-cf34abc elementor-widget elementor-widget-heading\" data-id=\"cf34abc\" data-element_type=\"widget\" data-widget_type=\"heading.default\">\n\t\t\t\t<div class=\"elementor-widget-container\">\n\t\t\t<style>\/*! elementor - v3.23.0 - 15-07-2024 *\/\n.elementor-heading-title{padding:0;margin:0;line-height:1}.elementor-widget-heading .elementor-heading-title[class*=elementor-size-]>a{color:inherit;font-size:inherit;line-height:inherit}.elementor-widget-heading .elementor-heading-title.elementor-size-small{font-size:15px}.elementor-widget-heading .elementor-heading-title.elementor-size-medium{font-size:19px}.elementor-widget-heading .elementor-heading-title.elementor-size-large{font-size:29px}.elementor-widget-heading .elementor-heading-title.elementor-size-xl{font-size:39px}.elementor-widget-heading .elementor-heading-title.elementor-size-xxl{font-size:59px}<\/style><h2 class=\"elementor-heading-title elementor-size-default\">Intervenciones<\/h2>\t\t<\/div>\n\t\t\t\t<\/div>\n\t\t\t\t<div class=\"elementor-element elementor-element-eb95103 elementor-widget elementor-widget-heading\" data-id=\"eb95103\" data-element_type=\"widget\" data-widget_type=\"heading.default\">\n\t\t\t\t<div class=\"elementor-widget-container\">\n\t\t\t<p class=\"elementor-heading-title elementor-size-default\"><b>2013. 4\u00b0 Edici\u00f3n de CineMigrante<br><\/b><br>La fotograf\u00eda como recurso, en este caso, est\u00e1 presente para cuestionar sin dar una respuesta y, al mismo tiempo, permitir evidenciar lo que cotidianamente vemos pero no queremos mirar. A su vez, se sale del \u00e1mbito de los espacios privados, como las galer\u00edas o las publicaciones, haciendo a la fotograf\u00eda m\u00e1s humilde, se la somete a las intemperies y a todo tipo de degradaci\u00f3n. Y esa interacci\u00f3n con la calle, hace se inserte en el paisaje urbano e interactu\u00e9.<br><br>Con el objetivo de intervenir el espacio urbano, se eligieron una serie de im\u00e1genes fotogr\u00e1ficas en relaci\u00f3n a las distintas fachadas, buscando que estas acciones en el \u00e1mbito p\u00fablico logren interpelar los modos de conformaci\u00f3n de la identidad. La experiencia de realizar estas intervenciones y su registro permitir\u00e1n reflexionar durante el festival sobre las pr\u00e1cticas cotidianas de exclusi\u00f3n y cuestionar el modelo impuesto para habitar el espacio<\/p>\t\t<\/div>\n\t\t\t\t<\/div>\n\t\t\t\t<div class=\"elementor-element elementor-element-bf61c56 elementor-widget elementor-widget-video\" data-id=\"bf61c56\" data-element_type=\"widget\" data-settings=\"{&quot;video_type&quot;:&quot;vimeo&quot;}\" data-widget_type=\"video.default\">\n\t\t\t\t<div class=\"elementor-widget-container\">\n\t\t\t<style>\/*! elementor - v3.23.0 - 15-07-2024 *\/\n.elementor-widget-video .elementor-widget-container{overflow:hidden;transform:translateZ(0)}.elementor-widget-video .elementor-wrapper{aspect-ratio:var(--video-aspect-ratio)}.elementor-widget-video .elementor-wrapper iframe,.elementor-widget-video .elementor-wrapper video{height:100%;width:100%;display:flex;border:none;background-color:#000}@supports not (aspect-ratio:1\/1){.elementor-widget-video .elementor-wrapper{position:relative;overflow:hidden;height:0;padding-bottom:calc(100% \/ var(--video-aspect-ratio))}.elementor-widget-video .elementor-wrapper iframe,.elementor-widget-video .elementor-wrapper video{position:absolute;top:0;right:0;bottom:0;left:0}}.elementor-widget-video .elementor-open-inline .elementor-custom-embed-image-overlay{position:absolute;top:0;right:0;bottom:0;left:0;background-size:cover;background-position:50%}.elementor-widget-video .elementor-custom-embed-image-overlay{cursor:pointer;text-align:center}.elementor-widget-video .elementor-custom-embed-image-overlay:hover .elementor-custom-embed-play i{opacity:1}.elementor-widget-video .elementor-custom-embed-image-overlay img{display:block;width:100%;aspect-ratio:var(--video-aspect-ratio);-o-object-fit:cover;object-fit:cover;-o-object-position:center center;object-position:center center}@supports not (aspect-ratio:1\/1){.elementor-widget-video .elementor-custom-embed-image-overlay{position:relative;overflow:hidden;height:0;padding-bottom:calc(100% \/ var(--video-aspect-ratio))}.elementor-widget-video .elementor-custom-embed-image-overlay img{position:absolute;top:0;right:0;bottom:0;left:0}}.elementor-widget-video .e-hosted-video .elementor-video{-o-object-fit:cover;object-fit:cover}.e-con-inner>.elementor-widget-video,.e-con>.elementor-widget-video{width:var(--container-widget-width);--flex-grow:var(--container-widget-flex-grow)}<\/style>\t\t<div class=\"elementor-wrapper elementor-open-inline\">\n\t\t\t<iframe class=\"elementor-video-iframe\" allowfullscreen allow=\"clipboard-write\" title=\"Reproductor de v\u00eddeo vimeo\" src=\"https:\/\/player.vimeo.com\/video\/75772965?color&amp;autopause=0&amp;loop=0&amp;muted=0&amp;title=1&amp;portrait=1&amp;byline=1#t=\"><\/iframe>\t\t<\/div>\n\t\t\t\t<\/div>\n\t\t\t\t<\/div>\n\t\t\t\t<div class=\"elementor-element elementor-element-254e367 elementor-widget elementor-widget-video\" data-id=\"254e367\" data-element_type=\"widget\" data-settings=\"{&quot;video_type&quot;:&quot;vimeo&quot;}\" data-widget_type=\"video.default\">\n\t\t\t\t<div class=\"elementor-widget-container\">\n\t\t\t\t\t<div class=\"elementor-wrapper elementor-open-inline\">\n\t\t\t<iframe class=\"elementor-video-iframe\" allowfullscreen allow=\"clipboard-write\" title=\"Reproductor de v\u00eddeo vimeo\" src=\"https:\/\/player.vimeo.com\/video\/75925941?color&amp;autopause=0&amp;loop=0&amp;muted=0&amp;title=1&amp;portrait=1&amp;byline=1#t=\"><\/iframe>\t\t<\/div>\n\t\t\t\t<\/div>\n\t\t\t\t<\/div>\n\t\t\t\t<div class=\"elementor-element elementor-element-dda66d6 elementor-widget elementor-widget-video\" data-id=\"dda66d6\" data-element_type=\"widget\" data-settings=\"{&quot;video_type&quot;:&quot;vimeo&quot;}\" data-widget_type=\"video.default\">\n\t\t\t\t<div class=\"elementor-widget-container\">\n\t\t\t\t\t<div class=\"elementor-wrapper elementor-open-inline\">\n\t\t\t<iframe class=\"elementor-video-iframe\" allowfullscreen allow=\"clipboard-write\" title=\"Reproductor de v\u00eddeo vimeo\" src=\"https:\/\/player.vimeo.com\/video\/76382885?color&amp;autopause=0&amp;loop=0&amp;muted=0&amp;title=1&amp;portrait=1&amp;byline=1#t=\"><\/iframe>\t\t<\/div>\n\t\t\t\t<\/div>\n\t\t\t\t<\/div>\n\t\t\t\t\t<\/div>\n\t\t<\/div>\n\t\t\t\t\t<\/div>\n\t\t<\/section>\n\t\t\t\t<\/div>\n\t\t","protected":false},"excerpt":{"rendered":"<p>Intervenciones 2013. 4\u00b0 Edici\u00f3n de CineMigranteLa fotograf\u00eda como recurso, en este caso, est\u00e1 presente para cuestionar sin dar una respuesta y, al mismo tiempo, permitir evidenciar lo que cotidianamente vemos &hellip; <\/p>\n<p class=\"link-more\"><a href=\"https:\/\/cinemigrante.org\/ediciones-anteriores\/4-edicion\/intervenciones\" class=\"more-link\">Continue reading<span class=\"screen-reader-text\"> \u00abIntervenciones\u00bb<\/span><\/a><\/p>\n","protected":false},"author":9,"featured_media":0,"parent":15644,"menu_order":0,"comment_status":"closed","ping_status":"closed","template":"elementor_header_footer","meta":{"_acf_changed":false,"footnotes":""},"class_list":["post-16785","page","type-page","status-publish","hentry"],"acf":[],"_links":{"self":[{"href":"https:\/\/cinemigrante.org\/ediciones-anteriores\/wp-json\/wp\/v2\/pages\/16785"}],"collection":[{"href":"https:\/\/cinemigrante.org\/ediciones-anteriores\/wp-json\/wp\/v2\/pages"}],"about":[{"href":"https:\/\/cinemigrante.org\/ediciones-anteriores\/wp-json\/wp\/v2\/types\/page"}],"author":[{"embeddable":true,"href":"https:\/\/cinemigrante.org\/ediciones-anteriores\/wp-json\/wp\/v2\/users\/9"}],"replies":[{"embeddable":true,"href":"https:\/\/cinemigrante.org\/ediciones-anteriores\/wp-json\/wp\/v2\/comments?post=16785"}],"version-history":[{"count":4,"href":"https:\/\/cinemigrante.org\/ediciones-anteriores\/wp-json\/wp\/v2\/pages\/16785\/revisions"}],"predecessor-version":[{"id":16795,"href":"https:\/\/cinemigrante.org\/ediciones-anteriores\/wp-json\/wp\/v2\/pages\/16785\/revisions\/16795"}],"up":[{"embeddable":true,"href":"https:\/\/cinemigrante.org\/ediciones-anteriores\/wp-json\/wp\/v2\/pages\/15644"}],"wp:attachment":[{"href":"https:\/\/cinemigrante.org\/ediciones-anteriores\/wp-json\/wp\/v2\/media?parent=16785"}],"curies":[{"name":"wp","href":"https:\/\/api.w.org\/{rel}","templated":true}]}}