






{"id":15451,"date":"2022-02-20T11:23:22","date_gmt":"2022-02-20T14:23:22","guid":{"rendered":"https:\/\/cinemigrante.com\/ediciones-anteriores\/?page_id=15451"},"modified":"2022-02-20T11:27:41","modified_gmt":"2022-02-20T14:27:41","slug":"jurados","status":"publish","type":"page","link":"https:\/\/cinemigrante.org\/ediciones-anteriores\/5-edicion\/jurados","title":{"rendered":"Jurados"},"content":{"rendered":"\t\t<div data-elementor-type=\"wp-page\" data-elementor-id=\"15451\" class=\"elementor elementor-15451\">\n\t\t\t\t\t\t<section class=\"elementor-section elementor-top-section elementor-element elementor-element-d64373b elementor-section-boxed elementor-section-height-default elementor-section-height-default\" data-id=\"d64373b\" data-element_type=\"section\" data-settings=\"{&quot;background_background&quot;:&quot;classic&quot;}\">\n\t\t\t\t\t\t\t<div class=\"elementor-background-overlay\"><\/div>\n\t\t\t\t\t\t\t<div class=\"elementor-container elementor-column-gap-default\">\n\t\t\t\t\t<div class=\"elementor-column elementor-col-100 elementor-top-column elementor-element elementor-element-6800cddb\" data-id=\"6800cddb\" data-element_type=\"column\" data-settings=\"{&quot;background_background&quot;:&quot;classic&quot;}\">\n\t\t\t<div class=\"elementor-widget-wrap elementor-element-populated\">\n\t\t\t\t\t\t<div class=\"elementor-element elementor-element-2a623b42 elementor-widget elementor-widget-heading\" data-id=\"2a623b42\" data-element_type=\"widget\" data-widget_type=\"heading.default\">\n\t\t\t\t<div class=\"elementor-widget-container\">\n\t\t\t<style>\/*! elementor - v3.23.0 - 15-07-2024 *\/\n.elementor-heading-title{padding:0;margin:0;line-height:1}.elementor-widget-heading .elementor-heading-title[class*=elementor-size-]>a{color:inherit;font-size:inherit;line-height:inherit}.elementor-widget-heading .elementor-heading-title.elementor-size-small{font-size:15px}.elementor-widget-heading .elementor-heading-title.elementor-size-medium{font-size:19px}.elementor-widget-heading .elementor-heading-title.elementor-size-large{font-size:29px}.elementor-widget-heading .elementor-heading-title.elementor-size-xl{font-size:39px}.elementor-widget-heading .elementor-heading-title.elementor-size-xxl{font-size:59px}<\/style><h2 class=\"elementor-heading-title elementor-size-default\">Jurados<\/h2>\t\t<\/div>\n\t\t\t\t<\/div>\n\t\t\t\t<div class=\"elementor-element elementor-element-80bd4a0 elementor-widget elementor-widget-heading\" data-id=\"80bd4a0\" data-element_type=\"widget\" data-widget_type=\"heading.default\">\n\t\t\t\t<div class=\"elementor-widget-container\">\n\t\t\t<h4 class=\"elementor-heading-title elementor-size-default\">Jurado largometrajes<\/h4>\t\t<\/div>\n\t\t\t\t<\/div>\n\t\t\t\t<section class=\"elementor-section elementor-inner-section elementor-element elementor-element-f056724 elementor-section-boxed elementor-section-height-default elementor-section-height-default\" data-id=\"f056724\" data-element_type=\"section\">\n\t\t\t\t\t\t<div class=\"elementor-container elementor-column-gap-default\">\n\t\t\t\t\t<div class=\"elementor-column elementor-col-33 elementor-inner-column elementor-element elementor-element-747fab9\" data-id=\"747fab9\" data-element_type=\"column\">\n\t\t\t<div class=\"elementor-widget-wrap elementor-element-populated\">\n\t\t\t\t\t\t<div class=\"elementor-element elementor-element-11747f04 eael-team-align-left jurados elementor-widget elementor-widget-eael-team-member\" data-id=\"11747f04\" data-element_type=\"widget\" data-widget_type=\"eael-team-member.default\">\n\t\t\t\t<div class=\"elementor-widget-container\">\n\t\t\t\n\n\t<div id=\"eael-team-member-11747f04\" class=\"eael-team-item eael-team-members-centered \">\n\t\t<div class=\"eael-team-item-inner\">\n\t\t\t<div class=\"eael-team-image\">\n\t\t\t\t<figure>\n\t\t\t\t\t<img decoding=\"async\" src=\"https:\/\/cinemigrante.org\/ediciones-anteriores\/wp-content\/uploads\/2022\/02\/carla-maglio.jpg\" alt=\"\">\n\t\t\t\t<\/figure>\n\t\t\t\t\n\t\t\t\t\n\t\t\t<\/div>\n\n\t\t\t<div class=\"eael-team-content\">\n\t\t\t\t<h2 class=\"eael-team-member-name\">CARLA MAGLIO<\/h2>\n\t\t\t\t<h3 class=\"eael-team-member-position\">Jurado Largometrajes<\/h3>\n\n\t\t\t\t\t\t\t\t\t\t\t\t\t\t<p class=\"eael-team-text\">Curs\u00f3 la carrera de Historia en la Universidad de Buenos Aires. Desde el a\u00f1o 2000, ha trabajado en gesti\u00f3n cultural en el Gobierno de la Ciudad de Buenos Aires y, luego, en la Secretar\u00eda de Cultura de la Presidencia de la Naci\u00f3n. Particip\u00f3, en el a\u00f1o 2002, de la creaci\u00f3n del Programa de Migrantes del GCBA del que fue coordinadora. En el marco del Foro Social Mundial, coordin\u00f3 la participaci\u00f3n de las organizaciones de mujeres migrantes en el cap\u00cctulo argentino de 2002 y promovi\u00f3 su integraci\u00f3n a las ediciones de Porto Alegre, donde se desempe\u00f1aba como responsable de la programaci\u00f3n cultural en representaci\u00dbn de las organizaciones sociales de Argentina. Desde el a\u00f1o 2001, ha cooperado con el Festival de Cine de Derechos Humanos (DerHumALC). Actualmente, colabora con el blog El Agente y con La Fuga. Revista de Cine (Chile).\n\n <\/p>\n\t\t\t\t\t\t\t<\/div>\n\t\t<\/div>\n\t<\/div>\n\t\t\t<\/div>\n\t\t\t\t<\/div>\n\t\t\t\t\t<\/div>\n\t\t<\/div>\n\t\t\t\t<div class=\"elementor-column elementor-col-33 elementor-inner-column elementor-element elementor-element-874bd74\" data-id=\"874bd74\" data-element_type=\"column\">\n\t\t\t<div class=\"elementor-widget-wrap elementor-element-populated\">\n\t\t\t\t\t\t<div class=\"elementor-element elementor-element-1eec713a eael-team-align-left jurados elementor-widget elementor-widget-eael-team-member\" data-id=\"1eec713a\" data-element_type=\"widget\" data-widget_type=\"eael-team-member.default\">\n\t\t\t\t<div class=\"elementor-widget-container\">\n\t\t\t\n\n\t<div id=\"eael-team-member-1eec713a\" class=\"eael-team-item eael-team-members-centered \">\n\t\t<div class=\"eael-team-item-inner\">\n\t\t\t<div class=\"eael-team-image\">\n\t\t\t\t<figure>\n\t\t\t\t\t<img decoding=\"async\" src=\"https:\/\/cinemigrante.org\/ediciones-anteriores\/wp-content\/uploads\/2022\/02\/jorge-garcia.jpg\" alt=\"\">\n\t\t\t\t<\/figure>\n\t\t\t\t\n\t\t\t\t\n\t\t\t<\/div>\n\n\t\t\t<div class=\"eael-team-content\">\n\t\t\t\t<h2 class=\"eael-team-member-name\">JORGE GARC\u00cdA<\/h2>\n\t\t\t\t<h3 class=\"eael-team-member-position\">Jurado Largometrajes<\/h3>\n\n\t\t\t\t\t\t\t\t\t\t\t\t\t\t<p class=\"eael-team-text\">Naci\u00f3 en Buenos Aires y desde su m\u00b7s tierna infancia desarroll\u00f3 una profunda vocaci\u00f3n cin\u00e9fila que se fue acrecentando a lo largo del tiempo. Esa vocaci\u00f3n lo llev\u00f3 a ser colaborador y programador en cineclubes de, generalmente, ef\u00ccmera existencia. Cr\u00edtico y redactor regular de la revista El Amante-Cine, desde 1993 hasta 2013, ha colaborado con la revista colombiana Kinetoscopio, la peruana La ventana indiscreta y el site espa\u00f1ol Tren de sombras. Ha sido invitado a diversos festivales europeos y latinoamericanos como los de San Sebasti\u00e1n, Sitges, Lisboa, Granada, Valladolid, Sevilla, Huelva, FICCO, Ficunam, Guadalajara y Riviera Maya. Fue tambi\u00e9n jurado en varios festivales de Sudam\u00e9rica como los de Lima, Fortaleza y Valdivia. Actualmente es cr\u00cctico y redactor en el blog Con los ojos abiertos y despliega su otra pasi\u00f3n, la m\u00fasica, comentando discos y conciertos en el site de la revista El Amante.\n\n <\/p>\n\t\t\t\t\t\t\t<\/div>\n\t\t<\/div>\n\t<\/div>\n\t\t\t<\/div>\n\t\t\t\t<\/div>\n\t\t\t\t\t<\/div>\n\t\t<\/div>\n\t\t\t\t<div class=\"elementor-column elementor-col-33 elementor-inner-column elementor-element elementor-element-70bb89e\" data-id=\"70bb89e\" data-element_type=\"column\">\n\t\t\t<div class=\"elementor-widget-wrap elementor-element-populated\">\n\t\t\t\t\t\t<div class=\"elementor-element elementor-element-73ee65f2 eael-team-align-left jurados elementor-widget elementor-widget-eael-team-member\" data-id=\"73ee65f2\" data-element_type=\"widget\" data-widget_type=\"eael-team-member.default\">\n\t\t\t\t<div class=\"elementor-widget-container\">\n\t\t\t\n\n\t<div id=\"eael-team-member-73ee65f2\" class=\"eael-team-item eael-team-members-centered \">\n\t\t<div class=\"eael-team-item-inner\">\n\t\t\t<div class=\"eael-team-image\">\n\t\t\t\t<figure>\n\t\t\t\t\t<img decoding=\"async\" src=\"https:\/\/cinemigrante.org\/ediciones-anteriores\/wp-content\/uploads\/2022\/02\/nicolas-prividera.jpg\" alt=\"\">\n\t\t\t\t<\/figure>\n\t\t\t\t\n\t\t\t\t\n\t\t\t<\/div>\n\n\t\t\t<div class=\"eael-team-content\">\n\t\t\t\t<h2 class=\"eael-team-member-name\">NICOL\u00c1S PRIVIDERA<\/h2>\n\t\t\t\t<h3 class=\"eael-team-member-position\">Jurado Largometrajes<\/h3>\n\n\t\t\t\t\t\t\t\t\t\t\t\t\t\t<p class=\"eael-team-text\">Es licenciado en Ciencias de la Comunicaci\u00f3n (UBA), y egresado de la Escuela Nacional de Experimentaci\u00f3n y Realizaci\u00f3n Cinematogr\u00e1fica (ENERC), donde actualmente se desempe\u00f1a como docente. Ha ejercido tambi\u00e9n la cr\u00cctica de cine (entre otros, en los sites \u201cCineismo\u201d y \u201cCon los ojos abiertos\u201d), y ha dirigido dos pel\u00edculas: M (2007) obtuvo el premio a la mejor pel\u00edcula latinoamericana y el premio FIPRESCI en el Festival de Mar del Plata, as\u00ed como tambi\u00e9n el Runner Up Prize en el Festival de Yamagata (Jap\u00f3n), el premio al Mejor Documental en la Mostra de Lleida y una Menci\u00f3n Especial del Jurado en el Festival de Gij\u00f3n<\/p>\n\t\t\t\t\t\t\t<\/div>\n\t\t<\/div>\n\t<\/div>\n\t\t\t<\/div>\n\t\t\t\t<\/div>\n\t\t\t\t\t<\/div>\n\t\t<\/div>\n\t\t\t\t\t<\/div>\n\t\t<\/section>\n\t\t\t\t<div class=\"elementor-element elementor-element-6ff51e1 elementor-widget elementor-widget-heading\" data-id=\"6ff51e1\" data-element_type=\"widget\" data-widget_type=\"heading.default\">\n\t\t\t\t<div class=\"elementor-widget-container\">\n\t\t\t<h4 class=\"elementor-heading-title elementor-size-default\">JURADO CORTOMETRAJES<\/h4>\t\t<\/div>\n\t\t\t\t<\/div>\n\t\t\t\t<section class=\"elementor-section elementor-inner-section elementor-element elementor-element-17150b2 elementor-section-boxed elementor-section-height-default elementor-section-height-default\" data-id=\"17150b2\" data-element_type=\"section\">\n\t\t\t\t\t\t<div class=\"elementor-container elementor-column-gap-default\">\n\t\t\t\t\t<div class=\"elementor-column elementor-col-33 elementor-inner-column elementor-element elementor-element-9f639cc\" data-id=\"9f639cc\" data-element_type=\"column\">\n\t\t\t<div class=\"elementor-widget-wrap elementor-element-populated\">\n\t\t\t\t\t\t<div class=\"elementor-element elementor-element-41a9219 eael-team-align-left jurados elementor-widget elementor-widget-eael-team-member\" data-id=\"41a9219\" data-element_type=\"widget\" data-widget_type=\"eael-team-member.default\">\n\t\t\t\t<div class=\"elementor-widget-container\">\n\t\t\t\n\n\t<div id=\"eael-team-member-41a9219\" class=\"eael-team-item eael-team-members-centered \">\n\t\t<div class=\"eael-team-item-inner\">\n\t\t\t<div class=\"eael-team-image\">\n\t\t\t\t<figure>\n\t\t\t\t\t<img decoding=\"async\" src=\"https:\/\/cinemigrante.org\/ediciones-anteriores\/wp-content\/uploads\/2022\/02\/monica-lairana.jpg\" alt=\"\">\n\t\t\t\t<\/figure>\n\t\t\t\t\n\t\t\t\t\n\t\t\t<\/div>\n\n\t\t\t<div class=\"eael-team-content\">\n\t\t\t\t<h2 class=\"eael-team-member-name\">M\u00d3NICA LAIRANA<\/h2>\n\t\t\t\t<h3 class=\"eael-team-member-position\">JURADO CORTOMETRAJES<\/h3>\n\n\t\t\t\t\t\t\t\t\t\t\t\t\t\t<p class=\"eael-team-text\">Naci\u00f3 en Buenos Aires. Es una actriz y cineasta. Como actriz ha trabajado en una veintena de largometrajes y cortometrajes argentinos.\u201dROSA\u201d, su debut como  guionista y directora de cine, compiti\u00f3 por laPalma de Oro en el 63\u00b0 Festival de Cine de Cannes en 2010 y obtuvo gran cantidad de reconocimientos internacionales.\u201dMARIA\u201d, su segundo cortometraje, obtuvo el premio como Mejor Corto en el Festival Latinoamericano de Vancouver (Canada), Mejor Pelicula Latinoamericana en el 54\u00b0 Zinebi (Espa\u00f1a),  el premio a Mejor Corto del a\u00f1o en 2013 en La noche del Corto ( Incaa), el premio George Melies, como mejor corto del Conosur, otorgado por la embajada de Francia, y el premio Condor de Plata como Mejor Corto 2013, otorgado por la Asociaci\u00f3n de Cronistas Cinematogr\u00e1ficos de Argentina, entre otros.<\/p>\n\t\t\t\t\t\t\t<\/div>\n\t\t<\/div>\n\t<\/div>\n\t\t\t<\/div>\n\t\t\t\t<\/div>\n\t\t\t\t\t<\/div>\n\t\t<\/div>\n\t\t\t\t<div class=\"elementor-column elementor-col-33 elementor-inner-column elementor-element elementor-element-eabe926\" data-id=\"eabe926\" data-element_type=\"column\">\n\t\t\t<div class=\"elementor-widget-wrap elementor-element-populated\">\n\t\t\t\t\t\t<div class=\"elementor-element elementor-element-f8a254a eael-team-align-left jurados elementor-widget elementor-widget-eael-team-member\" data-id=\"f8a254a\" data-element_type=\"widget\" data-widget_type=\"eael-team-member.default\">\n\t\t\t\t<div class=\"elementor-widget-container\">\n\t\t\t\n\n\t<div id=\"eael-team-member-f8a254a\" class=\"eael-team-item eael-team-members-centered \">\n\t\t<div class=\"eael-team-item-inner\">\n\t\t\t<div class=\"eael-team-image\">\n\t\t\t\t<figure>\n\t\t\t\t\t<img decoding=\"async\" src=\"https:\/\/cinemigrante.org\/ediciones-anteriores\/wp-content\/uploads\/2022\/02\/pablo-acosta-larroca.jpg\" alt=\"\">\n\t\t\t\t<\/figure>\n\t\t\t\t\n\t\t\t\t\n\t\t\t<\/div>\n\n\t\t\t<div class=\"eael-team-content\">\n\t\t\t\t<h2 class=\"eael-team-member-name\">PABLO ACOSTA LARROCA<\/h2>\n\t\t\t\t<h3 class=\"eael-team-member-position\">JURADO CORTOMETRAJES<\/h3>\n\n\t\t\t\t\t\t\t\t\t\t\t\t\t\t<p class=\"eael-team-text\">Estudi\u00f3 la Carrera de Dise\u00f1o de Imagen y Sonido (Universidad de Buenos Aires), en la que desde 2003 se desempe\u00f1a como docente. Es co-director y editor de GRUPOKANE (Revista de Cine y Artes Audiovisuales | www.grupokane.com.ar).\nEn el \u00e1mbito profesional ha trabajado en distintos medios y productoras cubriendo aspectos como redacci\u00f3n creativa, gui\u00f3n, edici\u00f3n, producci\u00f3n y asistencia de direcci\u00f3n. Actualmente es redactor creativo audiovisual y asesor y tutor de guiones para diversos proyectos audiovisuales. Ha realizado cortos como \u201cAhora es nunca\u201d (2014), \u201cChega de Saudade\u201d (2007), \u201cBenito, a los ocho\u201d (2005); videoclips y la asistencia de direcci\u00f3n en films como \u201cLa Tigra, Chaco\u201d y \u201cEl Fruto\u201d.<\/p>\n\t\t\t\t\t\t\t<\/div>\n\t\t<\/div>\n\t<\/div>\n\t\t\t<\/div>\n\t\t\t\t<\/div>\n\t\t\t\t\t<\/div>\n\t\t<\/div>\n\t\t\t\t<div class=\"elementor-column elementor-col-33 elementor-inner-column elementor-element elementor-element-0efe083\" data-id=\"0efe083\" data-element_type=\"column\">\n\t\t\t<div class=\"elementor-widget-wrap\">\n\t\t\t\t\t\t\t<\/div>\n\t\t<\/div>\n\t\t\t\t\t<\/div>\n\t\t<\/section>\n\t\t\t\t\t<\/div>\n\t\t<\/div>\n\t\t\t\t\t<\/div>\n\t\t<\/section>\n\t\t\t\t<\/div>\n\t\t","protected":false},"excerpt":{"rendered":"<p>Jurados Jurado largometrajes CARLA MAGLIO Jurado Largometrajes Curs\u00f3 la carrera de Historia en la Universidad de Buenos Aires. Desde el a\u00f1o 2000, ha trabajado en gesti\u00f3n cultural en el Gobierno &hellip; <\/p>\n<p class=\"link-more\"><a href=\"https:\/\/cinemigrante.org\/ediciones-anteriores\/5-edicion\/jurados\" class=\"more-link\">Continue reading<span class=\"screen-reader-text\"> \u00abJurados\u00bb<\/span><\/a><\/p>\n","protected":false},"author":9,"featured_media":0,"parent":15443,"menu_order":0,"comment_status":"closed","ping_status":"closed","template":"elementor_header_footer","meta":{"_acf_changed":false,"footnotes":""},"class_list":["post-15451","page","type-page","status-publish","hentry"],"acf":[],"_links":{"self":[{"href":"https:\/\/cinemigrante.org\/ediciones-anteriores\/wp-json\/wp\/v2\/pages\/15451"}],"collection":[{"href":"https:\/\/cinemigrante.org\/ediciones-anteriores\/wp-json\/wp\/v2\/pages"}],"about":[{"href":"https:\/\/cinemigrante.org\/ediciones-anteriores\/wp-json\/wp\/v2\/types\/page"}],"author":[{"embeddable":true,"href":"https:\/\/cinemigrante.org\/ediciones-anteriores\/wp-json\/wp\/v2\/users\/9"}],"replies":[{"embeddable":true,"href":"https:\/\/cinemigrante.org\/ediciones-anteriores\/wp-json\/wp\/v2\/comments?post=15451"}],"version-history":[{"count":7,"href":"https:\/\/cinemigrante.org\/ediciones-anteriores\/wp-json\/wp\/v2\/pages\/15451\/revisions"}],"predecessor-version":[{"id":15505,"href":"https:\/\/cinemigrante.org\/ediciones-anteriores\/wp-json\/wp\/v2\/pages\/15451\/revisions\/15505"}],"up":[{"embeddable":true,"href":"https:\/\/cinemigrante.org\/ediciones-anteriores\/wp-json\/wp\/v2\/pages\/15443"}],"wp:attachment":[{"href":"https:\/\/cinemigrante.org\/ediciones-anteriores\/wp-json\/wp\/v2\/media?parent=15451"}],"curies":[{"name":"wp","href":"https:\/\/api.w.org\/{rel}","templated":true}]}}