






{"id":15160,"date":"2022-02-19T09:54:14","date_gmt":"2022-02-19T12:54:14","guid":{"rendered":"https:\/\/cinemigrante.com\/ediciones-anteriores\/?page_id=15160"},"modified":"2022-02-19T10:01:38","modified_gmt":"2022-02-19T13:01:38","slug":"jurados","status":"publish","type":"page","link":"https:\/\/cinemigrante.org\/ediciones-anteriores\/7-edicion\/jurados","title":{"rendered":"Jurados"},"content":{"rendered":"\t\t<div data-elementor-type=\"wp-page\" data-elementor-id=\"15160\" class=\"elementor elementor-15160\">\n\t\t\t\t\t\t<section class=\"elementor-section elementor-top-section elementor-element elementor-element-d64373b elementor-section-boxed elementor-section-height-default elementor-section-height-default\" data-id=\"d64373b\" data-element_type=\"section\" data-settings=\"{&quot;background_background&quot;:&quot;classic&quot;}\">\n\t\t\t\t\t\t\t<div class=\"elementor-background-overlay\"><\/div>\n\t\t\t\t\t\t\t<div class=\"elementor-container elementor-column-gap-default\">\n\t\t\t\t\t<div class=\"elementor-column elementor-col-100 elementor-top-column elementor-element elementor-element-6800cddb\" data-id=\"6800cddb\" data-element_type=\"column\" data-settings=\"{&quot;background_background&quot;:&quot;classic&quot;}\">\n\t\t\t<div class=\"elementor-widget-wrap elementor-element-populated\">\n\t\t\t\t\t\t<div class=\"elementor-element elementor-element-2a623b42 elementor-widget elementor-widget-heading\" data-id=\"2a623b42\" data-element_type=\"widget\" data-widget_type=\"heading.default\">\n\t\t\t\t<div class=\"elementor-widget-container\">\n\t\t\t<style>\/*! elementor - v3.23.0 - 15-07-2024 *\/\n.elementor-heading-title{padding:0;margin:0;line-height:1}.elementor-widget-heading .elementor-heading-title[class*=elementor-size-]>a{color:inherit;font-size:inherit;line-height:inherit}.elementor-widget-heading .elementor-heading-title.elementor-size-small{font-size:15px}.elementor-widget-heading .elementor-heading-title.elementor-size-medium{font-size:19px}.elementor-widget-heading .elementor-heading-title.elementor-size-large{font-size:29px}.elementor-widget-heading .elementor-heading-title.elementor-size-xl{font-size:39px}.elementor-widget-heading .elementor-heading-title.elementor-size-xxl{font-size:59px}<\/style><h2 class=\"elementor-heading-title elementor-size-default\">Jurados<\/h2>\t\t<\/div>\n\t\t\t\t<\/div>\n\t\t\t\t<div class=\"elementor-element elementor-element-80bd4a0 elementor-widget elementor-widget-heading\" data-id=\"80bd4a0\" data-element_type=\"widget\" data-widget_type=\"heading.default\">\n\t\t\t\t<div class=\"elementor-widget-container\">\n\t\t\t<h4 class=\"elementor-heading-title elementor-size-default\">Jurado largometrajes<\/h4>\t\t<\/div>\n\t\t\t\t<\/div>\n\t\t\t\t<section class=\"elementor-section elementor-inner-section elementor-element elementor-element-f056724 elementor-section-boxed elementor-section-height-default elementor-section-height-default\" data-id=\"f056724\" data-element_type=\"section\">\n\t\t\t\t\t\t<div class=\"elementor-container elementor-column-gap-default\">\n\t\t\t\t\t<div class=\"elementor-column elementor-col-33 elementor-inner-column elementor-element elementor-element-747fab9\" data-id=\"747fab9\" data-element_type=\"column\">\n\t\t\t<div class=\"elementor-widget-wrap elementor-element-populated\">\n\t\t\t\t\t\t<div class=\"elementor-element elementor-element-11747f04 eael-team-align-left jurados elementor-widget elementor-widget-eael-team-member\" data-id=\"11747f04\" data-element_type=\"widget\" data-widget_type=\"eael-team-member.default\">\n\t\t\t\t<div class=\"elementor-widget-container\">\n\t\t\t\n\n\t<div id=\"eael-team-member-11747f04\" class=\"eael-team-item eael-team-members-centered \">\n\t\t<div class=\"eael-team-item-inner\">\n\t\t\t<div class=\"eael-team-image\">\n\t\t\t\t<figure>\n\t\t\t\t\t<img decoding=\"async\" src=\"https:\/\/cinemigrante.org\/ediciones-anteriores\/wp-content\/uploads\/2022\/02\/fernando-vilchez-rodriguez.jpg\" alt=\"\">\n\t\t\t\t<\/figure>\n\t\t\t\t\n\t\t\t\t\n\t\t\t<\/div>\n\n\t\t\t<div class=\"eael-team-content\">\n\t\t\t\t<h2 class=\"eael-team-member-name\">Fernando V\u00edlchez Rodr\u00edguez<\/h2>\n\t\t\t\t<h3 class=\"eael-team-member-position\">Jurado Largometrajes<\/h3>\n\n\t\t\t\t\t\t\t\t\t\t\t\t\t\t<p class=\"eael-team-text\">Reconocido cineasta peruano. Ha postulado dos veces al Oso de Oro de la Berlinale con sus documentales La calma y Solo te puedo mostrar el color. Sus trabajos son resultado de indagaciones acerca de la sociedad peruana partiendo de material de archivo y se han visto en Mar del Plata, Londres, La Habana, Karlovy Vary, Tokio o Montreal. Entre dos de sus recientes trabajos se encuentran los largometrajes documentales La Espera, sobre el Baguazo, y Su nombre es Fujimori, de importante difusi\u00f3n durante la segunda vuelta electoral peruana de este a\u00f1o. Codirector de FILMADRID Festival Internacional de Cine (Madrid, Espa\u00f1a).<\/p>\n\t\t\t\t\t\t\t<\/div>\n\t\t<\/div>\n\t<\/div>\n\t\t\t<\/div>\n\t\t\t\t<\/div>\n\t\t\t\t\t<\/div>\n\t\t<\/div>\n\t\t\t\t<div class=\"elementor-column elementor-col-33 elementor-inner-column elementor-element elementor-element-874bd74\" data-id=\"874bd74\" data-element_type=\"column\">\n\t\t\t<div class=\"elementor-widget-wrap elementor-element-populated\">\n\t\t\t\t\t\t<div class=\"elementor-element elementor-element-1eec713a eael-team-align-left jurados elementor-widget elementor-widget-eael-team-member\" data-id=\"1eec713a\" data-element_type=\"widget\" data-widget_type=\"eael-team-member.default\">\n\t\t\t\t<div class=\"elementor-widget-container\">\n\t\t\t\n\n\t<div id=\"eael-team-member-1eec713a\" class=\"eael-team-item eael-team-members-centered \">\n\t\t<div class=\"eael-team-item-inner\">\n\t\t\t<div class=\"eael-team-image\">\n\t\t\t\t<figure>\n\t\t\t\t\t<img decoding=\"async\" src=\"https:\/\/cinemigrante.org\/ediciones-anteriores\/wp-content\/uploads\/2022\/02\/diana-giromni.jpg\" alt=\"\">\n\t\t\t\t<\/figure>\n\t\t\t\t\n\t\t\t\t\n\t\t\t<\/div>\n\n\t\t\t<div class=\"eael-team-content\">\n\t\t\t\t<h2 class=\"eael-team-member-name\">Diana Giromini<\/h2>\n\t\t\t\t<h3 class=\"eael-team-member-position\">Jurado Largometrajes<\/h3>\n\n\t\t\t\t\t\t\t\t\t\t\t\t\t\t<p class=\"eael-team-text\">Estudi\u00f3 Cine y Representaci\u00f3n Audiovisual y Multimedia. Es docente especializada en medios de comunicaci\u00f3n y lenguaje cinematogr\u00e1fico. Desde 2005 colabora con profesionales, asociaciones culturales, deportivas y juveniles, organismos p\u00fablicos, empresas de producci\u00f3n y Web TV. Registra el desarrollo de obras teatrales, emprendimientos sociales o educativos y realidades marginales, con pel\u00edculas que han sido seleccionadas en festivales italianos. Organiza talleres de j\u00f3venes para contribuir a su crecimiento y desarrollo personal, social y cultural a trav\u00e9s de la producci\u00f3n de video y multimedia, tambi\u00e9n forma trabajadores juveniles. Como t\u00e9cnico montador y c\u00e1mara trabaja para cortometrajes, reportajes y entrevistas, videos musicales, documentales y transmisiones en vivo. Fund\u00f3 y gestiona un videoblog de cr\u00edtica cinematogr\u00e1fica con una redacci\u00f3n de j\u00f3venes a quienes prepara adem\u00e1s para filmar y editar. Organiza proyecciones, eventos y festivales de cine en Torino y Piemonte. Con Il Piccolo Cinema en Torino acompa\u00f1a a j\u00f3venes directores en la realizaci\u00f3n de sus primeras pel\u00edculas. Colabora con Gianluca y Massimiliano De Serio en la escritura y organizaci\u00f3n de sus pel\u00edculas documentales y largometrajes.<\/p>\n\t\t\t\t\t\t\t<\/div>\n\t\t<\/div>\n\t<\/div>\n\t\t\t<\/div>\n\t\t\t\t<\/div>\n\t\t\t\t\t<\/div>\n\t\t<\/div>\n\t\t\t\t<div class=\"elementor-column elementor-col-33 elementor-inner-column elementor-element elementor-element-70bb89e\" data-id=\"70bb89e\" data-element_type=\"column\">\n\t\t\t<div class=\"elementor-widget-wrap elementor-element-populated\">\n\t\t\t\t\t\t<div class=\"elementor-element elementor-element-73ee65f2 eael-team-align-left jurados elementor-widget elementor-widget-eael-team-member\" data-id=\"73ee65f2\" data-element_type=\"widget\" data-widget_type=\"eael-team-member.default\">\n\t\t\t\t<div class=\"elementor-widget-container\">\n\t\t\t\n\n\t<div id=\"eael-team-member-73ee65f2\" class=\"eael-team-item eael-team-members-centered \">\n\t\t<div class=\"eael-team-item-inner\">\n\t\t\t<div class=\"eael-team-image\">\n\t\t\t\t<figure>\n\t\t\t\t\t<img decoding=\"async\" src=\"https:\/\/cinemigrante.org\/ediciones-anteriores\/wp-content\/uploads\/2022\/02\/juan-martin-hsu.jpg\" alt=\"\">\n\t\t\t\t<\/figure>\n\t\t\t\t\n\t\t\t\t\n\t\t\t<\/div>\n\n\t\t\t<div class=\"eael-team-content\">\n\t\t\t\t<h2 class=\"eael-team-member-name\">Juan Martin Hsu<\/h2>\n\t\t\t\t<h3 class=\"eael-team-member-position\">Jurado Largometrajes<\/h3>\n\n\t\t\t\t\t\t\t\t\t\t\t\t\t\t<p class=\"eael-team-text\">Nacio\u0301 en Buenos Aires y estudio\u0301 la carrera de Disen\u0303o, Imagen y Sonido en la UBA. Dirigio\u0301 el corto \u201cRopa Sucia\u201d, y \u201cLa Salada\u201d es su primer largometraje que gano\u0301 el premio Cine en Construccio\u0301n del Festival de San Sebastia\u0301n y participo\u0301 en varios festivales como el de Toronto Film Festival, BAFICI y Biarritz. En la actualidad esta\u0301 realizando el cortometraje Diamante Mandari\u0301n para Historias breves 10 y escribiendo su segunda peli\u0301cula llamada \u201cLos Extran\u0303os\u201d.<\/p>\n\t\t\t\t\t\t\t<\/div>\n\t\t<\/div>\n\t<\/div>\n\t\t\t<\/div>\n\t\t\t\t<\/div>\n\t\t\t\t\t<\/div>\n\t\t<\/div>\n\t\t\t\t\t<\/div>\n\t\t<\/section>\n\t\t\t\t<div class=\"elementor-element elementor-element-6ff51e1 elementor-widget elementor-widget-heading\" data-id=\"6ff51e1\" data-element_type=\"widget\" data-widget_type=\"heading.default\">\n\t\t\t\t<div class=\"elementor-widget-container\">\n\t\t\t<h4 class=\"elementor-heading-title elementor-size-default\">JURADO CORTOMETRAJES<\/h4>\t\t<\/div>\n\t\t\t\t<\/div>\n\t\t\t\t<section class=\"elementor-section elementor-inner-section elementor-element elementor-element-17150b2 elementor-section-boxed elementor-section-height-default elementor-section-height-default\" data-id=\"17150b2\" data-element_type=\"section\">\n\t\t\t\t\t\t<div class=\"elementor-container elementor-column-gap-default\">\n\t\t\t\t\t<div class=\"elementor-column elementor-col-33 elementor-inner-column elementor-element elementor-element-9f639cc\" data-id=\"9f639cc\" data-element_type=\"column\">\n\t\t\t<div class=\"elementor-widget-wrap elementor-element-populated\">\n\t\t\t\t\t\t<div class=\"elementor-element elementor-element-41a9219 eael-team-align-left jurados elementor-widget elementor-widget-eael-team-member\" data-id=\"41a9219\" data-element_type=\"widget\" data-widget_type=\"eael-team-member.default\">\n\t\t\t\t<div class=\"elementor-widget-container\">\n\t\t\t\n\n\t<div id=\"eael-team-member-41a9219\" class=\"eael-team-item eael-team-members-centered \">\n\t\t<div class=\"eael-team-item-inner\">\n\t\t\t<div class=\"eael-team-image\">\n\t\t\t\t<figure>\n\t\t\t\t\t<img decoding=\"async\" src=\"https:\/\/cinemigrante.org\/ediciones-anteriores\/wp-content\/uploads\/2022\/02\/maria-aparicio.jpg\" alt=\"\">\n\t\t\t\t<\/figure>\n\t\t\t\t\n\t\t\t\t\n\t\t\t<\/div>\n\n\t\t\t<div class=\"eael-team-content\">\n\t\t\t\t<h2 class=\"eael-team-member-name\">Mar\u00eda Aparicio<\/h2>\n\t\t\t\t<h3 class=\"eael-team-member-position\">Jurado Cortometrajes<\/h3>\n\n\t\t\t\t\t\t\t\t\t\t\t\t\t\t<p class=\"eael-team-text\">Naci\u00f3 en C\u00f3rdoba, Argentina, en 1992, y estudi\u00f3 cine y televisi\u00f3n en la Universidad Nacional de C\u00f3rdoba. Desde el a\u00f1o 2011 integra la productora Vientosur Cine, dedicada a la realizaci\u00f3n de ficci\u00f3n y documental, reuniendo en sus proyectos estilos diversos con una clara orientaci\u00f3n por la gesti\u00f3n independiente y las pel\u00edculas de autor.\n\nTrabaja en distintos proyectos en el \u00e1rea de c\u00e1mara y montaje. Las Calles es su primera pel\u00edcula como directora.<\/p>\n\t\t\t\t\t\t\t<\/div>\n\t\t<\/div>\n\t<\/div>\n\t\t\t<\/div>\n\t\t\t\t<\/div>\n\t\t\t\t\t<\/div>\n\t\t<\/div>\n\t\t\t\t<div class=\"elementor-column elementor-col-33 elementor-inner-column elementor-element elementor-element-eabe926\" data-id=\"eabe926\" data-element_type=\"column\">\n\t\t\t<div class=\"elementor-widget-wrap elementor-element-populated\">\n\t\t\t\t\t\t<div class=\"elementor-element elementor-element-f8a254a eael-team-align-left jurados elementor-widget elementor-widget-eael-team-member\" data-id=\"f8a254a\" data-element_type=\"widget\" data-widget_type=\"eael-team-member.default\">\n\t\t\t\t<div class=\"elementor-widget-container\">\n\t\t\t\n\n\t<div id=\"eael-team-member-f8a254a\" class=\"eael-team-item eael-team-members-centered \">\n\t\t<div class=\"eael-team-item-inner\">\n\t\t\t<div class=\"eael-team-image\">\n\t\t\t\t<figure>\n\t\t\t\t\t<img decoding=\"async\" src=\"https:\/\/cinemigrante.org\/ediciones-anteriores\/wp-content\/uploads\/2022\/02\/ricardo-manetti.jpg\" alt=\"\">\n\t\t\t\t<\/figure>\n\t\t\t\t\n\t\t\t\t\n\t\t\t<\/div>\n\n\t\t\t<div class=\"eael-team-content\">\n\t\t\t\t<h2 class=\"eael-team-member-name\">Ricardo Manetti<\/h2>\n\t\t\t\t<h3 class=\"eael-team-member-position\">Jurado Cortometrajes<\/h3>\n\n\t\t\t\t\t\t\t\t\t\t\t\t\t\t<p class=\"eael-team-text\">Licenciado en Artes (FFyL, UBA). Profesor titular regular de Historia de los Medios (Dise\u00f1o de Imagen y sonido, FADU, UBA), profesor adjunto regular de Historia del cine latinoamericano y argentino (Artes, FFyL, UBA) y profesor titular de Historia del Cine Argentino (Artes  Audiovisuales, UNA). Profesor de la Maestr\u00eda de Gesti\u00f3n Cultural (FFyL, UBA). Ha sido becario del Programa de Intercambio Cultural de la Agencia Informativa y Cultural de los Estados Unidos (USA) y de la UNED (Madrid, Espa\u00f1a). Como investigador ha participado en importantes publicaciones sobre cine argentino e internacional entre las que figuran Cine argentino en democracia; Cine argentino, industria y clacisismo 1933-1956 y Cine argentino, Modernidad y vanguardias 1957-1983 (Fondo Nacional de las Artes, 1994, 1999 y 2005), Cien a\u00f1os de cine (La Naci\u00f3n Revista, 1996), 30-50-70. Conformaci\u00f3n, crisis y renovaci\u00f3n del cine industrial argentino y latinoamericano (EFFL, UBA, 2014). En los \u00faltimos quince a\u00f1os se ha dedicado a la gesti\u00f3n cultural. Ha sido Subsecretario de Cultura del Gobierno de la Ciudad de Buenos Aires, Creador y director general del BAFICI en sus primeras tres ediciones, Secretario Acad\u00e9mico de la Fundaci\u00f3n Konex y responsable de la producci\u00f3n art\u00edstica de los Festivales Konex de la Cultura y fue Director de Asuntos Culturales y responsable de la programaci\u00f3n art\u00edstica de Faena Group.\n\nPor su trabajo como productor teatral recibi\u00f3 los premios INADI y Roberto J\u00e1uregui y las obras que produjo obtuvieron varios premios ACE (Asociaci\u00f3n de Cronistas de Espect\u00e1culos). Entre sus producciones teatrales se destacan Rent, Misterio del ramo de rosas, Hedwig and the Angry Inch, La noche que Larry Kramer me bes\u00f3, La gata sobre el tejado de zinc caliente. Actualmente dirige la carrera de Artes (FFyL, UBA) y el Centro Cultural Paco Urondo (UBA).<\/p>\n\t\t\t\t\t\t\t<\/div>\n\t\t<\/div>\n\t<\/div>\n\t\t\t<\/div>\n\t\t\t\t<\/div>\n\t\t\t\t\t<\/div>\n\t\t<\/div>\n\t\t\t\t<div class=\"elementor-column elementor-col-33 elementor-inner-column elementor-element elementor-element-0efe083\" data-id=\"0efe083\" data-element_type=\"column\">\n\t\t\t<div class=\"elementor-widget-wrap elementor-element-populated\">\n\t\t\t\t\t\t<div class=\"elementor-element elementor-element-59a3ff5 eael-team-align-left jurados elementor-widget elementor-widget-eael-team-member\" data-id=\"59a3ff5\" data-element_type=\"widget\" data-widget_type=\"eael-team-member.default\">\n\t\t\t\t<div class=\"elementor-widget-container\">\n\t\t\t\n\n\t<div id=\"eael-team-member-59a3ff5\" class=\"eael-team-item eael-team-members-centered \">\n\t\t<div class=\"eael-team-item-inner\">\n\t\t\t<div class=\"eael-team-image\">\n\t\t\t\t<figure>\n\t\t\t\t\t<img decoding=\"async\" src=\"https:\/\/cinemigrante.org\/ediciones-anteriores\/wp-content\/uploads\/2022\/02\/peter-schreiner.jpg\" alt=\"\">\n\t\t\t\t<\/figure>\n\t\t\t\t\n\t\t\t\t\n\t\t\t<\/div>\n\n\t\t\t<div class=\"eael-team-content\">\n\t\t\t\t<h2 class=\"eael-team-member-name\">Peter Schreiner<\/h2>\n\t\t\t\t<h3 class=\"eael-team-member-position\">Jurado Cortometrajes<\/h3>\n\n\t\t\t\t\t\t\t\t\t\t\t\t\t\t<p class=\"eael-team-text\">Peter Schreiner naci\u00f3 en Viena (Austria) en 1957. Un ni\u00f1o solitario, comenz\u00f3 a filmar desde temprano con su c\u00e1mara de Super-8. M\u00e1s tarde comprendi\u00f3 que era una forma de comunicaci\u00f3n que lo liberaba de hablar. En 1975 aplic\u00f3 para la antigua Universidad de M\u00fasica y Artes Perform\u00e1ticas del departamento de Cine y TV de Viena y comenz\u00f3 su educaci\u00f3n superior. Si bien sus expectativas eran grandes (salir de la aburrida escuela y entrar en un \u00e1rea de trabajo art\u00edtstico) fueron a\u00f1os de desiluciones y humillacions. La orientaci\u00f3n comercial y convencional de la instituci\u00f3n se contradec\u00edan con sus aspiraciones art\u00edsticas. Ah\u00ed aprendi\u00f3 el oficio de camar\u00f3grafo y fund\u00f3 junto a algunos amigos un club de cine, en el que filmaban peque\u00f1os proyectos en 16 mm. Entre 1977 y 1981 trabaj\u00f3 con filmmakers B\u00e4rbel Neubauer, Margaretha Heinrich and Niki List. En 1982, luego de una depresi\u00f3n, logra finalizar su primera pel\u00edcula Grelles Licht. Al a\u00f1o siguiente terina Erste Liebe, dos pel\u00edculas que sentaron la base de su estilo personal y experimentaci\u00f3n. Como parte de un servicio comunitario comienza a trabajar con personas con discapacidades motrices y mentales y luego funda un grupo privado de ni\u00f1os junto con su futura esposa Mar\u00eda, lo que lo lleva a filmar Kinderfilm en 1985. El nacimiento de su hijo en 1986 lo lleva a filmar su pr\u00f3ximo proyecto I Cimbri. Invitados por un ling\u00fcista, viaj\u00f3 a Giazza\/Ljetzan, un pueblo del norte de Italia de habla alemana. En los a\u00f1os siguientes nacieron sus hijos Isabella y Paul, comenz\u00f3 a interesarse por la teolog\u00eda y comenz\u00f3 a trabajar como asistente pastoral con chicos y adolescentes. Absorto de intriga, decepcionado por la instituci\u00f3n pero lleno de experiencias Schreiner regresa al cine en 2004. En un viaje de investigaci\u00f3n conoce a Giuliana Pachner, quien ser\u00e1 la actriz de sus pr\u00f3ximos 4 proyectos. Una experiencia de la vida de Pachner lo lleva a la isla de Lampedusa, donde filman su \u00faltimo proyecto, co-producido por los protagonistas con sus propias l\u00edneas autobiogr\u00e1ficas. Est\u00e1 desarrollando un nuevo proyecto, Der Garten.<\/p>\n\t\t\t\t\t\t\t<\/div>\n\t\t<\/div>\n\t<\/div>\n\t\t\t<\/div>\n\t\t\t\t<\/div>\n\t\t\t\t\t<\/div>\n\t\t<\/div>\n\t\t\t\t\t<\/div>\n\t\t<\/section>\n\t\t\t\t\t<\/div>\n\t\t<\/div>\n\t\t\t\t\t<\/div>\n\t\t<\/section>\n\t\t\t\t<\/div>\n\t\t","protected":false},"excerpt":{"rendered":"<p>Jurados Jurado largometrajes Fernando V\u00edlchez Rodr\u00edguez Jurado Largometrajes Reconocido cineasta peruano. Ha postulado dos veces al Oso de Oro de la Berlinale con sus documentales La calma y Solo te &hellip; <\/p>\n<p class=\"link-more\"><a href=\"https:\/\/cinemigrante.org\/ediciones-anteriores\/7-edicion\/jurados\" class=\"more-link\">Continue reading<span class=\"screen-reader-text\"> \u00abJurados\u00bb<\/span><\/a><\/p>\n","protected":false},"author":9,"featured_media":0,"parent":15155,"menu_order":0,"comment_status":"closed","ping_status":"closed","template":"elementor_header_footer","meta":{"_acf_changed":false,"footnotes":""},"class_list":["post-15160","page","type-page","status-publish","hentry"],"acf":[],"_links":{"self":[{"href":"https:\/\/cinemigrante.org\/ediciones-anteriores\/wp-json\/wp\/v2\/pages\/15160"}],"collection":[{"href":"https:\/\/cinemigrante.org\/ediciones-anteriores\/wp-json\/wp\/v2\/pages"}],"about":[{"href":"https:\/\/cinemigrante.org\/ediciones-anteriores\/wp-json\/wp\/v2\/types\/page"}],"author":[{"embeddable":true,"href":"https:\/\/cinemigrante.org\/ediciones-anteriores\/wp-json\/wp\/v2\/users\/9"}],"replies":[{"embeddable":true,"href":"https:\/\/cinemigrante.org\/ediciones-anteriores\/wp-json\/wp\/v2\/comments?post=15160"}],"version-history":[{"count":4,"href":"https:\/\/cinemigrante.org\/ediciones-anteriores\/wp-json\/wp\/v2\/pages\/15160\/revisions"}],"predecessor-version":[{"id":15204,"href":"https:\/\/cinemigrante.org\/ediciones-anteriores\/wp-json\/wp\/v2\/pages\/15160\/revisions\/15204"}],"up":[{"embeddable":true,"href":"https:\/\/cinemigrante.org\/ediciones-anteriores\/wp-json\/wp\/v2\/pages\/15155"}],"wp:attachment":[{"href":"https:\/\/cinemigrante.org\/ediciones-anteriores\/wp-json\/wp\/v2\/media?parent=15160"}],"curies":[{"name":"wp","href":"https:\/\/api.w.org\/{rel}","templated":true}]}}