






{"id":14878,"date":"2022-02-09T16:30:35","date_gmt":"2022-02-09T19:30:35","guid":{"rendered":"https:\/\/cinemigrante.com\/ediciones-anteriores\/?page_id=14878"},"modified":"2022-02-09T16:32:55","modified_gmt":"2022-02-09T19:32:55","slug":"jurados","status":"publish","type":"page","link":"https:\/\/cinemigrante.org\/ediciones-anteriores\/8-edicion\/jurados","title":{"rendered":"Jurados"},"content":{"rendered":"\t\t<div data-elementor-type=\"wp-page\" data-elementor-id=\"14878\" class=\"elementor elementor-14878\">\n\t\t\t\t\t\t<section class=\"elementor-section elementor-top-section elementor-element elementor-element-d64373b elementor-section-boxed elementor-section-height-default elementor-section-height-default\" data-id=\"d64373b\" data-element_type=\"section\" data-settings=\"{&quot;background_background&quot;:&quot;classic&quot;}\">\n\t\t\t\t\t\t\t<div class=\"elementor-background-overlay\"><\/div>\n\t\t\t\t\t\t\t<div class=\"elementor-container elementor-column-gap-default\">\n\t\t\t\t\t<div class=\"elementor-column elementor-col-100 elementor-top-column elementor-element elementor-element-6800cddb\" data-id=\"6800cddb\" data-element_type=\"column\" data-settings=\"{&quot;background_background&quot;:&quot;classic&quot;}\">\n\t\t\t<div class=\"elementor-widget-wrap elementor-element-populated\">\n\t\t\t\t\t\t<div class=\"elementor-element elementor-element-2a623b42 elementor-widget elementor-widget-heading\" data-id=\"2a623b42\" data-element_type=\"widget\" data-widget_type=\"heading.default\">\n\t\t\t\t<div class=\"elementor-widget-container\">\n\t\t\t<style>\/*! elementor - v3.23.0 - 15-07-2024 *\/\n.elementor-heading-title{padding:0;margin:0;line-height:1}.elementor-widget-heading .elementor-heading-title[class*=elementor-size-]>a{color:inherit;font-size:inherit;line-height:inherit}.elementor-widget-heading .elementor-heading-title.elementor-size-small{font-size:15px}.elementor-widget-heading .elementor-heading-title.elementor-size-medium{font-size:19px}.elementor-widget-heading .elementor-heading-title.elementor-size-large{font-size:29px}.elementor-widget-heading .elementor-heading-title.elementor-size-xl{font-size:39px}.elementor-widget-heading .elementor-heading-title.elementor-size-xxl{font-size:59px}<\/style><h2 class=\"elementor-heading-title elementor-size-default\">Jurados<\/h2>\t\t<\/div>\n\t\t\t\t<\/div>\n\t\t\t\t<div class=\"elementor-element elementor-element-80bd4a0 elementor-widget elementor-widget-heading\" data-id=\"80bd4a0\" data-element_type=\"widget\" data-widget_type=\"heading.default\">\n\t\t\t\t<div class=\"elementor-widget-container\">\n\t\t\t<h4 class=\"elementor-heading-title elementor-size-default\">Jurado largometrajes<\/h4>\t\t<\/div>\n\t\t\t\t<\/div>\n\t\t\t\t<section class=\"elementor-section elementor-inner-section elementor-element elementor-element-f056724 elementor-section-boxed elementor-section-height-default elementor-section-height-default\" data-id=\"f056724\" data-element_type=\"section\">\n\t\t\t\t\t\t<div class=\"elementor-container elementor-column-gap-default\">\n\t\t\t\t\t<div class=\"elementor-column elementor-col-33 elementor-inner-column elementor-element elementor-element-747fab9\" data-id=\"747fab9\" data-element_type=\"column\">\n\t\t\t<div class=\"elementor-widget-wrap elementor-element-populated\">\n\t\t\t\t\t\t<div class=\"elementor-element elementor-element-11747f04 eael-team-align-left jurados elementor-widget elementor-widget-eael-team-member\" data-id=\"11747f04\" data-element_type=\"widget\" data-widget_type=\"eael-team-member.default\">\n\t\t\t\t<div class=\"elementor-widget-container\">\n\t\t\t\n\n\t<div id=\"eael-team-member-11747f04\" class=\"eael-team-item eael-team-members-centered \">\n\t\t<div class=\"eael-team-item-inner\">\n\t\t\t<div class=\"eael-team-image\">\n\t\t\t\t<figure>\n\t\t\t\t\t<img decoding=\"async\" src=\"https:\/\/cinemigrante.org\/ediciones-anteriores\/wp-content\/uploads\/2022\/02\/dianamcarthy.jpg\" alt=\"\">\n\t\t\t\t<\/figure>\n\t\t\t\t\n\t\t\t\t\n\t\t\t<\/div>\n\n\t\t\t<div class=\"eael-team-content\">\n\t\t\t\t<h2 class=\"eael-team-member-name\">Diana McCarty<\/h2>\n\t\t\t\t<h3 class=\"eael-team-member-position\">JURADO LARGOMETRAJES<\/h3>\n\n\t\t\t\t\t\t\t\t\t\t\t\t\t\t<p class=\"eael-team-text\">Nacida en EEUU, trabaja y reside en Berl\u00edn desde el a\u00f1o 2000.  McCarty es colaboradora de Filipa C\u00e9sar en el largometraje \u201cSpeel reel\u201d. Anteriormente ha colaborado con ella y tambi\u00e9n junto a Grada Kilomba en el cortometraje \u201cConakry\u201d (2013), que forma parte del proyecto \u201cLuta ca caba inda\u201d, libro colectivo de material audiovisual guineano, proyectado a modo de cine itinerante transnacional,  que contin\u00faa en trabajo.\nReferente del Cyberfeminismo, Diana es co-fundadora de \u201cFaces\u201d movimiento de mujeres en comunicaci\u00f3n digital y colaboradora en el proyecto \u201cNuevo Feminismo, Nueva Europa\u201d. Ha trabajado activamente en diversos proyectos de radio en Berl\u00edn como \u201creboot.fm\u201d, \u201cwww.hkw.de\/hausradio\u201d, \u201cbackyardradio.de\u201d, \u201cRadio 1:1\u201d, \u201cReboot.fm\u201d y \u201cJuniradio\u201d. Tambi\u00e9n es co-fundadora de \u201cRadia.FM\u201d, red de trabajo de radios culturales. Diana fue parte del equipo de desarrollo de inform\u00e1tica de la Universidad Internacional de la Mujer (International Women\u2019s University) y trabaj\u00f3 con Seda G\u00fcrses, Barbara Schelkle, Prof. Heidi Schelhowe, y Heiki Pisch entre otros, desarrollando acercamientos pedag\u00f3gicos feministas al aprendizaje tecnol\u00f3gico.\nA medidados de los 90\u2019s, fue cofundadora de \u201cNettime\u201d, mailing list de artistas multidisciplinarios creado en el Segundo encuentro del  Medien Zentral Kommittee, como parte del Club Berl\u00edn en el encuentro Venice Biennale. Fue tambi\u00e9n parte del \u201cMedia Research Foundation\u201d, y co-organizadora de la serie de Conferencias \u201cMetaForum\u201d con sede en Budapest.<\/p>\n\t\t\t\t\t\t\t<\/div>\n\t\t<\/div>\n\t<\/div>\n\t\t\t<\/div>\n\t\t\t\t<\/div>\n\t\t\t\t\t<\/div>\n\t\t<\/div>\n\t\t\t\t<div class=\"elementor-column elementor-col-33 elementor-inner-column elementor-element elementor-element-874bd74\" data-id=\"874bd74\" data-element_type=\"column\">\n\t\t\t<div class=\"elementor-widget-wrap elementor-element-populated\">\n\t\t\t\t\t\t<div class=\"elementor-element elementor-element-1eec713a eael-team-align-left jurados elementor-widget elementor-widget-eael-team-member\" data-id=\"1eec713a\" data-element_type=\"widget\" data-widget_type=\"eael-team-member.default\">\n\t\t\t\t<div class=\"elementor-widget-container\">\n\t\t\t\n\n\t<div id=\"eael-team-member-1eec713a\" class=\"eael-team-item eael-team-members-centered \">\n\t\t<div class=\"eael-team-item-inner\">\n\t\t\t<div class=\"eael-team-image\">\n\t\t\t\t<figure>\n\t\t\t\t\t<img decoding=\"async\" src=\"https:\/\/cinemigrante.org\/ediciones-anteriores\/wp-content\/uploads\/2022\/02\/cecila-kang.jpg\" alt=\"\">\n\t\t\t\t<\/figure>\n\t\t\t\t\n\t\t\t\t\n\t\t\t<\/div>\n\n\t\t\t<div class=\"eael-team-content\">\n\t\t\t\t<h2 class=\"eael-team-member-name\">Cecilia Kang<\/h2>\n\t\t\t\t<h3 class=\"eael-team-member-position\">JURADO LARGOMETRAJES<\/h3>\n\n\t\t\t\t\t\t\t\t\t\t\t\t\t\t<p class=\"eael-team-text\">Naci\u00f3 en Buenos Aires, en el a\u00f1o 1985. Estudi\u00f3 la carrera de Direcci\u00f3n en la E.N.E.R.C. Ha dirigido\nvarios cortometrajes que participaron en diversos festivales internacionales y obtuvieron premios,\nen el que se destaca \u201cVideojuegos\u201d, corto que recorri\u00f3 m\u00e1s de 30 festivales alrededor del mundo\n(Berlinale 2015, Competencia Oficial \u201cGeneration\u201d; Festival Internacional de Cine de Biarritz 2015, Competencia Internacional; Festival de Cortometrajes de Oberhausen, 2015; entre otros). \u201cMi \u00faltimo fracaso\u201d es su primer largometraje, el cual particip\u00f3 en varios festivales internacionales y obtuvo premios (18\u00ba BAFICI, Competencia Argentina; EPA Cine, Competencia Internacional; Cinemigrante, Competencia Internacional; Festival Internacional de Cine de Mar del Plata, Panorama Nuevos Autores, etc.). Actualmente, se encuentra desarrollando su pr\u00f3ximo\nlargometraje titulado \u201cHijo mayor\u201d.<\/p>\n\t\t\t\t\t\t\t<\/div>\n\t\t<\/div>\n\t<\/div>\n\t\t\t<\/div>\n\t\t\t\t<\/div>\n\t\t\t\t\t<\/div>\n\t\t<\/div>\n\t\t\t\t<div class=\"elementor-column elementor-col-33 elementor-inner-column elementor-element elementor-element-70bb89e\" data-id=\"70bb89e\" data-element_type=\"column\">\n\t\t\t<div class=\"elementor-widget-wrap elementor-element-populated\">\n\t\t\t\t\t\t<div class=\"elementor-element elementor-element-73ee65f2 eael-team-align-left jurados elementor-widget elementor-widget-eael-team-member\" data-id=\"73ee65f2\" data-element_type=\"widget\" data-widget_type=\"eael-team-member.default\">\n\t\t\t\t<div class=\"elementor-widget-container\">\n\t\t\t\n\n\t<div id=\"eael-team-member-73ee65f2\" class=\"eael-team-item eael-team-members-centered \">\n\t\t<div class=\"eael-team-item-inner\">\n\t\t\t<div class=\"eael-team-image\">\n\t\t\t\t<figure>\n\t\t\t\t\t<img decoding=\"async\" src=\"https:\/\/cinemigrante.org\/ediciones-anteriores\/wp-content\/uploads\/2022\/02\/pierre-alain-meier.jpg\" alt=\"\">\n\t\t\t\t<\/figure>\n\t\t\t\t\n\t\t\t\t\n\t\t\t<\/div>\n\n\t\t\t<div class=\"eael-team-content\">\n\t\t\t\t<h2 class=\"eael-team-member-name\">Pierre Alain Meier<\/h2>\n\t\t\t\t<h3 class=\"eael-team-member-position\">JURADO LARGOMETRAJES<\/h3>\n\n\t\t\t\t\t\t\t\t\t\t\t\t\t\t<p class=\"eael-team-text\">Consagrado productor y director suizo. Estudi\u00f3 Literatura y Ciencias en la Universidad de Neuchatel, y luego Cinematograf\u00eda en el INSAS, en Bruselas. Fund\u00f3 la compa\u00f1\u00eda productora Thelma Film AG en Zurich en 1988 y Prince Film en Ginebra en 2005. Desde 2010, ambas compa\u00f1\u00edas tienen sede en Jura, en Delemont.Ha producido m\u00e1s de una treintena de pel\u00edculas, de renombrados directores del mundocomo Idrissa Ouedraogo, Djibril Diop Mamb\u00e9ty, Rithy Panh, Merzak Allouache, AnnemarieJacir, Alain Tanner, Karim Dridi, Fernando \u201cPino\u201d Solanas, y m\u00e1s recientemente Jeanne Waltz, Olivier Zuchuat, y Markus Imhoof.\nSu labor ha sido reconocida en los festivales m\u00e1s prestigiosos del globo como Cannes, Tribeca, London, Locarno, Mannheim-Heidelberg, entre otros.Tambi\u00e9n ha dirigido diversos documentales, ficciones y cortometrajes, entre ellos el reciente film Adieu A L\u2019Afrique (2017), Thelma (Premio en Festival de Mannheim- Heidelberg; Quality Prize OFC, Premio de la ciudad de Zurich, 2001 ) La Danse Du Singe Et Du Poisson (1994), La Femme Et La Sandale (1990), Douleur D\u2019amour (Gran Premio en el Festival de Bludenz, 1988) e Ikaria (Gran Premio en el Festival de Strasbourg, 1987).<\/p>\n\t\t\t\t\t\t\t<\/div>\n\t\t<\/div>\n\t<\/div>\n\t\t\t<\/div>\n\t\t\t\t<\/div>\n\t\t\t\t\t<\/div>\n\t\t<\/div>\n\t\t\t\t\t<\/div>\n\t\t<\/section>\n\t\t\t\t<div class=\"elementor-element elementor-element-6ff51e1 elementor-widget elementor-widget-heading\" data-id=\"6ff51e1\" data-element_type=\"widget\" data-widget_type=\"heading.default\">\n\t\t\t\t<div class=\"elementor-widget-container\">\n\t\t\t<h4 class=\"elementor-heading-title elementor-size-default\">JURADO CORTOMETRAJES<\/h4>\t\t<\/div>\n\t\t\t\t<\/div>\n\t\t\t\t<section class=\"elementor-section elementor-inner-section elementor-element elementor-element-17150b2 elementor-section-boxed elementor-section-height-default elementor-section-height-default\" data-id=\"17150b2\" data-element_type=\"section\">\n\t\t\t\t\t\t<div class=\"elementor-container elementor-column-gap-default\">\n\t\t\t\t\t<div class=\"elementor-column elementor-col-33 elementor-inner-column elementor-element elementor-element-9f639cc\" data-id=\"9f639cc\" data-element_type=\"column\">\n\t\t\t<div class=\"elementor-widget-wrap elementor-element-populated\">\n\t\t\t\t\t\t<div class=\"elementor-element elementor-element-41a9219 eael-team-align-left jurados elementor-widget elementor-widget-eael-team-member\" data-id=\"41a9219\" data-element_type=\"widget\" data-widget_type=\"eael-team-member.default\">\n\t\t\t\t<div class=\"elementor-widget-container\">\n\t\t\t\n\n\t<div id=\"eael-team-member-41a9219\" class=\"eael-team-item eael-team-members-centered \">\n\t\t<div class=\"eael-team-item-inner\">\n\t\t\t<div class=\"eael-team-image\">\n\t\t\t\t<figure>\n\t\t\t\t\t<img decoding=\"async\" src=\"https:\/\/cinemigrante.org\/ediciones-anteriores\/wp-content\/uploads\/2022\/02\/andrea-testa.jpg\" alt=\"\">\n\t\t\t\t<\/figure>\n\t\t\t\t\n\t\t\t\t\n\t\t\t<\/div>\n\n\t\t\t<div class=\"eael-team-content\">\n\t\t\t\t<h2 class=\"eael-team-member-name\">Andrea Testa<\/h2>\n\t\t\t\t<h3 class=\"eael-team-member-position\">JURADO CORTOMETRAJES<\/h3>\n\n\t\t\t\t\t\t\t\t\t\t\t\t\t\t<p class=\"eael-team-text\">Andrea Testa naci\u00f3 en Buenos Aires y estudi\u00f3 cine en la ENERC. Dirigi\u00f3 el documental Pibe Chorro (2016) que tuvo su estreno con gran acompa\u00f1amiento del p\u00fablico y la cr\u00edtica. Junto a Francisco M\u00e1rquez dirigi\u00f3 la pel\u00edcula \u201cLa larga noche de Francisco Sanctis\u201d ganadora de la Competencia Internacional del 18\u00b0 BAFICI y participante de \u201cUn Certain Regard\u201d del 69\u00b0 Festival de Cannes y de \u201cHorizontes Latinos\u201d del 64\u00ba Festival de San Sebastian. Socia fundadora de Pensar con las Manos, una joven productora de pel\u00edculas con riesgo art\u00edstico y comprometidas con la realidad de su tiempo. En la actualidad se encuentra desarrollando un nuevo documental sobre embarazo adolescente y aborto.<\/p>\n\t\t\t\t\t\t\t<\/div>\n\t\t<\/div>\n\t<\/div>\n\t\t\t<\/div>\n\t\t\t\t<\/div>\n\t\t\t\t\t<\/div>\n\t\t<\/div>\n\t\t\t\t<div class=\"elementor-column elementor-col-33 elementor-inner-column elementor-element elementor-element-eabe926\" data-id=\"eabe926\" data-element_type=\"column\">\n\t\t\t<div class=\"elementor-widget-wrap elementor-element-populated\">\n\t\t\t\t\t\t<div class=\"elementor-element elementor-element-f8a254a eael-team-align-left jurados elementor-widget elementor-widget-eael-team-member\" data-id=\"f8a254a\" data-element_type=\"widget\" data-widget_type=\"eael-team-member.default\">\n\t\t\t\t<div class=\"elementor-widget-container\">\n\t\t\t\n\n\t<div id=\"eael-team-member-f8a254a\" class=\"eael-team-item eael-team-members-centered \">\n\t\t<div class=\"eael-team-item-inner\">\n\t\t\t<div class=\"eael-team-image\">\n\t\t\t\t<figure>\n\t\t\t\t\t<img decoding=\"async\" src=\"https:\/\/cinemigrante.org\/ediciones-anteriores\/wp-content\/uploads\/2022\/02\/pablo-pinedo.jpg\" alt=\"\">\n\t\t\t\t<\/figure>\n\t\t\t\t\n\t\t\t\t\n\t\t\t<\/div>\n\n\t\t\t<div class=\"eael-team-content\">\n\t\t\t\t<h2 class=\"eael-team-member-name\">Pablo Pinedo<\/h2>\n\t\t\t\t<h3 class=\"eael-team-member-position\">JURADO CORTOMETRAJES<\/h3>\n\n\t\t\t\t\t\t\t\t\t\t\t\t\t\t<p class=\"eael-team-text\">Pablo Pinedo es un cineasta espa\u00f1ol con m\u00e1s de 14 a\u00f1os de experiencia en la industria de la televisi\u00f3n y el cine. Durante ese tiempo ha trabajado en numerosas pel\u00edculas y documentales, como cineasta. Pas\u00f3 cuatro a\u00f1os en Italia, en busca del neorrealismo italiano, hasta trasladarse a Sud\u00e1frica, donde todav\u00eda reside. Su labor ha explorado diversas narrativas visuales y po\u00e9ticas, desde la direcci\u00f3n de fotograf\u00eda hacia la realizaci\u00f3n y en 2013, fue uno de los cineastas emergentes elegidos para la IDFA Academy. Parte de su filmograf\u00eda incluye: In Vino Veritas (cortometraje documental), Sizobalwa (cortometraje documental), Si Vis Pacem Parabellum (cortometraje tambi\u00e9n).Noma (2016) es su \u00f3pera prima documental como realizador y productor.<\/p>\n\t\t\t\t\t\t\t<\/div>\n\t\t<\/div>\n\t<\/div>\n\t\t\t<\/div>\n\t\t\t\t<\/div>\n\t\t\t\t\t<\/div>\n\t\t<\/div>\n\t\t\t\t<div class=\"elementor-column elementor-col-33 elementor-inner-column elementor-element elementor-element-0efe083\" data-id=\"0efe083\" data-element_type=\"column\">\n\t\t\t<div class=\"elementor-widget-wrap elementor-element-populated\">\n\t\t\t\t\t\t<div class=\"elementor-element elementor-element-59a3ff5 eael-team-align-left jurados elementor-widget elementor-widget-eael-team-member\" data-id=\"59a3ff5\" data-element_type=\"widget\" data-widget_type=\"eael-team-member.default\">\n\t\t\t\t<div class=\"elementor-widget-container\">\n\t\t\t\n\n\t<div id=\"eael-team-member-59a3ff5\" class=\"eael-team-item eael-team-members-centered \">\n\t\t<div class=\"eael-team-item-inner\">\n\t\t\t<div class=\"eael-team-image\">\n\t\t\t\t<figure>\n\t\t\t\t\t<img decoding=\"async\" src=\"https:\/\/cinemigrante.org\/ediciones-anteriores\/wp-content\/uploads\/2022\/02\/eduardo-marun.jpg\" alt=\"\">\n\t\t\t\t<\/figure>\n\t\t\t\t\n\t\t\t\t\n\t\t\t<\/div>\n\n\t\t\t<div class=\"eael-team-content\">\n\t\t\t\t<h2 class=\"eael-team-member-name\">Eduardo Mar\u00fan<\/h2>\n\t\t\t\t<h3 class=\"eael-team-member-position\">JURADO CORTOMETRAJES<\/h3>\n\n\t\t\t\t\t\t\t\t\t\t\t\t\t\t<p class=\"eael-team-text\">Eduardo Mar\u00fan. Licenciado en Artes por la Facultad de Filosof\u00eda y Letras (UBA);espacio en donde, adem\u00e1s, realiz\u00f3 la tarea de adscripto en la C\u00e1tedra de Est\u00e9tica y Teor\u00edas cinematogr\u00e1ficas. Miembro de la C\u00e1tedra Estructuras Narrativas Audiovisuales en la Universidad de Moreno. Director de EPA CINE -Festival Internacional de Cine Independiente de El Palomar. Programador del Espacio INCAA Helios y del Cineclub Helios. Dentro del mismo espacio, a cargo del dictado de talleres para formaci\u00f3n de espectadores. Tambi\u00e9n a cargo de la programaci\u00f3n de los ciclos que realiza la Asociaci\u00f3n Cultural Toscana. Fue miembro del comit\u00e9 organizador de Jornadas Internacionales y el Congreso Internacional de Est\u00e9tica del cine en conjunto con el Grupo interdisciplinario de investigaci\u00f3n inematogr\u00e1fica Art-Kin\u00e9. Escribi\u00f3 en los blogs de cine Marienbad,Rockandpong y Grupokane.\n\n <\/p>\n\t\t\t\t\t\t\t<\/div>\n\t\t<\/div>\n\t<\/div>\n\t\t\t<\/div>\n\t\t\t\t<\/div>\n\t\t\t\t\t<\/div>\n\t\t<\/div>\n\t\t\t\t\t<\/div>\n\t\t<\/section>\n\t\t\t\t\t<\/div>\n\t\t<\/div>\n\t\t\t\t\t<\/div>\n\t\t<\/section>\n\t\t\t\t<\/div>\n\t\t","protected":false},"excerpt":{"rendered":"<p>Jurados Jurado largometrajes Diana McCarty JURADO LARGOMETRAJES Nacida en EEUU, trabaja y reside en Berl\u00edn desde el a\u00f1o 2000. McCarty es colaboradora de Filipa C\u00e9sar en el largometraje \u201cSpeel reel\u201d. &hellip; <\/p>\n<p class=\"link-more\"><a href=\"https:\/\/cinemigrante.org\/ediciones-anteriores\/8-edicion\/jurados\" class=\"more-link\">Continue reading<span class=\"screen-reader-text\"> \u00abJurados\u00bb<\/span><\/a><\/p>\n","protected":false},"author":9,"featured_media":0,"parent":14872,"menu_order":0,"comment_status":"closed","ping_status":"closed","template":"elementor_header_footer","meta":{"_acf_changed":false,"footnotes":""},"class_list":["post-14878","page","type-page","status-publish","hentry"],"acf":[],"_links":{"self":[{"href":"https:\/\/cinemigrante.org\/ediciones-anteriores\/wp-json\/wp\/v2\/pages\/14878"}],"collection":[{"href":"https:\/\/cinemigrante.org\/ediciones-anteriores\/wp-json\/wp\/v2\/pages"}],"about":[{"href":"https:\/\/cinemigrante.org\/ediciones-anteriores\/wp-json\/wp\/v2\/types\/page"}],"author":[{"embeddable":true,"href":"https:\/\/cinemigrante.org\/ediciones-anteriores\/wp-json\/wp\/v2\/users\/9"}],"replies":[{"embeddable":true,"href":"https:\/\/cinemigrante.org\/ediciones-anteriores\/wp-json\/wp\/v2\/comments?post=14878"}],"version-history":[{"count":4,"href":"https:\/\/cinemigrante.org\/ediciones-anteriores\/wp-json\/wp\/v2\/pages\/14878\/revisions"}],"predecessor-version":[{"id":14914,"href":"https:\/\/cinemigrante.org\/ediciones-anteriores\/wp-json\/wp\/v2\/pages\/14878\/revisions\/14914"}],"up":[{"embeddable":true,"href":"https:\/\/cinemigrante.org\/ediciones-anteriores\/wp-json\/wp\/v2\/pages\/14872"}],"wp:attachment":[{"href":"https:\/\/cinemigrante.org\/ediciones-anteriores\/wp-json\/wp\/v2\/media?parent=14878"}],"curies":[{"name":"wp","href":"https:\/\/api.w.org\/{rel}","templated":true}]}}