






{"id":14652,"date":"2022-02-07T18:05:56","date_gmt":"2022-02-07T21:05:56","guid":{"rendered":"https:\/\/cinemigrante.com\/ediciones-anteriores\/?page_id=14652"},"modified":"2022-02-07T19:09:36","modified_gmt":"2022-02-07T22:09:36","slug":"programacion-por-dia-vicente-lopez","status":"publish","type":"page","link":"https:\/\/cinemigrante.org\/ediciones-anteriores\/9-edicion\/programacion-por-dia-vicente-lopez","title":{"rendered":"Programaci\u00f3n por d\u00eda (Vicente L\u00f3pez)"},"content":{"rendered":"\t\t<div data-elementor-type=\"wp-page\" data-elementor-id=\"14652\" class=\"elementor elementor-14652\">\n\t\t\t\t\t\t<section class=\"elementor-section elementor-top-section elementor-element elementor-element-9e4ffc4 elementor-section-boxed elementor-section-height-default elementor-section-height-default\" data-id=\"9e4ffc4\" data-element_type=\"section\" data-settings=\"{&quot;background_background&quot;:&quot;classic&quot;}\">\n\t\t\t\t\t\t\t<div class=\"elementor-background-overlay\"><\/div>\n\t\t\t\t\t\t\t<div class=\"elementor-container elementor-column-gap-default\">\n\t\t\t\t\t<div class=\"elementor-column elementor-col-100 elementor-top-column elementor-element elementor-element-76da396\" data-id=\"76da396\" data-element_type=\"column\" data-settings=\"{&quot;background_background&quot;:&quot;classic&quot;}\">\n\t\t\t<div class=\"elementor-widget-wrap elementor-element-populated\">\n\t\t\t\t\t\t<div class=\"elementor-element elementor-element-7226af3 elementor-widget elementor-widget-heading\" data-id=\"7226af3\" data-element_type=\"widget\" data-widget_type=\"heading.default\">\n\t\t\t\t<div class=\"elementor-widget-container\">\n\t\t\t<style>\/*! elementor - v3.23.0 - 15-07-2024 *\/\n.elementor-heading-title{padding:0;margin:0;line-height:1}.elementor-widget-heading .elementor-heading-title[class*=elementor-size-]>a{color:inherit;font-size:inherit;line-height:inherit}.elementor-widget-heading .elementor-heading-title.elementor-size-small{font-size:15px}.elementor-widget-heading .elementor-heading-title.elementor-size-medium{font-size:19px}.elementor-widget-heading .elementor-heading-title.elementor-size-large{font-size:29px}.elementor-widget-heading .elementor-heading-title.elementor-size-xl{font-size:39px}.elementor-widget-heading .elementor-heading-title.elementor-size-xxl{font-size:59px}<\/style><h2 class=\"elementor-heading-title elementor-size-default\">Programaci\u00f3n por d\u00eda (Vicente L\u00f3pez)<\/h2>\t\t<\/div>\n\t\t\t\t<\/div>\n\t\t\t\t<div class=\"elementor-element elementor-element-d30adb3 elementor-widget elementor-widget-html\" data-id=\"d30adb3\" data-element_type=\"widget\" data-widget_type=\"html.default\">\n\t\t\t\t<div class=\"elementor-widget-container\">\n\t\t\t<div id=\"programacion\">\r\n<h2>Mi\u00e9rcoles 19 de septiembre<\/h2>\r\n<table class=\"horasprog\" cellspacing=\"0\" cellpadding=\"0\" border=\"0\">\r\n<tbody>\r\n<tr>\r\n<td class=\"th\">Sede<\/td>\r\n<td>16h<\/td>\r\n<td>17h<\/td>\r\n<td>18h<\/td>\r\n<td>19h<\/td>\r\n<td>20h<\/td>\r\n<td>21h<\/td>\r\n<td>22h<\/td>\r\n<td>23h<\/td>\r\n<\/tr>\r\n<\/tbody>\r\n<\/table>\r\n<table cellspacing=\"0\" cellpadding=\"0\" border=\"0\">\r\n<tbody>\r\n<tr>\r\n<td class=\"th\" style=\"font-size:0.9em\">Cine York<\/td>\r\n<td class=\"hour\">\r\n<div>\r\n\t    \t         <\/div>\r\n<div class=\"calendario_item seccion116\" style=\"left:50%;\"><span class=\"time\">20:00<\/span><p><\/p>\r\n<div class=\"linkfilm\"><a class=\"controlpopup\" href=\"http:\/\/cinemigrante.org\/ediciones-anteriores\/films\/la-grieta\">\u2192 La grieta<\/a><p><\/p>\r\n<div class=\"popup\" style=\"display: none; onclick=\" document.location.href=\"http:\/\/cinemigrante.org\/ediciones-anteriores\/films\/la-grieta\" \"=\"\">\r\n               <img decoding=\"async\" src=\"http:\/\/cinemigrante.org\/wp-content\/uploads\/2018\/09\/La-Grieta_pic3-Isita-1.jpg\r\n\r\n\r\n\" style=\"background-image:url(http:\/\/cinemigrante.org\/wp-content\/uploads\/2018\/09\/La-Grieta_pic3-Isita-1.jpg\r\n\r\n\r\n\r\n);\" alt=\"La grieta\" width=\"260\" height=\"169\"><p><\/p>\r\n<h2>La grieta<\/h2>\r\n<p>                 <em><span class=\"nombreseccion\">Secci\u00f3n Tem\u00e1tica \u2018Territorios en disputa\u2019<\/span><\/em><\/p>\r\n<p><span style=\"\">Irene Yag\u00fce, Alberto G. Ortiz<\/span><br>Documental | Espa\u00f1a \u2013 2017 \u2013 76\u2019<br>Presentada por la directora Irene Yag\u00fce<br>\r\nQ&amp;A Irene Yag\u00fce<\/p>\r\n<p><a href=\"http:\/\/cinemigrante.org\/ediciones-anteriores\/films\/la-grieta\" class=\"button small\">ficha<\/a><\/p>\r\n<p><\/p><\/div>\r\n<\/div><\/div>\r\n<\/td>\r\n<\/tr>\r\n<\/tbody>\r\n<\/table>\r\n<p>    \t&nbsp;\t\t<\/p>\r\n<h2>Jueves 20 de septiembre<\/h2>\r\n<table class=\"horasprog\" cellspacing=\"0\" cellpadding=\"0\" border=\"0\">\r\n<tbody>\r\n<tr>\r\n<td class=\"th\">Sede<\/td>\r\n<td>16h<\/td>\r\n<td>17h<\/td>\r\n<td>18h<\/td>\r\n<td>19h<\/td>\r\n<td>20h<\/td>\r\n<td>21h<\/td>\r\n<td>22h<\/td>\r\n<td>23h<\/td>\r\n<\/tr>\r\n<\/tbody>\r\n<\/table>\r\n<table cellspacing=\"0\" cellpadding=\"0\" border=\"0\">\r\n<tbody>\r\n<tr>\r\n<td class=\"th\" style=\"font-size:0.9em\">Lumiton Usina Audiovisual<\/td>\r\n<td class=\"hour\">\r\n<div>\r\n\t    \t         <\/div>\r\n<div class=\"calendario_item seccion80\" style=\"left: 45%;\"><span class=\"time\">19:30<\/span><p><\/p>\r\n<div class=\"linkfilm\"><a class=\"controlpopup\" href=\"http:\/\/cinemigrante.org\/ediciones-anteriores\/actividades\/charla-sonora\">\u2192 CHARLA SONORA \u2018Inteligencia er\u00f3tica y el arte de la voz\u2019 Katrina Burch (Canad\u00e1).<br>\r\n+ PROYECCI\u00d3N \u2018NOCHES EXTRA\u00d1AS. CUERPOS: FUTURO Y TECNOLOG\u00cdAS\u2019<\/a><p><\/p>\r\n<div class=\"popup\" style=\"display: none;\" onclick=\"document.location.href='http:\/\/cinemigrante.org\/ediciones-anteriores\/actividades\/charla-sonora'\">\r\n               \t <img decoding=\"async\" src=\"http:\/\/cinemigrante.org\/wp-content\/uploads\/2018\/09\/21326901821_b692ae9a73_b.jpg\r\n\r\n\" style=\"background-image:url(http:\/\/cinemigrante.org\/wp-content\/uploads\/2018\/09\/21326901821_b692ae9a73_b.jpg\r\n\r\n);\" alt=\"CHARLA SONORA \u2018Inteligencia er\u00f3tica y el arte de la voz\u2019 Katrina Burch (Canad\u00e1).\r\n+ PROYECCI\u00d3N \u2018NOCHES EXTRA\u00d1AS. CUERPOS: FUTURO Y TECNOLOG\u00cdAS\u2019\" width=\"260\" height=\"169\"><p><\/p>\r\n<h2>CHARLA SONORA \u2018Inteligencia er\u00f3tica y el arte de la voz\u2019 Katrina Burch (Canad\u00e1).<br>\r\n+ PROYECCI\u00d3N \u2018NOCHES EXTRA\u00d1AS. CUERPOS: FUTURO Y TECNOLOG\u00cdAS\u2019<\/h2>\r\n<p>                 <em> <span class=\"nombreseccion\">Secci\u00f3n \u2018Noches Extra\u00f1as\u2019<\/span> <\/em><\/p>\r\n<p><span style=\"\">Donna Haraway: Story Telling for Earthly Survival<br>\r\n(Donna Haraway: contar historias para la supervivencia terrenal)<\/span><br>Fabrizio Terranova<br>Documental | B\u00e9lgica \u2013 2016 \u2013 81\u2032<br>Premier en Argentina<br>Presentada por Katrina Burch<\/p>\r\n<p><a href=\"http:\/\/cinemigrante.org\/ediciones-anteriores\/actividades\/charla-sonora\" class=\"button small\">ficha<\/a><\/p>\r\n<p><\/p><\/div>\r\n<\/div>\r\n<\/div>\r\n<div class=\"calendario_item seccion113\" style=\"left: 34%;\r\n    margin-top: 15.5%;\"><span class=\"time\">20:00<\/span><p><\/p>\r\n<div class=\"linkfilm\"><a class=\"controlpopup\" href=\"http:\/\/cinemigrante.org\/ediciones-anteriores\/films\/rey\">\u2192 Rey<\/a><p><\/p>\r\n<div class=\"popup\" style=\"display: none; onclick=\" document.location.href=\"http:\/\/cinemigrante.org\/ediciones-anteriores\/films\/rey\" \"=\"\">\r\n               <img decoding=\"async\" src=\"http:\/\/cinemigrante.org\/wp-content\/uploads\/2018\/09\/Rey-still-043-1.jpg\r\n\r\n\r\n\" style=\"background-image:url(http:\/\/cinemigrante.org\/wp-content\/uploads\/2018\/09\/Rey-still-043-1.jpg\r\n\r\n\r\n\r\n);\" alt=\"Rey\" width=\"260\" height=\"169\"><p><\/p>\r\n<h2>Rey<\/h2>\r\n<p>                 <em><span class=\"nombreseccion\">PANORAMA<br>Di\u00e1logo Am\u00e9rica Europa\/Pueblos originarios<\/span><\/em><\/p>\r\n<p><span style=\"\">Niles Atallah<\/span><br>Ficci\u00f3n, Experimental | Chile, Francia, Holanda, Alemania, Qatar \u2013 2017 \u2013 90\u2019<br>Presentada por el director Niles Atallah<br>Q&amp;A Niles Atallah<\/p>\r\n<p><a href=\"http:\/\/cinemigrante.org\/ediciones-anteriores\/films\/rey\" class=\"button small\">ficha<\/a><\/p>\r\n<p><\/p><\/div>\r\n<\/div><\/div>\r\n<\/td>\r\n<\/tr>\r\n<\/tbody>\r\n<\/table>\r\n<p>    \t&nbsp;\t<\/p>\r\n<h2>Viernes 21 de septiembre<\/h2>\r\n<table class=\"horasprog\" cellspacing=\"0\" cellpadding=\"0\" border=\"0\">\r\n<tbody>\r\n<tr>\r\n<td class=\"th\">Sede<\/td>\r\n<td>16h<\/td>\r\n<td>17h<\/td>\r\n<td>18h<\/td>\r\n<td>19h<\/td>\r\n<td>20h<\/td>\r\n<td>21h<\/td>\r\n<td>22h<\/td>\r\n<td>23h<\/td>\r\n<\/tr>\r\n<\/tbody>\r\n<\/table>\r\n<table cellspacing=\"0\" cellpadding=\"0\" border=\"0\">\r\n<tbody>\r\n<tr>\r\n<td class=\"th\" style=\"font-size:0.9em\">Cine York<\/td>\r\n<td class=\"hour\">\r\n<div>\r\n\t    \t         <\/div>\r\n<div class=\"calendario_item seccion116\" style=\"left: 50%;\"><span class=\"time\">20:00<\/span><p><\/p>\r\n<div class=\"linkfilm\"><a class=\"controlpopup\" href=\"http:\/\/cinemigrante.org\/ediciones-anteriores\/films\/tierra-mojada\">\u2192 Tierra Mojada<\/a><p><\/p>\r\n<div class=\"popup\" style=\"display: none;\" onclick=\"document.location.href='http:\/\/cinemigrante.org\/ediciones-anteriores\/films\/tierra-mojada'\">\r\n               \t <img loading=\"lazy\" decoding=\"async\" src=\"http:\/\/cinemigrante.org\/wp-content\/uploads\/2018\/09\/TM_STILLS00005914-1.jpg\r\n\r\n\" style=\"background-image:url(http:\/\/cinemigrante.org\/wp-content\/uploads\/2018\/09\/TM_STILLS00005914-1.jpg\r\n\r\n\r\n);\" alt=\"Tierra Mojada\" width=\"260\" height=\"169\"><p><\/p>\r\n<h2>Tierra Mojada<\/h2>\r\n<p>                 <em> <span class=\"nombreseccion\">Secci\u00f3n Tem\u00e1tica \u2018Territorios en disputa\u2019<\/span> <\/em><\/p>\r\n<p><span style=\"\">Juan Sebasti\u00e1n Mesa<\/span><br>Ficci\u00f3n | Colombia \u2013 2017 -17\u2032<\/p>\r\n<p><a href=\"http:\/\/cinemigrante.org\/ediciones-anteriores\/films\/tierra-mojada\" class=\"button small\">ficha<\/a><\/p>\r\n<p><\/p><\/div>\r\n<\/div>\r\n<div class=\"linkfilm\"><a class=\"controlpopup\" href=\"http:\/\/cinemigrante.org\/ediciones-anteriores\/films\/chaco\">\u2192 Chaco<\/a><p><\/p>\r\n<div class=\"popup\" style=\"display: none;\" onclick=\"document.location.href='http:\/\/cinemigrante.org\/ediciones-anteriores\/films\/chaco'\">\r\n               \t <img loading=\"lazy\" decoding=\"async\" src=\"http:\/\/cinemigrante.org\/wp-content\/uploads\/2018\/09\/Chaco-2.jpg\r\n\r\n\" style=\"background-image:url(http:\/\/cinemigrante.org\/wp-content\/uploads\/2018\/09\/Chaco-2.jpg\r\n\r\n\r\n);\" alt=\"Chaco\" width=\"260\" height=\"169\"><p><\/p>\r\n<h2>Chaco<\/h2>\r\n<p>                 <em> <span class=\"nombreseccion\">Secci\u00f3n Tem\u00e1tica \u2018Territorios en disputa\u2019<\/span> <\/em><\/p>\r\n<p><span style=\"\">Ignacio Ragone, Juan Fern\u00e1ndez Gebauer, Ulises de la Orden<\/span><br>Documental | Argentina \u2013 2017 \u2013 82\u2019<br>Presentada por los directores<br>Q&amp;A Ragone y Gebauer<\/p>\r\n<p><a href=\"http:\/\/cinemigrante.org\/ediciones-anteriores\/films\/chaco\" class=\"button small\">ficha<\/a><\/p>\r\n<p><\/p><\/div>\r\n<\/div><\/div>\r\n<\/td>\r\n<\/tr>\r\n<\/tbody>\r\n<\/table>\r\n<p>    \t&nbsp;\t<\/p>\r\n<h2>S\u00e1bado 22 de septiembre<\/h2>\r\n<table class=\"horasprog\" cellspacing=\"0\" cellpadding=\"0\" border=\"0\">\r\n<tbody>\r\n<tr>\r\n<td class=\"th\">Sede<\/td>\r\n<td>16h<\/td>\r\n<td>17h<\/td>\r\n<td>18h<\/td>\r\n<td>19h<\/td>\r\n<td>20h<\/td>\r\n<td>21h<\/td>\r\n<td>22h<\/td>\r\n<td>24h<\/td>\r\n<\/tr>\r\n<\/tbody>\r\n<\/table>\r\n<table cellspacing=\"0\" cellpadding=\"0\" border=\"0\">\r\n<tbody>\r\n<tr>\r\n<td class=\"th\" style=\"font-size:0.9em\">Lumiton Usina Audiovisual<\/td>\r\n<td class=\"hour\">\r\n<div>\r\n\t    \t         <\/div>\r\n<div class=\"calendario_item seccion117\" style=\"  left: 45%; \"><span class=\"time\">19:30<\/span><p><\/p>\r\n<div class=\"linkfilm\"><a class=\"controlpopup\" href=\"http:\/\/cinemigrante.org\/ediciones-anteriores\/films\/the-cleanse\">\u2192 The cleanse<\/a><p><\/p>\r\n<div class=\"popup\" style=\"display: none; onclick=\" document.location.href=\"http:\/\/cinemigrante.org\/ediciones-anteriores\/films\/the-cleanse\" \"=\"\">\r\n               <img loading=\"lazy\" decoding=\"async\" src=\"http:\/\/cinemigrante.org\/wp-content\/uploads\/2018\/09\/TheCleanse-1.jpg\r\n\r\n\r\n\" style=\"background-image:url(http:\/\/cinemigrante.org\/wp-content\/uploads\/2018\/09\/TheCleanse-1.jpg\r\n\r\n);\" alt=\"The cleanse\" width=\"260\" height=\"169\"><p><\/p>\r\n<h2>The cleanse<\/h2>\r\n<p>                 <em><span class=\"nombreseccion\">Secci\u00f3n Central \u2018Futuridades n\u00f3madas\u2019<\/span><\/em><\/p>\r\n<p><span style=\"\">Adama Delphine Fawundu<\/span><br>Experimental | EEUU \u2013 2017 \u2013 10\u2032<br>Premier en Am\u00e9rica Latina<\/p>\r\n<p><a href=\"http:\/\/cinemigrante.org\/ediciones-anteriores\/films\/the-cleanse\" class=\"button small\">ficha<\/a><\/p>\r\n<p><\/p><\/div>\r\n<\/div>\r\n<div class=\"linkfilm\"><a class=\"controlpopup\" href=\"http:\/\/cinemigrante.org\/ediciones-anteriores\/films\/brown-girl-begins\">\u2192 Brown Girl Begins<\/a><p><\/p>\r\n<div class=\"popup\" style=\"display: none; onclick=\" document.location.href=\"http:\/\/cinemigrante.org\/ediciones-anteriores\/films\/brown-girl-begins\" \"=\"\">\r\n               <img loading=\"lazy\" decoding=\"async\" src=\"http:\/\/cinemigrante.org\/wp-content\/uploads\/2018\/09\/Brown-Girl-Begins-1.jpg\r\n\r\n\r\n\" style=\"background-image:url(http:\/\/cinemigrante.org\/wp-content\/uploads\/2018\/09\/Brown-Girl-Begins-1.jpg\r\n\r\n\r\n\r\n);\" alt=\"Brown Girl Begins\" width=\"260\" height=\"169\"><p><\/p>\r\n<h2>Brown Girl Begins<\/h2>\r\n<p>                 <em><span class=\"nombreseccion\">Secci\u00f3n Central \u2018Futuridades n\u00f3madas\u2019<\/span><\/em><\/p>\r\n<p><span style=\"\">Sharon Lewis<\/span><br>Ficci\u00f3n | Canad\u00e1 \u2013 2017 \u2013 70\u2032<br>Premier en Am\u00e9rica Latina<br>Q&amp;A Adama Delphine Fawundu<br>\r\nQ&amp;A Measha Brueggergosman<\/p>\r\n<p><a href=\"http:\/\/cinemigrante.org\/ediciones-anteriores\/films\/brown-girl-begins\" class=\"button small\">ficha<\/a><\/p>\r\n<p><\/p><\/div>\r\n<\/div><\/div>\r\n<\/td>\r\n<\/tr>\r\n<\/tbody>\r\n<\/table>\r\n<p>    \t&nbsp;\t\t<\/p>\r\n<h2>Martes 25 de septiembre<\/h2>\r\n<table class=\"horasprog\" cellspacing=\"0\" cellpadding=\"0\" border=\"0\">\r\n<tbody>\r\n<tr>\r\n<td class=\"th\">Sede<\/td>\r\n<td>16h<\/td>\r\n<td>17h<\/td>\r\n<td>18h<\/td>\r\n<td>19h<\/td>\r\n<td>20h<\/td>\r\n<td>21h<\/td>\r\n<td>22h<\/td>\r\n<td>23h<\/td>\r\n<\/tr>\r\n<\/tbody>\r\n<\/table>\r\n<table cellspacing=\"0\" cellpadding=\"0\" border=\"0\">\r\n<tbody>\r\n<tr>\r\n<td class=\"th\" style=\"font-size:0.9em\">Cine York<\/td>\r\n<td class=\"hour\">\r\n<div>\r\n\t    \t         <\/div>\r\n<div class=\"calendario_item seccion117\" style=\"left: 23%;\"><span class=\"time\">17:45<\/span><p><\/p>\r\n<div class=\"linkfilm\"><a class=\"controlpopup\" href=\"http:\/\/cinemigrante.org\/ediciones-anteriores\/films\/averno\">\u2192 Averno<\/a><p><\/p>\r\n<div class=\"popup\" style=\"display: none; onclick=\" document.location.href=\"http:\/\/cinemigrante.org\/ediciones-anteriores\/films\/averno\" \"=\"\">\r\n               <img loading=\"lazy\" decoding=\"async\" src=\"http:\/\/cinemigrante.org\/wp-content\/uploads\/2018\/09\/Averno-1.jpg\r\n\r\n\" style=\"background-image:url(http:\/\/cinemigrante.org\/wp-content\/uploads\/2018\/09\/Averno-1.jpg\r\n\r\n\r\n);\" alt=\"Averno\" width=\"260\" height=\"169\"><p><\/p>\r\n<h2>Averno<\/h2>\r\n<p>                 <em><span class=\"nombreseccion\">Secci\u00f3n Central \u2018Futuridades n\u00f3madas\u2019<\/span><\/em><\/p>\r\n<p><span style=\"\">Marcos Loayza<\/span><br>Ficci\u00f3n | Bolivia, Uruguay \u2013 2018 \u2013 87\u2032<br>Presentada por el director Marcos Loayza<br>\r\nQ&amp;A Marcos Loayza<\/p>\r\n<p><a href=\"http:\/\/cinemigrante.org\/ediciones-anteriores\/films\/averno\" class=\"button small\">ficha<\/a><\/p>\r\n<p><\/p><\/div>\r\n<\/div><\/div>\r\n<\/td>\r\n<\/tr>\r\n<\/tbody>\r\n<\/table><\/div>\t\t<\/div>\n\t\t\t\t<\/div>\n\t\t\t\t\t<\/div>\n\t\t<\/div>\n\t\t\t\t\t<\/div>\n\t\t<\/section>\n\t\t\t\t<\/div>\n\t\t","protected":false},"excerpt":{"rendered":"<p>Programaci\u00f3n por d\u00eda (Vicente L\u00f3pez) Mi\u00e9rcoles 19 de septiembre Sede 16h 17h 18h 19h 20h 21h 22h 23h Cine York 20:00 \u2192 La grieta La grieta Secci\u00f3n Tem\u00e1tica \u2018Territorios en &hellip; <\/p>\n<p class=\"link-more\"><a href=\"https:\/\/cinemigrante.org\/ediciones-anteriores\/9-edicion\/programacion-por-dia-vicente-lopez\" class=\"more-link\">Continue reading<span class=\"screen-reader-text\"> \u00abProgramaci\u00f3n por d\u00eda (Vicente L\u00f3pez)\u00bb<\/span><\/a><\/p>\n","protected":false},"author":9,"featured_media":0,"parent":14628,"menu_order":0,"comment_status":"closed","ping_status":"closed","template":"elementor_header_footer","meta":{"_acf_changed":false,"footnotes":""},"class_list":["post-14652","page","type-page","status-publish","hentry"],"acf":[],"_links":{"self":[{"href":"https:\/\/cinemigrante.org\/ediciones-anteriores\/wp-json\/wp\/v2\/pages\/14652"}],"collection":[{"href":"https:\/\/cinemigrante.org\/ediciones-anteriores\/wp-json\/wp\/v2\/pages"}],"about":[{"href":"https:\/\/cinemigrante.org\/ediciones-anteriores\/wp-json\/wp\/v2\/types\/page"}],"author":[{"embeddable":true,"href":"https:\/\/cinemigrante.org\/ediciones-anteriores\/wp-json\/wp\/v2\/users\/9"}],"replies":[{"embeddable":true,"href":"https:\/\/cinemigrante.org\/ediciones-anteriores\/wp-json\/wp\/v2\/comments?post=14652"}],"version-history":[{"count":7,"href":"https:\/\/cinemigrante.org\/ediciones-anteriores\/wp-json\/wp\/v2\/pages\/14652\/revisions"}],"predecessor-version":[{"id":14699,"href":"https:\/\/cinemigrante.org\/ediciones-anteriores\/wp-json\/wp\/v2\/pages\/14652\/revisions\/14699"}],"up":[{"embeddable":true,"href":"https:\/\/cinemigrante.org\/ediciones-anteriores\/wp-json\/wp\/v2\/pages\/14628"}],"wp:attachment":[{"href":"https:\/\/cinemigrante.org\/ediciones-anteriores\/wp-json\/wp\/v2\/media?parent=14652"}],"curies":[{"name":"wp","href":"https:\/\/api.w.org\/{rel}","templated":true}]}}