






{"id":14648,"date":"2022-02-07T18:05:20","date_gmt":"2022-02-07T21:05:20","guid":{"rendered":"https:\/\/cinemigrante.com\/ediciones-anteriores\/?page_id=14648"},"modified":"2022-02-07T19:13:53","modified_gmt":"2022-02-07T22:13:53","slug":"programacion-por-dia-avellaneda","status":"publish","type":"page","link":"https:\/\/cinemigrante.org\/ediciones-anteriores\/9-edicion\/programacion-por-dia-avellaneda","title":{"rendered":"Programaci\u00f3n por d\u00eda (Avellaneda)"},"content":{"rendered":"\t\t<div data-elementor-type=\"wp-page\" data-elementor-id=\"14648\" class=\"elementor elementor-14648\">\n\t\t\t\t\t\t<section class=\"elementor-section elementor-top-section elementor-element elementor-element-9e4ffc4 elementor-section-boxed elementor-section-height-default elementor-section-height-default\" data-id=\"9e4ffc4\" data-element_type=\"section\" data-settings=\"{&quot;background_background&quot;:&quot;classic&quot;}\">\n\t\t\t\t\t\t\t<div class=\"elementor-background-overlay\"><\/div>\n\t\t\t\t\t\t\t<div class=\"elementor-container elementor-column-gap-default\">\n\t\t\t\t\t<div class=\"elementor-column elementor-col-100 elementor-top-column elementor-element elementor-element-76da396\" data-id=\"76da396\" data-element_type=\"column\" data-settings=\"{&quot;background_background&quot;:&quot;classic&quot;}\">\n\t\t\t<div class=\"elementor-widget-wrap elementor-element-populated\">\n\t\t\t\t\t\t<div class=\"elementor-element elementor-element-7226af3 elementor-widget elementor-widget-heading\" data-id=\"7226af3\" data-element_type=\"widget\" data-widget_type=\"heading.default\">\n\t\t\t\t<div class=\"elementor-widget-container\">\n\t\t\t<style>\/*! elementor - v3.23.0 - 15-07-2024 *\/\n.elementor-heading-title{padding:0;margin:0;line-height:1}.elementor-widget-heading .elementor-heading-title[class*=elementor-size-]>a{color:inherit;font-size:inherit;line-height:inherit}.elementor-widget-heading .elementor-heading-title.elementor-size-small{font-size:15px}.elementor-widget-heading .elementor-heading-title.elementor-size-medium{font-size:19px}.elementor-widget-heading .elementor-heading-title.elementor-size-large{font-size:29px}.elementor-widget-heading .elementor-heading-title.elementor-size-xl{font-size:39px}.elementor-widget-heading .elementor-heading-title.elementor-size-xxl{font-size:59px}<\/style><h2 class=\"elementor-heading-title elementor-size-default\">Programaci\u00f3n por d\u00eda (Avellaneda)<\/h2>\t\t<\/div>\n\t\t\t\t<\/div>\n\t\t\t\t<div class=\"elementor-element elementor-element-d30adb3 elementor-widget elementor-widget-html\" data-id=\"d30adb3\" data-element_type=\"widget\" data-widget_type=\"html.default\">\n\t\t\t\t<div class=\"elementor-widget-container\">\n\t\t\t<div id=\"programacion\">\r\n<h2>Martes 18 de septiembre<\/h2>\r\n<table class=\"horasprog\" cellspacing=\"0\" cellpadding=\"0\" border=\"0\">\r\n<tbody>\r\n<tr>\r\n<td class=\"th\">Sede<\/td>\r\n<td>10h<\/td>\r\n<td>12h<\/td>\r\n<td>14h<\/td>\r\n<td>16h<\/td>\r\n<td>18h<\/td>\r\n<td>20h<\/td>\r\n<td>22h<\/td>\r\n<td>24h<\/td>\r\n<\/tr>\r\n<\/tbody>\r\n<\/table>\r\n<table cellspacing=\"0\" cellpadding=\"0\" border=\"0\">\r\n<tbody>\r\n<tr>\r\n<td class=\"th\" style=\"font-size:0.9em\">UNDAV. Auditorio Sede Pi\u00f1eyro<\/td>\r\n<td class=\"hour\">\r\n<div>\r\n\t    \t         <\/div>\r\n<div class=\"calendario_item seccion118\" style=\"left:0%; \"><span class=\"time\">10:00<\/span><p><\/p>\r\n<div class=\"linkfilm\"><a class=\"controlpopup\" href=\"http:\/\/cinemigrante.org\/ediciones-anteriores\/films\/a-cidade-e-uma-so\">\u2192 A cidade \u00e9 uma s\u00f3?<\/a><p><\/p>\r\n<div class=\"popup\" style=\"display: none; onclick=\" document.location.href=\"http:\/\/cinemigrante.org\/ediciones-anteriores\/films\/a-cidade-e-uma-so\" \"=\"\">\r\n               <img decoding=\"async\" src=\"http:\/\/cinemigrante.org\/wp-content\/uploads\/2018\/09\/A-Cidade-E-U-ma-So-1.jpg\r\n\r\n\" style=\"background-image:url(http:\/\/cinemigrante.org\/wp-content\/uploads\/2018\/09\/A-Cidade-E-U-ma-So-1.jpg\r\n\r\n);\" alt=\"A cidade \u00e9 uma s\u00f3?\" width=\"260\" height=\"169\"><p><\/p>\r\n<h2>A cidade \u00e9 uma s\u00f3?<\/h2>\r\n<p>                 <em><span class=\"nombreseccion\">Retrospectiva Adirley Queir\u00f3s <br>Presentada por el director y el Colectivo Passarinho. Q&amp;A Adirley Queir\u00f3s<\/span><\/em><\/p>\r\n<p><span style=\"\">Adirley Queir\u00f3s<\/span><br>Documental |Brasil \u2013 2012 \u2013 80\u2032<\/p>\r\n<p><a href=\"http:\/\/cinemigrante.org\/ediciones-anteriores\/films\/a-cidade-e-uma-so\" class=\"button small\">ficha<\/a><\/p>\r\n<p><\/p><\/div>\r\n<\/div><\/div>\r\n<\/td>\r\n<\/tr>\r\n<\/tbody>\r\n<\/table>\r\n<p>    \t&nbsp;\t\t<\/p>\r\n<h2>Mi\u00e9rcoles 19 de septiembre<\/h2>\r\n<table class=\"horasprog\" cellspacing=\"0\" cellpadding=\"0\" border=\"0\">\r\n<tbody>\r\n<tr>\r\n<td class=\"th\">Sede<\/td>\r\n<td>16h<\/td>\r\n<td>17h<\/td>\r\n<td>18h<\/td>\r\n<td>19h<\/td>\r\n<td>20h<\/td>\r\n<td>21h<\/td>\r\n<td>22h<\/td>\r\n<td>23h<\/td>\r\n<\/tr>\r\n<\/tbody>\r\n<\/table>\r\n<table cellspacing=\"0\" cellpadding=\"0\" border=\"0\">\r\n<tbody>\r\n<tr>\r\n<td class=\"th\" style=\"font-size:0.9em\">Auditorio Edificio Leonardo Favio<\/td>\r\n<td class=\"hour\">\r\n<div>\r\n\t    \t         <\/div>\r\n<div class=\"calendario_item seccion121\" style=\"left: 12%;\"><span class=\"time\">17:00<\/span><p><\/p>\r\n<div class=\"linkfilm\"><a class=\"controlpopup\" href=\"http:\/\/cinemigrante.org\/ediciones-anteriores\/actividades\/mesa-cine-iberoamericano-en-el-marco-de-la-semana-de-las-artes\">\u2192 MESA CINE IBEROAMERICANO: \u2018G\u00e9nero y lenguaje en el cine iberoamericano contempor\u00e1neo. Un recorrido por las distintas latitudes\u2019<\/a><p><\/p>\r\n<div class=\"popup\" style=\"display: none; onclick=\" document.location.href=\"http:\/\/cinemigrante.org\/ediciones-anteriores\/actividades\/mesa-cine-iberoamericano-en-el-marco-de-la-semana-de-las-artes\" \"=\"\">\r\n               <img decoding=\"async\" src=\"http:\/\/cinemigrante.org\/wp-content\/uploads\/2018\/09\/mesa.jpg\" style=\"background-image:url(http:\/\/cinemigrante.org\/wp-content\/uploads\/2018\/09\/mesa.jpg);\" alt=\"MESA CINE IBEROAMERICANO: \u2018G\u00e9nero y lenguaje en el cine iberoamericano contempor\u00e1neo. Un recorrido por las distintas latitudes\u2019\" width=\"260\" height=\"169\"><p><\/p>\r\n<h2>MESA CINE IBEROAMERICANO: \u2018G\u00e9nero y lenguaje en el cine iberoamericano contempor\u00e1neo. Un recorrido por las distintas latitudes\u2019<\/h2>\r\n<p>                 <em><span class=\"nombreseccion\">En el marco de la Semana de las Artes<\/span><\/em><\/p>\r\n<p><span style=\"\">Participan: Marcos Loayza (Bolivia); Adirley Queir\u00f3s (Brasil); Niles Atallah (Chile); Irene Yag\u00fce (Espa\u00f1a). Modera: Pablo Rovito (UNDAV).<\/span><\/p>\r\n<p><a href=\"http:\/\/cinemigrante.org\/ediciones-anteriores\/actividades\/mesa-cine-iberoamericano-en-el-marco-de-la-semana-de-las-artes\" class=\"button small\">ficha<\/a><\/p>\r\n<p><\/p><\/div>\r\n<\/div><\/div>\r\n<div class=\"calendario_item seccion117\" style=\"left: 29.5%;\"><span class=\"time\">19:30<\/span><p><\/p>\r\n<div class=\"linkfilm\"><a class=\"controlpopup\" href=\"http:\/\/cinemigrante.org\/ediciones-anteriores\/films\/winaypacha\">\u2192 Wi\u00f1aypacha<\/a><p><\/p>\r\n<div class=\"popup\" style=\"display: none; onclick=\" document.location.href=\"http:\/\/cinemigrante.org\/ediciones-anteriores\/films\/winaypacha\" \"=\"\">\r\n               <img decoding=\"async\" src=\"http:\/\/cinemigrante.org\/wp-content\/uploads\/2018\/09\/Win\u00cc\u0192aypacha.jpeg\r\n\r\n\r\n\" style=\"background-image:url(http:\/\/cinemigrante.org\/wp-content\/uploads\/2018\/09\/Win\u00cc\u0192aypacha.jpeg\r\n\r\n\r\n\r\n);\" alt=\"Wi\u00f1aypacha\" width=\"260\" height=\"169\"><p><\/p>\r\n<h2>Wi\u00f1aypacha<\/h2>\r\n<p>                 <em><span class=\"nombreseccion\">Secci\u00f3n Central \u2018Futuridades n\u00f3madas\u2019<br>Presentada por docentes UNDAV Audiovisuales<\/span><\/em><\/p>\r\n<p><span style=\"\">Oscar Catacora<\/span><br>Ficci\u00f3n | Per\u00fa \u2013 2017 \u2013 87\u2032<\/p>\r\n<p><a href=\"http:\/\/cinemigrante.org\/ediciones-anteriores\/films\/winaypacha\" class=\"button small\">ficha<\/a><\/p>\r\n<p><\/p><\/div>\r\n<\/div><\/div>\r\n<p><\/p>\r\n<\/td>\r\n<\/tr>\r\n<\/tbody>\r\n<\/table>\r\n<p>    \t&nbsp;\t\t<\/p>\r\n<h2>Jueves 20 de septiembre<\/h2>\r\n<table class=\"horasprog\" cellspacing=\"0\" cellpadding=\"0\" border=\"0\">\r\n<tbody>\r\n<tr>\r\n<td class=\"th\">Sede<\/td>\r\n<td>10h<\/td>\r\n<td>17h<\/td>\r\n<td>18h<\/td>\r\n<td>19h<\/td>\r\n<td>20h<\/td>\r\n<td>21h<\/td>\r\n<td>22h<\/td>\r\n<td>23h<\/td>\r\n<\/tr>\r\n<\/tbody>\r\n<\/table>\r\n<table cellspacing=\"0\" cellpadding=\"0\" border=\"0\">\r\n<tbody>\r\n<tr>\r\n<td class=\"th\" style=\"font-size:0.9em\">UNDAV. Auditorio Sede Pi\u00f1eyro<\/td>\r\n<td class=\"hour\">\r\n<div>\r\n\t    \t         <\/div>\r\n<div class=\"calendario_item seccion118\" style=\"left:0%;\"><span class=\"time\">10:00<\/span><p><\/p>\r\n<div class=\"linkfilm\"><a class=\"controlpopup\" href=\"http:\/\/cinemigrante.org\/ediciones-anteriores\/actividades\/mesa-arquitecturas-de-coloniales-racismo-arquitectura-y-politicas-de-vivienda-las-ciudades-de-brasilia-ceilandia-y-madrid\">\u2192 MESA \u2018ARQUITECTURAS (DE) COLONIALES: Racismo, arquitectura y pol\u00edticas de vivienda. Las ciudades de Brasilia, Ceilandia y Madrid\u2019<\/a><p><\/p>\r\n<div class=\"popup\" style=\"display:none\" onclick=\"document.location.href='http:\/\/cinemigrante.org\/ediciones-anteriores\/actividades\/mesa-arquitecturas-de-coloniales-racismo-arquitectura-y-politicas-de-vivienda-las-ciudades-de-brasilia-ceilandia-y-madrid'\">\r\n               \t <img loading=\"lazy\" decoding=\"async\" src=\"http:\/\/cinemigrante.org\/wp-content\/uploads\/2018\/09\/mesa2.jpg\r\n\r\n\" style=\"background-image:url(http:\/\/cinemigrante.org\/wp-content\/uploads\/2018\/09\/mesa2.jpg\r\n\r\n);\" alt=\"MESA \u2018ARQUITECTURAS (DE) COLONIALES: Racismo, arquitectura y pol\u00edticas de vivienda. Las ciudades de Brasilia, Ceilandia y Madrid\u2019\" width=\"260\" height=\"169\"><p><\/p>\r\n<h2>MESA \u2018ARQUITECTURAS (DE) COLONIALES: Racismo, arquitectura y pol\u00edticas de vivienda. Las ciudades de Brasilia, Ceilandia y Madrid\u2019<\/h2>\r\n<p><span style=\"\">Participan: Adirley Queir\u00f3s (Director, Brasil); Ma. P\u00eda L\u00f3pez (UNGS\/UBA, Argentina); Irene Yag\u00fce (Directora, Espa\u00f1a). Modera: Arq. Jaime Sor\u00edn (UNDAV, Argentina).<\/span><\/p>\r\n<p><a href=\"http:\/\/cinemigrante.org\/ediciones-anteriores\/actividades\/mesa-arquitecturas-de-coloniales-racismo-arquitectura-y-politicas-de-vivienda-las-ciudades-de-brasilia-ceilandia-y-madrid\" class=\"button small\">ficha<\/a><\/p>\r\n<p><\/p><\/div>\r\n<\/div>\r\n<div class=\"linkfilm\"><a class=\"controlpopup\" href=\"http:\/\/cinemigrante.org\/ediciones-anteriores\/films\/rap-o-canto-da-ceilandia\">\u2192 Rap, O Canto da Ceil\u00e2ndia<\/a><p><\/p>\r\n<div class=\"popup\" style=\"display: none; onclick=\" document.location.href=\"http:\/\/cinemigrante.org\/ediciones-anteriores\/films\/rap-o-canto-da-ceilandia\" \"=\"\">\r\n               <img loading=\"lazy\" decoding=\"async\" src=\"http:\/\/cinemigrante.org\/wp-content\/uploads\/2018\/09\/Rap-o-canto-da-Ceilandia-1.jpg\r\n\r\n\" style=\"background-image:url(http:\/\/cinemigrante.org\/wp-content\/uploads\/2018\/09\/Rap-o-canto-da-Ceilandia-1.jpg\r\n\r\n);\" alt=\"Rap, O Canto da Ceil\u00e2ndia\" width=\"260\" height=\"169\"><p><\/p>\r\n<h2>Rap, O Canto da Ceil\u00e2ndia<\/h2>\r\n<p>                 <em><span class=\"nombreseccion\">Retrospectiva Adirley Queir\u00f3s<\/span><\/em><\/p>\r\n<p><span style=\"\">Adirley Queir\u00f3s<\/span><br>Documental |Brasil \u2013 2005 \u2013 15\u2032<br>Presentada por el director Adirley Queir\u00f3s.<br>\r\nQ&amp;A Adirley Queiros<\/p>\r\n<p><a href=\"http:\/\/cinemigrante.org\/ediciones-anteriores\/films\/rap-o-canto-da-ceilandia\" class=\"button small\">ficha<\/a><\/p>\r\n<p><\/p><\/div>\r\n<\/div><\/div>\r\n<\/td>\r\n<\/tr>\r\n<tr>\r\n<td class=\"th\" style=\"font-size:0.9em\">Auditorio Edificio Leonardo Favio<\/td>\r\n<td class=\"hour\">\r\n<div>\r\n\t    \t         <\/div>\r\n<div class=\"calendario_item seccion117\" style=\"left: 0%\"><span class=\"time\">10:00<\/span><p><\/p>\r\n<div class=\"linkfilm\"><a class=\"controlpopup\" href=\"http:\/\/cinemigrante.org\/ediciones-anteriores\/films\/averno\">\u2192 Averno<\/a><p><\/p>\r\n<div class=\"popup\" style=\"display: none; onclick=\" document.location.href=\"http:\/\/cinemigrante.org\/ediciones-anteriores\/films\/averno\" \"=\"\">\r\n               <img loading=\"lazy\" decoding=\"async\" src=\"http:\/\/cinemigrante.org\/wp-content\/uploads\/2018\/09\/Averno-1.jpg\r\n\r\n\" style=\"background-image:url(http:\/\/cinemigrante.org\/wp-content\/uploads\/2018\/09\/Averno-1.jpg\r\n\r\n\r\n);\" alt=\"Averno\" width=\"260\" height=\"169\"><p><\/p>\r\n<h2>Averno<\/h2>\r\n<p>                 <em><span class=\"nombreseccion\">Secci\u00f3n Central \u2018Futuridades n\u00f3madas\u2019<\/span><\/em><\/p>\r\n<p><span style=\"\">Marcos Loayza<\/span><br>Ficci\u00f3n | Bolivia, Uruguay \u2013 2018 \u2013 87\u2032<br>Presentada por el director Marcos Loayza<br>\r\nQ&amp;A Marcos Loayza<\/p>\r\n<p><a href=\"http:\/\/cinemigrante.org\/ediciones-anteriores\/films\/averno\" class=\"button small\">ficha<\/a><\/p>\r\n<p><\/p><\/div>\r\n<\/div>\r\n<\/div>\r\n<\/td>\r\n<\/tr>\r\n<tr>\r\n<td class=\"th\" style=\"font-size:0.9em\">Centro Municipal de Arte<\/td>\r\n<td class=\"hour\">\r\n<div>\r\n\t    \t         <\/div>\r\n<div class=\"calendario_item seccion113\" style=\"left: 37%;\"><span class=\"time\">19:00<\/span><p><\/p>\r\n<div class=\"linkfilm\"><a class=\"controlpopup\" href=\"http:\/\/cinemigrante.org\/ediciones-anteriores\/films\/matangi-maya-m-i-a\">\u2192 Matangi\/Maya\/M.I.A.<\/a><p><\/p>\r\n<div class=\"popup\" style=\"display: none; onclick=\" document.location.href=\"http:\/\/cinemigrante.org\/ediciones-anteriores\/films\/matangi-maya-m-i-a\" \"=\"\">\r\n               <img loading=\"lazy\" decoding=\"async\" src=\"http:\/\/cinemigrante.org\/wp-content\/uploads\/2018\/09\/MATANGI-MAYA-MIA-1.jpg\r\n\r\n\r\n\" style=\"background-image:url(http:\/\/cinemigrante.org\/wp-content\/uploads\/2018\/09\/MATANGI-MAYA-MIA-1.jpg\r\n\r\n\r\n);\" alt=\"Matangi\/Maya\/M.I.A.\" width=\"260\" height=\"169\"><p><\/p>\r\n<h2>Matangi\/Maya\/M.I.A.<\/h2>\r\n<p>                 <em><span class=\"nombreseccion\">PANORAMA<br>Di\u00e1logo Asia-Europa \/ Colonialidad \/ Construcciones identitarias<\/span><\/em><\/p>\r\n<p><span style=\"\">Steve Loveridge<\/span><br>Documental | Sri Lanka, Reino Unido, EE.UU \u2013 2018 \u2013 96\u2032<\/p>\r\n<p><a href=\"http:\/\/cinemigrante.org\/ediciones-anteriores\/films\/matangi-maya-m-i-a\" class=\"button small\">ficha<\/a><\/p>\r\n<p><\/p><\/div>\r\n<\/div><\/div>\r\n<\/td>\r\n<\/tr>\r\n<\/tbody>\r\n<\/table>\r\n<p>    \t&nbsp;\t<\/p>\r\n<h2>Viernes 21 de septiembre<\/h2>\r\n<table class=\"horasprog\" cellspacing=\"0\" cellpadding=\"0\" border=\"0\">\r\n<tbody>\r\n<tr>\r\n<td class=\"th\">Sede<\/td>\r\n<td>16h<\/td>\r\n<td>17h<\/td>\r\n<td>18h<\/td>\r\n<td>19h<\/td>\r\n<td>20h<\/td>\r\n<td>21h<\/td>\r\n<td>22h<\/td>\r\n<td>23h<\/td>\r\n<\/tr>\r\n<\/tbody>\r\n<\/table>\r\n<table cellspacing=\"0\" cellpadding=\"0\" border=\"0\">\r\n<tbody>\r\n<tr>\r\n<td class=\"th\" style=\"font-size:0.9em\">MEC<\/td>\r\n<td class=\"hour\">\r\n<div>\r\n\t    \t         <\/div>\r\n<div class=\"calendario_item seccion80\" style=\"left: 32%;\"><span class=\"time\">18:30<\/span><p><\/p>\r\n<div class=\"linkfilm\"><a class=\"controlpopup\" href=\"http:\/\/cinemigrante.org\/ediciones-anteriores\/actividades\/charla-proyeccion\">\u2192 Ciclo de lecturas feministas: \u2018Cuerpo: Futuro y Tecnolog\u00eda. Xenofeminismo\u2019<\/a><p><\/p>\r\n<div class=\"popup\" style=\"display:none\" onclick=\"document.location.href='http:\/\/cinemigrante.org\/ediciones-anteriores\/actividades\/charla-proyeccion'\">\r\n               \t <img loading=\"lazy\" decoding=\"async\" src=\"http:\/\/cinemigrante.org\/wp-content\/uploads\/2018\/09\/21326901821_b692ae9a73_b.jpg\r\n\" style=\"background-image:url(http:\/\/cinemigrante.org\/wp-content\/uploads\/2018\/09\/21326901821_b692ae9a73_b.jpg\r\n\r\n);\" alt=\"Ciclo de lecturas feministas: \u2018Cuerpo: Futuro y Tecnolog\u00eda. Xenofeminismo\u2019\" width=\"260\" height=\"169\"><p><\/p>\r\n<h2>Ciclo de lecturas feministas: \u2018Cuerpo: Futuro y Tecnolog\u00eda. Xenofeminismo\u2019<\/h2>\r\n<p>                 <em> <span class=\"nombreseccion\">Secci\u00f3n Tem\u00e1tica \u2018Noches extra\u00f1as\u2019<\/span> <\/em><\/p>\r\n<p><span style=\"\">Charla con Katrina Burch (integrante del colectivo Laboria Cuboniks)<br>\r\n+ Proyecci\u00f3n<br>\r\nDonna Haraway: Story Telling for Earthly Survival<\/span><\/p>\r\n<p><a href=\"http:\/\/cinemigrante.org\/ediciones-anteriores\/actividades\/charla-proyeccion\" class=\"button small\">ficha<\/a><\/p>\r\n<p><\/p><\/div>\r\n<\/div><\/div>\r\n<\/td>\r\n<\/tr>\r\n<\/tbody>\r\n<\/table>\r\n<p>    \t&nbsp;\t<\/p>\r\n<h2>S\u00e1bado 22 de septiembre<\/h2>\r\n<table class=\"horasprog\" cellspacing=\"0\" cellpadding=\"0\" border=\"0\">\r\n<tbody>\r\n<tr>\r\n<td class=\"th\">Sede<\/td>\r\n<td>16h<\/td>\r\n<td>17h<\/td>\r\n<td>18h<\/td>\r\n<td>19h<\/td>\r\n<td>20h<\/td>\r\n<td>21h<\/td>\r\n<td>22h<\/td>\r\n<td>24h<\/td>\r\n<\/tr>\r\n<\/tbody>\r\n<\/table>\r\n<table cellspacing=\"0\" cellpadding=\"0\" border=\"0\">\r\n<tbody>\r\n<tr>\r\n<td class=\"th\" style=\"font-size:0.9em\">Centro Municipal de Arte<\/td>\r\n<td class=\"hour\">\r\n<div>\r\n\t    \t         <\/div>\r\n<div class=\"calendario_item seccion117\" style=\"    left: 50%;\"><span class=\"time\">20:00<\/span><p><\/p>\r\n<div class=\"linkfilm\"><a class=\"controlpopup\" href=\"http:\/\/cinemigrante.org\/ediciones-anteriores\/films\/les-saignantes\">\u2192 Les Saignantes<\/a><p><\/p>\r\n<div class=\"popup\" style=\"display: none; onclick=\" document.location.href=\"http:\/\/cinemigrante.org\/ediciones-anteriores\/films\/les-saignantes\" \"=\"\">\r\n               <img loading=\"lazy\" decoding=\"async\" src=\"http:\/\/cinemigrante.org\/wp-content\/uploads\/2018\/09\/Las-Saignantes-1.jpg\r\n\r\n\r\n\r\n\" style=\"background-image:url(http:\/\/cinemigrante.org\/wp-content\/uploads\/2018\/09\/Las-Saignantes-1.jpg\r\n\r\n\r\n\r\n\r\n);\" alt=\"Les Saignantes\" width=\"260\" height=\"169\"><p><\/p>\r\n<h2>Les Saignantes<\/h2>\r\n<p>                 <em><span class=\"nombreseccion\">Secci\u00f3n Central \u2018Futuridades n\u00f3madas\u2019<br>Foco Jean-Pierre Bekolo<\/span><\/em><\/p>\r\n<p><span style=\"\">Jean-Pierre Bekolo<\/span><br>Ficci\u00f3n | Camer\u00fan \u2013 2005 \u2013 93\u2032<br>Premier en Argentina<br>\r\nPresentada por el director Jean-Pierre Bekolo<br>\r\nQ&amp;A Jean Pierre Bekolo<\/p>\r\n<p><a href=\"http:\/\/cinemigrante.org\/ediciones-anteriores\/films\/les-saignantes\" class=\"button small\">ficha<\/a><\/p>\r\n<p><\/p><\/div>\r\n<\/div><\/div>\r\n<\/td>\r\n<\/tr>\r\n<\/tbody>\r\n<\/table>\r\n<p>    \t&nbsp;\t\t<\/p>\r\n<h2>Lunes 24 de septiembre<\/h2>\r\n<table class=\"horasprog\" cellspacing=\"0\" cellpadding=\"0\" border=\"0\">\r\n<tbody>\r\n<tr>\r\n<td class=\"th\">Sede<\/td>\r\n<td>16h<\/td>\r\n<td>17h<\/td>\r\n<td>18h<\/td>\r\n<td>19h<\/td>\r\n<td>20h<\/td>\r\n<td>21h<\/td>\r\n<td>22h<\/td>\r\n<td>23h<\/td>\r\n<\/tr>\r\n<\/tbody>\r\n<\/table>\r\n<table cellspacing=\"0\" cellpadding=\"0\" border=\"0\">\r\n<tbody>\r\n<tr>\r\n<td class=\"th\" style=\"font-size:0.9em\">Auditorio Edificio Leonardo Favio<\/td>\r\n<td class=\"hour\">\r\n<div>\r\n\t    \t         <\/div>\r\n<div class=\"calendario_item seccion117\" style=\"left: 37.3%;\"><span class=\"time\">19:00<\/span><p><\/p>\r\n<div class=\"linkfilm\"><a class=\"controlpopup\" href=\"http:\/\/cinemigrante.org\/ediciones-anteriores\/films\/les-saignantes\">\u2192 Les Saignantes<\/a><p><\/p>\r\n<div class=\"popup\" style=\"display: none; onclick=\" document.location.href=\"http:\/\/cinemigrante.org\/ediciones-anteriores\/films\/les-saignantes\" \"=\"\">\r\n               <img loading=\"lazy\" decoding=\"async\" src=\"http:\/\/cinemigrante.org\/wp-content\/uploads\/2018\/09\/Las-Saignantes-1.jpg\r\n\r\n\r\n\r\n\" style=\"background-image:url(http:\/\/cinemigrante.org\/wp-content\/uploads\/2018\/09\/Las-Saignantes-1.jpg\r\n\r\n\r\n\r\n\r\n);\" alt=\"Les Saignantes\" width=\"260\" height=\"169\"><p><\/p>\r\n<h2>Les Saignantes<\/h2>\r\n<p>                 <em><span class=\"nombreseccion\">Secci\u00f3n Central \u2018Futuridades n\u00f3madas\u2019<br>Foco Jean-Pierre Bekolo<\/span><\/em><\/p>\r\n<p><span style=\"\">Jean-Pierre Bekolo<\/span><br>Ficci\u00f3n | Camer\u00fan \u2013 2005 \u2013 93\u2032<br>Premier en Argentina<\/p>\r\n<p><a href=\"http:\/\/cinemigrante.org\/ediciones-anteriores\/films\/les-saignantes\" class=\"button small\">ficha<\/a><\/p>\r\n<p><\/p><\/div>\r\n<\/div><\/div>\r\n<\/td>\r\n<\/tr>\r\n<\/tbody>\r\n<\/table>\r\n<p>    \t&nbsp;\t\t<\/p>\r\n<h2>Martes 25 de septiembre<\/h2>\r\n<table class=\"horasprog\" cellspacing=\"0\" cellpadding=\"0\" border=\"0\">\r\n<tbody>\r\n<tr>\r\n<td class=\"th\">Sede<\/td>\r\n<td>16h<\/td>\r\n<td>17h<\/td>\r\n<td>18h<\/td>\r\n<td>19h<\/td>\r\n<td>20h<\/td>\r\n<td>21h<\/td>\r\n<td>22h<\/td>\r\n<td>23h<\/td>\r\n<\/tr>\r\n<\/tbody>\r\n<\/table>\r\n<table cellspacing=\"0\" cellpadding=\"0\" border=\"0\">\r\n<tbody>\r\n<tr>\r\n<td class=\"th\" style=\"font-size:0.9em\">Auditorio Edificio Leonardo Favio<\/td>\r\n<td class=\"hour\">\r\n<div>\r\n\t    \t         <\/div>\r\n<div class=\"calendario_item seccion121\" style=\"left: 32.5%;\"><span class=\"time\">18:30<\/span><p><\/p>\r\n<div class=\"linkfilm\"><a class=\"controlpopup\" href=\"http:\/\/cinemigrante.org\/ediciones-anteriores\/actividades\/charla-ciencia-ficcion\">\u2192 CHARLA CIENCIA FICCI\u00d3N<\/a><p><\/p>\r\n<div class=\"popup\" style=\"display: none; onclick=\" document.location.href=\"http:\/\/cinemigrante.org\/ediciones-anteriores\/actividades\/charla-ciencia-ficcion\" \"=\"\">\r\n               <img loading=\"lazy\" decoding=\"async\" src=\"http:\/\/cinemigrante.org\/wp-content\/uploads\/2018\/09\/JP-Bekolo.jpg\" style=\"background-image:url(http:\/\/cinemigrante.org\/wp-content\/uploads\/2018\/09\/JP-Bekolo.jpg\" width=\"260\" height=\"169\"><p><\/p>\r\n<h2>CHARLA CIENCIA FICCI\u00d3N<\/h2>\r\n<p>                 <em><span class=\"nombreseccion\">Foco Jean-Pierre Bekolo<\/span><\/em><\/p>\r\n<p><span style=\"\">Charla \u2018Filmar ciencia ficci\u00f3n desde los relatos del Sur\u2019. Di\u00e1logo de Jean-Pierre Bekolo con Fer Casals, Valeria Massimino y Pato Paludi de MetaRadio.<\/span><\/p>\r\n<p><a href=\"http:\/\/cinemigrante.org\/ediciones-anteriores\/films\/the-barber-shop\" class=\"button small\">ficha<\/a><\/p>\r\n<p><\/p><\/div>\r\n<\/div>\r\n<\/div>\r\n<\/td>\r\n<\/tr>\r\n<\/tbody>\r\n<\/table><\/div>\t\t<\/div>\n\t\t\t\t<\/div>\n\t\t\t\t\t<\/div>\n\t\t<\/div>\n\t\t\t\t\t<\/div>\n\t\t<\/section>\n\t\t\t\t<\/div>\n\t\t","protected":false},"excerpt":{"rendered":"<p>Programaci\u00f3n por d\u00eda (Avellaneda) Martes 18 de septiembre Sede 10h 12h 14h 16h 18h 20h 22h 24h UNDAV. Auditorio Sede Pi\u00f1eyro 10:00 \u2192 A cidade \u00e9 uma s\u00f3? A cidade &hellip; <\/p>\n<p class=\"link-more\"><a href=\"https:\/\/cinemigrante.org\/ediciones-anteriores\/9-edicion\/programacion-por-dia-avellaneda\" class=\"more-link\">Continue reading<span class=\"screen-reader-text\"> \u00abProgramaci\u00f3n por d\u00eda (Avellaneda)\u00bb<\/span><\/a><\/p>\n","protected":false},"author":9,"featured_media":0,"parent":14628,"menu_order":0,"comment_status":"closed","ping_status":"closed","template":"elementor_header_footer","meta":{"_acf_changed":false,"footnotes":""},"class_list":["post-14648","page","type-page","status-publish","hentry"],"acf":[],"_links":{"self":[{"href":"https:\/\/cinemigrante.org\/ediciones-anteriores\/wp-json\/wp\/v2\/pages\/14648"}],"collection":[{"href":"https:\/\/cinemigrante.org\/ediciones-anteriores\/wp-json\/wp\/v2\/pages"}],"about":[{"href":"https:\/\/cinemigrante.org\/ediciones-anteriores\/wp-json\/wp\/v2\/types\/page"}],"author":[{"embeddable":true,"href":"https:\/\/cinemigrante.org\/ediciones-anteriores\/wp-json\/wp\/v2\/users\/9"}],"replies":[{"embeddable":true,"href":"https:\/\/cinemigrante.org\/ediciones-anteriores\/wp-json\/wp\/v2\/comments?post=14648"}],"version-history":[{"count":4,"href":"https:\/\/cinemigrante.org\/ediciones-anteriores\/wp-json\/wp\/v2\/pages\/14648\/revisions"}],"predecessor-version":[{"id":14705,"href":"https:\/\/cinemigrante.org\/ediciones-anteriores\/wp-json\/wp\/v2\/pages\/14648\/revisions\/14705"}],"up":[{"embeddable":true,"href":"https:\/\/cinemigrante.org\/ediciones-anteriores\/wp-json\/wp\/v2\/pages\/14628"}],"wp:attachment":[{"href":"https:\/\/cinemigrante.org\/ediciones-anteriores\/wp-json\/wp\/v2\/media?parent=14648"}],"curies":[{"name":"wp","href":"https:\/\/api.w.org\/{rel}","templated":true}]}}