






{"id":14486,"date":"2022-02-06T12:43:23","date_gmt":"2022-02-06T15:43:23","guid":{"rendered":"https:\/\/cinemigrante.com\/ediciones-anteriores\/?page_id=14486"},"modified":"2022-03-22T17:37:46","modified_gmt":"2022-03-22T20:37:46","slug":"programacion-por-dia-vicente-lopez","status":"publish","type":"page","link":"https:\/\/cinemigrante.org\/ediciones-anteriores\/10-edicion\/programacion-por-dia-vicente-lopez","title":{"rendered":"Programaci\u00f3n por d\u00eda (Vicente L\u00f3pez)"},"content":{"rendered":"\t\t<div data-elementor-type=\"wp-page\" data-elementor-id=\"14486\" class=\"elementor elementor-14486\">\n\t\t\t\t\t\t<section class=\"elementor-section elementor-top-section elementor-element elementor-element-9e4ffc4 elementor-section-boxed elementor-section-height-default elementor-section-height-default\" data-id=\"9e4ffc4\" data-element_type=\"section\" data-settings=\"{&quot;background_background&quot;:&quot;classic&quot;}\">\n\t\t\t\t\t\t\t<div class=\"elementor-background-overlay\"><\/div>\n\t\t\t\t\t\t\t<div class=\"elementor-container elementor-column-gap-default\">\n\t\t\t\t\t<div class=\"elementor-column elementor-col-100 elementor-top-column elementor-element elementor-element-76da396\" data-id=\"76da396\" data-element_type=\"column\" data-settings=\"{&quot;background_background&quot;:&quot;classic&quot;}\">\n\t\t\t<div class=\"elementor-widget-wrap elementor-element-populated\">\n\t\t\t\t\t\t<div class=\"elementor-element elementor-element-7226af3 elementor-widget elementor-widget-heading\" data-id=\"7226af3\" data-element_type=\"widget\" data-widget_type=\"heading.default\">\n\t\t\t\t<div class=\"elementor-widget-container\">\n\t\t\t<style>\/*! elementor - v3.23.0 - 15-07-2024 *\/\n.elementor-heading-title{padding:0;margin:0;line-height:1}.elementor-widget-heading .elementor-heading-title[class*=elementor-size-]>a{color:inherit;font-size:inherit;line-height:inherit}.elementor-widget-heading .elementor-heading-title.elementor-size-small{font-size:15px}.elementor-widget-heading .elementor-heading-title.elementor-size-medium{font-size:19px}.elementor-widget-heading .elementor-heading-title.elementor-size-large{font-size:29px}.elementor-widget-heading .elementor-heading-title.elementor-size-xl{font-size:39px}.elementor-widget-heading .elementor-heading-title.elementor-size-xxl{font-size:59px}<\/style><h2 class=\"elementor-heading-title elementor-size-default\">Programaci\u00f3n por d\u00eda (Vicente L\u00f3pez)<\/h2>\t\t<\/div>\n\t\t\t\t<\/div>\n\t\t\t\t<div class=\"elementor-element elementor-element-d30adb3 elementor-widget elementor-widget-html\" data-id=\"d30adb3\" data-element_type=\"widget\" data-widget_type=\"html.default\">\n\t\t\t\t<div class=\"elementor-widget-container\">\n\t\t\t<div id=\"programacion\">\r\n<h2>Jueves 12 de septiembre<\/h2>\r\n<table class=\"horasprog\" cellspacing=\"0\" cellpadding=\"0\" border=\"0\">\r\n<tbody>\r\n<tr>\r\n<td class=\"th\">Sede<\/td>\r\n<td>16h<\/td>\r\n<td>17h<\/td>\r\n<td>18h<\/td>\r\n<td>19h<\/td>\r\n<td>20h<\/td>\r\n<td>21h<\/td>\r\n<td>22h<\/td>\r\n<td>23h<\/td>\r\n<\/tr>\r\n<\/tbody>\r\n<\/table>\r\n<table cellspacing=\"0\" cellpadding=\"0\" border=\"0\">\r\n<tbody>\r\n<tr>\r\n<td class=\"th\" style=\"font-size:0.9em\">Lumiton Usina Audiovisual<\/td>\r\n<td class=\"hour\">\r\n<div>\r\n\t    \t         <\/div>\r\n<div class=\"calendario_item seccion113\" style=\"    left: 24.6%;\"><span class=\"time\">18:00<\/span><p><\/p>\r\n<div class=\"linkfilm\"><a class=\"controlpopup\" href=\"http:\/\/cinemigrante.org\/ediciones-anteriores\/films\/o-desmonte-do-monte-2\">\u2192 O Desmonte Do Monte + CHARLA \u2018El cine como reflexi\u00f3n de un archivo colonial\u2019 Charla con Sina\u00ed Sganzerla (Brasil)<\/a><p><\/p>\r\n<div class=\"popup\" style=\"display: none; onclick=\" document.location.href=\"http:\/\/cinemigrante.org\/ediciones-anteriores\/films\/o-desmonte-do-monte-2\" \"=\"\">\r\n               <img decoding=\"async\" src=\"http:\/\/cinemigrante.org\/ediciones-anteriores\/2019\/wp-content\/uploads\/2019\/08\/1.-O-DESMONTE-DO-MONTE-1.jpg\r\n\r\n\r\n\" style=\"background-image:url(http:\/\/cinemigrante.org\/ediciones-anteriores\/2019\/wp-content\/uploads\/2019\/08\/1.-O-DESMONTE-DO-MONTE-1.jpg\r\n\r\n\r\n);\" alt=\"Patterns of the Conquerors\" width=\"260\" height=\"169\"><p><\/p>\r\n<h2>O Desmonte Do Monte + CHARLA \u2018El cine como reflexi\u00f3n de un archivo colonial\u2019 Charla con Sina\u00ed Sganzerla (Brasil)<\/h2>\r\n<p>                 <em><span class=\"nombreseccion\">Panorama<\/span><\/em><\/p>\r\n<p><span style=\"\">Sina\u00ed Sganzerla<\/span><br>Documental | Brasil \u2013 2017 \u2013 85\u2032<\/p>\r\n<p><a href=\"http:\/\/cinemigrante.org\/ediciones-anteriores\/films\/o-desmonte-do-monte-2\" class=\"button small\">ficha<\/a><\/p>\r\n<p><\/p><\/div>\r\n<\/div><\/div>\r\n<\/td>\r\n<\/tr>\r\n<tr><td class=\"th\" style=\"font-size:0.9em\">Cine York<\/td>\r\n<td class=\"hour\">\r\n<div>\r\n\t    \t         <\/div>\r\n<div class=\"calendario_item seccion117\" style=\" left: 49.6%;\"><span class=\"time\">20:00<\/span><p><\/p>\r\n<div class=\"linkfilm\"><a class=\"controlpopup\" href=\"http:\/\/cinemigrante.org\/ediciones-anteriores\/films\/los-suenos-del-castillo\">\u2192 Los sue\u00f1os del castillo<\/a><p><\/p>\r\n<div class=\"popup\" style=\"display:none\" onclick=\"document.location.href='http:\/\/cinemigrante.org\/ediciones-anteriores\/films\/los-suenos-del-castillo'\">\r\n               \t <img decoding=\"async\" src=\"http:\/\/cinemigrante.org\/ediciones-anteriores\/2019\/wp-content\/uploads\/2019\/09\/1.-LOS-SUE\u00d1OS-DEL-CASTILLO.jpg\r\n\" style=\"background-image:url(http:\/\/cinemigrante.org\/ediciones-anteriores\/2019\/wp-content\/uploads\/2019\/09\/1.-LOS-SUE\u00d1OS-DEL-CASTILLO.jpg\r\n);\" alt=\"Sand and blood\" width=\"260\" height=\"169\"><p><\/p>\r\n<h2>Los sue\u00f1os del castillo<\/h2>\r\n<p>                 <em> <span class=\"nombreseccion\">Secci\u00f3n Central \u2018Im\u00e1genes para la insurrecci\u00f3n\u2019<\/span> <\/em><\/p>\r\n<p><span style=\"\">Ren\u00e9 Ballesteros<\/span><br>Documental| Chile, Francia \u2013 2018 \u2013 71\u2032<\/p>\r\n<p><a href=\"http:\/\/cinemigrante.org\/ediciones-anteriores\/films\/los-suenos-del-castillo\" class=\"button small\">ficha<\/a><\/p>\r\n<p><\/p><\/div>\r\n<\/div><\/div>\r\n<\/td>\r\n<\/tr>\r\n<\/tbody>\r\n<\/table>\r\n<p>    \t&nbsp;\t\t<\/p>\r\n<h2>Viernes 13 de septiembre<\/h2>\r\n<table class=\"horasprog\" cellspacing=\"0\" cellpadding=\"0\" border=\"0\">\r\n<tbody>\r\n<tr>\r\n<td class=\"th\">Sede<\/td>\r\n<td>16h<\/td>\r\n<td>17h<\/td>\r\n<td>18h<\/td>\r\n<td>19h<\/td>\r\n<td>20h<\/td>\r\n<td>21h<\/td>\r\n<td>22h<\/td>\r\n<td>23h<\/td>\r\n<\/tr>\r\n<\/tbody>\r\n<\/table>\r\n<table cellspacing=\"0\" cellpadding=\"0\" border=\"0\">\r\n<tbody>\r\n<tr>\r\n<td class=\"th\" style=\"font-size:0.9em\">Cine York<\/td>\r\n<td class=\"hour\">\r\n<div>\r\n\t    \t         <\/div>\r\n<div class=\"calendario_item seccion113\" style=\"left: 49.4%;\"><span class=\"time\">20:00<\/span><p><\/p>\r\n<div class=\"linkfilm\"><a class=\"controlpopup\" href=\"http:\/\/cinemigrante.org\/ediciones-anteriores\/films\/chaos\">\u2192 Chaos<\/a><p><\/p>\r\n<div class=\"popup\" style=\"display: none;onclick=\" document.location.href=\"http:\/\/cinemigrante.org\/ediciones-anteriores\/films\/chaos\" \"=\"\">\r\n               <img decoding=\"async\" src=\"http:\/\/cinemigrante.org\/ediciones-anteriores\/2019\/wp-content\/uploads\/2019\/08\/1.-CHAOS-FOTO-1.jpg\r\n\" style=\"background-image:url(http:\/\/cinemigrante.org\/ediciones-anteriores\/2019\/wp-content\/uploads\/2019\/08\/1.-CHAOS-FOTO-1.jpg\r\n)\" alt=\"Era uma vez Bras\u00edlia\" width=\"260\" height=\"169\"><p><\/p>\r\n<h2>Chaos<\/h2>\r\n<p>                 <em><span class=\"nombreseccion\">Panorama<\/span><\/em><\/p>\r\n<p><span>Sara Fattahi<\/span><br>Ficci\u00f3n | Austria, Siria, L\u00edbano, Qatar \u2013 95\u2032<\/p>\r\n<p><a href=\"http:\/\/cinemigrante.org\/ediciones-anteriores\/films\/chaos\" class=\"button small\">ficha<\/a><\/p>\r\n<p><\/p><\/div>\r\n<\/div><\/div>\r\n<\/td>\r\n<\/tr>\r\n<\/tbody>\r\n<\/table>\r\n<p>    \t&nbsp;\t<\/p>\r\n<h2>Mi\u00e9rcoles 18 de septiembre<\/h2>\r\n<table class=\"horasprog\" cellspacing=\"0\" cellpadding=\"0\" border=\"0\">\r\n<tbody>\r\n<tr>\r\n<td class=\"th\">Sede<\/td>\r\n<td>16h<\/td>\r\n<td>17h<\/td>\r\n<td>18h<\/td>\r\n<td>19h<\/td>\r\n<td>20h<\/td>\r\n<td>21h<\/td>\r\n<td>22h<\/td>\r\n<td>23h<\/td>\r\n<\/tr>\r\n<\/tbody>\r\n<\/table>\r\n<table cellspacing=\"0\" cellpadding=\"0\" border=\"0\">\r\n<tbody>\r\n<tr>\r\n<td class=\"th\" style=\"font-size:0.9em\">Cine York<\/td>\r\n<td class=\"hour\">\r\n<div>\r\n\t    \t         <\/div>\r\n<div class=\"calendario_item seccion113\" style=\"left: 49.4%;\r\n  \"><span class=\"time\">20:00<\/span><p><\/p>\r\n<div class=\"linkfilm\"><a class=\"controlpopup\" href=\"http:\/\/cinemigrante.org\/ediciones-anteriores\/films\/cinderelinge\">\u2192 Cinderelinge<\/a><p><\/p>\r\n<div class=\"popup\" style=\"display:none\" onclick=\"document.location.href='http:\/\/cinemigrante.org\/ediciones-anteriores\/films\/cinderelinge'\">\r\n               \t <img loading=\"lazy\" decoding=\"async\" src=\"http:\/\/cinemigrante.org\/ediciones-anteriores\/2019\/wp-content\/uploads\/2019\/09\/1.-CINDERELINGE.jpg\r\n\r\n\" style=\"background-image:url(http:\/\/cinemigrante.org\/ediciones-anteriores\/2019\/wp-content\/uploads\/2019\/09\/1.-CINDERELINGE.jpg\r\n\r\n);\" alt=\"Sand and blood\" width=\"260\" height=\"169\"><p><\/p>\r\n<h2>Cinderelinge<\/h2>\r\n<p>                 <em> <span class=\"nombreseccion\">Panorama<\/span> <\/em><\/p>\r\n<p><span style=\"\">Narges Kalhor<\/span><br>Documental |Iran, Alemania \u2013 2014 \u2013 4\u2032<\/p>\r\n<p><a href=\"http:\/\/cinemigrante.org\/ediciones-anteriores\/films\/cinderelinge\" class=\"button small\">ficha<\/a><\/p>\r\n<p><\/p><\/div>\r\n<\/div>\r\n<div class=\"linkfilm\"><a class=\"controlpopup\" href=\"http:\/\/cinemigrante.org\/ediciones-anteriores\/films\/in-thename-of-scheherazadeorthefirstbeergarden-in-tehran\">\u2192 In the name of Scheherazade or the first beer garden in Tehran <\/a><p><\/p>\r\n<div class=\"popup\" style=\"display:none\" onclick=\"document.location.href='http:\/\/cinemigrante.org\/ediciones-anteriores\/films\/in-thename-of-scheherazadeorthefirstbeergarden-in-tehran'\">\r\n               \t <img loading=\"lazy\" decoding=\"async\" src=\"http:\/\/cinemigrante.org\/ediciones-anteriores\/2019\/wp-content\/uploads\/2019\/08\/1.-IN-THE-NAME-OF-SCHEHERAZADE-1.jpg\r\n\r\n\" style=\"background-image:url(http:\/\/cinemigrante.org\/ediciones-anteriores\/2019\/wp-content\/uploads\/2019\/08\/1.-IN-THE-NAME-OF-SCHEHERAZADE-1.jpg\r\n\r\n);\" alt=\"Sand and blood\" width=\"260\" height=\"169\"><p><\/p>\r\n<h2>In the name of Scheherazade or the first beer garden in Tehran <\/h2>\r\n<p>                 <em> <span class=\"nombreseccion\">Panorama<\/span> <\/em><\/p>\r\n<p><span style=\"\">Narges Kalhor<\/span><br>Documental |Ir\u00e1n, Alemania \u2013 2019 \u2013 75\u2032<\/p>\r\n<p><a href=\"http:\/\/cinemigrante.org\/ediciones-anteriores\/films\/in-thename-of-scheherazadeorthefirstbeergarden-in-tehran\" class=\"button small\">ficha<\/a><\/p>\r\n<p><\/p><\/div>\r\n<\/div><\/div>\r\n<p><\/p>\r\n<\/td>\r\n<\/tr>\r\n<\/tbody>\r\n<\/table>\r\n<p>    \t&nbsp;\t<\/p>\r\n<h2>Jueves 19 de septiembre<\/h2>\r\n<table class=\"horasprog\" cellspacing=\"0\" cellpadding=\"0\" border=\"0\">\r\n<tbody>\r\n<tr>\r\n<td class=\"th\">Sede<\/td>\r\n<td>16h<\/td>\r\n<td>17h<\/td>\r\n<td>18h<\/td>\r\n<td>19h<\/td>\r\n<td>20h<\/td>\r\n<td>21h<\/td>\r\n<td>22h<\/td>\r\n<td>24h<\/td>\r\n<\/tr>\r\n<\/tbody>\r\n<\/table>\r\n<table cellspacing=\"0\" cellpadding=\"0\" border=\"0\">\r\n<tbody>\r\n<tr>\r\n<td class=\"th\" style=\"font-size:0.9em\">Lumiton Usina Audiovisual<\/td>\r\n<td class=\"hour\">\r\n<div>\r\n\t    \t         <\/div>\r\n<div class=\"calendario_item seccion118\" style=\"      left: 37%;\"><span class=\"time\">19:00<\/span><p><\/p>\r\n<div class=\"linkfilm\"><a class=\"controlpopup\" href=\"\">\u2192 CHARLA \u2018El cine como reflexi\u00f3n de un archivo colonial\u2019 Charla con Mathilde Rouxel (Francia)<\/a><p><\/p>\r\n<div class=\"popup\" style=\"display: none; onclick=\" document.location.href=\"\" \"=\"\">\r\n<h2>CHARLA \u2018El cine como reflexi\u00f3n de un archivo colonial\u2019 Charla con Mathilde Rouxel (Francia)<\/h2>\r\n<p>                 <em><span class=\"nombreseccion\">Actividades especiales<\/span><\/em><\/p>\r\n<p><span style=\"\">Mathilde Rouxel<\/span><\/p>\r\n<p><a href=\"\" class=\"button small\">ficha<\/a><\/p>\r\n<p><\/p><\/div>\r\n<\/div>\r\n<div class=\"linkfilm\"><a class=\"controlpopup\" href=\"http:\/\/cinemigrante.org\/ediciones-anteriores\/films\/beyrouth-jamais-plus\">\u2192 Beyrouth, jamais plus <\/a><p><\/p>\r\n<div class=\"popup\" style=\"display: none; onclick=\" document.location.href=\"http:\/\/cinemigrante.org\/ediciones-anteriores\/films\/beyrouth-jamais-plus\" \"=\"\">\r\n               <img loading=\"lazy\" decoding=\"async\" src=\"http:\/\/cinemigrante.org\/ediciones-anteriores\/2019\/wp-content\/uploads\/2019\/09\/1.-BEYROUTH-JAMAIS-PLUS-FOTO.jpg\r\n\r\n\" style=\"background-image:url(http:\/\/cinemigrante.org\/ediciones-anteriores\/2019\/wp-content\/uploads\/2019\/09\/1.-BEYROUTH-JAMAIS-PLUS-FOTO.jpg\r\n\r\n);\" alt=\"A cidade \u00e9 uma s\u00f3?\" width=\"260\" height=\"169\"><p><\/p>\r\n<h2>Beyrouth, jamais plus <\/h2>\r\n<p>                 <em><span class=\"nombreseccion\">Retrospectiva Jocelyne Saab<\/span><\/em><\/p>\r\n<p><span style=\"\">Jocelyne Saab <\/span><br>Documental | L\u00edbano \u2013 1976 \u2013 35\u2019<\/p>\r\n<p><a href=\"http:\/\/cinemigrante.org\/ediciones-anteriores\/films\/beyrouth-jamais-plus\" class=\"button small\">ficha<\/a><\/p>\r\n<p><\/p><\/div>\r\n<\/div>\r\n<div class=\"linkfilm\"><a class=\"controlpopup\" href=\"http:\/\/cinemigrante.org\/ediciones-anteriores\/films\/lettre-de-beyrouth\">\u2192 Lettre de Beyrouth<\/a><p><\/p>\r\n<div class=\"popup\" style=\"display: none; onclick=\" document.location.href=\"http:\/\/cinemigrante.org\/ediciones-anteriores\/films\/lettre-de-beyrouth\" \"=\"\">\r\n               <img loading=\"lazy\" decoding=\"async\" src=\"http:\/\/cinemigrante.org\/ediciones-anteriores\/2019\/wp-content\/uploads\/2019\/09\/1.-LETTRE-DE-BEYROUTH-2.jpg\r\n\r\n\" style=\"background-image:url(http:\/\/cinemigrante.org\/ediciones-anteriores\/2019\/wp-content\/uploads\/2019\/09\/1.-LETTRE-DE-BEYROUTH-2.jpg);\" alt=\"A cidade \u00e9 uma s\u00f3?\" width=\"260\" height=\"169\"><p><\/p>\r\n<h2>Lettre de Beyrouth<\/h2>\r\n<p>                 <em><span class=\"nombreseccion\">Retrospectiva Jocelyne Saab<\/span><\/em><\/p>\r\n<p><span style=\"\">Jocelyne Saab <\/span><br>Documental |Libano \u2013 1978 \u2013 52\u2032<\/p>\r\n<p><a href=\"http:\/\/cinemigrante.org\/ediciones-anteriores\/films\/lettre-de-beyrouth\" class=\"button small\">ficha<\/a><\/p>\r\n<p><\/p><\/div>\r\n<\/div>\r\n<div class=\"linkfilm\"><a class=\"controlpopup\" href=\"http:\/\/cinemigrante.org\/ediciones-anteriores\/films\/beyrouth-ma-ville\">\u2192 Beyrouth, ma ville<\/a><p><\/p>\r\n<div class=\"popup\" style=\"display: none; onclick=\" document.location.href=\"http:\/\/cinemigrante.org\/ediciones-anteriores\/films\/beyrouth-ma-ville\" \"=\"\">\r\n               <img loading=\"lazy\" decoding=\"async\" src=\"http:\/\/cinemigrante.org\/ediciones-anteriores\/2019\/wp-content\/uploads\/2019\/09\/1.-BEYROUTH-MA-VILLE.jpg\r\n\r\n\" style=\"background-image:url(http:\/\/cinemigrante.org\/ediciones-anteriores\/2019\/wp-content\/uploads\/2019\/09\/1.-BEYROUTH-MA-VILLE.jpg\r\n\r\n);\" alt=\"A cidade \u00e9 uma s\u00f3?\" width=\"260\" height=\"169\"><p><\/p>\r\n<h2>Beyrouth, ma ville<\/h2>\r\n<p>                 <em><span class=\"nombreseccion\">Retrospectiva Jocelyne Saab<br>Presentada por la curadora Mathilde Rouxel<br>\r\n<br>Q&amp;A Mathilde Rouxel<br>\r\n<\/span><\/em><\/p>\r\n<p><span style=\"\">Jocelyne Saab <\/span><br>Documental | L\u00edbano \u2013 1986 \u2013 38\u2032<\/p>\r\n<p><a href=\"http:\/\/cinemigrante.org\/ediciones-anteriores\/films\/beyrouth-ma-ville\" class=\"button small\">ficha<\/a><\/p>\r\n<p><\/p><\/div>\r\n<\/div><\/div>\r\n<\/td>\r\n<\/tr>\r\n<tr>\r\n<td class=\"th\" style=\"font-size:0.9em\">Cine York<\/td>\r\n<td class=\"hour\">\r\n<div>\r\n\t    \t         <\/div>\r\n<div class=\"calendario_item seccion117\" style=\"left: 49.4%;\"><span class=\"time\">20:00<\/span><p><\/p>\r\n<div class=\"linkfilm\"><a class=\"controlpopup\" href=\"http:\/\/cinemigrante.org\/ediciones-anteriores\/films\/a-moon-for-my-father\">\u2192 A moon for my father<\/a><p><\/p>\r\n<div class=\"popup\" style=\"display:none\" onclick=\"document.location.href='http:\/\/cinemigrante.org\/ediciones-anteriores\/films\/a-moon-for-my-father'\">\r\n               \t <img loading=\"lazy\" decoding=\"async\" src=\"http:\/\/cinemigrante.org\/ediciones-anteriores\/2019\/wp-content\/uploads\/2019\/09\/1.-2-A-MOON-FOR-MY-FATHER-FOTO.jpg\r\n\" style=\"background-image:url(http:\/\/cinemigrante.org\/ediciones-anteriores\/2019\/wp-content\/uploads\/2019\/09\/1.-2-A-MOON-FOR-MY-FATHER-FOTO.jpg\r\n);\" alt=\"Sand and blood\" width=\"260\" height=\"169\"><p><\/p>\r\n<h2>A moon for my father<\/h2>\r\n<p>                 <em> <span class=\"nombreseccion\">Secci\u00f3n Central \u2018Im\u00e1genes para la insurrecci\u00f3n\u2019<\/span> <\/em><\/p>\r\n<p><span style=\"\">Mania Akbari<\/span><br>Documental | Reino Unido, Ir\u00e1n \u2013 2018 \u2013 85\u2032<\/p>\r\n<p><a href=\"http:\/\/cinemigrante.org\/ediciones-anteriores\/films\/a-moon-for-my-father\" class=\"button small\">ficha<\/a><\/p>\r\n<p><\/p><\/div>\r\n<\/div><\/div>\r\n<\/td>\r\n<\/tr>\r\n<\/tbody>\r\n<\/table>\r\n<p>    \t&nbsp;\t\t<\/p>\r\n<h2>Viernes 20 de septiembre<\/h2>\r\n<table class=\"horasprog\" cellspacing=\"0\" cellpadding=\"0\" border=\"0\">\r\n<tbody>\r\n<tr>\r\n<td class=\"th\">Sede<\/td>\r\n<td>16h<\/td>\r\n<td>17h<\/td>\r\n<td>18h<\/td>\r\n<td>19h<\/td>\r\n<td>20h<\/td>\r\n<td>21h<\/td>\r\n<td>22h<\/td>\r\n<td>23h<\/td>\r\n<\/tr>\r\n<\/tbody>\r\n<\/table>\r\n<table cellspacing=\"0\" cellpadding=\"0\" border=\"0\">\r\n<tbody>\r\n<tr>\r\n<td class=\"th\" style=\"font-size:0.9em\">Cine York<\/td>\r\n<td class=\"hour\">\r\n<div>\r\n\t    \t         <\/div>\r\n<div class=\"calendario_item seccion117\" style=\"left: 49.4%;\"><span class=\"time\">20:00<\/span><p><\/p>\r\n<div class=\"linkfilm\"><a class=\"controlpopup\" href=\"http:\/\/cinemigrante.org\/ediciones-anteriores\/films\/hotel-explotacion-las-kellys\">\u2192 Hotel Explotaci\u00f3n: Las Kellys<\/a><p><\/p>\r\n<div class=\"popup\" style=\"display: none; onclick=\" document.location.href=\"http:\/\/cinemigrante.org\/ediciones-anteriores\/films\/hotel-explotacion-las-kellys\" \"=\"\">\r\n               <img loading=\"lazy\" decoding=\"async\" src=\"http:\/\/cinemigrante.org\/ediciones-anteriores\/2019\/wp-content\/uploads\/2019\/08\/01.-FOTO-HOTEL-EXPLOTACI\u00d3N-LAS-KELLYS.jpg\" style=\"background-image:url(http:\/\/cinemigrante.org\/ediciones-anteriores\/2019\/wp-content\/uploads\/2019\/08\/01.-FOTO-HOTEL-EXPLOTACI\u00d3N-LAS-KELLYS.jpg);\" alt=\"Matangi\/Maya\/M.I.A.\" width=\"260\" height=\"169\"><p><\/p>\r\n<h2>Hotel Explotaci\u00f3n: Las Kellys<\/h2>\r\n<p>                 <em><span class=\"nombreseccion\">Panorama<\/span><\/em><\/p>\r\n<p><span style=\"\">Georgina Cisquella <\/span><br>Documental | Espa\u00f1a \u2013 2018 \u2013 55\u2019<br>+ MESA  Precarizaci\u00f3n laboral, modos de organizaci\u00f3n de la desobediencia feminista. <\/p>\r\n<p><a href=\"http:\/\/cinemigrante.org\/ediciones-anteriores\/films\/hotel-explotacion-las-kellys\" class=\"button small\">ficha<\/a><\/p>\r\n<p><\/p><\/div>\r\n<\/div>\r\n<\/div>\r\n<\/td>\r\n<\/tr>\r\n<\/tbody>\r\n<\/table><\/div>\t\t<\/div>\n\t\t\t\t<\/div>\n\t\t\t\t\t<\/div>\n\t\t<\/div>\n\t\t\t\t\t<\/div>\n\t\t<\/section>\n\t\t\t\t<\/div>\n\t\t","protected":false},"excerpt":{"rendered":"<p>Programaci\u00f3n por d\u00eda (Vicente L\u00f3pez) Jueves 12 de septiembre Sede 16h 17h 18h 19h 20h 21h 22h 23h Lumiton Usina Audiovisual 18:00 \u2192 O Desmonte Do Monte + CHARLA \u2018El &hellip; <\/p>\n<p class=\"link-more\"><a href=\"https:\/\/cinemigrante.org\/ediciones-anteriores\/10-edicion\/programacion-por-dia-vicente-lopez\" class=\"more-link\">Continue reading<span class=\"screen-reader-text\"> \u00abProgramaci\u00f3n por d\u00eda (Vicente L\u00f3pez)\u00bb<\/span><\/a><\/p>\n","protected":false},"author":9,"featured_media":0,"parent":14317,"menu_order":0,"comment_status":"closed","ping_status":"closed","template":"elementor_header_footer","meta":{"_acf_changed":false,"footnotes":""},"class_list":["post-14486","page","type-page","status-publish","hentry"],"acf":[],"_links":{"self":[{"href":"https:\/\/cinemigrante.org\/ediciones-anteriores\/wp-json\/wp\/v2\/pages\/14486"}],"collection":[{"href":"https:\/\/cinemigrante.org\/ediciones-anteriores\/wp-json\/wp\/v2\/pages"}],"about":[{"href":"https:\/\/cinemigrante.org\/ediciones-anteriores\/wp-json\/wp\/v2\/types\/page"}],"author":[{"embeddable":true,"href":"https:\/\/cinemigrante.org\/ediciones-anteriores\/wp-json\/wp\/v2\/users\/9"}],"replies":[{"embeddable":true,"href":"https:\/\/cinemigrante.org\/ediciones-anteriores\/wp-json\/wp\/v2\/comments?post=14486"}],"version-history":[{"count":7,"href":"https:\/\/cinemigrante.org\/ediciones-anteriores\/wp-json\/wp\/v2\/pages\/14486\/revisions"}],"predecessor-version":[{"id":16590,"href":"https:\/\/cinemigrante.org\/ediciones-anteriores\/wp-json\/wp\/v2\/pages\/14486\/revisions\/16590"}],"up":[{"embeddable":true,"href":"https:\/\/cinemigrante.org\/ediciones-anteriores\/wp-json\/wp\/v2\/pages\/14317"}],"wp:attachment":[{"href":"https:\/\/cinemigrante.org\/ediciones-anteriores\/wp-json\/wp\/v2\/media?parent=14486"}],"curies":[{"name":"wp","href":"https:\/\/api.w.org\/{rel}","templated":true}]}}